{"id":4585,"date":"2026-02-25T10:09:24","date_gmt":"2026-02-25T10:09:24","guid":{"rendered":"https:\/\/eacem.org\/?page_id=4585"},"modified":"2026-02-26T08:47:12","modified_gmt":"2026-02-26T08:47:12","slug":"eacem-tatkon-2026","status":"publish","type":"page","link":"https:\/\/eacem.org\/en\/","title":{"rendered":"EACEM &amp; TATKON 2026"},"content":{"rendered":"\t\t<div data-elementor-type=\"wp-page\" data-elementor-id=\"4585\" class=\"elementor elementor-4585\" data-elementor-post-type=\"page\">\n\t\t\t\t<div class=\"elementor-element elementor-element-5ffc721 e-flex e-con-boxed e-con e-parent\" data-id=\"5ffc721\" data-element_type=\"container\" data-e-type=\"container\" data-settings=\"{&quot;background_background&quot;:&quot;classic&quot;,&quot;background_motion_fx_motion_fx_scrolling&quot;:&quot;yes&quot;,&quot;background_motion_fx_translateX_effect&quot;:&quot;yes&quot;,&quot;background_motion_fx_translateX_speed&quot;:{&quot;unit&quot;:&quot;px&quot;,&quot;size&quot;:4,&quot;sizes&quot;:[]},&quot;background_motion_fx_translateX_affectedRange&quot;:{&quot;unit&quot;:&quot;%&quot;,&quot;size&quot;:&quot;&quot;,&quot;sizes&quot;:{&quot;start&quot;:0,&quot;end&quot;:100}},&quot;background_motion_fx_devices&quot;:[&quot;desktop&quot;,&quot;tablet&quot;,&quot;mobile&quot;]}\">\n\t\t\t\t\t<div class=\"e-con-inner\">\n\t\t\t\t<div class=\"elementor-element elementor-element-ed7c291 elementor-widget elementor-widget-heading\" data-id=\"ed7c291\" data-element_type=\"widget\" data-e-type=\"widget\" data-widget_type=\"heading.default\">\n\t\t\t\t<div class=\"elementor-widget-container\">\n\t\t\t\t\t<h2 class=\"elementor-heading-title elementor-size-default\">Davet<\/h2>\t\t\t\t<\/div>\n\t\t\t\t<\/div>\n\t\t<div class=\"elementor-element elementor-element-36a26c7 e-con-full e-flex e-con e-child\" data-id=\"36a26c7\" data-element_type=\"container\" data-e-type=\"container\" data-settings=\"{&quot;background_background&quot;:&quot;classic&quot;}\">\n\t\t\t\t<div class=\"elementor-element elementor-element-dcf9b92 elementor-widget__width-initial elementor-widget-mobile__width-initial elementor-widget elementor-widget-image\" data-id=\"dcf9b92\" data-element_type=\"widget\" data-e-type=\"widget\" data-widget_type=\"image.default\">\n\t\t\t\t<div class=\"elementor-widget-container\">\n\t\t\t\t\t\t\t\t\t\t\t\t\t\t\t<img fetchpriority=\"high\" decoding=\"async\" width=\"1024\" height=\"1024\" src=\"https:\/\/eacem.org\/wp-content\/uploads\/2026\/02\/Bulent-Erbil.jpg\" class=\"attachment-large size-large wp-image-4699\" alt=\"\" \/>\t\t\t\t\t\t\t\t\t\t\t\t\t\t\t<\/div>\n\t\t\t\t<\/div>\n\t\t\t\t<div class=\"elementor-element elementor-element-45245be elementor-widget elementor-widget-text-editor\" data-id=\"45245be\" data-element_type=\"widget\" data-e-type=\"widget\" data-widget_type=\"text-editor.default\">\n\t\t\t\t<div class=\"elementor-widget-container\">\n\t\t\t\t\t\t\t\t\t<p>Sayg\u0131de\u011fer Meslekta\u015flar\u0131m\u0131z,<\/p><p>Acil T\u0131p alan\u0131ndaki en son geli\u015fmeleri ve yenilikleri payla\u015fmak, deneyimlerimizi zenginle\u015ftirmek ve de\u011ferli i\u015f birlikleri kurmak amac\u0131yla ger\u00e7ekle\u015ftirece\u011fimiz 12. Avrasya Acil T\u0131p Kongresi ve 22. T\u00fcrkiye Acil T\u0131p Kongresi&#8217;ne sizleri davet etmekten b\u00fcy\u00fck onur duyuyoruz.<\/p><p>Kongremiz, 19-22 Kas\u0131m 2026 tarihleri aras\u0131nda, Antalya Kaya Palazzo Convention Center ev sahipli\u011finde ger\u00e7ekle\u015ftirilecektir. Alan\u0131nda uzman ulusal ve uluslararas\u0131 konu\u015fmac\u0131lar\u0131n kat\u0131l\u0131m\u0131yla, acil t\u0131bb\u0131n farkl\u0131 disiplinlerini kapsayan zengin bir bilimsel program sizleri bekliyor.<\/p><p>Kongremizde Acil T\u0131p alan\u0131n kar\u015f\u0131la\u015ft\u0131\u011f\u0131 klinik, teknolojik ve organizasyonel zorluklar\u0131n ele al\u0131nd\u0131\u011f\u0131 panel tart\u0131\u015fmalar\u0131, sunumlar, interaktif oturumlar, pratik uygulamalar, kurslar ve at\u00f6lye \u00e7al\u0131\u015fmalar\u0131 d\u00fczenlenecek; ulusal ve uluslararas\u0131 alanda tan\u0131nm\u0131\u015f konu\u015fmac\u0131lar bilgi ve deneyimlerini bizlerle payla\u015facaklar.<\/p><p>Gen\u00e7 ara\u015ft\u0131rmac\u0131lar i\u00e7in planlanm\u0131\u015f \u00f6zel oturumlarla, s\u00f6zel ve poster bildiri sunumlar\u0131n\u0131zla bilimsel katk\u0131lar\u0131n\u0131z\u0131 payla\u015fma f\u0131rsat\u0131 bulacaks\u0131n\u0131z. Ayr\u0131ca end\u00fcstri temsilcilerinin yer alaca\u011f\u0131 sergi alan\u0131 ile klinik prati\u011fe katk\u0131 sunan g\u00fcncel teknolojiler kongremizin her alan\u0131nda kat\u0131l\u0131mc\u0131lar\u0131n ilgisine sunulacakt\u0131r.<\/p><p>Acil T\u0131bb\u0131n liderlerini bir araya getirecek olan bu \u00f6nemli etkinlikte, bilgi ve deneyim al\u0131\u015fveri\u015finin yan\u0131 s\u0131ra, yeni dostluklar kurma ve mevcut i\u015f birliklerini g\u00fc\u00e7lendirme imk\u00e2n\u0131 sizleri bekliyor.<\/p><p>\u00dclkemizde d\u00fczenlenen Acil T\u0131bb\u0131n en b\u00fcy\u00fck bilimsel \u015f\u00f6leni siz de\u011ferli meslekta\u015flar\u0131m\u0131z\u0131n kat\u0131l\u0131m\u0131yla daha da zenginle\u015fece\u011fine inan\u0131yor, 19-22 Kas\u0131m 2026 tarihlerinde Antalya Kaya Palazzo Convention Center &#8216;da sizlerle birlikte olmay\u0131 sab\u0131rs\u0131zl\u0131kla bekliyoruz.<\/p><p>Sayg\u0131lar\u0131m\u0131zla,<\/p><p><strong>Prof. Dr. B\u00fclent Erbil<br \/><\/strong><em>T\u00fcrkiye Acil T\u0131p Derne\u011fi <\/em><br \/><em>Y\u00f6netim Kurulu Ba\u015fkan\u0131<\/em><\/p>\t\t\t\t\t\t\t\t<\/div>\n\t\t\t\t<\/div>\n\t\t\t\t<\/div>\n\t\t\t\t\t<\/div>\n\t\t\t\t<\/div>\n\t\t\t\t<\/div>\n\t\t","protected":false},"excerpt":{"rendered":"<p>Davet Sayg\u0131de\u011fer Meslekta\u015flar\u0131m\u0131z, Acil T\u0131p alan\u0131ndaki en son geli\u015fmeleri ve yenilikleri payla\u015fmak, deneyimlerimizi zenginle\u015ftirmek ve de\u011ferli i\u015f birlikleri kurmak amac\u0131yla ger\u00e7ekle\u015ftirece\u011fimiz 12. Avrasya Acil T\u0131p Kongresi ve 22. T\u00fcrkiye Acil T\u0131p Kongresi&#8217;ne sizleri davet etmekten b\u00fcy\u00fck onur duyuyoruz. Kongremiz, 19-22 Kas\u0131m 2026 tarihleri aras\u0131nda, Antalya Kaya Palazzo Convention Center ev sahipli\u011finde ger\u00e7ekle\u015ftirilecektir. Alan\u0131nda uzman ulusal [&hellip;]<\/p>\n","protected":false},"author":1,"featured_media":0,"parent":0,"menu_order":0,"comment_status":"closed","ping_status":"closed","template":"elementor_header_footer","meta":{"footnotes":""},"class_list":["post-4585","page","type-page","status-publish","hentry"],"blocksy_meta":[],"_links":{"self":[{"href":"https:\/\/eacem.org\/en\/wp-json\/wp\/v2\/pages\/4585","targetHints":{"allow":["GET"]}}],"collection":[{"href":"https:\/\/eacem.org\/en\/wp-json\/wp\/v2\/pages"}],"about":[{"href":"https:\/\/eacem.org\/en\/wp-json\/wp\/v2\/types\/page"}],"author":[{"embeddable":true,"href":"https:\/\/eacem.org\/en\/wp-json\/wp\/v2\/users\/1"}],"replies":[{"embeddable":true,"href":"https:\/\/eacem.org\/en\/wp-json\/wp\/v2\/comments?post=4585"}],"version-history":[{"count":17,"href":"https:\/\/eacem.org\/en\/wp-json\/wp\/v2\/pages\/4585\/revisions"}],"predecessor-version":[{"id":4748,"href":"https:\/\/eacem.org\/en\/wp-json\/wp\/v2\/pages\/4585\/revisions\/4748"}],"wp:attachment":[{"href":"https:\/\/eacem.org\/en\/wp-json\/wp\/v2\/media?parent=4585"}],"curies":[{"name":"wp","href":"https:\/\/api.w.org\/{rel}","templated":true}]}}