{"id":2106,"date":"2024-10-25T13:31:52","date_gmt":"2024-10-25T13:31:52","guid":{"rendered":"https:\/\/eacem.org\/?page_id=2106"},"modified":"2026-02-25T10:52:07","modified_gmt":"2026-02-25T10:52:07","slug":"ttb-akreditasyonu","status":"publish","type":"page","link":"https:\/\/eacem.org\/en\/ttb-akreditasyonu\/","title":{"rendered":"TMA Accreditation"},"content":{"rendered":"<figure class=\"wp-block-image aligncenter is-resized\"><img decoding=\"async\" src=\"https:\/\/tatdkursgunleri.org\/wp-content\/uploads\/2024\/02\/1500x1500-996x1024.png\" alt=\"\" class=\"wp-image-1364\" style=\"width:121px;height:auto\"\/><\/figure>\n\n\n\n<p>12. Avrasya Acil T\u0131p Kongresi ve 22. T\u00fcrkiye Acil T\u0131p Kongresi TTB STE\/SMG Akreditasyon-Kredilendirme Kurulu&#8217;na ba\u015fvuruda bulunulacakt\u0131r.<\/p>","protected":false},"excerpt":{"rendered":"<p>12. Avrasya Acil T\u0131p Kongresi ve 22. T\u00fcrkiye Acil T\u0131p Kongresi TTB STE\/SMG Akreditasyon-Kredilendirme Kurulu&#8217;na ba\u015fvuruda bulunulacakt\u0131r.<\/p>","protected":false},"author":1,"featured_media":0,"parent":0,"menu_order":0,"comment_status":"closed","ping_status":"closed","template":"","meta":{"footnotes":""},"class_list":["post-2106","page","type-page","status-publish","hentry"],"blocksy_meta":[],"_links":{"self":[{"href":"https:\/\/eacem.org\/en\/wp-json\/wp\/v2\/pages\/2106","targetHints":{"allow":["GET"]}}],"collection":[{"href":"https:\/\/eacem.org\/en\/wp-json\/wp\/v2\/pages"}],"about":[{"href":"https:\/\/eacem.org\/en\/wp-json\/wp\/v2\/types\/page"}],"author":[{"embeddable":true,"href":"https:\/\/eacem.org\/en\/wp-json\/wp\/v2\/users\/1"}],"replies":[{"embeddable":true,"href":"https:\/\/eacem.org\/en\/wp-json\/wp\/v2\/comments?post=2106"}],"version-history":[{"count":7,"href":"https:\/\/eacem.org\/en\/wp-json\/wp\/v2\/pages\/2106\/revisions"}],"predecessor-version":[{"id":4624,"href":"https:\/\/eacem.org\/en\/wp-json\/wp\/v2\/pages\/2106\/revisions\/4624"}],"wp:attachment":[{"href":"https:\/\/eacem.org\/en\/wp-json\/wp\/v2\/media?parent=2106"}],"curies":[{"name":"wp","href":"https:\/\/api.w.org\/{rel}","templated":true}]}}