{"id":21,"date":"2024-03-19T09:07:51","date_gmt":"2024-03-19T09:07:51","guid":{"rendered":"https:\/\/eacem.org\/?page_id=21"},"modified":"2026-02-25T14:48:43","modified_gmt":"2026-02-25T14:48:43","slug":"bildiri-gonderimi","status":"publish","type":"page","link":"https:\/\/eacem.org\/en\/bildiri-gonderimi\/","title":{"rendered":"Abstracts"},"content":{"rendered":"<h4 class=\"wp-block-heading\"><strong>Points and Rules to be Considered During Paper Submission<\/strong><\/h4>\n\n\n\n<p>Bildiri \u00f6zetleri, web sitesi \u00fczerinden bildiri sistemi kullan\u0131larak online \u015fekilde 12. Avrasya Acil T\u0131p Kongresi (EACEM) i\u00e7in \u0130ngilizce ve 22. T\u00fcrkiye Acil T\u0131p Kongresi (TATKON) i\u00e7in T\u00fcrk\u00e7e olacak \u015fekilde\u00a0g\u00f6nderilmelidir. Bildirinizin kongre sonras\u0131 yay\u0131nlanacak bildiri \u00f6zet kitab\u0131nda\u00a0<strong>Tam Metin<\/strong>\u00a0olarak yer almas\u0131n\u0131 isterseniz \u00f6zetiniz ile birlikte sistem i\u00e7erisinde yer alan\u00a0<strong>Tam Metin<\/strong>\u00a0sekmesinden gerekli eklemeyi yapabilirsiniz. Tam Metninizin Kaynaklar dahil olmak \u00fczere 1.200 kelimeyi a\u015fmamas\u0131 gerekmektedir. Sistemden ba\u011f\u0131ms\u0131z olarak e-mail ve posta yoluyla g\u00f6nderilen bildiri \u00f6zetleri kabul edilmeyecektir. \u0130nternet \u00fczerinden g\u00f6nderilen \u00f6zetler, kabul edilmesi halinde ayn\u0131 \u015fekilde yay\u0131nlanaca\u011f\u0131 i\u00e7in yaz\u0131m hatalar\u0131na dikkat edilmesi gerekir.<\/p>\n\n\n\n<p>Kongreye bildiri g\u00f6nderen sunan yazar\u0131n kongre kay\u0131t i\u015flemini&nbsp;en ge\u00e7 <strong>5 Kas\u0131m \u00c7ar\u015famba saat 17.00\u2019a kadar<\/strong>&nbsp;yap\u0131lm\u0131\u015f olmal\u0131d\u0131r. Kay\u0131t d\u0131\u015f\u0131 olan ya da belirtilen zaman diliminde kongrede sunulmayan bildiriler, kongre kitab\u0131nda yay\u0131nlanmayacakt\u0131r.<\/p>\n\n\n\n<p class=\"has-background has-medium-font-size\" style=\"background-color:#ffdede\"><strong>Bildiri G\u00f6nderim Son Tarihi: 20 Ekim 2026 23:59<\/strong><\/p>\n\n\n\n<h4 class=\"wp-block-heading\"><strong>Spelling Rules<\/strong><\/h4>\n\n\n\n<ul class=\"wp-block-list\">\n<li>Abstracts and full papers will be collected via online submission system.<\/li>\n\n\n\n<li>Academic titles should not be used in author names.<\/li>\n\n\n\n<li>Names should be written in lower case with only the first letter capitalised.<\/li>\n\n\n\n<li>The names and addresses of the institutions where the authors work must be indicated.<\/li>\n\n\n\n<li>Only the first letter of the title should be capitalised. (Abbreviations are exceptions.)<\/li>\n\n\n\n<li>If abbreviations are used in the text, the full name of the abbreviation should be given in brackets.<\/li>\n\n\n\n<li>The aim of the study and the methods used should be briefly stated in the text, the findings should be summarised with sufficient numerical detail and the conclusion should be explained within the framework of the findings presented.<\/li>\n\n\n\n<li>Except for case presentations; the text should be written using the titles of aim, method, findings and conclusion.<\/li>\n\n\n\n<li>In the aim section, encyclopaedic information about the subject of the study should be avoided, which gap in the literature the study fills, why it is planned, and the main purpose of the study should be briefly stated. For case presentations, you are expected to state the features of your case that are worthy of presentation.<\/li>\n\n\n\n<li>Participants decide the language of the paper according to the congress category (TATKON or EACEM) they choose while uploading the paper. If the national congress category is selected, the participant uploads the paper to the system in Turkish and presents it in Turkish at the congress. Papers uploaded by selecting the international category are uploaded to the system in English and presented in English at the congress.<\/li>\n\n\n\n<li class=\"translation-block\">The entire text should not exceed <b>600 words<\/b>, excluding the title, author's name and surname.<\/li>\n\n\n\n<li><em>\"The same paper cannot be submitted to both national and international sections of the congress\"<\/em><\/li>\n\n\n\n<li><strong>ONLY one table and one picture can be included in the text.<\/strong><\/li>\n<\/ul>\n\n\n\n<p>Abstracts that do not comply with any of these items will be excluded from the evaluation regardless of their content.<\/p>\n\n\n\n<h4 class=\"wp-block-heading\"><strong>Evaluation of Papers<\/strong><\/h4>\n\n\n\n<p class=\"translation-block\">The evaluation will be made over the internet by at least two referees from the Paper Evaluation Committee, keeping the names\/surnames and institutions of the researchers confidential (blind evaluation). Scoring will be done as a result of the evaluations made by the referees and their acceptance will be notified.. In order for your paper to be included in the abstract book to be published after the congress, at least one of the authors of the paper must complete the congress registration until 30 October 2025 at the latest. The evaluation result will be sent to all paper owners by e-mail as a result letter.<\/p>\n\n\n\n<h4 class=\"wp-block-heading\"><strong>Oral Presentation Information<\/strong><\/h4>\n\n\n\n<ul class=\"wp-block-list\">\n<li>Papers accepted as oral presentations can be prepared with any of the electronic presentation programmes.<\/li>\n\n\n\n<li>The time allocated for each presentation will be indicated in the acceptance letters.<\/li>\n\n\n\n<li>Although the abstract is accepted, the works of the authors who do not present their papers on the day and time specified during the congress will be removed from the congress proceedings book.<\/li>\n<\/ul>\n\n\n\n<h4 class=\"wp-block-heading\"><strong>Main Topics<\/strong><\/h4>\n\n\n\n<ul class=\"wp-block-list\">\n<li>Abdominal Emergencies<\/li>\n\n\n\n<li>Emergency Visualization<\/li>\n\n\n\n<li>Emergency Department Overcrowding<\/li>\n\n\n\n<li>Emergency Department Standards and Quality<\/li>\n\n\n\n<li>Occupational Health and Safety in the Emergency Department<\/li>\n\n\n\n<li>Emergency Service Management &amp; Leadership<\/li>\n\n\n\n<li>Emergency Medicine Education<\/li>\n\n\n\n<li>Public Health Implications of Emergency Medicine Practice<\/li>\n\n\n\n<li>Academic Research in Emergency Medicine<\/li>\n\n\n\n<li>Healthy Lifestyle in Emergency Medicine<\/li>\n\n\n\n<li>Ultrasound in Emergency and Critical Patients<\/li>\n\n\n\n<li>Disaster Medicine<\/li>\n\n\n\n<li>Head &amp; Neck Emergencies<\/li>\n\n\n\n<li>COVID-19<\/li>\n\n\n\n<li>Dermatological Emergencies<\/li>\n\n\n\n<li>Nature Medicine<\/li>\n\n\n\n<li>ECG and Cardiovascular Emergencies<\/li>\n\n\n\n<li>Infectious Emergencies &amp; Sepsis<\/li>\n\n\n\n<li>Ethics and Law<\/li>\n\n\n\n<li>Geriatric Emergencies<\/li>\n\n\n\n<li>Interventional Procedures<\/li>\n\n\n\n<li>Pre-Hospital Care<\/li>\n\n\n\n<li>Airway Management<\/li>\n\n\n\n<li>Hematological Emergencies<\/li>\n\n\n\n<li>Stroke and Neurological Emergencies<\/li>\n\n\n\n<li>Humanitarian Emergency Organizations \u2013 Refugees and War<\/li>\n\n\n\n<li>Critical Care<\/li>\n\n\n\n<li>Metabolic and Endocrine Emergencies<\/li>\n\n\n\n<li>Orthopedic Emergencies &amp; Sports Medicine<\/li>\n\n\n\n<li>Pediatric Emergencies<\/li>\n\n\n\n<li>Psychiatric Emergencies<\/li>\n\n\n\n<li>Resuscitation<\/li>\n\n\n\n<li>Sedoanalgesia and Pain Management<\/li>\n\n\n\n<li>Respiratory Emergencies<\/li>\n\n\n\n<li>Tactical Medicine<\/li>\n\n\n\n<li>Medical Simulation<\/li>\n\n\n\n<li>Toxicology<\/li>\n\n\n\n<li>Trauma<\/li>\n\n\n\n<li>Triage<\/li>\n\n\n\n<li>International Emergency Medicine<\/li>\n\n\n\n<li>Urological, Obstetric and Gynecological Emergencies<\/li>\n\n\n\n<li>New Technologies<\/li>\n\n\n\n<li>Intensive Care<\/li>\n<\/ul>\n\n\n\n<p><\/p>","protected":false},"excerpt":{"rendered":"<p>Bildiri Y\u00fckleme S\u0131ras\u0131nda Dikkat Edilecek Noktalar ve Kurallar Bildiri \u00f6zetleri, web sitesi \u00fczerinden bildiri sistemi kullan\u0131larak online \u015fekilde 12. Avrasya Acil T\u0131p Kongresi (EACEM) i\u00e7in \u0130ngilizce ve 22. T\u00fcrkiye Acil T\u0131p Kongresi (TATKON) i\u00e7in T\u00fcrk\u00e7e olacak \u015fekilde\u00a0g\u00f6nderilmelidir. Bildirinizin kongre sonras\u0131 yay\u0131nlanacak bildiri \u00f6zet kitab\u0131nda\u00a0Tam Metin\u00a0olarak yer almas\u0131n\u0131 isterseniz \u00f6zetiniz ile birlikte sistem i\u00e7erisinde yer alan\u00a0Tam [&hellip;]<\/p>\n","protected":false},"author":1,"featured_media":0,"parent":0,"menu_order":0,"comment_status":"closed","ping_status":"closed","template":"","meta":{"footnotes":""},"class_list":["post-21","page","type-page","status-publish","hentry"],"blocksy_meta":[],"_links":{"self":[{"href":"https:\/\/eacem.org\/en\/wp-json\/wp\/v2\/pages\/21","targetHints":{"allow":["GET"]}}],"collection":[{"href":"https:\/\/eacem.org\/en\/wp-json\/wp\/v2\/pages"}],"about":[{"href":"https:\/\/eacem.org\/en\/wp-json\/wp\/v2\/types\/page"}],"author":[{"embeddable":true,"href":"https:\/\/eacem.org\/en\/wp-json\/wp\/v2\/users\/1"}],"replies":[{"embeddable":true,"href":"https:\/\/eacem.org\/en\/wp-json\/wp\/v2\/comments?post=21"}],"version-history":[{"count":26,"href":"https:\/\/eacem.org\/en\/wp-json\/wp\/v2\/pages\/21\/revisions"}],"predecessor-version":[{"id":4696,"href":"https:\/\/eacem.org\/en\/wp-json\/wp\/v2\/pages\/21\/revisions\/4696"}],"wp:attachment":[{"href":"https:\/\/eacem.org\/en\/wp-json\/wp\/v2\/media?parent=21"}],"curies":[{"name":"wp","href":"https:\/\/api.w.org\/{rel}","templated":true}]}}