{"id":2099,"date":"2024-10-25T13:19:12","date_gmt":"2024-10-25T13:19:12","guid":{"rendered":"https:\/\/eacem.org\/?page_id=2099"},"modified":"2026-02-25T11:01:12","modified_gmt":"2026-02-25T11:01:12","slug":"cme-cpd-akreditasyonu","status":"publish","type":"page","link":"https:\/\/eacem.org\/en\/cme-cpd-akreditasyonu\/","title":{"rendered":"CME-CPD Accreditation"},"content":{"rendered":"<p>12. Avrasya Acil T\u0131p Kongresi ve 22. T\u00fcrkiye Acil T\u0131p Kongresi i\u00e7in CME-CPD Akreditasyon-Kredilendirme Kurulu\u2019na ba\u015fvuruda bulunulacakt\u0131r.<\/p>","protected":false},"excerpt":{"rendered":"<p>12. Avrasya Acil T\u0131p Kongresi ve 22. T\u00fcrkiye Acil T\u0131p Kongresi i\u00e7in CME-CPD Akreditasyon-Kredilendirme Kurulu\u2019na ba\u015fvuruda bulunulacakt\u0131r.<\/p>","protected":false},"author":1,"featured_media":0,"parent":0,"menu_order":0,"comment_status":"closed","ping_status":"closed","template":"","meta":{"footnotes":""},"class_list":["post-2099","page","type-page","status-publish","hentry"],"blocksy_meta":[],"_links":{"self":[{"href":"https:\/\/eacem.org\/en\/wp-json\/wp\/v2\/pages\/2099","targetHints":{"allow":["GET"]}}],"collection":[{"href":"https:\/\/eacem.org\/en\/wp-json\/wp\/v2\/pages"}],"about":[{"href":"https:\/\/eacem.org\/en\/wp-json\/wp\/v2\/types\/page"}],"author":[{"embeddable":true,"href":"https:\/\/eacem.org\/en\/wp-json\/wp\/v2\/users\/1"}],"replies":[{"embeddable":true,"href":"https:\/\/eacem.org\/en\/wp-json\/wp\/v2\/comments?post=2099"}],"version-history":[{"count":10,"href":"https:\/\/eacem.org\/en\/wp-json\/wp\/v2\/pages\/2099\/revisions"}],"predecessor-version":[{"id":4634,"href":"https:\/\/eacem.org\/en\/wp-json\/wp\/v2\/pages\/2099\/revisions\/4634"}],"wp:attachment":[{"href":"https:\/\/eacem.org\/en\/wp-json\/wp\/v2\/media?parent=2099"}],"curies":[{"name":"wp","href":"https:\/\/api.w.org\/{rel}","templated":true}]}}