{"id":780,"date":"2024-09-24T13:49:47","date_gmt":"2024-09-24T13:49:47","guid":{"rendered":"https:\/\/eacem.org\/2025\/?page_id=780"},"modified":"2025-11-06T11:06:34","modified_gmt":"2025-11-06T11:06:34","slug":"sonogames-turkiye","status":"publish","type":"page","link":"https:\/\/eacem.org\/2025\/sonogames-turkiye\/","title":{"rendered":"SONOGAMES T\u00dcRK\u0130YE"},"content":{"rendered":"\t\t<div data-elementor-type=\"wp-page\" data-elementor-id=\"780\" class=\"elementor elementor-780\" data-elementor-post-type=\"page\">\n\t\t\t\t<div class=\"elementor-element elementor-element-2edc61d e-con-full e-flex e-con e-parent\" data-id=\"2edc61d\" data-element_type=\"container\" data-e-type=\"container\">\n\t\t<div class=\"elementor-element elementor-element-fe7c8d3 e-con-full e-flex e-con e-child\" data-id=\"fe7c8d3\" data-element_type=\"container\" data-e-type=\"container\">\n\t\t\t\t<div class=\"elementor-element elementor-element-0b698d4 elementor-widget elementor-widget-heading\" data-id=\"0b698d4\" data-element_type=\"widget\" data-e-type=\"widget\" data-widget_type=\"heading.default\">\n\t\t\t\t<div class=\"elementor-widget-container\">\n\t\t\t\t\t<h4 class=\"elementor-heading-title elementor-size-default\">Hakk\u0131nda<\/h4>\t\t\t\t<\/div>\n\t\t\t\t<\/div>\n\t\t\t\t<div class=\"elementor-element elementor-element-b607892 elementor-widget elementor-widget-text-editor\" data-id=\"b607892\" data-element_type=\"widget\" data-e-type=\"widget\" data-widget_type=\"text-editor.default\">\n\t\t\t\t<div class=\"elementor-widget-container\">\n\t\t\t\t\t\t\t\t\t<p>T\u00fcrkiye Acil T\u0131p Derne\u011fi Ultrasonografi \u00c7al\u0131\u015fma Grubu (TATDUS) taraf\u0131ndan ilki 2016 y\u0131l\u0131nda d\u00fczenlenen Ultrasonografi Yar\u0131\u015fmam\u0131z Akademik Acil T\u0131p Derne\u011fi\u2019nin (SAEM) sonraki y\u0131llarda yar\u0131\u015fmam\u0131za ilgisi ile SONOGAMES T\u00fcrkiye ad\u0131 alt\u0131nda her y\u0131l geleneksel olarak d\u00fczenlenmeye ba\u015fland\u0131. Acil T\u0131p Asistanlar\u0131n\u0131 bir araya getiren kritik hastada ultrasonografi becerilerini e\u011flenerek \u00f6\u011frenmeye te\u015fvik eden yar\u0131\u015fmada bu y\u0131l \u201cAcil Servisler Gelece\u011fini Planl\u0131yor\u201d mottosu ile sizlerle bulu\u015fmak i\u00e7in sab\u0131rs\u0131zlan\u0131yoruz. Nefesleri kesecek, izleyenleri de yar\u0131\u015fanlar\u0131 da heyecan\u0131n doruklar\u0131na y\u00fckseltecek \u201cSonogames T\u00fcrkiye 2025\u201d s\u00fcrpriz etaplar\u0131n\u0131n haz\u0131rl\u0131klar\u0131 tamamland\u0131 ve art\u0131k yar\u0131\u015fmac\u0131 olarak ba\u015fvurular\u0131n\u0131z\u0131 bekliyoruz.<\/p>\t\t\t\t\t\t\t\t<\/div>\n\t\t\t\t<\/div>\n\t\t\t\t<\/div>\n\t\t<div class=\"elementor-element elementor-element-218712c e-con-full e-flex e-con e-child\" data-id=\"218712c\" data-element_type=\"container\" data-e-type=\"container\">\n\t\t\t\t<div class=\"elementor-element elementor-element-c8f179f elementor-widget elementor-widget-image\" data-id=\"c8f179f\" data-element_type=\"widget\" data-e-type=\"widget\" data-widget_type=\"image.default\">\n\t\t\t\t<div class=\"elementor-widget-container\">\n\t\t\t\t\t\t\t\t\t\t\t\t\t\t\t<img fetchpriority=\"high\" decoding=\"async\" width=\"1024\" height=\"1024\" src=\"https:\/\/eacem.org\/2025\/wp-content\/uploads\/2025\/05\/Sonogames-01-1024x1024.jpg\" class=\"attachment-large size-large wp-image-4141\" alt=\"\" srcset=\"https:\/\/eacem.org\/2025\/wp-content\/uploads\/2025\/05\/Sonogames-01-1024x1024.jpg 1024w, https:\/\/eacem.org\/2025\/wp-content\/uploads\/2025\/05\/Sonogames-01-300x300.jpg 300w, https:\/\/eacem.org\/2025\/wp-content\/uploads\/2025\/05\/Sonogames-01-150x150.jpg 150w, https:\/\/eacem.org\/2025\/wp-content\/uploads\/2025\/05\/Sonogames-01-768x768.jpg 768w, https:\/\/eacem.org\/2025\/wp-content\/uploads\/2025\/05\/Sonogames-01-12x12.jpg 12w, https:\/\/eacem.org\/2025\/wp-content\/uploads\/2025\/05\/Sonogames-01.jpg 1200w\" sizes=\"(max-width: 1024px) 100vw, 1024px\" \/>\t\t\t\t\t\t\t\t\t\t\t\t\t\t\t<\/div>\n\t\t\t\t<\/div>\n\t\t\t\t<\/div>\n\t\t\t\t<\/div>\n\t\t<div class=\"elementor-element elementor-element-818e507 e-flex e-con-boxed e-con e-parent\" data-id=\"818e507\" data-element_type=\"container\" data-e-type=\"container\">\n\t\t\t\t\t<div class=\"e-con-inner\">\n\t\t\t\t<div class=\"elementor-element elementor-element-81ca871 elementor-button-success elementor-align-justify elementor-widget elementor-widget-button\" data-id=\"81ca871\" data-element_type=\"widget\" data-e-type=\"widget\" data-widget_type=\"button.default\">\n\t\t\t\t<div class=\"elementor-widget-container\">\n\t\t\t\t\t\t\t\t\t<div class=\"elementor-button-wrapper\">\n\t\t\t\t\t<a class=\"elementor-button elementor-button-link elementor-size-sm\" href=\"https:\/\/forms.gle\/yyd3pVdotU5ouDQ38\" target=\"_blank\">\n\t\t\t\t\t\t<span class=\"elementor-button-content-wrapper\">\n\t\t\t\t\t\t\t\t\t<span class=\"elementor-button-text\">BA\u015eVURU \u0130\u00c7\u0130N TIKLAYINIZ<\/span>\n\t\t\t\t\t<\/span>\n\t\t\t\t\t<\/a>\n\t\t\t\t<\/div>\n\t\t\t\t\t\t\t\t<\/div>\n\t\t\t\t<\/div>\n\t\t\t\t\t<\/div>\n\t\t\t\t<\/div>\n\t\t<div class=\"elementor-element elementor-element-961c6a6 e-flex e-con-boxed e-con e-parent\" data-id=\"961c6a6\" data-element_type=\"container\" data-e-type=\"container\">\n\t\t\t\t\t<div class=\"e-con-inner\">\n\t\t\t\t<div class=\"elementor-element elementor-element-b6ec6f2 elementor-tabs-view-horizontal elementor-widget elementor-widget-tabs\" data-id=\"b6ec6f2\" data-element_type=\"widget\" data-e-type=\"widget\" data-widget_type=\"tabs.default\">\n\t\t\t\t<div class=\"elementor-widget-container\">\n\t\t\t\t\t\t\t<div class=\"elementor-tabs\">\n\t\t\t<div class=\"elementor-tabs-wrapper\" role=\"tablist\" >\n\t\t\t\t\t\t\t\t\t<div id=\"elementor-tab-title-1911\" class=\"elementor-tab-title elementor-tab-desktop-title\" aria-selected=\"true\" data-tab=\"1\" role=\"tab\" tabindex=\"0\" aria-controls=\"elementor-tab-content-1911\" aria-expanded=\"false\">Genel Kurallar<\/div>\n\t\t\t\t\t\t\t\t\t<div id=\"elementor-tab-title-1912\" class=\"elementor-tab-title elementor-tab-desktop-title\" aria-selected=\"false\" data-tab=\"2\" role=\"tab\" tabindex=\"-1\" aria-controls=\"elementor-tab-content-1912\" aria-expanded=\"false\">\u00d6d\u00fcller<\/div>\n\t\t\t\t\t\t\t\t\t<div id=\"elementor-tab-title-1913\" class=\"elementor-tab-title elementor-tab-desktop-title\" aria-selected=\"false\" data-tab=\"3\" role=\"tab\" tabindex=\"-1\" aria-controls=\"elementor-tab-content-1913\" aria-expanded=\"false\">Kimler Yar\u0131\u015fabilir?<\/div>\n\t\t\t\t\t\t\t\t\t<div id=\"elementor-tab-title-1914\" class=\"elementor-tab-title elementor-tab-desktop-title\" aria-selected=\"false\" data-tab=\"4\" role=\"tab\" tabindex=\"-1\" aria-controls=\"elementor-tab-content-1914\" aria-expanded=\"false\">Etaplar<\/div>\n\t\t\t\t\t\t\t\t\t<div id=\"elementor-tab-title-1915\" class=\"elementor-tab-title elementor-tab-desktop-title\" aria-selected=\"false\" data-tab=\"5\" role=\"tab\" tabindex=\"-1\" aria-controls=\"elementor-tab-content-1915\" aria-expanded=\"false\">J\u00fcri De\u011ferlendirmesi<\/div>\n\t\t\t\t\t\t\t\t\t<div id=\"elementor-tab-title-1916\" class=\"elementor-tab-title elementor-tab-desktop-title\" aria-selected=\"false\" data-tab=\"6\" role=\"tab\" tabindex=\"-1\" aria-controls=\"elementor-tab-content-1916\" aria-expanded=\"false\">S.S.S<\/div>\n\t\t\t\t\t\t\t<\/div>\n\t\t\t<div class=\"elementor-tabs-content-wrapper\" role=\"tablist\" aria-orientation=\"vertical\">\n\t\t\t\t\t\t\t\t\t<div class=\"elementor-tab-title elementor-tab-mobile-title\" aria-selected=\"true\" data-tab=\"1\" role=\"tab\" tabindex=\"0\" aria-controls=\"elementor-tab-content-1911\" aria-expanded=\"false\">Genel Kurallar<\/div>\n\t\t\t\t\t<div id=\"elementor-tab-content-1911\" class=\"elementor-tab-content elementor-clearfix\" data-tab=\"1\" role=\"tabpanel\" aria-labelledby=\"elementor-tab-title-1911\" tabindex=\"0\" hidden=\"false\"><ul class=\"wp-block-list\"><li>Yar\u0131\u015fma\u00a0<strong>21 Kas\u0131m Cuma<\/strong>\u00a0g\u00fcn\u00fc saat\u00a0<strong>15.30-17.00<\/strong>\u00a0aral\u0131\u011f\u0131nda\u00a0<strong>Salon C<\/strong>\u2019de ger\u00e7ekle\u015ftirilecektir.<\/li><li>Ba\u015fvurular\u00a0<strong>5 Kas\u0131m 2025<\/strong>\u00a0ve\u00a0<strong>20 Kas\u0131m 2025\u00a0<\/strong>tarihleri aras\u0131nda ba\u015fvuru kay\u0131t linki \u00fczerindeki formun doldurulmas\u0131 ile ger\u00e7ekle\u015ftirilecektir.<\/li><li>SONOGAMES T\u00fcrkiye kat\u0131l\u0131mc\u0131lar\u0131 ile ba\u015fvuru e-posta adresleri ve kay\u0131tl\u0131 telefon numaralar\u0131 ile ileti\u015fime ge\u00e7ilecektir.<\/li><li>Sosyal medya \u00fczerinden ba\u015fvuru kabul edilmeyecektir.<\/li><li>T\u00fcm kat\u0131l\u0131mc\u0131lar\u0131n yer ald\u0131\u011f\u0131 toplam yar\u0131\u015fmac\u0131 listesi\u00a0<strong>20 Kas\u0131m 2025<\/strong>\u00a0tarihinde saat 14.00 itibariyle kongre fuaye alan\u0131nda a\u00e7\u0131lacak olan TATD stand\u0131nda ve TATDUS ve TATD kongre sosyal medya hesaplar\u0131nda ilan edilecektir.<\/li><li>Yar\u0131\u015fmac\u0131lar\u0131n 11. Avrasya Acil T\u0131p Kongresi ve 21. T\u00fcrkiye Acil T\u0131p Kongresi kat\u0131l\u0131mc\u0131 kay\u0131t i\u015flemleri\u00a0<strong>20 Kas\u0131m 2025\u00a0<\/strong>\u00f6ncesinde tamamlanm\u0131\u015f olmal\u0131d\u0131r.<\/li><\/ul><\/div>\n\t\t\t\t\t\t\t\t\t<div class=\"elementor-tab-title elementor-tab-mobile-title\" aria-selected=\"false\" data-tab=\"2\" role=\"tab\" tabindex=\"-1\" aria-controls=\"elementor-tab-content-1912\" aria-expanded=\"false\">\u00d6d\u00fcller<\/div>\n\t\t\t\t\t<div id=\"elementor-tab-content-1912\" class=\"elementor-tab-content elementor-clearfix\" data-tab=\"2\" role=\"tabpanel\" aria-labelledby=\"elementor-tab-title-1912\" tabindex=\"0\" hidden=\"hidden\"><ul class=\"wp-block-list\"><li>T\u00fcm yar\u0131\u015fmac\u0131lara \u201cSonogames T\u00fcrkiye 2025\u201d madalyas\u0131 ve \u201cAcil Ultrasonografi\u201d kitab\u0131 hediye edilecektir.<\/li><li>Kazanan tak\u0131mlar\u0131n \u00f6d\u00fclleri (her bir yar\u0131\u015fmac\u0131ya);<ul><li>Birincilik \u00f6d\u00fcl\u00fc: 2026 ATAS kay\u0131t\/konaklama, Se\u00e7ece\u011fi bir 2026 y\u0131l\u0131 TATD kursuna \u00fccretsiz kay\u0131t<\/li><\/ul><ul><li>\u0130kincilik \u00f6d\u00fcl\u00fc: 2026 ATAS kay\u0131t, Se\u00e7ece\u011fi bir 2026 y\u0131l\u0131 TATD kursuna \u00fccretsiz kay\u0131t<\/li><\/ul><ul class=\"wp-block-list\"><li>\u00dc\u00e7\u00fcnc\u00fcl\u00fck \u00f6d\u00fcl\u00fc: 2026 ATAS kay\u0131t<\/li><\/ul><\/li><li>Kazan\u0131lan \u00f6d\u00fcl ba\u015fka bir isme devredilemeyecek ve ge\u00e7erli oldu\u011fu y\u0131lda kullan\u0131labilecektir.<\/li><\/ul><\/div>\n\t\t\t\t\t\t\t\t\t<div class=\"elementor-tab-title elementor-tab-mobile-title\" aria-selected=\"false\" data-tab=\"3\" role=\"tab\" tabindex=\"-1\" aria-controls=\"elementor-tab-content-1913\" aria-expanded=\"false\">Kimler Yar\u0131\u015fabilir?<\/div>\n\t\t\t\t\t<div id=\"elementor-tab-content-1913\" class=\"elementor-tab-content elementor-clearfix\" data-tab=\"3\" role=\"tabpanel\" aria-labelledby=\"elementor-tab-title-1913\" tabindex=\"0\" hidden=\"hidden\"><ul class=\"wp-block-list\"><li>Yar\u0131\u015fmac\u0131lar acil t\u0131pta uzmanl\u0131k \u00f6\u011frencisi olmal\u0131d\u0131r.<\/li><li>Her yar\u0131\u015fmac\u0131 sadece bir tak\u0131mda yar\u0131\u015fabilir.<\/li><li>TATDUS \u00fcyeleri ve e\u011fitmenleri yar\u0131\u015fmac\u0131 olamazlar.<\/li><li>Her tak\u0131m\u00a0<strong>2 yar\u0131\u015fmac\u0131<\/strong>dan olu\u015fur.<\/li><li>Her klinik en fazla bir tak\u0131m ile yar\u0131\u015fmaya kat\u0131l\u0131r.<\/li><li>Bir klinik yar\u0131\u015fma i\u00e7in tak\u0131m kuram\u0131yorsa, farkl\u0131 kliniklerden 2 ki\u015fi bir araya gelerek tak\u0131m kurar.<\/li><li>Her tak\u0131m kendisine bir\u00a0<strong>rumuz\/tak\u0131m ismi<\/strong>\u00a0belirler. Rumuz belirlemeyen tak\u0131m ba\u015fvuru yapt\u0131\u011f\u0131 klini\u011fin ad\u0131 ile an\u0131l\u0131r.<\/li><li>Tak\u0131mlar yar\u0131\u015fma i\u00e7in isterlerse konsept k\u0131yafet, aksesuar ya da makyaj kullanabilir. Hareketli bir yar\u0131\u015fma olaca\u011f\u0131 i\u00e7in ko\u015fmaya, h\u0131zl\u0131 y\u00fcr\u00fcmeye m\u00fcsaade edecek k\u0131yafetler tercih etmeniz \u00f6nerilir.<\/li><\/ul><\/div>\n\t\t\t\t\t\t\t\t\t<div class=\"elementor-tab-title elementor-tab-mobile-title\" aria-selected=\"false\" data-tab=\"4\" role=\"tab\" tabindex=\"-1\" aria-controls=\"elementor-tab-content-1914\" aria-expanded=\"false\">Etaplar<\/div>\n\t\t\t\t\t<div id=\"elementor-tab-content-1914\" class=\"elementor-tab-content elementor-clearfix\" data-tab=\"4\" role=\"tabpanel\" aria-labelledby=\"elementor-tab-title-1914\" tabindex=\"0\" hidden=\"hidden\"><p>\u00c7ok Yak\u0131nda Duyurulacak<\/p><\/div>\n\t\t\t\t\t\t\t\t\t<div class=\"elementor-tab-title elementor-tab-mobile-title\" aria-selected=\"false\" data-tab=\"5\" role=\"tab\" tabindex=\"-1\" aria-controls=\"elementor-tab-content-1915\" aria-expanded=\"false\">J\u00fcri De\u011ferlendirmesi<\/div>\n\t\t\t\t\t<div id=\"elementor-tab-content-1915\" class=\"elementor-tab-content elementor-clearfix\" data-tab=\"5\" role=\"tabpanel\" aria-labelledby=\"elementor-tab-title-1915\" tabindex=\"0\" hidden=\"hidden\"><ul><li>Yar\u0131\u015fmaya kat\u0131lmak isteyen ve kat\u0131l\u0131m \u015fartlar\u0131 kar\u015f\u0131layan t\u00fcm tak\u0131mlar yar\u0131\u015fmaya kabul edilecektir.<\/li><li><strong>21 Kas\u0131m 2025\u00a0<\/strong>Cuma g\u00fcn\u00fc saat\u00a0<strong>15.00-15.30<\/strong>\u00a0aral\u0131\u011f\u0131nda yar\u0131\u015fmaya kat\u0131lacak t\u00fcm tak\u0131mlar Toplant\u0131 Salonuna al\u0131nacak ve yar\u0131\u015fma ile ilgili ayr\u0131nt\u0131lar a\u00e7\u0131klanacakt\u0131r. Toplant\u0131ya kat\u0131l\u0131m ger\u00e7ekle\u015ftirmeyen tak\u0131m yar\u0131\u015fma d\u0131\u015f\u0131 kalacakt\u0131r.<\/li><li>Yar\u0131\u015fman\u0131n ilk etab\u0131 elemeli olarak dizayn edilmi\u015ftir. T\u00fcm ba\u015fvurular tamamland\u0131ktan sonra etap say\u0131s\u0131 ve eleme usulleri yar\u0131\u015fma \u00f6ncesi yap\u0131lacak toplant\u0131da yar\u0131\u015fmac\u0131lara a\u00e7\u0131klanacakt\u0131r.<\/li><li>Yar\u0131\u015fmac\u0131lar ve seyircilerin e\u011flenerek \u00f6\u011frenece\u011fi bu yar\u0131\u015fmada yar\u0131\u015fmac\u0131lar her etapta ultrasonografi e\u015fli\u011finde i\u015flemler uygulayacak, tan\u0131lar koyacak ve kararlar alacaklard\u0131r.<\/li><li>T\u00fcm etaplarda TATDUS g\u00f6revlileri yar\u0131\u015fmac\u0131lar\u0131 kar\u015f\u0131layacak ve her etapta yap\u0131lacak i\u015flem i\u00e7in k\u0131sa a\u00e7\u0131klamalarda bulunacakt\u0131r.<\/li><li>T\u00fcm tak\u0131mlar yar\u0131\u015fma boyunca yanlar\u0131nda e\u015flik\u00e7i bir TATDUS \u00fcyesi ile etaptan etaba ge\u00e7eceklerdir.<\/li><li>J\u00fcriler taraf\u0131ndan tak\u0131mlar\u0131n her etaptaki performans\u0131 belirlenmi\u015f s\u00fcre ve do\u011fru cevap \u00f6l\u00e7\u00fctleri ile de\u011ferlendirecek, her etab\u0131n puan\u0131 \u00f6zelinde hesaplan\u0131p yar\u0131\u015fma sonunda toplanacakt\u0131r.<\/li><li>E\u015fitlik durumunda etap s\u00fcreleri belirleyici olacakt\u0131r.<\/li><li>\u00a0<\/li><\/ul><\/div>\n\t\t\t\t\t\t\t\t\t<div class=\"elementor-tab-title elementor-tab-mobile-title\" aria-selected=\"false\" data-tab=\"6\" role=\"tab\" tabindex=\"-1\" aria-controls=\"elementor-tab-content-1916\" aria-expanded=\"false\">S.S.S<\/div>\n\t\t\t\t\t<div id=\"elementor-tab-content-1916\" class=\"elementor-tab-content elementor-clearfix\" data-tab=\"6\" role=\"tabpanel\" aria-labelledby=\"elementor-tab-title-1916\" tabindex=\"0\" hidden=\"hidden\"><p><strong>1. SONOGAMES T\u00fcrkiye\u2019ye kay\u0131t i\u00e7in ne yapmal\u0131y\u0131m?<\/strong><\/p><p>Yukar\u0131daki linke t\u0131klayarak kay\u0131t formunu doldurman\u0131z yeterli.<\/p><p><strong>2. Yar\u0131\u015fmaya kabul edildi\u011fimi nas\u0131l \u00f6\u011frenece\u011fim<\/strong>?<\/p><p>T\u00fcm kat\u0131l\u0131mc\u0131lar\u0131n yer ald\u0131\u011f\u0131 toplam yar\u0131\u015fmac\u0131 listesi 20 Kas\u0131m 2025 tarihinde saat 14.00 itibariyle kongre fuaye alan\u0131nda a\u00e7\u0131lacak olan TATD stand\u0131nda ve TATDUS ve TATD kongre sosyal medya hesaplar\u0131nda ilan edilecektir. Ayr\u0131ca kay\u0131t formunda bildirmi\u015f oldu\u011funuz mail adresi ve telefon \u00fczerinden sizlere yar\u0131\u015fmaya kabul durumunuz iletilecektir.<\/p><p><strong>3. Yar\u0131\u015fmaya kat\u0131lmak istiyorum ama partnerim yok. Yine de kat\u0131labilir miyim?<\/strong><\/p><p>Yar\u0131\u015fman\u0131n konsepti gere\u011fi 2 ki\u015filik tak\u0131mlar kurulmas\u0131 gerekmektedir. Ayn\u0131 klinikten iki kat\u0131l\u0131mc\u0131 \u015fart\u0131n\u0131 sa\u011flayamad\u0131\u011f\u0131n\u0131zda di\u011fer kliniklerden kendinize tak\u0131m arkada\u015flar\u0131 edinebilirsiniz.<\/p><p><strong>4. TATDUS e\u015flik\u00e7ileri bize sorularda yard\u0131m edecekler mi?<\/strong><\/p><p>Hay\u0131r. Sadece yar\u0131\u015fman\u0131n oryantasyonunda do\u011fru zamanda do\u011fru yerde bulunman\u0131z i\u00e7in sizlere e\u015flik edecekler ve etap s\u00fcrelerinizi kaydedeceklerdir.<\/p><\/div>\n\t\t\t\t\t\t\t<\/div>\n\t\t<\/div>\n\t\t\t\t\t\t<\/div>\n\t\t\t\t<\/div>\n\t\t\t\t\t<\/div>\n\t\t\t\t<\/div>\n\t\t<div class=\"elementor-element elementor-element-ccc619c e-flex e-con-boxed e-con e-parent\" data-id=\"ccc619c\" data-element_type=\"container\" data-e-type=\"container\">\n\t\t\t\t\t<div class=\"e-con-inner\">\n\t\t<div class=\"elementor-element elementor-element-64f93bb e-con-full e-flex e-con e-child\" data-id=\"64f93bb\" data-element_type=\"container\" data-e-type=\"container\" data-settings=\"{&quot;background_background&quot;:&quot;classic&quot;}\">\n\t\t\t\t<div class=\"elementor-element elementor-element-dd27ee4 elementor-widget elementor-widget-heading\" data-id=\"dd27ee4\" data-element_type=\"widget\" data-e-type=\"widget\" data-widget_type=\"heading.default\">\n\t\t\t\t<div class=\"elementor-widget-container\">\n\t\t\t\t\t<h5 class=\"elementor-heading-title elementor-size-default\">\u00d6nemli Tarihler<\/h5>\t\t\t\t<\/div>\n\t\t\t\t<\/div>\n\t\t\t\t<div class=\"elementor-element elementor-element-d8df017 elementor-widget elementor-widget-text-editor\" data-id=\"d8df017\" data-element_type=\"widget\" data-e-type=\"widget\" data-widget_type=\"text-editor.default\">\n\t\t\t\t<div class=\"elementor-widget-container\">\n\t\t\t\t\t\t\t\t\t<ul class=\"wp-block-list\"><li>Ba\u015fvuru Ba\u015flang\u0131c\u0131:\u00a0<strong>05 Kas\u0131m 2025<\/strong><\/li><li>Ba\u015fvuru Biti\u015fi:<strong>20 Kas\u0131m 2025<\/strong><\/li><li>Tak\u0131mlar\u0131n \u0130lan\u0131:\u00a0<strong>20 Kas\u0131m 2025<\/strong><\/li><li>Yar\u0131\u015fma Tarihi:<strong>\u00a021 Kas\u0131m 2025 \/ Salon C<\/strong><\/li><li>\u00d6d\u00fcl T\u00f6reni:<strong>\u00a022 Kas\u0131m 2025 \/ Gala Gecesi<\/strong><\/li><\/ul>\t\t\t\t\t\t\t\t<\/div>\n\t\t\t\t<\/div>\n\t\t\t\t<\/div>\n\t\t<div class=\"elementor-element elementor-element-19b5878 e-con-full e-flex e-con e-child\" data-id=\"19b5878\" data-element_type=\"container\" data-e-type=\"container\" data-settings=\"{&quot;background_background&quot;:&quot;gradient&quot;}\">\n\t\t\t\t<div class=\"elementor-element elementor-element-ff3bf19 elementor-widget elementor-widget-heading\" data-id=\"ff3bf19\" data-element_type=\"widget\" data-e-type=\"widget\" data-widget_type=\"heading.default\">\n\t\t\t\t<div class=\"elementor-widget-container\">\n\t\t\t\t\t<h5 class=\"elementor-heading-title elementor-size-default\">\u00d6d\u00fcller<\/h5>\t\t\t\t<\/div>\n\t\t\t\t<\/div>\n\t\t\t\t<div class=\"elementor-element elementor-element-0ce51fd elementor-widget elementor-widget-text-editor\" data-id=\"0ce51fd\" data-element_type=\"widget\" data-e-type=\"widget\" data-widget_type=\"text-editor.default\">\n\t\t\t\t<div class=\"elementor-widget-container\">\n\t\t\t\t\t\t\t\t\t<ul class=\"wp-block-list\"><li>T\u00fcm yar\u0131\u015fmac\u0131lara \u201cSonogames T\u00fcrkiye 2025\u201d madalyas\u0131 ve \u201cAcil Ultrasonografi\u201d kitab\u0131 hediye edilecektir.<\/li><li>Kazanan tak\u0131mlar\u0131n \u00f6d\u00fclleri (her bir yar\u0131\u015fmac\u0131ya);<ul><li>Birincilik \u00f6d\u00fcl\u00fc: 2026 ATAS kay\u0131t\/konaklama, Se\u00e7ece\u011fi bir 2026 y\u0131l\u0131 TATD kursuna \u00fccretsiz kay\u0131t<\/li><\/ul><ul><li>\u0130kincilik \u00f6d\u00fcl\u00fc: 2026 ATAS kay\u0131t, Se\u00e7ece\u011fi bir 2026 y\u0131l\u0131 TATD kursuna \u00fccretsiz kay\u0131t<\/li><\/ul><ul class=\"wp-block-list\"><li>\u00dc\u00e7\u00fcnc\u00fcl\u00fck \u00f6d\u00fcl\u00fc: 2026 ATAS kay\u0131t<\/li><\/ul><\/li><li>Kazan\u0131lan \u00f6d\u00fcl ba\u015fka bir isme devredilemeyecek ve ge\u00e7erli oldu\u011fu y\u0131lda kullan\u0131labilecektir.<\/li><\/ul>\t\t\t\t\t\t\t\t<\/div>\n\t\t\t\t<\/div>\n\t\t\t\t<\/div>\n\t\t\t\t\t<\/div>\n\t\t\t\t<\/div>\n\t\t\t\t<\/div>\n\t\t","protected":false},"excerpt":{"rendered":"<p>Hakk\u0131nda T\u00fcrkiye Acil T\u0131p Derne\u011fi Ultrasonografi \u00c7al\u0131\u015fma Grubu (TATDUS) taraf\u0131ndan ilki 2016 y\u0131l\u0131nda d\u00fczenlenen Ultrasonografi Yar\u0131\u015fmam\u0131z Akademik Acil T\u0131p Derne\u011fi\u2019nin (SAEM) sonraki y\u0131llarda yar\u0131\u015fmam\u0131za ilgisi ile SONOGAMES T\u00fcrkiye ad\u0131 alt\u0131nda her y\u0131l geleneksel olarak d\u00fczenlenmeye ba\u015fland\u0131. Acil T\u0131p Asistanlar\u0131n\u0131 bir araya getiren kritik hastada ultrasonografi becerilerini e\u011flenerek \u00f6\u011frenmeye te\u015fvik eden yar\u0131\u015fmada bu y\u0131l \u201cAcil Servisler [&hellip;]<\/p>\n","protected":false},"author":1,"featured_media":0,"parent":0,"menu_order":0,"comment_status":"closed","ping_status":"closed","template":"","meta":{"_eb_attr":"","footnotes":""},"class_list":["post-780","page","type-page","status-publish","hentry"],"blocksy_meta":[],"_links":{"self":[{"href":"https:\/\/eacem.org\/2025\/wp-json\/wp\/v2\/pages\/780","targetHints":{"allow":["GET"]}}],"collection":[{"href":"https:\/\/eacem.org\/2025\/wp-json\/wp\/v2\/pages"}],"about":[{"href":"https:\/\/eacem.org\/2025\/wp-json\/wp\/v2\/types\/page"}],"author":[{"embeddable":true,"href":"https:\/\/eacem.org\/2025\/wp-json\/wp\/v2\/users\/1"}],"replies":[{"embeddable":true,"href":"https:\/\/eacem.org\/2025\/wp-json\/wp\/v2\/comments?post=780"}],"version-history":[{"count":49,"href":"https:\/\/eacem.org\/2025\/wp-json\/wp\/v2\/pages\/780\/revisions"}],"predecessor-version":[{"id":4149,"href":"https:\/\/eacem.org\/2025\/wp-json\/wp\/v2\/pages\/780\/revisions\/4149"}],"wp:attachment":[{"href":"https:\/\/eacem.org\/2025\/wp-json\/wp\/v2\/media?parent=780"}],"curies":[{"name":"wp","href":"https:\/\/api.w.org\/{rel}","templated":true}]}}