{"id":4508,"date":"2025-11-19T07:39:35","date_gmt":"2025-11-19T07:39:35","guid":{"rendered":"https:\/\/eacem.org\/2025\/?page_id=4508"},"modified":"2025-11-19T07:51:55","modified_gmt":"2025-11-19T07:51:55","slug":"ikyd-megakod-yarismasi","status":"publish","type":"page","link":"https:\/\/eacem.org\/2025\/ikyd-megakod-yarismasi\/","title":{"rendered":"\u0130KYD MEGAKOD Yar\u0131\u015fmas\u0131"},"content":{"rendered":"\t\t<div data-elementor-type=\"wp-page\" data-elementor-id=\"4508\" class=\"elementor elementor-4508\" data-elementor-post-type=\"page\">\n\t\t\t\t<div class=\"elementor-element elementor-element-bcae0f4 e-flex e-con-boxed e-con e-parent\" data-id=\"bcae0f4\" data-element_type=\"container\" data-e-type=\"container\">\n\t\t\t\t\t<div class=\"e-con-inner\">\n\t\t<div class=\"elementor-element elementor-element-cf098f1 e-con-full e-flex e-con e-child\" data-id=\"cf098f1\" data-element_type=\"container\" data-e-type=\"container\">\n\t\t\t\t<div class=\"elementor-element elementor-element-2fbb18cb elementor-widget elementor-widget-text-editor\" data-id=\"2fbb18cb\" data-element_type=\"widget\" data-e-type=\"widget\" data-widget_type=\"text-editor.default\">\n\t\t\t\t<div class=\"elementor-widget-container\">\n\t\t\t\t\t\t\t\t\t\n<h2 class=\"wp-block-heading\"><strong>Ekip\u00e7e H\u0131z, Bilgi, Koordinasyon!<\/strong><\/h2>\n\n\n\n<p>Acil t\u0131bb\u0131n en kritik anlar\u0131nda <strong>ekip performans\u0131 hayat kurtar\u0131r<\/strong>.<br>\u015eimdi o an\u0131 sahneye ta\u015f\u0131yoruz!<\/p>\n\n\n\n<p>21 \u2013 22 Kas\u0131m tarihlerinde INNOVEM Zone\u2019da d\u00fczenlenecek olan <strong>\u0130leri Kardiyak Ya\u015fam Deste\u011fi (\u0130KYD) Megakod Yar\u0131\u015fmas\u0131<\/strong>, 6 ki\u015filik ekiplerin <strong>ger\u00e7ek zamanl\u0131, senaryo tabanl\u0131<\/strong> megakod uygulamalar\u0131nda yetkinliklerini g\u00f6sterece\u011fi y\u00fcksek tempolu bir m\u00fccadeledir.<\/p>\n\n\n\n<h5 class=\"wp-block-heading\"><strong>Neleri \u00d6l\u00e7ece\u011fiz?<\/strong><\/h5>\n\n\n\n<ul class=\"wp-block-list\">\n<li>Ekip i\u00e7i ileti\u015fim<\/li>\n\n\n\n<li>Roller aras\u0131 koordinasyon<\/li>\n\n\n\n<li>Zaman y\u00f6netimi<\/li>\n\n\n\n<li>Algorithm do\u011frulu\u011fu<\/li>\n\n\n\n<li>Klinik kararl\u0131l\u0131k ve liderlik<\/li>\n\n\n\n<li>Eksiksiz ve hatas\u0131z megakod performans\u0131<\/li>\n<\/ul>\n\n\n\n<h5 class=\"wp-block-heading\"><strong>\u00d6d\u00fcller Sizi Bekliyor!<\/strong><\/h5>\n\n\n\n<p>En y\u00fcksek puan\u0131 alan ekip, kongrenin <strong>\u201cEn \u0130yi \u0130KYD Ekibi\u201d<\/strong> \u00f6d\u00fcl\u00fcn\u00fcn sahibi olacak.<br>Sahne sizin, karar sizin, hayat sizin ellerinizde!<\/p>\n\n\n\n<h5 class=\"wp-block-heading\"><strong>Nas\u0131l Ba\u015fvurulur?<\/strong><\/h5>\n\n\n\n<p>6 ki\u015filik ekibini olu\u015ftur, Ba\u015fvuru i\u00e7in <a href=\"https:\/\/forms.gle\/xi4pfWsYc1evDUtL6\">https:\/\/forms.gle\/xi4pfWsYc1evDUtL6<\/a> linkinden kay\u0131t ol.<\/p>\n\t\t\t\t\t\t\t\t<\/div>\n\t\t\t\t<\/div>\n\t\t\t\t<\/div>\n\t\t<div class=\"elementor-element elementor-element-ada2121 e-con-full e-flex e-con e-child\" data-id=\"ada2121\" data-element_type=\"container\" data-e-type=\"container\">\n\t\t\t\t<div class=\"elementor-element elementor-element-8d776c5 elementor-widget elementor-widget-image\" data-id=\"8d776c5\" data-element_type=\"widget\" data-e-type=\"widget\" data-widget_type=\"image.default\">\n\t\t\t\t<div class=\"elementor-widget-container\">\n\t\t\t\t\t\t\t\t\t\t\t\t\t\t\t<img fetchpriority=\"high\" decoding=\"async\" width=\"1024\" height=\"1024\" src=\"https:\/\/eacem.org\/2025\/wp-content\/uploads\/2025\/11\/ikygd-yarisma-1024x1024.jpg\" class=\"attachment-large size-large wp-image-4510\" alt=\"\" srcset=\"https:\/\/eacem.org\/2025\/wp-content\/uploads\/2025\/11\/ikygd-yarisma-1024x1024.jpg 1024w, https:\/\/eacem.org\/2025\/wp-content\/uploads\/2025\/11\/ikygd-yarisma-300x300.jpg 300w, https:\/\/eacem.org\/2025\/wp-content\/uploads\/2025\/11\/ikygd-yarisma-150x150.jpg 150w, https:\/\/eacem.org\/2025\/wp-content\/uploads\/2025\/11\/ikygd-yarisma-768x768.jpg 768w, https:\/\/eacem.org\/2025\/wp-content\/uploads\/2025\/11\/ikygd-yarisma-12x12.jpg 12w, https:\/\/eacem.org\/2025\/wp-content\/uploads\/2025\/11\/ikygd-yarisma.jpg 1200w\" sizes=\"(max-width: 1024px) 100vw, 1024px\" \/>\t\t\t\t\t\t\t\t\t\t\t\t\t\t\t<\/div>\n\t\t\t\t<\/div>\n\t\t\t\t<\/div>\n\t\t\t\t\t<\/div>\n\t\t\t\t<\/div>\n\t\t\t\t<\/div>\n\t\t","protected":false},"excerpt":{"rendered":"<p>Ekip\u00e7e H\u0131z, Bilgi, Koordinasyon! Acil t\u0131bb\u0131n en kritik anlar\u0131nda ekip performans\u0131 hayat kurtar\u0131r.\u015eimdi o an\u0131 sahneye ta\u015f\u0131yoruz! 21 \u2013 22 Kas\u0131m tarihlerinde INNOVEM Zone\u2019da d\u00fczenlenecek olan \u0130leri Kardiyak Ya\u015fam Deste\u011fi (\u0130KYD) Megakod Yar\u0131\u015fmas\u0131, 6 ki\u015filik ekiplerin ger\u00e7ek zamanl\u0131, senaryo tabanl\u0131 megakod uygulamalar\u0131nda yetkinliklerini g\u00f6sterece\u011fi y\u00fcksek tempolu bir m\u00fccadeledir. Neleri \u00d6l\u00e7ece\u011fiz? \u00d6d\u00fcller Sizi Bekliyor! En y\u00fcksek [&hellip;]<\/p>\n","protected":false},"author":1,"featured_media":0,"parent":0,"menu_order":0,"comment_status":"closed","ping_status":"closed","template":"","meta":{"_eb_attr":"","footnotes":""},"class_list":["post-4508","page","type-page","status-publish","hentry"],"blocksy_meta":[],"_links":{"self":[{"href":"https:\/\/eacem.org\/2025\/wp-json\/wp\/v2\/pages\/4508","targetHints":{"allow":["GET"]}}],"collection":[{"href":"https:\/\/eacem.org\/2025\/wp-json\/wp\/v2\/pages"}],"about":[{"href":"https:\/\/eacem.org\/2025\/wp-json\/wp\/v2\/types\/page"}],"author":[{"embeddable":true,"href":"https:\/\/eacem.org\/2025\/wp-json\/wp\/v2\/users\/1"}],"replies":[{"embeddable":true,"href":"https:\/\/eacem.org\/2025\/wp-json\/wp\/v2\/comments?post=4508"}],"version-history":[{"count":4,"href":"https:\/\/eacem.org\/2025\/wp-json\/wp\/v2\/pages\/4508\/revisions"}],"predecessor-version":[{"id":4513,"href":"https:\/\/eacem.org\/2025\/wp-json\/wp\/v2\/pages\/4508\/revisions\/4513"}],"wp:attachment":[{"href":"https:\/\/eacem.org\/2025\/wp-json\/wp\/v2\/media?parent=4508"}],"curies":[{"name":"wp","href":"https:\/\/api.w.org\/{rel}","templated":true}]}}