{"id":4349,"date":"2025-11-13T21:41:23","date_gmt":"2025-11-13T21:41:23","guid":{"rendered":"https:\/\/eacem.org\/2025\/?page_id=4349"},"modified":"2025-11-22T09:07:43","modified_gmt":"2025-11-22T09:07:43","slug":"calisma-gruplari","status":"publish","type":"page","link":"https:\/\/eacem.org\/2025\/calisma-gruplari\/","title":{"rendered":"\u00c7al\u0131\u015fma Gruplar\u0131"},"content":{"rendered":"\n<figure class=\"wp-block-table\"><table class=\"has-fixed-layout\"><thead><tr><th><strong>Grup Ad\u0131<\/strong><\/th><th><strong>Salon Ad\u0131<\/strong><\/th><th><strong>Tarih<\/strong><\/th><th><strong>Saat<\/strong><\/th><\/tr><\/thead><tbody><tr><td>Acil T\u0131p Asistan Birli\u011fi<\/td><td>ATAB Forum Salonu<\/td><td>20 Kas\u0131m 2025<\/td><td>18:30-19:30<\/td><\/tr><tr><td>Acil T\u0131p Ara\u015ft\u0131rma Komisyonu<\/td><td>Salon E<\/td><td>20 Kas\u0131m 2025<\/td><td>18:30-19:30<\/td><\/tr><tr><td>Saglik Bilisimi ve Teknolojileri Komisyonu<\/td><td>Salon G<\/td><td>20 Kas\u0131m 2025<\/td><td>18.30-19.30<\/td><\/tr><tr><td>\u00c7ocuk Acil \u00c7al\u0131\u015fma Grubu<\/td><td>ATAB Forum Salonu<\/td><td>21 Kas\u0131m 2025<\/td><td>16:00-17:00<\/td><\/tr><tr><td>Res\u00fcsitasyon \u00c7al\u0131\u015fma Grubu<\/td><td>Salon G<\/td><td>21 Kas\u0131m 2025<\/td><td>16:00-17:00<\/td><\/tr><tr><td>TATD Geriatri \u00c7al\u0131\u015fma Grubu<\/td><td>TATD Y\u00f6netim Kurulu Salonu<\/td><td>21 Kas\u0131m 2025<\/td><td>16:00-17:00<\/td><\/tr><tr><td>TATD Ultrasonografi \u00c7al\u0131\u015fma Grubu<\/td><td>ATAB Forum Salonu<\/td><td>22 Kas\u0131m 2025<\/td><td>18:30-19:30<\/td><\/tr><tr><td>Turkish Journal of Emergency Medicine<\/td><td>Salon D<\/td><td>22 Kas\u0131m 2025<\/td><td>18:30-19:30<\/td><\/tr><tr><td>Kritik Hasta<\/td><td>Emathon Salonu<\/td><td>22 Kas\u0131m 2025<\/td><td>18:30-19:30<\/td><\/tr><tr><td>TATD Havayolu \u00c7al\u0131\u015fma Grubu<\/td><td>TATD Y\u00f6netim Kurulu Salonu<\/td><td>22 Kas\u0131m 2025<\/td><td>18:30-19:30<\/td><\/tr><\/tbody><\/table><\/figure>\n","protected":false},"excerpt":{"rendered":"<p>Grup Ad\u0131 Salon Ad\u0131 Tarih Saat Acil T\u0131p Asistan Birli\u011fi ATAB Forum Salonu 20 Kas\u0131m 2025 18:30-19:30 Acil T\u0131p Ara\u015ft\u0131rma Komisyonu Salon E 20 Kas\u0131m 2025 18:30-19:30 Saglik Bilisimi ve Teknolojileri Komisyonu Salon G 20 Kas\u0131m 2025 18.30-19.30 \u00c7ocuk Acil \u00c7al\u0131\u015fma Grubu ATAB Forum Salonu 21 Kas\u0131m 2025 16:00-17:00 Res\u00fcsitasyon \u00c7al\u0131\u015fma Grubu Salon G 21 [&hellip;]<\/p>\n","protected":false},"author":1,"featured_media":0,"parent":0,"menu_order":0,"comment_status":"closed","ping_status":"closed","template":"","meta":{"_eb_attr":"","footnotes":""},"class_list":["post-4349","page","type-page","status-publish","hentry"],"blocksy_meta":[],"_links":{"self":[{"href":"https:\/\/eacem.org\/2025\/wp-json\/wp\/v2\/pages\/4349","targetHints":{"allow":["GET"]}}],"collection":[{"href":"https:\/\/eacem.org\/2025\/wp-json\/wp\/v2\/pages"}],"about":[{"href":"https:\/\/eacem.org\/2025\/wp-json\/wp\/v2\/types\/page"}],"author":[{"embeddable":true,"href":"https:\/\/eacem.org\/2025\/wp-json\/wp\/v2\/users\/1"}],"replies":[{"embeddable":true,"href":"https:\/\/eacem.org\/2025\/wp-json\/wp\/v2\/comments?post=4349"}],"version-history":[{"count":5,"href":"https:\/\/eacem.org\/2025\/wp-json\/wp\/v2\/pages\/4349\/revisions"}],"predecessor-version":[{"id":4573,"href":"https:\/\/eacem.org\/2025\/wp-json\/wp\/v2\/pages\/4349\/revisions\/4573"}],"wp:attachment":[{"href":"https:\/\/eacem.org\/2025\/wp-json\/wp\/v2\/media?parent=4349"}],"curies":[{"name":"wp","href":"https:\/\/api.w.org\/{rel}","templated":true}]}}