{"id":3372,"date":"2025-09-23T11:59:25","date_gmt":"2025-09-23T11:59:25","guid":{"rendered":"https:\/\/eacem.org\/2025\/?page_id=3372"},"modified":"2025-11-17T17:43:45","modified_gmt":"2025-11-17T17:43:45","slug":"kurs-kayitlari","status":"publish","type":"page","link":"https:\/\/eacem.org\/2025\/kurs-kayitlari\/","title":{"rendered":"Kurs Kay\u0131tlar\u0131"},"content":{"rendered":"\t\t<div data-elementor-type=\"wp-page\" data-elementor-id=\"3372\" class=\"elementor elementor-3372\" data-elementor-post-type=\"page\">\n\t\t\t\t<div class=\"elementor-element elementor-element-de6f8c5 e-flex e-con-boxed e-con e-parent\" data-id=\"de6f8c5\" data-element_type=\"container\" data-e-type=\"container\" data-settings=\"{&quot;background_background&quot;:&quot;classic&quot;}\">\n\t\t\t\t\t<div class=\"e-con-inner\">\n\t\t<div class=\"elementor-element elementor-element-f638c60 e-con-full e-flex e-con e-child\" data-id=\"f638c60\" data-element_type=\"container\" data-e-type=\"container\">\n\t\t\t\t<div class=\"elementor-element elementor-element-c3feb1c elementor-widget elementor-widget-heading\" data-id=\"c3feb1c\" data-element_type=\"widget\" data-e-type=\"widget\" data-widget_type=\"heading.default\">\n\t\t\t\t<div class=\"elementor-widget-container\">\n\t\t\t\t\t<h2 class=\"elementor-heading-title elementor-size-default\">Winfocus USLS (The Ultrasound Life Support) (EACEM)\n<\/h2>\t\t\t\t<\/div>\n\t\t\t\t<\/div>\n\t\t\t\t<div class=\"elementor-element elementor-element-b96d17a elementor-widget elementor-widget-heading\" data-id=\"b96d17a\" data-element_type=\"widget\" data-e-type=\"widget\" data-widget_type=\"heading.default\">\n\t\t\t\t<div class=\"elementor-widget-container\">\n\t\t\t\t\t<h5 class=\"elementor-heading-title elementor-size-default\">Kurs Koordinat\u00f6r\u00fc: \u00d6zlem Dikme<\/h5>\t\t\t\t<\/div>\n\t\t\t\t<\/div>\n\t\t<div class=\"elementor-element elementor-element-feca5c8 e-con-full e-flex e-con e-child\" data-id=\"feca5c8\" data-element_type=\"container\" data-e-type=\"container\" data-settings=\"{&quot;background_background&quot;:&quot;classic&quot;}\">\n\t\t\t\t<div class=\"elementor-element elementor-element-9c9d103 elementor-widget elementor-widget-heading\" data-id=\"9c9d103\" data-element_type=\"widget\" data-e-type=\"widget\" data-widget_type=\"heading.default\">\n\t\t\t\t<div class=\"elementor-widget-container\">\n\t\t\t\t\t<h6 class=\"elementor-heading-title elementor-size-default\">Kurs kontenjanlar\u0131 dolmu\u015ftur.<\/h6>\t\t\t\t<\/div>\n\t\t\t\t<\/div>\n\t\t\t\t<\/div>\n\t\t\t\t<div class=\"elementor-element elementor-element-c50b4aa elementor-hidden-desktop elementor-hidden-tablet elementor-hidden-mobile elementor-widget elementor-widget-button\" data-id=\"c50b4aa\" data-element_type=\"widget\" data-e-type=\"widget\" data-widget_type=\"button.default\">\n\t\t\t\t<div class=\"elementor-widget-container\">\n\t\t\t\t\t\t\t\t\t<div class=\"elementor-button-wrapper\">\n\t\t\t\t\t<a class=\"elementor-button elementor-button-link elementor-size-sm\" href=\"https:\/\/tatd.org.tr\/store\/urun\/winfocus-usls-ultrasound-life-support-ultrason-yasam-destegi-kursu\/\" target=\"_blank\">\n\t\t\t\t\t\t<span class=\"elementor-button-content-wrapper\">\n\t\t\t\t\t\t\t\t\t<span class=\"elementor-button-text\">\u015eimdi Kay\u0131t ol<\/span>\n\t\t\t\t\t<\/span>\n\t\t\t\t\t<\/a>\n\t\t\t\t<\/div>\n\t\t\t\t\t\t\t\t<\/div>\n\t\t\t\t<\/div>\n\t\t\t\t<div class=\"elementor-element elementor-element-e6ed935 elementor-widget elementor-widget-text-editor\" data-id=\"e6ed935\" data-element_type=\"widget\" data-e-type=\"widget\" data-widget_type=\"text-editor.default\">\n\t\t\t\t<div class=\"elementor-widget-container\">\n\t\t\t\t\t\t\t\t\t<ul><li>Kurs kontenjan\u0131m\u0131z 25 ki\u015fi olarak belirlenmi\u015ftir.<\/li><\/ul>\t\t\t\t\t\t\t\t<\/div>\n\t\t\t\t<\/div>\n\t\t\t\t<\/div>\n\t\t<div class=\"elementor-element elementor-element-8af0be5 e-con-full e-flex e-con e-child\" data-id=\"8af0be5\" data-element_type=\"container\" data-e-type=\"container\">\n\t\t\t\t<div class=\"elementor-element elementor-element-07db0fb elementor-widget elementor-widget-image\" data-id=\"07db0fb\" data-element_type=\"widget\" data-e-type=\"widget\" data-widget_type=\"image.default\">\n\t\t\t\t<div class=\"elementor-widget-container\">\n\t\t\t\t\t\t\t\t\t\t\t\t\t\t\t\t<a href=\"https:\/\/eacem.org\/2025\/wp-content\/uploads\/2025\/09\/usls.jpg\" data-elementor-open-lightbox=\"yes\" data-elementor-lightbox-title=\"usls\" data-e-action-hash=\"#elementor-action%3Aaction%3Dlightbox%26settings%3DeyJpZCI6MzM3OSwidXJsIjoiaHR0cHM6XC9cL2VhY2VtLm9yZ1wvMjAyNVwvd3AtY29udGVudFwvdXBsb2Fkc1wvMjAyNVwvMDlcL3VzbHMuanBnIn0%3D\">\n\t\t\t\t\t\t\t<img fetchpriority=\"high\" decoding=\"async\" width=\"1024\" height=\"1024\" src=\"https:\/\/eacem.org\/2025\/wp-content\/uploads\/2025\/09\/usls-1024x1024.jpg\" class=\"attachment-large size-large wp-image-3379\" alt=\"\" srcset=\"https:\/\/eacem.org\/2025\/wp-content\/uploads\/2025\/09\/usls-1024x1024.jpg 1024w, https:\/\/eacem.org\/2025\/wp-content\/uploads\/2025\/09\/usls-300x300.jpg 300w, https:\/\/eacem.org\/2025\/wp-content\/uploads\/2025\/09\/usls-150x150.jpg 150w, https:\/\/eacem.org\/2025\/wp-content\/uploads\/2025\/09\/usls-768x768.jpg 768w, https:\/\/eacem.org\/2025\/wp-content\/uploads\/2025\/09\/usls-12x12.jpg 12w, https:\/\/eacem.org\/2025\/wp-content\/uploads\/2025\/09\/usls.jpg 1200w\" sizes=\"(max-width: 1024px) 100vw, 1024px\" \/>\t\t\t\t\t\t\t\t<\/a>\n\t\t\t\t\t\t\t\t\t\t\t\t\t\t\t<\/div>\n\t\t\t\t<\/div>\n\t\t\t\t<\/div>\n\t\t\t\t\t<\/div>\n\t\t\t\t<\/div>\n\t\t<div class=\"elementor-element elementor-element-7875fbd e-flex e-con-boxed e-con e-parent\" data-id=\"7875fbd\" data-element_type=\"container\" data-e-type=\"container\" data-settings=\"{&quot;background_background&quot;:&quot;classic&quot;}\">\n\t\t\t\t\t<div class=\"e-con-inner\">\n\t\t<div class=\"elementor-element elementor-element-72278c2 e-con-full e-flex e-con e-child\" data-id=\"72278c2\" data-element_type=\"container\" data-e-type=\"container\">\n\t\t\t\t<div class=\"elementor-element elementor-element-334a887 elementor-widget elementor-widget-heading\" data-id=\"334a887\" data-element_type=\"widget\" data-e-type=\"widget\" data-widget_type=\"heading.default\">\n\t\t\t\t<div class=\"elementor-widget-container\">\n\t\t\t\t\t<h2 class=\"elementor-heading-title elementor-size-default\">Winfocus FoCUS (Focused Cardiac Ultrasound) Course (EACEM)\n<\/h2>\t\t\t\t<\/div>\n\t\t\t\t<\/div>\n\t\t\t\t<div class=\"elementor-element elementor-element-eac0255 elementor-widget elementor-widget-heading\" data-id=\"eac0255\" data-element_type=\"widget\" data-e-type=\"widget\" data-widget_type=\"heading.default\">\n\t\t\t\t<div class=\"elementor-widget-container\">\n\t\t\t\t\t<h5 class=\"elementor-heading-title elementor-size-default\">Kurs Koordinat\u00f6r\u00fc: Burcu Azapo\u011flu Kaymak<\/h5>\t\t\t\t<\/div>\n\t\t\t\t<\/div>\n\t\t<div class=\"elementor-element elementor-element-1a689b7 e-con-full e-flex e-con e-child\" data-id=\"1a689b7\" data-element_type=\"container\" data-e-type=\"container\" data-settings=\"{&quot;background_background&quot;:&quot;classic&quot;}\">\n\t\t\t\t<div class=\"elementor-element elementor-element-7e65f18 elementor-widget elementor-widget-heading\" data-id=\"7e65f18\" data-element_type=\"widget\" data-e-type=\"widget\" data-widget_type=\"heading.default\">\n\t\t\t\t<div class=\"elementor-widget-container\">\n\t\t\t\t\t<h6 class=\"elementor-heading-title elementor-size-default\">Kurs kontenjanlar\u0131 dolmu\u015ftur.<\/h6>\t\t\t\t<\/div>\n\t\t\t\t<\/div>\n\t\t\t\t<\/div>\n\t\t\t\t<div class=\"elementor-element elementor-element-b0cb08d elementor-hidden-desktop elementor-hidden-tablet elementor-hidden-mobile elementor-widget elementor-widget-button\" data-id=\"b0cb08d\" data-element_type=\"widget\" data-e-type=\"widget\" data-widget_type=\"button.default\">\n\t\t\t\t<div class=\"elementor-widget-container\">\n\t\t\t\t\t\t\t\t\t<div class=\"elementor-button-wrapper\">\n\t\t\t\t\t<a class=\"elementor-button elementor-button-link elementor-size-sm\" href=\"https:\/\/tatd.org.tr\/store\/urun\/winfocus-odaklanmis-ekokardiyografi-focus-kursu\/\" target=\"_blank\">\n\t\t\t\t\t\t<span class=\"elementor-button-content-wrapper\">\n\t\t\t\t\t\t\t\t\t<span class=\"elementor-button-text\">\u015eimdi Kay\u0131t ol<\/span>\n\t\t\t\t\t<\/span>\n\t\t\t\t\t<\/a>\n\t\t\t\t<\/div>\n\t\t\t\t\t\t\t\t<\/div>\n\t\t\t\t<\/div>\n\t\t\t\t<div class=\"elementor-element elementor-element-06f5c26 elementor-widget elementor-widget-text-editor\" data-id=\"06f5c26\" data-element_type=\"widget\" data-e-type=\"widget\" data-widget_type=\"text-editor.default\">\n\t\t\t\t<div class=\"elementor-widget-container\">\n\t\t\t\t\t\t\t\t\t<ul><li>Kurs kontenjan\u0131m\u0131z 30 ki\u015fi olarak belirlenmi\u015ftir.<\/li><\/ul>\t\t\t\t\t\t\t\t<\/div>\n\t\t\t\t<\/div>\n\t\t\t\t<\/div>\n\t\t<div class=\"elementor-element elementor-element-54a0421 e-con-full e-flex e-con e-child\" data-id=\"54a0421\" data-element_type=\"container\" data-e-type=\"container\">\n\t\t\t\t<div class=\"elementor-element elementor-element-82a240c elementor-widget elementor-widget-image\" data-id=\"82a240c\" data-element_type=\"widget\" data-e-type=\"widget\" data-widget_type=\"image.default\">\n\t\t\t\t<div class=\"elementor-widget-container\">\n\t\t\t\t\t\t\t\t\t\t\t\t\t\t\t\t<a href=\"https:\/\/eacem.org\/2025\/wp-content\/uploads\/2025\/09\/Winfocus-FoCUS-.jpg\" data-elementor-open-lightbox=\"yes\" data-elementor-lightbox-title=\"Winfocus FoCUS\" data-e-action-hash=\"#elementor-action%3Aaction%3Dlightbox%26settings%3DeyJpZCI6MzM3NCwidXJsIjoiaHR0cHM6XC9cL2VhY2VtLm9yZ1wvMjAyNVwvd3AtY29udGVudFwvdXBsb2Fkc1wvMjAyNVwvMDlcL1dpbmZvY3VzLUZvQ1VTLS5qcGcifQ%3D%3D\">\n\t\t\t\t\t\t\t<img decoding=\"async\" width=\"1024\" height=\"1024\" src=\"https:\/\/eacem.org\/2025\/wp-content\/uploads\/2025\/09\/Winfocus-FoCUS--1024x1024.jpg\" class=\"attachment-large size-large wp-image-3374\" alt=\"\" srcset=\"https:\/\/eacem.org\/2025\/wp-content\/uploads\/2025\/09\/Winfocus-FoCUS--1024x1024.jpg 1024w, https:\/\/eacem.org\/2025\/wp-content\/uploads\/2025\/09\/Winfocus-FoCUS--300x300.jpg 300w, https:\/\/eacem.org\/2025\/wp-content\/uploads\/2025\/09\/Winfocus-FoCUS--150x150.jpg 150w, https:\/\/eacem.org\/2025\/wp-content\/uploads\/2025\/09\/Winfocus-FoCUS--768x768.jpg 768w, https:\/\/eacem.org\/2025\/wp-content\/uploads\/2025\/09\/Winfocus-FoCUS--12x12.jpg 12w, https:\/\/eacem.org\/2025\/wp-content\/uploads\/2025\/09\/Winfocus-FoCUS-.jpg 1201w\" sizes=\"(max-width: 1024px) 100vw, 1024px\" \/>\t\t\t\t\t\t\t\t<\/a>\n\t\t\t\t\t\t\t\t\t\t\t\t\t\t\t<\/div>\n\t\t\t\t<\/div>\n\t\t\t\t<\/div>\n\t\t\t\t\t<\/div>\n\t\t\t\t<\/div>\n\t\t<div class=\"elementor-element elementor-element-9a6d543 e-flex e-con-boxed e-con e-parent\" data-id=\"9a6d543\" data-element_type=\"container\" data-e-type=\"container\" data-settings=\"{&quot;background_background&quot;:&quot;classic&quot;}\">\n\t\t\t\t\t<div class=\"e-con-inner\">\n\t\t<div class=\"elementor-element elementor-element-e5e2a95 e-con-full e-flex e-con e-child\" data-id=\"e5e2a95\" data-element_type=\"container\" data-e-type=\"container\">\n\t\t\t\t<div class=\"elementor-element elementor-element-57c4c45 elementor-widget elementor-widget-heading\" data-id=\"57c4c45\" data-element_type=\"widget\" data-e-type=\"widget\" data-widget_type=\"heading.default\">\n\t\t\t\t<div class=\"elementor-widget-container\">\n\t\t\t\t\t<h2 class=\"elementor-heading-title elementor-size-default\">AHA ACLS\/BLS Provider Course<\/h2>\t\t\t\t<\/div>\n\t\t\t\t<\/div>\n\t\t\t\t<div class=\"elementor-element elementor-element-87366a6 elementor-widget elementor-widget-heading\" data-id=\"87366a6\" data-element_type=\"widget\" data-e-type=\"widget\" data-widget_type=\"heading.default\">\n\t\t\t\t<div class=\"elementor-widget-container\">\n\t\t\t\t\t<h5 class=\"elementor-heading-title elementor-size-default\">Kurs Koordinat\u00f6r\u00fc: G\u00fcl Pamuk\u00e7u G\u00fcnayd\u0131n<\/h5>\t\t\t\t<\/div>\n\t\t\t\t<\/div>\n\t\t\t\t<div class=\"elementor-element elementor-element-cbc666a elementor-widget elementor-widget-text-editor\" data-id=\"cbc666a\" data-element_type=\"widget\" data-e-type=\"widget\" data-widget_type=\"text-editor.default\">\n\t\t\t\t<div class=\"elementor-widget-container\">\n\t\t\t\t\t\t\t\t\t<p><strong>Kontenjan Dolmu\u015ftur.<\/strong><\/p>\t\t\t\t\t\t\t\t<\/div>\n\t\t\t\t<\/div>\n\t\t\t\t<div class=\"elementor-element elementor-element-50d08b0 elementor-hidden-desktop elementor-hidden-tablet elementor-hidden-mobile elementor-widget elementor-widget-button\" data-id=\"50d08b0\" data-element_type=\"widget\" data-e-type=\"widget\" data-widget_type=\"button.default\">\n\t\t\t\t<div class=\"elementor-widget-container\">\n\t\t\t\t\t\t\t\t\t<div class=\"elementor-button-wrapper\">\n\t\t\t\t\t<a class=\"elementor-button elementor-button-link elementor-size-sm\" href=\"https:\/\/tatd.org.tr\/store\/urun\/eacem-2025-aha-bls-acls-provider-course\/\" target=\"_blank\">\n\t\t\t\t\t\t<span class=\"elementor-button-content-wrapper\">\n\t\t\t\t\t\t\t\t\t<span class=\"elementor-button-text\">\u015eimdi Kay\u0131t ol<\/span>\n\t\t\t\t\t<\/span>\n\t\t\t\t\t<\/a>\n\t\t\t\t<\/div>\n\t\t\t\t\t\t\t\t<\/div>\n\t\t\t\t<\/div>\n\t\t\t\t<div class=\"elementor-element elementor-element-a246ae5 elementor-hidden-desktop elementor-hidden-tablet elementor-hidden-mobile elementor-widget elementor-widget-text-editor\" data-id=\"a246ae5\" data-element_type=\"widget\" data-e-type=\"widget\" data-widget_type=\"text-editor.default\">\n\t\t\t\t<div class=\"elementor-widget-container\">\n\t\t\t\t\t\t\t\t\t<ul><li>Kurs kontenjan\u0131m\u0131z 30 ki\u015fi olarak belirlenmi\u015ftir.<\/li><\/ul>\t\t\t\t\t\t\t\t<\/div>\n\t\t\t\t<\/div>\n\t\t\t\t<\/div>\n\t\t<div class=\"elementor-element elementor-element-02f86ba e-con-full e-flex e-con e-child\" data-id=\"02f86ba\" data-element_type=\"container\" data-e-type=\"container\">\n\t\t\t\t<div class=\"elementor-element elementor-element-c113472 elementor-widget elementor-widget-image\" data-id=\"c113472\" data-element_type=\"widget\" data-e-type=\"widget\" data-widget_type=\"image.default\">\n\t\t\t\t<div class=\"elementor-widget-container\">\n\t\t\t\t\t\t\t\t\t\t\t\t\t\t\t\t<a href=\"https:\/\/eacem.org\/2025\/wp-content\/uploads\/2025\/09\/AHA-ACLS-BLS.jpg\" data-elementor-open-lightbox=\"yes\" data-elementor-lightbox-title=\"AHA ACLS-BLS\" data-e-action-hash=\"#elementor-action%3Aaction%3Dlightbox%26settings%3DeyJpZCI6MzM4MCwidXJsIjoiaHR0cHM6XC9cL2VhY2VtLm9yZ1wvMjAyNVwvd3AtY29udGVudFwvdXBsb2Fkc1wvMjAyNVwvMDlcL0FIQS1BQ0xTLUJMUy5qcGcifQ%3D%3D\">\n\t\t\t\t\t\t\t<img decoding=\"async\" width=\"1024\" height=\"1024\" src=\"https:\/\/eacem.org\/2025\/wp-content\/uploads\/2025\/09\/AHA-ACLS-BLS-1024x1024.jpg\" class=\"attachment-large size-large wp-image-3380\" alt=\"\" srcset=\"https:\/\/eacem.org\/2025\/wp-content\/uploads\/2025\/09\/AHA-ACLS-BLS-1024x1024.jpg 1024w, https:\/\/eacem.org\/2025\/wp-content\/uploads\/2025\/09\/AHA-ACLS-BLS-300x300.jpg 300w, https:\/\/eacem.org\/2025\/wp-content\/uploads\/2025\/09\/AHA-ACLS-BLS-150x150.jpg 150w, https:\/\/eacem.org\/2025\/wp-content\/uploads\/2025\/09\/AHA-ACLS-BLS-768x768.jpg 768w, https:\/\/eacem.org\/2025\/wp-content\/uploads\/2025\/09\/AHA-ACLS-BLS-12x12.jpg 12w, https:\/\/eacem.org\/2025\/wp-content\/uploads\/2025\/09\/AHA-ACLS-BLS.jpg 1201w\" sizes=\"(max-width: 1024px) 100vw, 1024px\" \/>\t\t\t\t\t\t\t\t<\/a>\n\t\t\t\t\t\t\t\t\t\t\t\t\t\t\t<\/div>\n\t\t\t\t<\/div>\n\t\t\t\t<\/div>\n\t\t\t\t\t<\/div>\n\t\t\t\t<\/div>\n\t\t<div class=\"elementor-element elementor-element-59ee05f e-flex e-con-boxed e-con e-parent\" data-id=\"59ee05f\" data-element_type=\"container\" data-e-type=\"container\" data-settings=\"{&quot;background_background&quot;:&quot;classic&quot;}\">\n\t\t\t\t\t<div class=\"e-con-inner\">\n\t\t<div class=\"elementor-element elementor-element-1ee8f0a e-con-full e-flex e-con e-child\" data-id=\"1ee8f0a\" data-element_type=\"container\" data-e-type=\"container\">\n\t\t\t\t<div class=\"elementor-element elementor-element-0024668 elementor-widget elementor-widget-heading\" data-id=\"0024668\" data-element_type=\"widget\" data-e-type=\"widget\" data-widget_type=\"heading.default\">\n\t\t\t\t<div class=\"elementor-widget-container\">\n\t\t\t\t\t<h2 class=\"elementor-heading-title elementor-size-default\">Kritik Hastada Mekanik Ventilat\u00f6r Kullan\u0131m\u0131 (TATKON)<\/h2>\t\t\t\t<\/div>\n\t\t\t\t<\/div>\n\t\t\t\t<div class=\"elementor-element elementor-element-f44847d elementor-widget elementor-widget-heading\" data-id=\"f44847d\" data-element_type=\"widget\" data-e-type=\"widget\" data-widget_type=\"heading.default\">\n\t\t\t\t<div class=\"elementor-widget-container\">\n\t\t\t\t\t<h5 class=\"elementor-heading-title elementor-size-default\">Kurs Koordinat\u00f6r\u00fc: Volkan Arslan<\/h5>\t\t\t\t<\/div>\n\t\t\t\t<\/div>\n\t\t\t\t<div class=\"elementor-element elementor-element-bb2509e elementor-widget elementor-widget-text-editor\" data-id=\"bb2509e\" data-element_type=\"widget\" data-e-type=\"widget\" data-widget_type=\"text-editor.default\">\n\t\t\t\t<div class=\"elementor-widget-container\">\n\t\t\t\t\t\t\t\t\t<p><strong>Kontenjan Dolmu\u015ftur.<\/strong><\/p>\t\t\t\t\t\t\t\t<\/div>\n\t\t\t\t<\/div>\n\t\t\t\t<div class=\"elementor-element elementor-element-e0ccf91 elementor-hidden-desktop elementor-hidden-tablet elementor-hidden-mobile elementor-widget elementor-widget-text-editor\" data-id=\"e0ccf91\" data-element_type=\"widget\" data-e-type=\"widget\" data-widget_type=\"text-editor.default\">\n\t\t\t\t<div class=\"elementor-widget-container\">\n\t\t\t\t\t\t\t\t\t<ul style=\"font-weight: 400;\"><li>Kurs kay\u0131tlar\u0131m\u0131z 24 Ekim\u2019de a\u00e7\u0131lacakt\u0131r.<\/li><li>Kurs kontenjan\u0131m\u0131z 30 ki\u015fi olarak belirlenmi\u015ftir.<\/li><\/ul>\t\t\t\t\t\t\t\t<\/div>\n\t\t\t\t<\/div>\n\t\t\t\t<div class=\"elementor-element elementor-element-4912e97 elementor-hidden-desktop elementor-hidden-tablet elementor-hidden-mobile elementor-widget elementor-widget-button\" data-id=\"4912e97\" data-element_type=\"widget\" data-e-type=\"widget\" data-widget_type=\"button.default\">\n\t\t\t\t<div class=\"elementor-widget-container\">\n\t\t\t\t\t\t\t\t\t<div class=\"elementor-button-wrapper\">\n\t\t\t\t\t<a class=\"elementor-button elementor-button-link elementor-size-sm\" href=\"https:\/\/eacem.org\/2025\/course_registration\" target=\"_blank\">\n\t\t\t\t\t\t<span class=\"elementor-button-content-wrapper\">\n\t\t\t\t\t\t\t\t\t<span class=\"elementor-button-text\">\u015eimdi Kay\u0131t ol<\/span>\n\t\t\t\t\t<\/span>\n\t\t\t\t\t<\/a>\n\t\t\t\t<\/div>\n\t\t\t\t\t\t\t\t<\/div>\n\t\t\t\t<\/div>\n\t\t\t\t<\/div>\n\t\t<div class=\"elementor-element elementor-element-655805b e-con-full e-flex e-con e-child\" data-id=\"655805b\" data-element_type=\"container\" data-e-type=\"container\">\n\t\t\t\t<div class=\"elementor-element elementor-element-137c007 elementor-widget elementor-widget-image\" data-id=\"137c007\" data-element_type=\"widget\" data-e-type=\"widget\" data-widget_type=\"image.default\">\n\t\t\t\t<div class=\"elementor-widget-container\">\n\t\t\t\t\t\t\t\t\t\t\t\t\t\t\t\t<a href=\"https:\/\/eacem.org\/2025\/wp-content\/uploads\/2025\/09\/Kurs-Mekanik-ventilator.jpg\" data-elementor-open-lightbox=\"yes\" data-elementor-lightbox-title=\"Kurs-Mekanik-ventilato\u0308r\" data-e-action-hash=\"#elementor-action%3Aaction%3Dlightbox%26settings%3DeyJpZCI6MzM5MiwidXJsIjoiaHR0cHM6XC9cL2VhY2VtLm9yZ1wvMjAyNVwvd3AtY29udGVudFwvdXBsb2Fkc1wvMjAyNVwvMDlcL0t1cnMtTWVrYW5pay12ZW50aWxhdG9yLmpwZyJ9\">\n\t\t\t\t\t\t\t<img loading=\"lazy\" decoding=\"async\" width=\"1024\" height=\"1024\" src=\"https:\/\/eacem.org\/2025\/wp-content\/uploads\/2025\/09\/Kurs-Mekanik-ventilator-1024x1024.jpg\" class=\"attachment-large size-large wp-image-3392\" alt=\"\" srcset=\"https:\/\/eacem.org\/2025\/wp-content\/uploads\/2025\/09\/Kurs-Mekanik-ventilator-1024x1024.jpg 1024w, https:\/\/eacem.org\/2025\/wp-content\/uploads\/2025\/09\/Kurs-Mekanik-ventilator-300x300.jpg 300w, https:\/\/eacem.org\/2025\/wp-content\/uploads\/2025\/09\/Kurs-Mekanik-ventilator-150x150.jpg 150w, https:\/\/eacem.org\/2025\/wp-content\/uploads\/2025\/09\/Kurs-Mekanik-ventilator-768x768.jpg 768w, https:\/\/eacem.org\/2025\/wp-content\/uploads\/2025\/09\/Kurs-Mekanik-ventilator-12x12.jpg 12w, https:\/\/eacem.org\/2025\/wp-content\/uploads\/2025\/09\/Kurs-Mekanik-ventilator.jpg 1201w\" sizes=\"(max-width: 1024px) 100vw, 1024px\" \/>\t\t\t\t\t\t\t\t<\/a>\n\t\t\t\t\t\t\t\t\t\t\t\t\t\t\t<\/div>\n\t\t\t\t<\/div>\n\t\t\t\t<\/div>\n\t\t\t\t\t<\/div>\n\t\t\t\t<\/div>\n\t\t<div class=\"elementor-element elementor-element-7c8c84c e-flex e-con-boxed e-con e-parent\" data-id=\"7c8c84c\" data-element_type=\"container\" data-e-type=\"container\" data-settings=\"{&quot;background_background&quot;:&quot;classic&quot;}\">\n\t\t\t\t\t<div class=\"e-con-inner\">\n\t\t<div class=\"elementor-element elementor-element-b70cd88 e-con-full e-flex e-con e-child\" data-id=\"b70cd88\" data-element_type=\"container\" data-e-type=\"container\">\n\t\t\t\t<div class=\"elementor-element elementor-element-d9081c2 elementor-widget elementor-widget-heading\" data-id=\"d9081c2\" data-element_type=\"widget\" data-e-type=\"widget\" data-widget_type=\"heading.default\">\n\t\t\t\t<div class=\"elementor-widget-container\">\n\t\t\t\t\t<h2 class=\"elementor-heading-title elementor-size-default\">E-CPR (TATKON)<\/h2>\t\t\t\t<\/div>\n\t\t\t\t<\/div>\n\t\t\t\t<div class=\"elementor-element elementor-element-a410153 elementor-widget elementor-widget-heading\" data-id=\"a410153\" data-element_type=\"widget\" data-e-type=\"widget\" data-widget_type=\"heading.default\">\n\t\t\t\t<div class=\"elementor-widget-container\">\n\t\t\t\t\t<h5 class=\"elementor-heading-title elementor-size-default\">Kurs Koordinat\u00f6r\u00fc: Yunus Emre \u00d6zl\u00fcer<\/h5>\t\t\t\t<\/div>\n\t\t\t\t<\/div>\n\t\t\t\t<div class=\"elementor-element elementor-element-52e9244 elementor-widget elementor-widget-text-editor\" data-id=\"52e9244\" data-element_type=\"widget\" data-e-type=\"widget\" data-widget_type=\"text-editor.default\">\n\t\t\t\t<div class=\"elementor-widget-container\">\n\t\t\t\t\t\t\t\t\t<p><strong>Kontenjan Dolmu\u015ftur.<\/strong><\/p>\t\t\t\t\t\t\t\t<\/div>\n\t\t\t\t<\/div>\n\t\t\t\t<div class=\"elementor-element elementor-element-531b7f8 elementor-hidden-desktop elementor-hidden-tablet elementor-hidden-mobile elementor-widget elementor-widget-text-editor\" data-id=\"531b7f8\" data-element_type=\"widget\" data-e-type=\"widget\" data-widget_type=\"text-editor.default\">\n\t\t\t\t<div class=\"elementor-widget-container\">\n\t\t\t\t\t\t\t\t\t<ul style=\"font-weight: 400;\"><li>Kurs kay\u0131tlar\u0131m\u0131z 24 Ekim\u2019de a\u00e7\u0131lacakt\u0131r.<\/li><li>Kurs kontenjan\u0131m\u0131z 20 ki\u015fi olarak belirlenmi\u015ftir.<\/li><\/ul>\t\t\t\t\t\t\t\t<\/div>\n\t\t\t\t<\/div>\n\t\t\t\t<div class=\"elementor-element elementor-element-e52f662 elementor-hidden-desktop elementor-hidden-tablet elementor-hidden-mobile elementor-widget elementor-widget-button\" data-id=\"e52f662\" data-element_type=\"widget\" data-e-type=\"widget\" data-widget_type=\"button.default\">\n\t\t\t\t<div class=\"elementor-widget-container\">\n\t\t\t\t\t\t\t\t\t<div class=\"elementor-button-wrapper\">\n\t\t\t\t\t<a class=\"elementor-button elementor-button-link elementor-size-sm\" href=\"https:\/\/eacem.org\/2025\/course_registration\" target=\"_blank\">\n\t\t\t\t\t\t<span class=\"elementor-button-content-wrapper\">\n\t\t\t\t\t\t\t\t\t<span class=\"elementor-button-text\">\u015eimdi Kay\u0131t ol<\/span>\n\t\t\t\t\t<\/span>\n\t\t\t\t\t<\/a>\n\t\t\t\t<\/div>\n\t\t\t\t\t\t\t\t<\/div>\n\t\t\t\t<\/div>\n\t\t\t\t<\/div>\n\t\t<div class=\"elementor-element elementor-element-26c1772 e-con-full e-flex e-con e-child\" data-id=\"26c1772\" data-element_type=\"container\" data-e-type=\"container\">\n\t\t\t\t<div class=\"elementor-element elementor-element-ff92a27 elementor-widget elementor-widget-image\" data-id=\"ff92a27\" data-element_type=\"widget\" data-e-type=\"widget\" data-widget_type=\"image.default\">\n\t\t\t\t<div class=\"elementor-widget-container\">\n\t\t\t\t\t\t\t\t\t\t\t\t\t\t\t\t<a href=\"https:\/\/eacem.org\/2025\/wp-content\/uploads\/2025\/09\/ECPR.jpg\" data-elementor-open-lightbox=\"yes\" data-elementor-lightbox-title=\"ECPR\" data-e-action-hash=\"#elementor-action%3Aaction%3Dlightbox%26settings%3DeyJpZCI6MzM5NiwidXJsIjoiaHR0cHM6XC9cL2VhY2VtLm9yZ1wvMjAyNVwvd3AtY29udGVudFwvdXBsb2Fkc1wvMjAyNVwvMDlcL0VDUFIuanBnIn0%3D\">\n\t\t\t\t\t\t\t<img loading=\"lazy\" decoding=\"async\" width=\"1024\" height=\"1024\" src=\"https:\/\/eacem.org\/2025\/wp-content\/uploads\/2025\/09\/ECPR-1024x1024.jpg\" class=\"attachment-large size-large wp-image-3396\" alt=\"\" srcset=\"https:\/\/eacem.org\/2025\/wp-content\/uploads\/2025\/09\/ECPR-1024x1024.jpg 1024w, https:\/\/eacem.org\/2025\/wp-content\/uploads\/2025\/09\/ECPR-300x300.jpg 300w, https:\/\/eacem.org\/2025\/wp-content\/uploads\/2025\/09\/ECPR-150x150.jpg 150w, https:\/\/eacem.org\/2025\/wp-content\/uploads\/2025\/09\/ECPR-768x768.jpg 768w, https:\/\/eacem.org\/2025\/wp-content\/uploads\/2025\/09\/ECPR-12x12.jpg 12w, https:\/\/eacem.org\/2025\/wp-content\/uploads\/2025\/09\/ECPR.jpg 1200w\" sizes=\"(max-width: 1024px) 100vw, 1024px\" \/>\t\t\t\t\t\t\t\t<\/a>\n\t\t\t\t\t\t\t\t\t\t\t\t\t\t\t<\/div>\n\t\t\t\t<\/div>\n\t\t\t\t<\/div>\n\t\t\t\t\t<\/div>\n\t\t\t\t<\/div>\n\t\t\t\t<\/div>\n\t\t","protected":false},"excerpt":{"rendered":"<p>Winfocus USLS (The Ultrasound Life Support) (EACEM) Kurs Koordinat\u00f6r\u00fc: \u00d6zlem Dikme Kurs kontenjanlar\u0131 dolmu\u015ftur. \u015eimdi Kay\u0131t ol Kurs kontenjan\u0131m\u0131z 25 ki\u015fi olarak belirlenmi\u015ftir. Winfocus FoCUS (Focused Cardiac Ultrasound) Course (EACEM) Kurs Koordinat\u00f6r\u00fc: Burcu Azapo\u011flu Kaymak Kurs kontenjanlar\u0131 dolmu\u015ftur. \u015eimdi Kay\u0131t ol Kurs kontenjan\u0131m\u0131z 30 ki\u015fi olarak belirlenmi\u015ftir. AHA ACLS\/BLS Provider Course Kurs Koordinat\u00f6r\u00fc: G\u00fcl Pamuk\u00e7u [&hellip;]<\/p>\n","protected":false},"author":1,"featured_media":0,"parent":0,"menu_order":0,"comment_status":"closed","ping_status":"closed","template":"","meta":{"_eb_attr":"","footnotes":""},"class_list":["post-3372","page","type-page","status-publish","hentry"],"blocksy_meta":[],"_links":{"self":[{"href":"https:\/\/eacem.org\/2025\/wp-json\/wp\/v2\/pages\/3372","targetHints":{"allow":["GET"]}}],"collection":[{"href":"https:\/\/eacem.org\/2025\/wp-json\/wp\/v2\/pages"}],"about":[{"href":"https:\/\/eacem.org\/2025\/wp-json\/wp\/v2\/types\/page"}],"author":[{"embeddable":true,"href":"https:\/\/eacem.org\/2025\/wp-json\/wp\/v2\/users\/1"}],"replies":[{"embeddable":true,"href":"https:\/\/eacem.org\/2025\/wp-json\/wp\/v2\/comments?post=3372"}],"version-history":[{"count":34,"href":"https:\/\/eacem.org\/2025\/wp-json\/wp\/v2\/pages\/3372\/revisions"}],"predecessor-version":[{"id":4479,"href":"https:\/\/eacem.org\/2025\/wp-json\/wp\/v2\/pages\/3372\/revisions\/4479"}],"wp:attachment":[{"href":"https:\/\/eacem.org\/2025\/wp-json\/wp\/v2\/media?parent=3372"}],"curies":[{"name":"wp","href":"https:\/\/api.w.org\/{rel}","templated":true}]}}