{"id":3205,"date":"2025-05-23T06:54:26","date_gmt":"2025-05-23T06:54:26","guid":{"rendered":"https:\/\/eacem.org\/2025\/?page_id=3205"},"modified":"2025-11-12T08:49:01","modified_gmt":"2025-11-12T08:49:01","slug":"ethical-medtech","status":"publish","type":"page","link":"https:\/\/eacem.org\/2025\/ethical-medtech\/","title":{"rendered":"Ethical MedTech"},"content":{"rendered":"\n<p>MedTech Europe uyum departman\u0131 \u201cEthicalMedtech\u201d ,\u00a0<strong>11. Avrasya Acil T\u0131p Kongresi &amp; 21. T\u00fcrkiye Acil T\u0131p Kongresi<\/strong>\u2019nin EthicalMedtech uyumlu oldu\u011funu onaylam\u0131\u015ft\u0131r.<\/p>\n\n\n\n<div style=\"height:17px\" aria-hidden=\"true\" class=\"wp-block-spacer\"><\/div>\n\n\n\n<div class=\"wp-block-columns is-layout-flex wp-container-core-columns-is-layout-28f84493 wp-block-columns-is-layout-flex\">\n<div class=\"wp-block-column is-layout-flow wp-block-column-is-layout-flow\">\n<figure class=\"wp-block-image aligncenter size-full is-resized\"><img decoding=\"async\" width=\"526\" height=\"78\" src=\"https:\/\/eacem.org\/2025\/wp-content\/uploads\/2025\/11\/ethical-medtech.png\" alt=\"\" class=\"wp-image-4157\" style=\"width:308px;height:auto\" srcset=\"https:\/\/eacem.org\/2025\/wp-content\/uploads\/2025\/11\/ethical-medtech.png 526w, https:\/\/eacem.org\/2025\/wp-content\/uploads\/2025\/11\/ethical-medtech-300x44.png 300w, https:\/\/eacem.org\/2025\/wp-content\/uploads\/2025\/11\/ethical-medtech-150x22.png 150w, https:\/\/eacem.org\/2025\/wp-content\/uploads\/2025\/11\/ethical-medtech-18x3.png 18w\" sizes=\"(max-width: 526px) 100vw, 526px\" \/><\/figure>\n<\/div>\n<\/div>\n\n\n\n<p><\/p>\n","protected":false},"excerpt":{"rendered":"<p>MedTech Europe uyum departman\u0131 \u201cEthicalMedtech\u201d ,\u00a011. Avrasya Acil T\u0131p Kongresi &amp; 21. T\u00fcrkiye Acil T\u0131p Kongresi\u2019nin EthicalMedtech uyumlu oldu\u011funu onaylam\u0131\u015ft\u0131r.<\/p>\n","protected":false},"author":1,"featured_media":0,"parent":0,"menu_order":0,"comment_status":"closed","ping_status":"closed","template":"","meta":{"_eb_attr":"","footnotes":""},"class_list":["post-3205","page","type-page","status-publish","hentry"],"blocksy_meta":[],"_links":{"self":[{"href":"https:\/\/eacem.org\/2025\/wp-json\/wp\/v2\/pages\/3205","targetHints":{"allow":["GET"]}}],"collection":[{"href":"https:\/\/eacem.org\/2025\/wp-json\/wp\/v2\/pages"}],"about":[{"href":"https:\/\/eacem.org\/2025\/wp-json\/wp\/v2\/types\/page"}],"author":[{"embeddable":true,"href":"https:\/\/eacem.org\/2025\/wp-json\/wp\/v2\/users\/1"}],"replies":[{"embeddable":true,"href":"https:\/\/eacem.org\/2025\/wp-json\/wp\/v2\/comments?post=3205"}],"version-history":[{"count":4,"href":"https:\/\/eacem.org\/2025\/wp-json\/wp\/v2\/pages\/3205\/revisions"}],"predecessor-version":[{"id":4244,"href":"https:\/\/eacem.org\/2025\/wp-json\/wp\/v2\/pages\/3205\/revisions\/4244"}],"wp:attachment":[{"href":"https:\/\/eacem.org\/2025\/wp-json\/wp\/v2\/media?parent=3205"}],"curies":[{"name":"wp","href":"https:\/\/api.w.org\/{rel}","templated":true}]}}