{"id":26,"date":"2024-03-19T09:08:23","date_gmt":"2024-03-19T09:08:23","guid":{"rendered":"https:\/\/eacem.org\/2025\/?page_id=26"},"modified":"2025-05-23T11:08:36","modified_gmt":"2025-05-23T11:08:36","slug":"indirilebilir-dokumanlar","status":"publish","type":"page","link":"https:\/\/eacem.org\/2025\/indirilebilir-dokumanlar\/","title":{"rendered":"\u0130ndirilebilir Dok\u00fcmanlar"},"content":{"rendered":"\t\t<div data-elementor-type=\"wp-page\" data-elementor-id=\"26\" class=\"elementor elementor-26\" data-elementor-post-type=\"page\">\n\t\t\t\t<div class=\"elementor-element elementor-element-7231d24d e-flex e-con-boxed e-con e-parent\" data-id=\"7231d24d\" data-element_type=\"container\" data-e-type=\"container\">\n\t\t\t\t\t<div class=\"e-con-inner\">\n\t\t\t\t<div class=\"elementor-element elementor-element-21aad083 elementor-widget elementor-widget-text-editor\" data-id=\"21aad083\" data-element_type=\"widget\" data-e-type=\"widget\" data-widget_type=\"text-editor.default\">\n\t\t\t\t<div class=\"elementor-widget-container\">\n\t\t\t\t\t\t\t\t\t<p><\/p>\n<p>11. Avrasya Acil t\u0131p Kongresi ve\u00a0 21. T\u00fcrkiye Acil T\u0131p Kongresi materyal seti, sunumunuzu haz\u0131rlarken ya da etkinlik \u00f6ncesinde, s\u0131ras\u0131nda ve sonras\u0131nda ileti\u015fiminizde yard\u0131mc\u0131 olmak i\u00e7in olu\u015fturulmu\u015ftur. A\u015fa\u011f\u0131da, resmi etkinlik bannerlar\u0131, sunum \u015fablonlar\u0131, bas\u0131l\u0131 g\u00f6rsel \u00e7al\u0131\u015fmalar kullan\u0131m\u0131n\u0131za sunulmu\u015ftur.<\/p>\n<p><\/p>\t\t\t\t\t\t\t\t<\/div>\n\t\t\t\t<\/div>\n\t\t\t\t\t<\/div>\n\t\t\t\t<\/div>\n\t\t<div class=\"elementor-element elementor-element-1a5b671 e-flex e-con-boxed e-con e-parent\" data-id=\"1a5b671\" data-element_type=\"container\" data-e-type=\"container\">\n\t\t\t\t\t<div class=\"e-con-inner\">\n\t\t<div class=\"elementor-element elementor-element-4da2604 e-con-full e-flex e-con e-child\" data-id=\"4da2604\" data-element_type=\"container\" data-e-type=\"container\">\n\t\t\t\t<div class=\"elementor-element elementor-element-0bcbe6b elementor-widget elementor-widget-heading\" data-id=\"0bcbe6b\" data-element_type=\"widget\" data-e-type=\"widget\" data-widget_type=\"heading.default\">\n\t\t\t\t<div class=\"elementor-widget-container\">\n\t\t\t\t\t<h5 class=\"elementor-heading-title elementor-size-default\">A5 Flyer<\/h5>\t\t\t\t<\/div>\n\t\t\t\t<\/div>\n\t\t\t\t<div class=\"elementor-element elementor-element-37c39fa elementor-widget elementor-widget-image\" data-id=\"37c39fa\" data-element_type=\"widget\" data-e-type=\"widget\" data-widget_type=\"image.default\">\n\t\t\t\t<div class=\"elementor-widget-container\">\n\t\t\t\t\t\t\t\t\t\t\t\t\t\t\t\t<a href=\"https:\/\/eacem.org\/2025\/Docs\/EACEM-TATKON-2025-Flyer-a5.pdf\">\n\t\t\t\t\t\t\t<img fetchpriority=\"high\" decoding=\"async\" width=\"420\" height=\"597\" src=\"https:\/\/eacem.org\/2025\/wp-content\/uploads\/2025\/05\/EACEM-TATKON_2025-flyer-a5.jpg\" class=\"attachment-large size-large wp-image-3211\" alt=\"\" srcset=\"https:\/\/eacem.org\/2025\/wp-content\/uploads\/2025\/05\/EACEM-TATKON_2025-flyer-a5.jpg 420w, https:\/\/eacem.org\/2025\/wp-content\/uploads\/2025\/05\/EACEM-TATKON_2025-flyer-a5-211x300.jpg 211w, https:\/\/eacem.org\/2025\/wp-content\/uploads\/2025\/05\/EACEM-TATKON_2025-flyer-a5-106x150.jpg 106w, https:\/\/eacem.org\/2025\/wp-content\/uploads\/2025\/05\/EACEM-TATKON_2025-flyer-a5-8x12.jpg 8w\" sizes=\"(max-width: 420px) 100vw, 420px\" \/>\t\t\t\t\t\t\t\t<\/a>\n\t\t\t\t\t\t\t\t\t\t\t\t\t\t\t<\/div>\n\t\t\t\t<\/div>\n\t\t\t\t<\/div>\n\t\t<div class=\"elementor-element elementor-element-dcb1511 e-con-full e-flex e-con e-child\" data-id=\"dcb1511\" data-element_type=\"container\" data-e-type=\"container\">\n\t\t\t\t<\/div>\n\t\t\t\t\t<\/div>\n\t\t\t\t<\/div>\n\t\t<div class=\"elementor-element elementor-element-4da1001 e-flex e-con-boxed e-con e-parent\" data-id=\"4da1001\" data-element_type=\"container\" data-e-type=\"container\">\n\t\t\t\t\t<div class=\"e-con-inner\">\n\t\t<div class=\"elementor-element elementor-element-3977ce4 e-con-full e-flex e-con e-child\" data-id=\"3977ce4\" data-element_type=\"container\" data-e-type=\"container\">\n\t\t\t\t<div class=\"elementor-element elementor-element-1fe594d elementor-widget elementor-widget-heading\" data-id=\"1fe594d\" data-element_type=\"widget\" data-e-type=\"widget\" data-widget_type=\"heading.default\">\n\t\t\t\t<div class=\"elementor-widget-container\">\n\t\t\t\t\t<h5 class=\"elementor-heading-title elementor-size-default\">Poster \u015fablonu<\/h5>\t\t\t\t<\/div>\n\t\t\t\t<\/div>\n\t\t\t\t<div class=\"elementor-element elementor-element-8807135 elementor-widget elementor-widget-image\" data-id=\"8807135\" data-element_type=\"widget\" data-e-type=\"widget\" data-widget_type=\"image.default\">\n\t\t\t\t<div class=\"elementor-widget-container\">\n\t\t\t\t\t\t\t\t\t\t\t\t\t\t\t\t<a href=\"https:\/\/eacem.org\/2025\/Docs\/EACEM-TATKON-Poster-Template.pptx\">\n\t\t\t\t\t\t\t<img decoding=\"async\" width=\"576\" height=\"1024\" src=\"https:\/\/eacem.org\/2025\/wp-content\/uploads\/2025\/05\/EACEM-TATKON-2025-Poster-bg-576x1024.jpg\" class=\"attachment-large size-large wp-image-3213\" alt=\"\" srcset=\"https:\/\/eacem.org\/2025\/wp-content\/uploads\/2025\/05\/EACEM-TATKON-2025-Poster-bg-576x1024.jpg 576w, https:\/\/eacem.org\/2025\/wp-content\/uploads\/2025\/05\/EACEM-TATKON-2025-Poster-bg-169x300.jpg 169w, https:\/\/eacem.org\/2025\/wp-content\/uploads\/2025\/05\/EACEM-TATKON-2025-Poster-bg-84x150.jpg 84w, https:\/\/eacem.org\/2025\/wp-content\/uploads\/2025\/05\/EACEM-TATKON-2025-Poster-bg-768x1365.jpg 768w, https:\/\/eacem.org\/2025\/wp-content\/uploads\/2025\/05\/EACEM-TATKON-2025-Poster-bg-864x1536.jpg 864w, https:\/\/eacem.org\/2025\/wp-content\/uploads\/2025\/05\/EACEM-TATKON-2025-Poster-bg-7x12.jpg 7w, https:\/\/eacem.org\/2025\/wp-content\/uploads\/2025\/05\/EACEM-TATKON-2025-Poster-bg.jpg 1081w\" sizes=\"(max-width: 576px) 100vw, 576px\" \/>\t\t\t\t\t\t\t\t<\/a>\n\t\t\t\t\t\t\t\t\t\t\t\t\t\t\t<\/div>\n\t\t\t\t<\/div>\n\t\t\t\t<\/div>\n\t\t<div class=\"elementor-element elementor-element-bf90c25 e-con-full e-flex e-con e-child\" data-id=\"bf90c25\" data-element_type=\"container\" data-e-type=\"container\">\n\t\t\t\t<div class=\"elementor-element elementor-element-1cd57c5 elementor-widget elementor-widget-heading\" data-id=\"1cd57c5\" data-element_type=\"widget\" data-e-type=\"widget\" data-widget_type=\"heading.default\">\n\t\t\t\t<div class=\"elementor-widget-container\">\n\t\t\t\t\t<h5 class=\"elementor-heading-title elementor-size-default\">16:9 Sunum \u015fablonu i\u00e7eri\u011fi<\/h5>\t\t\t\t<\/div>\n\t\t\t\t<\/div>\n\t\t\t\t<div class=\"elementor-element elementor-element-9841107 elementor-widget elementor-widget-image\" data-id=\"9841107\" data-element_type=\"widget\" data-e-type=\"widget\" data-widget_type=\"image.default\">\n\t\t\t\t<div class=\"elementor-widget-container\">\n\t\t\t\t\t\t\t\t\t\t\t\t\t\t\t\t<a href=\"https:\/\/eacem.org\/2025\/Docs\/EACEM-TATKON-2025-PPT.pptx\" target=\"_blank\">\n\t\t\t\t\t\t\t<img decoding=\"async\" width=\"1024\" height=\"576\" src=\"https:\/\/eacem.org\/2025\/wp-content\/uploads\/2025\/05\/EACEM-TATKON-2025-Sunum-Baslik-1024x576.jpg\" class=\"attachment-large size-large wp-image-3214\" alt=\"\" srcset=\"https:\/\/eacem.org\/2025\/wp-content\/uploads\/2025\/05\/EACEM-TATKON-2025-Sunum-Baslik-1024x576.jpg 1024w, https:\/\/eacem.org\/2025\/wp-content\/uploads\/2025\/05\/EACEM-TATKON-2025-Sunum-Baslik-300x169.jpg 300w, https:\/\/eacem.org\/2025\/wp-content\/uploads\/2025\/05\/EACEM-TATKON-2025-Sunum-Baslik-150x84.jpg 150w, https:\/\/eacem.org\/2025\/wp-content\/uploads\/2025\/05\/EACEM-TATKON-2025-Sunum-Baslik-768x432.jpg 768w, https:\/\/eacem.org\/2025\/wp-content\/uploads\/2025\/05\/EACEM-TATKON-2025-Sunum-Baslik-1536x864.jpg 1536w, https:\/\/eacem.org\/2025\/wp-content\/uploads\/2025\/05\/EACEM-TATKON-2025-Sunum-Baslik-18x10.jpg 18w, https:\/\/eacem.org\/2025\/wp-content\/uploads\/2025\/05\/EACEM-TATKON-2025-Sunum-Baslik.jpg 1921w\" sizes=\"(max-width: 1024px) 100vw, 1024px\" \/>\t\t\t\t\t\t\t\t<\/a>\n\t\t\t\t\t\t\t\t\t\t\t\t\t\t\t<\/div>\n\t\t\t\t<\/div>\n\t\t\t\t<\/div>\n\t\t\t\t\t<\/div>\n\t\t\t\t<\/div>\n\t\t<div class=\"elementor-element elementor-element-69f5b2e e-flex e-con-boxed e-con e-parent\" data-id=\"69f5b2e\" data-element_type=\"container\" data-e-type=\"container\">\n\t\t\t\t\t<div class=\"e-con-inner\">\n\t\t<div class=\"elementor-element elementor-element-642470e e-con-full e-flex e-con e-child\" data-id=\"642470e\" data-element_type=\"container\" data-e-type=\"container\">\n\t\t\t\t<div class=\"elementor-element elementor-element-c74f059 elementor-widget elementor-widget-heading\" data-id=\"c74f059\" data-element_type=\"widget\" data-e-type=\"widget\" data-widget_type=\"heading.default\">\n\t\t\t\t<div class=\"elementor-widget-container\">\n\t\t\t\t\t<h5 class=\"elementor-heading-title elementor-size-default\">800\u00d7200 px banner<\/h5>\t\t\t\t<\/div>\n\t\t\t\t<\/div>\n\t\t\t\t<div class=\"elementor-element elementor-element-9aa9327 elementor-widget elementor-widget-image\" data-id=\"9aa9327\" data-element_type=\"widget\" data-e-type=\"widget\" data-widget_type=\"image.default\">\n\t\t\t\t<div class=\"elementor-widget-container\">\n\t\t\t\t\t\t\t\t\t\t\t\t\t\t\t\t<a href=\"https:\/\/eacem.org\/2025\/wp-content\/uploads\/2025\/05\/EACEM-TATKON_2025-Banner-800x200px.jpg\" data-elementor-open-lightbox=\"yes\" data-elementor-lightbox-title=\"EACEM-TATKON_2025-Banner-800x200px\" data-e-action-hash=\"#elementor-action%3Aaction%3Dlightbox%26settings%3DeyJpZCI6MzIxMCwidXJsIjoiaHR0cHM6XC9cL2VhY2VtLm9yZ1wvMjAyNVwvd3AtY29udGVudFwvdXBsb2Fkc1wvMjAyNVwvMDVcL0VBQ0VNLVRBVEtPTl8yMDI1LUJhbm5lci04MDB4MjAwcHguanBnIn0%3D\">\n\t\t\t\t\t\t\t<img loading=\"lazy\" decoding=\"async\" width=\"801\" height=\"201\" src=\"https:\/\/eacem.org\/2025\/wp-content\/uploads\/2025\/05\/EACEM-TATKON_2025-Banner-800x200px.jpg\" class=\"attachment-large size-large wp-image-3210\" alt=\"\" srcset=\"https:\/\/eacem.org\/2025\/wp-content\/uploads\/2025\/05\/EACEM-TATKON_2025-Banner-800x200px.jpg 801w, https:\/\/eacem.org\/2025\/wp-content\/uploads\/2025\/05\/EACEM-TATKON_2025-Banner-800x200px-300x75.jpg 300w, https:\/\/eacem.org\/2025\/wp-content\/uploads\/2025\/05\/EACEM-TATKON_2025-Banner-800x200px-150x38.jpg 150w, https:\/\/eacem.org\/2025\/wp-content\/uploads\/2025\/05\/EACEM-TATKON_2025-Banner-800x200px-768x193.jpg 768w, https:\/\/eacem.org\/2025\/wp-content\/uploads\/2025\/05\/EACEM-TATKON_2025-Banner-800x200px-18x5.jpg 18w\" sizes=\"(max-width: 801px) 100vw, 801px\" \/>\t\t\t\t\t\t\t\t<\/a>\n\t\t\t\t\t\t\t\t\t\t\t\t\t\t\t<\/div>\n\t\t\t\t<\/div>\n\t\t\t\t<div class=\"elementor-element elementor-element-65088bc elementor-widget elementor-widget-heading\" data-id=\"65088bc\" data-element_type=\"widget\" data-e-type=\"widget\" data-widget_type=\"heading.default\">\n\t\t\t\t<div class=\"elementor-widget-container\">\n\t\t\t\t\t<h5 class=\"elementor-heading-title elementor-size-default\">600\u00d7200 px e-imza<\/h5>\t\t\t\t<\/div>\n\t\t\t\t<\/div>\n\t\t\t\t<div class=\"elementor-element elementor-element-afb165f elementor-widget elementor-widget-image\" data-id=\"afb165f\" data-element_type=\"widget\" data-e-type=\"widget\" data-widget_type=\"image.default\">\n\t\t\t\t<div class=\"elementor-widget-container\">\n\t\t\t\t\t\t\t\t\t\t\t\t\t\t\t\t<a href=\"https:\/\/eacem.org\/2025\/wp-content\/uploads\/2025\/05\/EACEM-TATKON_2025-Mail-imza-500x200px-tr.jpg\" data-elementor-open-lightbox=\"yes\" data-elementor-lightbox-title=\"EACEM-TATKON_2025-Mail-imza-500x200px-tr\" data-e-action-hash=\"#elementor-action%3Aaction%3Dlightbox%26settings%3DeyJpZCI6MzIxMiwidXJsIjoiaHR0cHM6XC9cL2VhY2VtLm9yZ1wvMjAyNVwvd3AtY29udGVudFwvdXBsb2Fkc1wvMjAyNVwvMDVcL0VBQ0VNLVRBVEtPTl8yMDI1LU1haWwtaW16YS01MDB4MjAwcHgtdHIuanBnIn0%3D\">\n\t\t\t\t\t\t\t<img loading=\"lazy\" decoding=\"async\" width=\"601\" height=\"201\" src=\"https:\/\/eacem.org\/2025\/wp-content\/uploads\/2025\/05\/EACEM-TATKON_2025-Mail-imza-500x200px-tr.jpg\" class=\"attachment-large size-large wp-image-3212\" alt=\"\" srcset=\"https:\/\/eacem.org\/2025\/wp-content\/uploads\/2025\/05\/EACEM-TATKON_2025-Mail-imza-500x200px-tr.jpg 601w, https:\/\/eacem.org\/2025\/wp-content\/uploads\/2025\/05\/EACEM-TATKON_2025-Mail-imza-500x200px-tr-300x100.jpg 300w, https:\/\/eacem.org\/2025\/wp-content\/uploads\/2025\/05\/EACEM-TATKON_2025-Mail-imza-500x200px-tr-150x50.jpg 150w, https:\/\/eacem.org\/2025\/wp-content\/uploads\/2025\/05\/EACEM-TATKON_2025-Mail-imza-500x200px-tr-18x6.jpg 18w\" sizes=\"(max-width: 601px) 100vw, 601px\" \/>\t\t\t\t\t\t\t\t<\/a>\n\t\t\t\t\t\t\t\t\t\t\t\t\t\t\t<\/div>\n\t\t\t\t<\/div>\n\t\t\t\t<\/div>\n\t\t<div class=\"elementor-element elementor-element-70c5a45 e-con-full e-flex e-con e-child\" data-id=\"70c5a45\" data-element_type=\"container\" data-e-type=\"container\">\n\t\t\t\t<div class=\"elementor-element elementor-element-aa783c8 elementor-widget elementor-widget-heading\" data-id=\"aa783c8\" data-element_type=\"widget\" data-e-type=\"widget\" data-widget_type=\"heading.default\">\n\t\t\t\t<div class=\"elementor-widget-container\">\n\t\t\t\t\t<h5 class=\"elementor-heading-title elementor-size-default\">650\u00d7650 px kare banner<\/h5>\t\t\t\t<\/div>\n\t\t\t\t<\/div>\n\t\t\t\t<div class=\"elementor-element elementor-element-7180fb5 elementor-widget elementor-widget-image\" data-id=\"7180fb5\" data-element_type=\"widget\" data-e-type=\"widget\" data-widget_type=\"image.default\">\n\t\t\t\t<div class=\"elementor-widget-container\">\n\t\t\t\t\t\t\t\t\t\t\t\t\t\t\t\t<a href=\"https:\/\/eacem.org\/2025\/Docs\/EACEM-TATKON-2024_Sunu.pptx\" target=\"_blank\">\n\t\t\t\t\t\t\t<img loading=\"lazy\" decoding=\"async\" width=\"651\" height=\"651\" src=\"https:\/\/eacem.org\/2025\/wp-content\/uploads\/2025\/05\/EACEM-TATKON_2025-Banner-650x650px-1.jpg\" class=\"attachment-large size-large wp-image-3231\" alt=\"\" srcset=\"https:\/\/eacem.org\/2025\/wp-content\/uploads\/2025\/05\/EACEM-TATKON_2025-Banner-650x650px-1.jpg 651w, https:\/\/eacem.org\/2025\/wp-content\/uploads\/2025\/05\/EACEM-TATKON_2025-Banner-650x650px-1-300x300.jpg 300w, https:\/\/eacem.org\/2025\/wp-content\/uploads\/2025\/05\/EACEM-TATKON_2025-Banner-650x650px-1-150x150.jpg 150w, https:\/\/eacem.org\/2025\/wp-content\/uploads\/2025\/05\/EACEM-TATKON_2025-Banner-650x650px-1-12x12.jpg 12w\" sizes=\"(max-width: 651px) 100vw, 651px\" \/>\t\t\t\t\t\t\t\t<\/a>\n\t\t\t\t\t\t\t\t\t\t\t\t\t\t\t<\/div>\n\t\t\t\t<\/div>\n\t\t\t\t<\/div>\n\t\t\t\t\t<\/div>\n\t\t\t\t<\/div>\n\t\t\t\t<\/div>\n\t\t","protected":false},"excerpt":{"rendered":"<p>11. Avrasya Acil t\u0131p Kongresi ve\u00a0 21. T\u00fcrkiye Acil T\u0131p Kongresi materyal seti, sunumunuzu haz\u0131rlarken ya da etkinlik \u00f6ncesinde, s\u0131ras\u0131nda ve sonras\u0131nda ileti\u015fiminizde yard\u0131mc\u0131 olmak i\u00e7in olu\u015fturulmu\u015ftur. A\u015fa\u011f\u0131da, resmi etkinlik bannerlar\u0131, sunum \u015fablonlar\u0131, bas\u0131l\u0131 g\u00f6rsel \u00e7al\u0131\u015fmalar kullan\u0131m\u0131n\u0131za sunulmu\u015ftur. A5 Flyer Poster \u015fablonu 16:9 Sunum \u015fablonu i\u00e7eri\u011fi 800\u00d7200 px banner 600\u00d7200 px e-imza 650\u00d7650 px kare [&hellip;]<\/p>\n","protected":false},"author":1,"featured_media":0,"parent":0,"menu_order":0,"comment_status":"closed","ping_status":"closed","template":"","meta":{"_eb_attr":"","footnotes":""},"class_list":["post-26","page","type-page","status-publish","hentry"],"blocksy_meta":[],"_links":{"self":[{"href":"https:\/\/eacem.org\/2025\/wp-json\/wp\/v2\/pages\/26","targetHints":{"allow":["GET"]}}],"collection":[{"href":"https:\/\/eacem.org\/2025\/wp-json\/wp\/v2\/pages"}],"about":[{"href":"https:\/\/eacem.org\/2025\/wp-json\/wp\/v2\/types\/page"}],"author":[{"embeddable":true,"href":"https:\/\/eacem.org\/2025\/wp-json\/wp\/v2\/users\/1"}],"replies":[{"embeddable":true,"href":"https:\/\/eacem.org\/2025\/wp-json\/wp\/v2\/comments?post=26"}],"version-history":[{"count":36,"href":"https:\/\/eacem.org\/2025\/wp-json\/wp\/v2\/pages\/26\/revisions"}],"predecessor-version":[{"id":3240,"href":"https:\/\/eacem.org\/2025\/wp-json\/wp\/v2\/pages\/26\/revisions\/3240"}],"wp:attachment":[{"href":"https:\/\/eacem.org\/2025\/wp-json\/wp\/v2\/media?parent=26"}],"curies":[{"name":"wp","href":"https:\/\/api.w.org\/{rel}","templated":true}]}}