{"id":2106,"date":"2024-10-25T13:31:52","date_gmt":"2024-10-25T13:31:52","guid":{"rendered":"https:\/\/eacem.org\/2025\/?page_id=2106"},"modified":"2025-09-18T13:17:27","modified_gmt":"2025-09-18T13:17:27","slug":"ttb-akreditasyonu","status":"publish","type":"page","link":"https:\/\/eacem.org\/2025\/ttb-akreditasyonu\/","title":{"rendered":"TTB Akreditasyonu"},"content":{"rendered":"\n<figure class=\"wp-block-image aligncenter is-resized\"><img decoding=\"async\" src=\"https:\/\/tatdkursgunleri.org\/wp-content\/uploads\/2024\/02\/1500x1500-996x1024.png\" alt=\"\" class=\"wp-image-1364\" style=\"width:121px;height:auto\"\/><\/figure>\n\n\n\n<p>11. Avrasya Acil T\u0131p Kongresi ve 21. T\u00fcrkiye Acil T\u0131p Kongresi TTB STE\/SMG Akreditasyon-Kredilendirme Kurulu bu etkinli\u011fi&nbsp;<strong>20.5 TTB STE\/SMG Kredisi<\/strong>&nbsp;ile akredite etmi\u015ftir.<\/p>\n\n\n\n<p>Bu etkinlikle ilgili bireysel kredilerinizi,&nbsp;<a href=\"https:\/\/kredilendirme.ttb.dr.tr\/\" target=\"_blank\" rel=\"noreferrer noopener\">https:\/\/kredilendirme.ttb.dr.tr<\/a>&nbsp;internet adresindeki TC Kimlik numaran\u0131za ba\u011fl\u0131 ki\u015fisel STE\/SMG kredilendirme hesab\u0131n\u0131zdan kat\u0131ld\u0131\u011f\u0131n\u0131z toplant\u0131lar\u0131 belirterek alabilirsiniz.<\/p>\n","protected":false},"excerpt":{"rendered":"<p>11. Avrasya Acil T\u0131p Kongresi ve 21. T\u00fcrkiye Acil T\u0131p Kongresi TTB STE\/SMG Akreditasyon-Kredilendirme Kurulu bu etkinli\u011fi&nbsp;20.5 TTB STE\/SMG Kredisi&nbsp;ile akredite etmi\u015ftir. Bu etkinlikle ilgili bireysel kredilerinizi,&nbsp;https:\/\/kredilendirme.ttb.dr.tr&nbsp;internet adresindeki TC Kimlik numaran\u0131za ba\u011fl\u0131 ki\u015fisel STE\/SMG kredilendirme hesab\u0131n\u0131zdan kat\u0131ld\u0131\u011f\u0131n\u0131z toplant\u0131lar\u0131 belirterek alabilirsiniz.<\/p>\n","protected":false},"author":1,"featured_media":0,"parent":0,"menu_order":0,"comment_status":"closed","ping_status":"closed","template":"","meta":{"_eb_attr":"","footnotes":""},"class_list":["post-2106","page","type-page","status-publish","hentry"],"blocksy_meta":[],"_links":{"self":[{"href":"https:\/\/eacem.org\/2025\/wp-json\/wp\/v2\/pages\/2106","targetHints":{"allow":["GET"]}}],"collection":[{"href":"https:\/\/eacem.org\/2025\/wp-json\/wp\/v2\/pages"}],"about":[{"href":"https:\/\/eacem.org\/2025\/wp-json\/wp\/v2\/types\/page"}],"author":[{"embeddable":true,"href":"https:\/\/eacem.org\/2025\/wp-json\/wp\/v2\/users\/1"}],"replies":[{"embeddable":true,"href":"https:\/\/eacem.org\/2025\/wp-json\/wp\/v2\/comments?post=2106"}],"version-history":[{"count":5,"href":"https:\/\/eacem.org\/2025\/wp-json\/wp\/v2\/pages\/2106\/revisions"}],"predecessor-version":[{"id":3364,"href":"https:\/\/eacem.org\/2025\/wp-json\/wp\/v2\/pages\/2106\/revisions\/3364"}],"wp:attachment":[{"href":"https:\/\/eacem.org\/2025\/wp-json\/wp\/v2\/media?parent=2106"}],"curies":[{"name":"wp","href":"https:\/\/api.w.org\/{rel}","templated":true}]}}