{"id":21,"date":"2024-03-19T09:07:51","date_gmt":"2024-03-19T09:07:51","guid":{"rendered":"https:\/\/eacem.org\/2025\/?page_id=21"},"modified":"2025-11-17T14:27:35","modified_gmt":"2025-11-17T14:27:35","slug":"bildiri-gonderimi","status":"publish","type":"page","link":"https:\/\/eacem.org\/2025\/bildiri-gonderimi\/","title":{"rendered":"Bildiri G\u00f6nderimi"},"content":{"rendered":"\n<h4 class=\"wp-block-heading\"><strong>Bildiri Y\u00fckleme S\u0131ras\u0131nda Dikkat Edilecek Noktalar ve Kurallar<\/strong><\/h4>\n\n\n\n<p>Bildiri \u00f6zetleri, web sitesi \u00fczerinden bildiri sistemi kullan\u0131larak online \u015fekilde 11. Avrasya Acil T\u0131p Kongresi (EACEM) i\u00e7in \u0130ngilizce ve21. T\u00fcrkiye Acil T\u0131p Kongresi (TATKON) i\u00e7in T\u00fcrk\u00e7e olacak \u015fekilde&nbsp;g\u00f6nderilmelidir. Bildirinizin kongre sonras\u0131 yay\u0131nlanacak bildiri \u00f6zet kitab\u0131nda&nbsp;<strong>Tam Metin<\/strong>&nbsp;olarak yer almas\u0131n\u0131 isterseniz \u00f6zetiniz ile birlikte sistem i\u00e7erisinde yer alan&nbsp;<strong>Tam Metin<\/strong>&nbsp;sekmesinden gerekli eklemeyi yapabilirsiniz. Tam Metninizin Kaynaklar dahil olmak \u00fczere 1.200 kelimeyi a\u015fmamas\u0131 gerekmektedir. Sistemden ba\u011f\u0131ms\u0131z olarak e-mail ve posta yoluyla g\u00f6nderilen bildiri \u00f6zetleri kabul edilmeyecektir. \u0130nternet \u00fczerinden g\u00f6nderilen \u00f6zetler, kabul edilmesi halinde ayn\u0131 \u015fekilde yay\u0131nlanaca\u011f\u0131 i\u00e7in yaz\u0131m hatalar\u0131na dikkat edilmesi gerekir.<\/p>\n\n\n\n<p>Kongreye bildiri g\u00f6nderen sunan yazar\u0131n kongre kay\u0131t i\u015flemini&nbsp;en ge\u00e7 <strong>5 Kas\u0131m \u00c7ar\u015famba saat 17.00\u2019a kadar<\/strong>&nbsp;yap\u0131lm\u0131\u015f olmal\u0131d\u0131r. Kay\u0131t d\u0131\u015f\u0131 olan ya da belirtilen zaman diliminde kongrede sunulmayan bildiriler, kongre kitab\u0131nda yay\u0131nlanmayacakt\u0131r.<\/p>\n\n\n\n<p class=\"has-background has-medium-font-size\" style=\"background-color:#ffdede\"><strong>Bildiri G\u00f6nderim Son Tarihi: 20 Ekim 2025 23:59<\/strong><\/p>\n\n\n\n<h4 class=\"wp-block-heading\"><strong>Yaz\u0131m Kurallar\u0131<\/strong><\/h4>\n\n\n\n<ul class=\"wp-block-list\">\n<li>\u00d6zetler ve tam metin bildiriler online bildiri sistemi ile toplanacakt\u0131r.<\/li>\n\n\n\n<li>Yazar isimlerinde akademik unvan kullan\u0131lmamal\u0131d\u0131r.<\/li>\n\n\n\n<li>\u0130simler sadece ilk harf b\u00fcy\u00fck olacak \u015fekilde k\u00fc\u00e7\u00fck harflerle yaz\u0131lmal\u0131d\u0131r.<\/li>\n\n\n\n<li>Yazarlar\u0131n \u00e7al\u0131\u015ft\u0131klar\u0131 kurumlar\u0131n ad ve adresleri mutlaka belirtilmelidir.<\/li>\n\n\n\n<li>Ba\u015fl\u0131\u011f\u0131n sadece ilk harfi b\u00fcy\u00fck yaz\u0131lmal\u0131d\u0131r. (K\u0131saltmalar istisnad\u0131r.)<\/li>\n\n\n\n<li>Metin i\u00e7inde k\u0131saltma kullan\u0131lmas\u0131 halinde, k\u0131saltman\u0131n a\u00e7\u0131k ad\u0131 parantez i\u00e7inde belirtilmelidir.<\/li>\n\n\n\n<li>Metinde \u00e7al\u0131\u015fman\u0131n amac\u0131 ve kullan\u0131lan y\u00f6ntemler k\u0131saca belirtilmeli, bulgular yeterli say\u0131sal ayr\u0131nt\u0131yla birlikte \u00f6zetlenmeli ve sunulan bulgular \u00e7er\u00e7evesinde sonu\u00e7 a\u00e7\u0131klanmal\u0131d\u0131r.<\/li>\n\n\n\n<li>Metin vaka sunumlar\u0131 hari\u00e7; ama\u00e7, y\u00f6ntem, bulgular ve sonu\u00e7 ba\u015fl\u0131klar\u0131 kullan\u0131larak yaz\u0131lmal\u0131d\u0131r.<\/li>\n\n\n\n<li>Ama\u00e7 b\u00f6l\u00fcm\u00fcnde \u00e7al\u0131\u015fma konusu hakk\u0131nda ansiklopedik bilgi verilmesinden ka\u00e7\u0131n\u0131lmal\u0131, \u00e7al\u0131\u015fman\u0131n literat\u00fcrdeki hangi bo\u015flu\u011fu doldurdu\u011fu, neden planland\u0131\u011f\u0131, \u00e7al\u0131\u015fman\u0131n ana amac\u0131 k\u0131saca belirtilmelidir. Olgu sunumlar\u0131 i\u00e7in de, olgunuzun sunuma de\u011fer \u00f6zelliklerinizi belirtmeniz beklenmektedir.<\/li>\n\n\n\n<li>Kat\u0131l\u0131mc\u0131lar bildiri y\u00fcklerken se\u00e7tikleri kongre kategorisine g\u00f6re (TATKON veya EACEM) bildiri diline karar verir. Ulusal kongre kategorisi se\u00e7ilmi\u015fse, kat\u0131l\u0131mc\u0131 bildiriyi sisteme T\u00fcrk\u00e7e y\u00fckler ve kongrede de T\u00fcrk\u00e7e olarak sunar. Uluslararas\u0131 kategori se\u00e7ilerek y\u00fcklenen bildiriler ise \u0130ngilizce olarak sisteme y\u00fcklenir ve yine kongrede \u0130ngilizce olarak sunulur.<\/li>\n\n\n\n<li>Metnin tamam\u0131, ba\u015fl\u0131k ad\u0131, yazar\u0131n ad\u0131, soyad\u0131 hari\u00e7 olmak \u00fczere <strong>600 kelimeyi<\/strong> ge\u00e7memelidir.<\/li>\n\n\n\n<li><em>\u201cAyn\u0131 bildiri kongrenin hem ulusal hem uluslararas\u0131 b\u00f6l\u00fcm\u00fcne y\u00fcklenemez\u201d<\/em><\/li>\n\n\n\n<li><strong>Metne SADECE bir tablo ve bir resim dahil edilebilir.<\/strong><\/li>\n<\/ul>\n\n\n\n<p>Bu maddelerden herhangi birine uymayan bildiri \u00f6zeti, i\u00e7eri\u011fine bak\u0131lmaks\u0131z\u0131n de\u011ferlendirme d\u0131\u015f\u0131 b\u0131rak\u0131lacakt\u0131r.<\/p>\n\n\n\n<h4 class=\"wp-block-heading\"><strong>Bildirilerin De\u011ferlendirilmesi<\/strong><\/h4>\n\n\n\n<p>De\u011ferlendirme internet \u00fczerinden ara\u015ft\u0131rmac\u0131lar\u0131n ad\/soyad ve kurumlar\u0131 gizli tutularak (k\u00f6r de\u011ferlendirme \u015feklinde) Bildiri De\u011ferlendirme Komitesi\u2019nden en az iki bildiri hakemi taraf\u0131ndan yap\u0131lacakt\u0131r. Hakemlerin yapm\u0131\u015f oldu\u011fu de\u011ferlendirmeler sonucunda puanlama ger\u00e7ekle\u015fecek ve kabulleri bildirilecektir. Bildirinizin kongre sonras\u0131 yay\u0131nlanacak bildiri \u00f6zet kitab\u0131nda yer alabilmesi i\u00e7in bildiri yazarlar\u0131ndan en az birinin kongre kayd\u0131n\u0131 en ge\u00e7 <strong>30 Ekim 2025 tarihine <\/strong>kadar tamamlamas\u0131 gerekmektedir. De\u011ferlendirme sonucu t\u00fcm bildiri sahiplerine e-mail ile sonu\u00e7 yaz\u0131s\u0131 olarak g\u00f6nderilecektir.<\/p>\n\n\n\n<h4 class=\"wp-block-heading\"><strong>S\u00f6zl\u00fc Sunum Bilgileri<\/strong><\/h4>\n\n\n\n<ul class=\"wp-block-list\">\n<li>S\u00f6zl\u00fc bildiri olarak kabul edilen bildiriler, elektronik sunum programlar\u0131ndan herhangi biriyle haz\u0131rlanabilir.<\/li>\n\n\n\n<li>Her sunum i\u00e7in ayr\u0131lan s\u00fcre iletilecek kabul mektuplar\u0131nda belirtilecektir.<\/li>\n\n\n\n<li>Bildiri \u00f6zeti kabul edildi\u011fi halde, bildirisini kongre esnas\u0131nda belirtilen g\u00fcn ve saatte sunmayan yazarlar\u0131n eserleri, kongre bildiri kitab\u0131ndan \u00e7\u0131kar\u0131lacakt\u0131r.<\/li>\n<\/ul>\n\n\n\n<h4 class=\"wp-block-heading\"><strong>Ana Konular<\/strong><\/h4>\n\n\n\n<ul class=\"wp-block-list\">\n<li>Abdominal Aciller<\/li>\n\n\n\n<li>Acil G\u00f6r\u00fcnt\u00fcleme<\/li>\n\n\n\n<li>Acil Servis A\u015f\u0131r\u0131 Kalabal\u0131kl\u0131\u011f\u0131<\/li>\n\n\n\n<li>Acil Servis Standartlar\u0131 ve Kalite<\/li>\n\n\n\n<li>Acil Serviste \u0130\u015f G\u00fcvenli\u011fi ve \u00c7al\u0131\u015fan Sa\u011fl\u0131\u011f\u0131<\/li>\n\n\n\n<li>Acil Servis Y\u00f6netimi &amp; Liderlik<\/li>\n\n\n\n<li>Acil T\u0131p E\u011fitimi<\/li>\n\n\n\n<li>Acil T\u0131p Prati\u011finin Halk Sa\u011fl\u0131\u011f\u0131 Etkileri<\/li>\n\n\n\n<li>Acil T\u0131pta Akademik Ara\u015ft\u0131rmalar<\/li>\n\n\n\n<li>Acil T\u0131pta Sa\u011fl\u0131kl\u0131 Ya\u015fam<\/li>\n\n\n\n<li>Acil ve Kritik Hastada Ultrason<\/li>\n\n\n\n<li>Afet T\u0131bb\u0131<\/li>\n\n\n\n<li>Ba\u015f &amp; Boyun Acilleri<\/li>\n\n\n\n<li>COVID-19<\/li>\n\n\n\n<li>Dermatolojik Aciller<\/li>\n\n\n\n<li>Do\u011fa T\u0131bb\u0131<\/li>\n\n\n\n<li>EKG ve Kardiyovask\u00fcler Aciller<\/li>\n\n\n\n<li>Enfeksiyon Acilleri &amp; Sepsis<\/li>\n\n\n\n<li>Etik ve Hukuk<\/li>\n\n\n\n<li>Geriatrik Aciller<\/li>\n\n\n\n<li>Giri\u015fimsel Uygulamalar<\/li>\n\n\n\n<li>Hastane \u00d6ncesi<\/li>\n\n\n\n<li>Havayolu<\/li>\n\n\n\n<li>Hematolojik Aciller<\/li>\n\n\n\n<li>\u0130nme ve N\u00f6rolojik Aciller<\/li>\n\n\n\n<li>\u0130nsani Acil Organizasyonlar\u0131 &#8211; M\u00fclteciler ve Sava\u015f<\/li>\n\n\n\n<li>Kritik Bak\u0131m<\/li>\n\n\n\n<li>Metabolik ve Endokrin Acilleri<\/li>\n\n\n\n<li>Ortopedik Aciller &amp; Spor T\u0131bb\u0131<\/li>\n\n\n\n<li>Pediatrik Aciller<\/li>\n\n\n\n<li>Psikiyatrik Aciller<\/li>\n\n\n\n<li>Res\u00fcsitasyon<\/li>\n\n\n\n<li>Sedoanaljezi ve A\u011fr\u0131 Y\u00f6netimi<\/li>\n\n\n\n<li>Solunumsal Aciller<\/li>\n\n\n\n<li>Taktik T\u0131bb\u0131<\/li>\n\n\n\n<li>T\u0131bbi Sim\u00fclasyon<\/li>\n\n\n\n<li>Toksikoloji<\/li>\n\n\n\n<li>Travma<\/li>\n\n\n\n<li>Triyaj<\/li>\n\n\n\n<li>Uluslararas\u0131 Acil T\u0131p<\/li>\n\n\n\n<li>\u00dcrolojik, Kad\u0131n Hastal\u0131klar\u0131 ve Do\u011fum Acilleri<\/li>\n\n\n\n<li>Yeni Teknolojiler<\/li>\n\n\n\n<li>Yo\u011fun Bak\u0131m<\/li>\n<\/ul>\n\n\n\n<p><\/p>\n","protected":false},"excerpt":{"rendered":"<p>Bildiri Y\u00fckleme S\u0131ras\u0131nda Dikkat Edilecek Noktalar ve Kurallar Bildiri \u00f6zetleri, web sitesi \u00fczerinden bildiri sistemi kullan\u0131larak online \u015fekilde 11. Avrasya Acil T\u0131p Kongresi (EACEM) i\u00e7in \u0130ngilizce ve21. T\u00fcrkiye Acil T\u0131p Kongresi (TATKON) i\u00e7in T\u00fcrk\u00e7e olacak \u015fekilde&nbsp;g\u00f6nderilmelidir. Bildirinizin kongre sonras\u0131 yay\u0131nlanacak bildiri \u00f6zet kitab\u0131nda&nbsp;Tam Metin&nbsp;olarak yer almas\u0131n\u0131 isterseniz \u00f6zetiniz ile birlikte sistem i\u00e7erisinde yer alan&nbsp;Tam Metin&nbsp;sekmesinden [&hellip;]<\/p>\n","protected":false},"author":1,"featured_media":0,"parent":0,"menu_order":0,"comment_status":"closed","ping_status":"closed","template":"","meta":{"_eb_attr":"","footnotes":""},"class_list":["post-21","page","type-page","status-publish","hentry"],"blocksy_meta":[],"_links":{"self":[{"href":"https:\/\/eacem.org\/2025\/wp-json\/wp\/v2\/pages\/21","targetHints":{"allow":["GET"]}}],"collection":[{"href":"https:\/\/eacem.org\/2025\/wp-json\/wp\/v2\/pages"}],"about":[{"href":"https:\/\/eacem.org\/2025\/wp-json\/wp\/v2\/types\/page"}],"author":[{"embeddable":true,"href":"https:\/\/eacem.org\/2025\/wp-json\/wp\/v2\/users\/1"}],"replies":[{"embeddable":true,"href":"https:\/\/eacem.org\/2025\/wp-json\/wp\/v2\/comments?post=21"}],"version-history":[{"count":24,"href":"https:\/\/eacem.org\/2025\/wp-json\/wp\/v2\/pages\/21\/revisions"}],"predecessor-version":[{"id":4474,"href":"https:\/\/eacem.org\/2025\/wp-json\/wp\/v2\/pages\/21\/revisions\/4474"}],"wp:attachment":[{"href":"https:\/\/eacem.org\/2025\/wp-json\/wp\/v2\/media?parent=21"}],"curies":[{"name":"wp","href":"https:\/\/api.w.org\/{rel}","templated":true}]}}