{"id":995,"date":"2024-10-08T12:35:14","date_gmt":"2024-10-08T12:35:14","guid":{"rendered":"https:\/\/eacem.org\/2025\/?page_id=995"},"modified":"2025-11-15T13:05:42","modified_gmt":"2025-11-15T13:05:42","slug":"acil-mikrofon","status":"publish","type":"page","link":"https:\/\/eacem.org\/2025\/en\/acil-mikrofon\/","title":{"rendered":"Emergency Microphone"},"content":{"rendered":"<div data-elementor-type=\"wp-page\" data-elementor-id=\"995\" class=\"elementor elementor-995\" data-elementor-post-type=\"page\">\n\t\t\t\t<div class=\"elementor-element elementor-element-2edc61d e-con-full e-flex e-con e-parent\" data-id=\"2edc61d\" data-element_type=\"container\" data-e-type=\"container\">\n\t\t<div class=\"elementor-element elementor-element-fe7c8d3 e-con-full e-flex e-con e-child\" data-id=\"fe7c8d3\" data-element_type=\"container\" data-e-type=\"container\">\n\t\t\t\t<div class=\"elementor-element elementor-element-0b698d4 elementor-widget elementor-widget-heading\" data-id=\"0b698d4\" data-element_type=\"widget\" data-e-type=\"widget\" data-widget_type=\"heading.default\">\n\t\t\t\t<div class=\"elementor-widget-container\">\n\t\t\t\t\t<h4 class=\"elementor-heading-title elementor-size-default\">\u201cAcil Mikrofon\u201d \u2013 Kongreye Renk Katan Canl\u0131 Podcast Deneyimi<\/h4>\t\t\t\t<\/div>\n\t\t\t\t<\/div>\n\t\t\t\t<div class=\"elementor-element elementor-element-b607892 elementor-widget elementor-widget-text-editor\" data-id=\"b607892\" data-element_type=\"widget\" data-e-type=\"widget\" data-widget_type=\"text-editor.default\">\n\t\t\t\t<div class=\"elementor-widget-container\">\n\t\t\t\t\t\t\t\t\t<p>T\u00fcrkiye Acil T\u0131p Kongresi\u2019nin dinamizmine yak\u0131\u015f\u0131r, \u00f6zg\u00fcn ve etkile\u015fimli bir oturum: Acil Mikrofon!<\/p><p>Kongre fuaye alan\u0131nda \u00f6zel olarak haz\u0131rlanan Acil Mikrofon alan\u0131, g\u00fcn boyunca kongre kat\u0131l\u0131mc\u0131lar\u0131n\u0131n enerjisiyle ya\u015fayan bir sahneye d\u00f6n\u00fc\u015f\u00fcyor. Bu alanda kongre kat\u0131l\u0131mc\u0131lar\u0131yla yap\u0131lacak k\u0131sa, samimi ve etkili sohbetlere yer veriliyor.<\/p><p>Her konuk, 5\u20137 dakikal\u0131k h\u0131zl\u0131 ve vurucu bir mini podcast b\u00f6l\u00fcm\u00fcnde tek bir konuya odaklan\u0131yor:<\/p><p>\ud83d\udc49 G\u00fcncel bir klinik tart\u0131\u015fma<\/p><p>\ud83d\udc49 Acil t\u0131pta gelece\u011fe dair bir \u00f6ng\u00f6r\u00fc<\/p><p>\ud83d\udc49 Bir deneyim, bir ilham, bir \u00f6neri<\/p><p>\ud83d\udc49 Veya kongrede dikkat \u00e7eken bir yenilik\u2026<\/p><p>Acil Mikrofon, spontane geli\u015fen fikirlerin, pratik bilgilerin ve kongrenin nabz\u0131n\u0131 tutan k\u0131sa akademik sohbetlerin bulu\u015ftu\u011fu bir alan olmaya bu y\u0131l da devam ediyor. Hem kat\u0131l\u0131mc\u0131lar\u0131n dikkatini \u00e7ekecek hem de kongre ortam\u0131n\u0131n dinamizmini kay\u0131t alt\u0131na alan bu mini oturumlar, acil t\u0131p camias\u0131na yeni bir payla\u015f\u0131m k\u00fclt\u00fcr\u00fc sunuyor.<\/p><p>Acil Mikrofon\u2019a denk gelirsen, kulak kesil \u2014 belki bir sonraki mikrofon sana uzat\u0131l\u0131r! Tarihe bir not da sen b\u0131rak. \ud83c\udf99\ufe0f<\/p><p>Moderat\u00f6r: Ahmet Emre Ay, G\u00fcl\u00e7im Kocairi<\/p>\t\t\t\t\t\t\t\t<\/div>\n\t\t\t\t<\/div>\n\t\t\t\t<\/div>\n\t\t<div class=\"elementor-element elementor-element-ed1f962 e-con-full e-flex e-con e-child\" data-id=\"ed1f962\" data-element_type=\"container\" data-e-type=\"container\">\n\t\t\t\t<div class=\"elementor-element elementor-element-f04a410 elementor-widget elementor-widget-image\" data-id=\"f04a410\" data-element_type=\"widget\" data-e-type=\"widget\" data-widget_type=\"image.default\">\n\t\t\t\t<div class=\"elementor-widget-container\">\n\t\t\t\t\t\t\t\t\t\t\t\t\t\t\t\t<a href=\"https:\/\/eacem.org\/2025\/wp-content\/uploads\/2025\/11\/Sosyal-Programlar-Acil-mikrofon.jpg\" data-elementor-open-lightbox=\"yes\" data-elementor-lightbox-title=\"Sosyal-Programlar-Acil-mikrofon\" data-e-action-hash=\"#elementor-action%3Aaction%3Dlightbox%26settings%3DeyJpZCI6NDQ0MiwidXJsIjoiaHR0cHM6XC9cL2VhY2VtLm9yZ1wvMjAyNVwvd3AtY29udGVudFwvdXBsb2Fkc1wvMjAyNVwvMTFcL1Nvc3lhbC1Qcm9ncmFtbGFyLUFjaWwtbWlrcm9mb24uanBnIn0%3D\">\n\t\t\t\t\t\t\t<img fetchpriority=\"high\" decoding=\"async\" width=\"723\" height=\"1024\" src=\"https:\/\/eacem.org\/2025\/wp-content\/uploads\/2025\/11\/Sosyal-Programlar-Acil-mikrofon-723x1024.jpg\" class=\"attachment-large size-large wp-image-4442\" alt=\"\" srcset=\"https:\/\/eacem.org\/2025\/wp-content\/uploads\/2025\/11\/Sosyal-Programlar-Acil-mikrofon-723x1024.jpg 723w, https:\/\/eacem.org\/2025\/wp-content\/uploads\/2025\/11\/Sosyal-Programlar-Acil-mikrofon-212x300.jpg 212w, https:\/\/eacem.org\/2025\/wp-content\/uploads\/2025\/11\/Sosyal-Programlar-Acil-mikrofon-106x150.jpg 106w, https:\/\/eacem.org\/2025\/wp-content\/uploads\/2025\/11\/Sosyal-Programlar-Acil-mikrofon-768x1088.jpg 768w, https:\/\/eacem.org\/2025\/wp-content\/uploads\/2025\/11\/Sosyal-Programlar-Acil-mikrofon-1084x1536.jpg 1084w, https:\/\/eacem.org\/2025\/wp-content\/uploads\/2025\/11\/Sosyal-Programlar-Acil-mikrofon-1446x2048.jpg 1446w, https:\/\/eacem.org\/2025\/wp-content\/uploads\/2025\/11\/Sosyal-Programlar-Acil-mikrofon-8x12.jpg 8w, https:\/\/eacem.org\/2025\/wp-content\/uploads\/2025\/11\/Sosyal-Programlar-Acil-mikrofon.jpg 1500w\" sizes=\"(max-width: 723px) 100vw, 723px\" \/>\t\t\t\t\t\t\t\t<\/a>\n\t\t\t\t\t\t\t\t\t\t\t\t\t\t\t<\/div>\n\t\t\t\t<\/div>\n\t\t\t\t<\/div>\n\t\t\t\t<\/div>\n\t\t\t\t<\/div>","protected":false},"excerpt":{"rendered":"<p>\u201cAcil Mikrofon\u201d \u2013 Kongreye Renk Katan Canl\u0131 Podcast Deneyimi T\u00fcrkiye Acil T\u0131p Kongresi\u2019nin dinamizmine yak\u0131\u015f\u0131r, \u00f6zg\u00fcn ve etkile\u015fimli bir oturum: Acil Mikrofon! Kongre fuaye alan\u0131nda \u00f6zel olarak haz\u0131rlanan Acil Mikrofon alan\u0131, g\u00fcn boyunca kongre kat\u0131l\u0131mc\u0131lar\u0131n\u0131n enerjisiyle ya\u015fayan bir sahneye d\u00f6n\u00fc\u015f\u00fcyor. Bu alanda kongre kat\u0131l\u0131mc\u0131lar\u0131yla yap\u0131lacak k\u0131sa, samimi ve etkili sohbetlere yer veriliyor. Her konuk, 5\u20137 [&hellip;]<\/p>\n","protected":false},"author":1,"featured_media":0,"parent":0,"menu_order":0,"comment_status":"closed","ping_status":"closed","template":"","meta":{"_eb_attr":"","footnotes":""},"class_list":["post-995","page","type-page","status-publish","hentry"],"blocksy_meta":[],"_links":{"self":[{"href":"https:\/\/eacem.org\/2025\/en\/wp-json\/wp\/v2\/pages\/995","targetHints":{"allow":["GET"]}}],"collection":[{"href":"https:\/\/eacem.org\/2025\/en\/wp-json\/wp\/v2\/pages"}],"about":[{"href":"https:\/\/eacem.org\/2025\/en\/wp-json\/wp\/v2\/types\/page"}],"author":[{"embeddable":true,"href":"https:\/\/eacem.org\/2025\/en\/wp-json\/wp\/v2\/users\/1"}],"replies":[{"embeddable":true,"href":"https:\/\/eacem.org\/2025\/en\/wp-json\/wp\/v2\/comments?post=995"}],"version-history":[{"count":25,"href":"https:\/\/eacem.org\/2025\/en\/wp-json\/wp\/v2\/pages\/995\/revisions"}],"predecessor-version":[{"id":4446,"href":"https:\/\/eacem.org\/2025\/en\/wp-json\/wp\/v2\/pages\/995\/revisions\/4446"}],"wp:attachment":[{"href":"https:\/\/eacem.org\/2025\/en\/wp-json\/wp\/v2\/media?parent=995"}],"curies":[{"name":"wp","href":"https:\/\/api.w.org\/{rel}","templated":true}]}}