{"id":962,"date":"2024-10-03T10:54:59","date_gmt":"2024-10-03T10:54:59","guid":{"rendered":"https:\/\/eacem.org\/2025\/?page_id=962"},"modified":"2025-10-24T10:05:59","modified_gmt":"2025-10-24T10:05:59","slug":"uydu-sempozyumlari","status":"publish","type":"page","link":"https:\/\/eacem.org\/2025\/en\/uydu-sempozyumlari\/","title":{"rendered":"Industry Supported Sessions"},"content":{"rendered":"<style>\ntable.sat { \n\tcolor:#333333;\n\tborder-width: 0px;\n\tborder-color: #666666;\n\t\ttext-align: center;\n\t\tline-height: 1.3 !important;\n\t\n}\ntable.sat th {\n\t\n\tpadding: 10px;\n\n\tfont-size: 12pt;\n\tbackground: #0A44BA;\n\tcolor: #FFFFFF;\n\t\n}\ntable.sat td  tr{ vertical-align: top;\n\tborder-width: 1px;\n\tpadding: 15px;\n\tborder-style: solid;\n\tborder-color: #939393;\n\ttext-align: center;\n\t\n}\t\n<\/style>\n\n\n<style>\ntable.sat { \n\tcolor:#333333;\n\tborder-width: 0px;\n\tborder-color: #666666;\n\t\ttext-align: center;\n\t\tline-height: 1.3 !important;\n\t\n}\ntable.sat th {\n\t\n\tpadding: 10px;\n\n\tfont-size: 12pt;\n\tbackground: #0A44BA;\n\tcolor: #FFFFFF;\n\t\n}\ntable.sat td  tr{ vertical-align: top;\n\tborder-width: 1px;\n\tpadding: 15px;\n\tborder-style: solid;\n\tborder-color: #939393;\n\ttext-align: center;\n\t\n}\t\n<\/style>\n\n\n<table class=\"sat\" width=\"100%\">\n  <thead>\n    <tr>\n      <th align=\"center\">&nbsp;<\/th>\n      <th><strong>Sponsor<\/strong><\/th>\n      <th><strong>Date<\/strong><\/th>\n      <th><strong>Time<\/strong><\/th>\n      <th><strong>Hall<\/strong><\/th>\n      <th><strong>Details<\/strong><\/th>\n    <\/tr>\n  <\/thead>\n  <tbody>\n    <tr>\n      <td align=\"center\" valign=\"middle\" bgcolor=\"#FFFFFF\"><img decoding=\"async\" style=\"margin-bottom: 0px !important\" src=\"https:\/\/eacem.org\/2025\/wp-content\/uploads\/2024\/10\/Ozel-Medikal.jpg\" width=\"123\" height=\"118\" alt=\"\"\/><\/td>\n      <td align=\"center\" valign=\"middle\">\u00d6zel Medikal<\/td>\n      <td align=\"center\" valign=\"middle\">21 Kas\u0131m 2025    <\/td>\n      <td align=\"center\" valign=\"middle\" nowrap=\"nowrap\">10:40-11:25<\/td>\n      <td align=\"center\" valign=\"middle\" nowrap=\"nowrap\">Salon B<\/td>\n      <td align=\"center\" valign=\"middle\" bgcolor=\"#FFFFFF\">Moderat\u00f6rler: Ali Ayg\u00fcn<br>\n      Do\u011fru Derinlikte,Ger\u00e7ek Etki:CPR Kalitesinde Yeni Standartlar \/ Adem K\u00f6ksal\u00a0<\/td>\n    <\/tr>\n    <tr>\n      <td align=\"center\" valign=\"middle\" bgcolor=\"#FFFFFF\"><img decoding=\"async\" src=\"https:\/\/eacem.org\/2025\/wp-content\/uploads\/2024\/10\/ATABAY-LOGO-1.jpg\"  alt=\"\" width=\"139\" height=\"42\" style=\"margin-bottom: 0px !important\"\/><\/td>\n      <td align=\"center\" valign=\"middle\">Atabay<\/td>\n      <td align=\"center\" valign=\"middle\">22 Kas\u0131m 2025 <\/td>\n      <td align=\"center\" valign=\"middle\">10:40-11:25<\/td>\n      <td align=\"center\" valign=\"middle\" nowrap=\"nowrap\">Salon B<\/td>\n      <td align=\"center\" valign=\"middle\" bgcolor=\"#FFFFFF\">Moderat\u00f6rler: Ali Batur<br>\n      \u0130nfluenzada A\u011fr\u0131 Y\u00f6netimi \/ Melih \u0130mamo\u011flu<\/td>\n    <\/tr>\n  <\/tbody>\n<\/table>","protected":false},"excerpt":{"rendered":"<p>&nbsp; Sponsor Tarih Saat Salon Detaylar \u00d6zel Medikal 21 Kas\u0131m 2025 10:40-11:25 Salon B Moderat\u00f6rler: Ali Ayg\u00fcn Do\u011fru Derinlikte,Ger\u00e7ek Etki:CPR Kalitesinde Yeni Standartlar \/ Adem K\u00f6ksal\u00a0 Atabay 22 Kas\u0131m 2025 10:40-11:25 Salon B Moderat\u00f6rler: Ali Batur \u0130nfluenzada A\u011fr\u0131 Y\u00f6netimi \/ Melih \u0130mamo\u011flu<\/p>","protected":false},"author":1,"featured_media":0,"parent":0,"menu_order":0,"comment_status":"closed","ping_status":"closed","template":"","meta":{"_eb_attr":"","footnotes":""},"class_list":["post-962","page","type-page","status-publish","hentry"],"blocksy_meta":[],"_links":{"self":[{"href":"https:\/\/eacem.org\/2025\/en\/wp-json\/wp\/v2\/pages\/962","targetHints":{"allow":["GET"]}}],"collection":[{"href":"https:\/\/eacem.org\/2025\/en\/wp-json\/wp\/v2\/pages"}],"about":[{"href":"https:\/\/eacem.org\/2025\/en\/wp-json\/wp\/v2\/types\/page"}],"author":[{"embeddable":true,"href":"https:\/\/eacem.org\/2025\/en\/wp-json\/wp\/v2\/users\/1"}],"replies":[{"embeddable":true,"href":"https:\/\/eacem.org\/2025\/en\/wp-json\/wp\/v2\/comments?post=962"}],"version-history":[{"count":16,"href":"https:\/\/eacem.org\/2025\/en\/wp-json\/wp\/v2\/pages\/962\/revisions"}],"predecessor-version":[{"id":4056,"href":"https:\/\/eacem.org\/2025\/en\/wp-json\/wp\/v2\/pages\/962\/revisions\/4056"}],"wp:attachment":[{"href":"https:\/\/eacem.org\/2025\/en\/wp-json\/wp\/v2\/media?parent=962"}],"curies":[{"name":"wp","href":"https:\/\/api.w.org\/{rel}","templated":true}]}}