{"id":780,"date":"2024-09-24T13:49:47","date_gmt":"2024-09-24T13:49:47","guid":{"rendered":"https:\/\/eacem.org\/2025\/?page_id=780"},"modified":"2025-11-06T11:06:34","modified_gmt":"2025-11-06T11:06:34","slug":"sonogames-turkiye","status":"publish","type":"page","link":"https:\/\/eacem.org\/2025\/en\/sonogames-turkiye\/","title":{"rendered":"SONOGAMES T\u00dcRK\u0130YE"},"content":{"rendered":"<div data-elementor-type=\"wp-page\" data-elementor-id=\"780\" class=\"elementor elementor-780\" data-elementor-post-type=\"page\">\n\t\t\t\t<div class=\"elementor-element elementor-element-2edc61d e-con-full e-flex e-con e-parent\" data-id=\"2edc61d\" data-element_type=\"container\" data-e-type=\"container\">\n\t\t<div class=\"elementor-element elementor-element-fe7c8d3 e-con-full e-flex e-con e-child\" data-id=\"fe7c8d3\" data-element_type=\"container\" data-e-type=\"container\">\n\t\t\t\t<div class=\"elementor-element elementor-element-0b698d4 elementor-widget elementor-widget-heading\" data-id=\"0b698d4\" data-element_type=\"widget\" data-e-type=\"widget\" data-widget_type=\"heading.default\">\n\t\t\t\t<div class=\"elementor-widget-container\">\n\t\t\t\t\t<h4 class=\"elementor-heading-title elementor-size-default\">About<\/h4>\t\t\t\t<\/div>\n\t\t\t\t<\/div>\n\t\t\t\t<div class=\"elementor-element elementor-element-b607892 elementor-widget elementor-widget-text-editor\" data-id=\"b607892\" data-element_type=\"widget\" data-e-type=\"widget\" data-widget_type=\"text-editor.default\">\n\t\t\t\t<div class=\"elementor-widget-container\">\n\t\t\t\t\t\t\t\t\t<p>T\u00fcrkiye Acil T\u0131p Derne\u011fi Ultrasonografi \u00c7al\u0131\u015fma Grubu (TATDUS) taraf\u0131ndan ilki 2016 y\u0131l\u0131nda d\u00fczenlenen Ultrasonografi Yar\u0131\u015fmam\u0131z Akademik Acil T\u0131p Derne\u011fi\u2019nin (SAEM) sonraki y\u0131llarda yar\u0131\u015fmam\u0131za ilgisi ile SONOGAMES T\u00fcrkiye ad\u0131 alt\u0131nda her y\u0131l geleneksel olarak d\u00fczenlenmeye ba\u015fland\u0131. Acil T\u0131p Asistanlar\u0131n\u0131 bir araya getiren kritik hastada ultrasonografi becerilerini e\u011flenerek \u00f6\u011frenmeye te\u015fvik eden yar\u0131\u015fmada bu y\u0131l \u201cAcil Servisler Gelece\u011fini Planl\u0131yor\u201d mottosu ile sizlerle bulu\u015fmak i\u00e7in sab\u0131rs\u0131zlan\u0131yoruz. Nefesleri kesecek, izleyenleri de yar\u0131\u015fanlar\u0131 da heyecan\u0131n doruklar\u0131na y\u00fckseltecek \u201cSonogames T\u00fcrkiye 2025\u201d s\u00fcrpriz etaplar\u0131n\u0131n haz\u0131rl\u0131klar\u0131 tamamland\u0131 ve art\u0131k yar\u0131\u015fmac\u0131 olarak ba\u015fvurular\u0131n\u0131z\u0131 bekliyoruz.<\/p>\t\t\t\t\t\t\t\t<\/div>\n\t\t\t\t<\/div>\n\t\t\t\t<\/div>\n\t\t<div class=\"elementor-element elementor-element-218712c e-con-full e-flex e-con e-child\" data-id=\"218712c\" data-element_type=\"container\" data-e-type=\"container\">\n\t\t\t\t<div class=\"elementor-element elementor-element-c8f179f elementor-widget elementor-widget-image\" data-id=\"c8f179f\" data-element_type=\"widget\" data-e-type=\"widget\" data-widget_type=\"image.default\">\n\t\t\t\t<div class=\"elementor-widget-container\">\n\t\t\t\t\t\t\t\t\t\t\t\t\t\t\t<img fetchpriority=\"high\" decoding=\"async\" width=\"1024\" height=\"1024\" src=\"https:\/\/eacem.org\/2025\/wp-content\/uploads\/2025\/05\/Sonogames-01-1024x1024.jpg\" class=\"attachment-large size-large wp-image-4141\" alt=\"\" srcset=\"https:\/\/eacem.org\/2025\/wp-content\/uploads\/2025\/05\/Sonogames-01-1024x1024.jpg 1024w, https:\/\/eacem.org\/2025\/wp-content\/uploads\/2025\/05\/Sonogames-01-300x300.jpg 300w, https:\/\/eacem.org\/2025\/wp-content\/uploads\/2025\/05\/Sonogames-01-150x150.jpg 150w, https:\/\/eacem.org\/2025\/wp-content\/uploads\/2025\/05\/Sonogames-01-768x768.jpg 768w, https:\/\/eacem.org\/2025\/wp-content\/uploads\/2025\/05\/Sonogames-01-12x12.jpg 12w, https:\/\/eacem.org\/2025\/wp-content\/uploads\/2025\/05\/Sonogames-01.jpg 1200w\" sizes=\"(max-width: 1024px) 100vw, 1024px\" \/>\t\t\t\t\t\t\t\t\t\t\t\t\t\t\t<\/div>\n\t\t\t\t<\/div>\n\t\t\t\t<\/div>\n\t\t\t\t<\/div>\n\t\t<div class=\"elementor-element elementor-element-818e507 e-flex e-con-boxed e-con e-parent\" data-id=\"818e507\" data-element_type=\"container\" data-e-type=\"container\">\n\t\t\t\t\t<div class=\"e-con-inner\">\n\t\t\t\t<div class=\"elementor-element elementor-element-81ca871 elementor-button-success elementor-align-justify elementor-widget elementor-widget-button\" data-id=\"81ca871\" data-element_type=\"widget\" data-e-type=\"widget\" data-widget_type=\"button.default\">\n\t\t\t\t<div class=\"elementor-widget-container\">\n\t\t\t\t\t\t\t\t\t<div class=\"elementor-button-wrapper\">\n\t\t\t\t\t<a class=\"elementor-button elementor-button-link elementor-size-sm\" href=\"https:\/\/forms.gle\/yyd3pVdotU5ouDQ38\" target=\"_blank\">\n\t\t\t\t\t\t<span class=\"elementor-button-content-wrapper\">\n\t\t\t\t\t\t\t\t\t<span class=\"elementor-button-text\">CLICK HERE TO APPLICATION<\/span>\n\t\t\t\t\t<\/span>\n\t\t\t\t\t<\/a>\n\t\t\t\t<\/div>\n\t\t\t\t\t\t\t\t<\/div>\n\t\t\t\t<\/div>\n\t\t\t\t\t<\/div>\n\t\t\t\t<\/div>\n\t\t<div class=\"elementor-element elementor-element-961c6a6 e-flex e-con-boxed e-con e-parent\" data-id=\"961c6a6\" data-element_type=\"container\" data-e-type=\"container\">\n\t\t\t\t\t<div class=\"e-con-inner\">\n\t\t\t\t<div class=\"elementor-element elementor-element-b6ec6f2 elementor-tabs-view-horizontal elementor-widget elementor-widget-tabs\" data-id=\"b6ec6f2\" data-element_type=\"widget\" data-e-type=\"widget\" data-widget_type=\"tabs.default\">\n\t\t\t\t<div class=\"elementor-widget-container\">\n\t\t\t\t\t\t\t<div class=\"elementor-tabs\">\n\t\t\t<div class=\"elementor-tabs-wrapper\" role=\"tablist\" >\n\t\t\t\t\t\t\t\t\t<div id=\"elementor-tab-title-1911\" class=\"elementor-tab-title elementor-tab-desktop-title\" aria-selected=\"true\" data-tab=\"1\" role=\"tab\" tabindex=\"0\" aria-controls=\"elementor-tab-content-1911\" aria-expanded=\"false\">General Rules<\/div>\n\t\t\t\t\t\t\t\t\t<div id=\"elementor-tab-title-1912\" class=\"elementor-tab-title elementor-tab-desktop-title\" aria-selected=\"false\" data-tab=\"2\" role=\"tab\" tabindex=\"-1\" aria-controls=\"elementor-tab-content-1912\" aria-expanded=\"false\">Awards<\/div>\n\t\t\t\t\t\t\t\t\t<div id=\"elementor-tab-title-1913\" class=\"elementor-tab-title elementor-tab-desktop-title\" aria-selected=\"false\" data-tab=\"3\" role=\"tab\" tabindex=\"-1\" aria-controls=\"elementor-tab-content-1913\" aria-expanded=\"false\">Who Can Compete?<\/div>\n\t\t\t\t\t\t\t\t\t<div id=\"elementor-tab-title-1914\" class=\"elementor-tab-title elementor-tab-desktop-title\" aria-selected=\"false\" data-tab=\"4\" role=\"tab\" tabindex=\"-1\" aria-controls=\"elementor-tab-content-1914\" aria-expanded=\"false\">Stages<\/div>\n\t\t\t\t\t\t\t\t\t<div id=\"elementor-tab-title-1915\" class=\"elementor-tab-title elementor-tab-desktop-title\" aria-selected=\"false\" data-tab=\"5\" role=\"tab\" tabindex=\"-1\" aria-controls=\"elementor-tab-content-1915\" aria-expanded=\"false\">Jury Evaluation<\/div>\n\t\t\t\t\t\t\t\t\t<div id=\"elementor-tab-title-1916\" class=\"elementor-tab-title elementor-tab-desktop-title\" aria-selected=\"false\" data-tab=\"6\" role=\"tab\" tabindex=\"-1\" aria-controls=\"elementor-tab-content-1916\" aria-expanded=\"false\">FAQs<\/div>\n\t\t\t\t\t\t\t<\/div>\n\t\t\t<div class=\"elementor-tabs-content-wrapper\" role=\"tablist\" aria-orientation=\"vertical\">\n\t\t\t\t\t\t\t\t\t<div class=\"elementor-tab-title elementor-tab-mobile-title\" aria-selected=\"true\" data-tab=\"1\" role=\"tab\" tabindex=\"0\" aria-controls=\"elementor-tab-content-1911\" aria-expanded=\"false\">General Rules<\/div>\n\t\t\t\t\t<div id=\"elementor-tab-content-1911\" class=\"elementor-tab-content elementor-clearfix\" data-tab=\"1\" role=\"tabpanel\" aria-labelledby=\"elementor-tab-title-1911\" tabindex=\"0\" hidden=\"false\"><ul class=\"wp-block-list\"><li>Yar\u0131\u015fma\u00a0<strong>21 Kas\u0131m Cuma<\/strong>\u00a0g\u00fcn\u00fc saat\u00a0<strong>15.30-17.00<\/strong>\u00a0aral\u0131\u011f\u0131nda\u00a0<strong>Salon C<\/strong>\u2019de ger\u00e7ekle\u015ftirilecektir.<\/li><li>Ba\u015fvurular\u00a0<strong>5 Kas\u0131m 2025<\/strong>\u00a0ve\u00a0<strong>20 Kas\u0131m 2025\u00a0<\/strong>tarihleri aras\u0131nda ba\u015fvuru kay\u0131t linki \u00fczerindeki formun doldurulmas\u0131 ile ger\u00e7ekle\u015ftirilecektir.<\/li><li>Participants of SONOGAMES Turkiye will be contacted via the application email addresses and registered phone numbers.<\/li><li>Applications will not be accepted through social media.<\/li><li>T\u00fcm kat\u0131l\u0131mc\u0131lar\u0131n yer ald\u0131\u011f\u0131 toplam yar\u0131\u015fmac\u0131 listesi\u00a0<strong>20 Kas\u0131m 2025<\/strong>\u00a0tarihinde saat 14.00 itibariyle kongre fuaye alan\u0131nda a\u00e7\u0131lacak olan TATD stand\u0131nda ve TATDUS ve TATD kongre sosyal medya hesaplar\u0131nda ilan edilecektir.<\/li><li>Yar\u0131\u015fmac\u0131lar\u0131n 11. Avrasya Acil T\u0131p Kongresi ve 21. T\u00fcrkiye Acil T\u0131p Kongresi kat\u0131l\u0131mc\u0131 kay\u0131t i\u015flemleri\u00a0<strong>20 Kas\u0131m 2025\u00a0<\/strong>\u00f6ncesinde tamamlanm\u0131\u015f olmal\u0131d\u0131r.<\/li><\/ul><\/div>\n\t\t\t\t\t\t\t\t\t<div class=\"elementor-tab-title elementor-tab-mobile-title\" aria-selected=\"false\" data-tab=\"2\" role=\"tab\" tabindex=\"-1\" aria-controls=\"elementor-tab-content-1912\" aria-expanded=\"false\">Awards<\/div>\n\t\t\t\t\t<div id=\"elementor-tab-content-1912\" class=\"elementor-tab-content elementor-clearfix\" data-tab=\"2\" role=\"tabpanel\" aria-labelledby=\"elementor-tab-title-1912\" tabindex=\"0\" hidden=\"hidden\"><ul class=\"wp-block-list\"><li>T\u00fcm yar\u0131\u015fmac\u0131lara \u201cSonogames T\u00fcrkiye 2025\u201d madalyas\u0131 ve \u201cAcil Ultrasonografi\u201d kitab\u0131 hediye edilecektir.<\/li><li>Awards fort he winning teams (to each competitor);<ul><li>Birincilik \u00f6d\u00fcl\u00fc: 2026 ATAS kay\u0131t\/konaklama, Se\u00e7ece\u011fi bir 2026 y\u0131l\u0131 TATD kursuna \u00fccretsiz kay\u0131t<\/li><\/ul><ul><li>\u0130kincilik \u00f6d\u00fcl\u00fc: 2026 ATAS kay\u0131t, Se\u00e7ece\u011fi bir 2026 y\u0131l\u0131 TATD kursuna \u00fccretsiz kay\u0131t<\/li><\/ul><ul class=\"wp-block-list\"><li>\u00dc\u00e7\u00fcnc\u00fcl\u00fck \u00f6d\u00fcl\u00fc: 2026 ATAS kay\u0131t<\/li><\/ul><\/li><li>The awarded prize cannot be transferred to another name and can only be used in the year it is valid.<\/li><\/ul><\/div>\n\t\t\t\t\t\t\t\t\t<div class=\"elementor-tab-title elementor-tab-mobile-title\" aria-selected=\"false\" data-tab=\"3\" role=\"tab\" tabindex=\"-1\" aria-controls=\"elementor-tab-content-1913\" aria-expanded=\"false\">Who Can Compete?<\/div>\n\t\t\t\t\t<div id=\"elementor-tab-content-1913\" class=\"elementor-tab-content elementor-clearfix\" data-tab=\"3\" role=\"tabpanel\" aria-labelledby=\"elementor-tab-title-1913\" tabindex=\"0\" hidden=\"hidden\"><ul class=\"wp-block-list\"><li>Competitors must be emergency medicine residency students.<\/li><li>Each competitor can only compete in one team.<\/li><li>TATDUS members and instructors cannot be competitors.<\/li><li>Her tak\u0131m\u00a0<strong>2 yar\u0131\u015fmac\u0131<\/strong>dan olu\u015fur.<\/li><li>Each clinic can participate with a maximum of one team.<\/li><li>If a clinic cannot form a team for the competition, two individuals from different clinics can come together to form a team.<\/li><li>Her tak\u0131m kendisine bir\u00a0<strong>rumuz\/tak\u0131m ismi<\/strong>\u00a0belirler. Rumuz belirlemeyen tak\u0131m ba\u015fvuru yapt\u0131\u011f\u0131 klini\u011fin ad\u0131 ile an\u0131l\u0131r.<\/li><li>Teams may use themed costumes, accessories, or makeup for the competition if they wish. Since it will be a dynamic competition, it is recommended to choose clothing that allows for running and quick walking.<\/li><\/ul><\/div>\n\t\t\t\t\t\t\t\t\t<div class=\"elementor-tab-title elementor-tab-mobile-title\" aria-selected=\"false\" data-tab=\"4\" role=\"tab\" tabindex=\"-1\" aria-controls=\"elementor-tab-content-1914\" aria-expanded=\"false\">Stages<\/div>\n\t\t\t\t\t<div id=\"elementor-tab-content-1914\" class=\"elementor-tab-content elementor-clearfix\" data-tab=\"4\" role=\"tabpanel\" aria-labelledby=\"elementor-tab-title-1914\" tabindex=\"0\" hidden=\"hidden\"><p>To be Announced Very Soon<\/p><\/div>\n\t\t\t\t\t\t\t\t\t<div class=\"elementor-tab-title elementor-tab-mobile-title\" aria-selected=\"false\" data-tab=\"5\" role=\"tab\" tabindex=\"-1\" aria-controls=\"elementor-tab-content-1915\" aria-expanded=\"false\">Jury Evaluation<\/div>\n\t\t\t\t\t<div id=\"elementor-tab-content-1915\" class=\"elementor-tab-content elementor-clearfix\" data-tab=\"5\" role=\"tabpanel\" aria-labelledby=\"elementor-tab-title-1915\" tabindex=\"0\" hidden=\"hidden\"><ul><li>All teams that wish to participate in the competition and meet the participation criteria will be accepted.<\/li><li><strong>21 Kas\u0131m 2025\u00a0<\/strong>Cuma g\u00fcn\u00fc saat\u00a0<strong>15.00-15.30<\/strong>\u00a0aral\u0131\u011f\u0131nda yar\u0131\u015fmaya kat\u0131lacak t\u00fcm tak\u0131mlar Toplant\u0131 Salonuna al\u0131nacak ve yar\u0131\u015fma ile ilgili ayr\u0131nt\u0131lar a\u00e7\u0131klanacakt\u0131r. Toplant\u0131ya kat\u0131l\u0131m ger\u00e7ekle\u015ftirmeyen tak\u0131m yar\u0131\u015fma d\u0131\u015f\u0131 kalacakt\u0131r.<\/li><li>The first stage of the competition is designed as a preliminary round. After all applications are completed, the number of stages and elimination procedures will be explained to the competitors during the pre-competition meeting.<\/li><li>In this competition, where competitors and spectators will learn while having fun, competitors will perform procedures with ultrasound assistance in each stage, make diagnoses, and make decisions.<\/li><li>TATDUS officials will welcome the competitors in all stages and will provide brief explanations for the procedures to be performed in each stage.<\/li><li>All teams will move from stage to stage accompanied by a TATDUS officials throughout the competition.<\/li><li>The teams' performance in each stage will be evaluated by the juries based on predetermined time and correct answer criteria, and the scores for each stage will be calculated and totaled at the end of the competition.<\/li><li>In the event of a tie, the stage times will be decisive.<\/li><li>\u00a0<\/li><\/ul><\/div>\n\t\t\t\t\t\t\t\t\t<div class=\"elementor-tab-title elementor-tab-mobile-title\" aria-selected=\"false\" data-tab=\"6\" role=\"tab\" tabindex=\"-1\" aria-controls=\"elementor-tab-content-1916\" aria-expanded=\"false\">FAQs<\/div>\n\t\t\t\t\t<div id=\"elementor-tab-content-1916\" class=\"elementor-tab-content elementor-clearfix\" data-tab=\"6\" role=\"tabpanel\" aria-labelledby=\"elementor-tab-title-1916\" tabindex=\"0\" hidden=\"hidden\"><p><strong>1. SONOGAMES T\u00fcrkiye\u2019ye kay\u0131t i\u00e7in ne yapmal\u0131y\u0131m?<\/strong><\/p><p>Just click the link above and fill out the registration form.<\/p><p><strong>2. Yar\u0131\u015fmaya kabul edildi\u011fimi nas\u0131l \u00f6\u011frenece\u011fim<\/strong>?<\/p><p>T\u00fcm kat\u0131l\u0131mc\u0131lar\u0131n yer ald\u0131\u011f\u0131 toplam yar\u0131\u015fmac\u0131 listesi 20 Kas\u0131m 2025 tarihinde saat 14.00 itibariyle kongre fuaye alan\u0131nda a\u00e7\u0131lacak olan TATD stand\u0131nda ve TATDUS ve TATD kongre sosyal medya hesaplar\u0131nda ilan edilecektir. Ayr\u0131ca kay\u0131t formunda bildirmi\u015f oldu\u011funuz mail adresi ve telefon \u00fczerinden sizlere yar\u0131\u015fmaya kabul durumunuz iletilecektir.<\/p><p><strong>3. Yar\u0131\u015fmaya kat\u0131lmak istiyorum ama partnerim yok. Yine de kat\u0131labilir miyim?<\/strong><\/p><p>Due to the competition's concept, teams must consist of 2 members. If you are unable to find two participants from the same clinic, you can form a team with partners from other clinics.<\/p><p><strong>4. TATDUS e\u015flik\u00e7ileri bize sorularda yard\u0131m edecekler mi?<\/strong><\/p><p>No. They will only accompany you to ensure you are in the right place at the right time during the competition orientation, and they will record your stage times.<\/p><\/div>\n\t\t\t\t\t\t\t<\/div>\n\t\t<\/div>\n\t\t\t\t\t\t<\/div>\n\t\t\t\t<\/div>\n\t\t\t\t\t<\/div>\n\t\t\t\t<\/div>\n\t\t<div class=\"elementor-element elementor-element-ccc619c e-flex e-con-boxed e-con e-parent\" data-id=\"ccc619c\" data-element_type=\"container\" data-e-type=\"container\">\n\t\t\t\t\t<div class=\"e-con-inner\">\n\t\t<div class=\"elementor-element elementor-element-64f93bb e-con-full e-flex e-con e-child\" data-id=\"64f93bb\" data-element_type=\"container\" data-e-type=\"container\" data-settings=\"{&quot;background_background&quot;:&quot;classic&quot;}\">\n\t\t\t\t<div class=\"elementor-element elementor-element-dd27ee4 elementor-widget elementor-widget-heading\" data-id=\"dd27ee4\" data-element_type=\"widget\" data-e-type=\"widget\" data-widget_type=\"heading.default\">\n\t\t\t\t<div class=\"elementor-widget-container\">\n\t\t\t\t\t<h5 class=\"elementor-heading-title elementor-size-default\">Important Dates<\/h5>\t\t\t\t<\/div>\n\t\t\t\t<\/div>\n\t\t\t\t<div class=\"elementor-element elementor-element-d8df017 elementor-widget elementor-widget-text-editor\" data-id=\"d8df017\" data-element_type=\"widget\" data-e-type=\"widget\" data-widget_type=\"text-editor.default\">\n\t\t\t\t<div class=\"elementor-widget-container\">\n\t\t\t\t\t\t\t\t\t<ul class=\"wp-block-list\"><li>Ba\u015fvuru Ba\u015flang\u0131c\u0131:\u00a0<strong>05 Kas\u0131m 2025<\/strong><\/li><li>Ba\u015fvuru Biti\u015fi:<strong>20 Kas\u0131m 2025<\/strong><\/li><li>Tak\u0131mlar\u0131n \u0130lan\u0131:\u00a0<strong>20 Kas\u0131m 2025<\/strong><\/li><li>Competition Date:<strong>\u00a021 Kas\u0131m 2025 \/ Salon C<\/strong><\/li><li>\u00d6d\u00fcl T\u00f6reni:<strong>\u00a022 Kas\u0131m 2025 \/ Gala Gecesi<\/strong><\/li><\/ul>\t\t\t\t\t\t\t\t<\/div>\n\t\t\t\t<\/div>\n\t\t\t\t<\/div>\n\t\t<div class=\"elementor-element elementor-element-19b5878 e-con-full e-flex e-con e-child\" data-id=\"19b5878\" data-element_type=\"container\" data-e-type=\"container\" data-settings=\"{&quot;background_background&quot;:&quot;gradient&quot;}\">\n\t\t\t\t<div class=\"elementor-element elementor-element-ff3bf19 elementor-widget elementor-widget-heading\" data-id=\"ff3bf19\" data-element_type=\"widget\" data-e-type=\"widget\" data-widget_type=\"heading.default\">\n\t\t\t\t<div class=\"elementor-widget-container\">\n\t\t\t\t\t<h5 class=\"elementor-heading-title elementor-size-default\">Awards<\/h5>\t\t\t\t<\/div>\n\t\t\t\t<\/div>\n\t\t\t\t<div class=\"elementor-element elementor-element-0ce51fd elementor-widget elementor-widget-text-editor\" data-id=\"0ce51fd\" data-element_type=\"widget\" data-e-type=\"widget\" data-widget_type=\"text-editor.default\">\n\t\t\t\t<div class=\"elementor-widget-container\">\n\t\t\t\t\t\t\t\t\t<ul class=\"wp-block-list\"><li>T\u00fcm yar\u0131\u015fmac\u0131lara \u201cSonogames T\u00fcrkiye 2025\u201d madalyas\u0131 ve \u201cAcil Ultrasonografi\u201d kitab\u0131 hediye edilecektir.<\/li><li>Awards fort he winning teams (to each competitor);<ul><li>Birincilik \u00f6d\u00fcl\u00fc: 2026 ATAS kay\u0131t\/konaklama, Se\u00e7ece\u011fi bir 2026 y\u0131l\u0131 TATD kursuna \u00fccretsiz kay\u0131t<\/li><\/ul><ul><li>\u0130kincilik \u00f6d\u00fcl\u00fc: 2026 ATAS kay\u0131t, Se\u00e7ece\u011fi bir 2026 y\u0131l\u0131 TATD kursuna \u00fccretsiz kay\u0131t<\/li><\/ul><ul class=\"wp-block-list\"><li>\u00dc\u00e7\u00fcnc\u00fcl\u00fck \u00f6d\u00fcl\u00fc: 2026 ATAS kay\u0131t<\/li><\/ul><\/li><li>The awarded prize cannot be transferred to another name and can only be used in the year it is valid.<\/li><\/ul>\t\t\t\t\t\t\t\t<\/div>\n\t\t\t\t<\/div>\n\t\t\t\t<\/div>\n\t\t\t\t\t<\/div>\n\t\t\t\t<\/div>\n\t\t\t\t<\/div>","protected":false},"excerpt":{"rendered":"<p>Hakk\u0131nda T\u00fcrkiye Acil T\u0131p Derne\u011fi Ultrasonografi \u00c7al\u0131\u015fma Grubu (TATDUS) taraf\u0131ndan ilki 2016 y\u0131l\u0131nda d\u00fczenlenen Ultrasonografi Yar\u0131\u015fmam\u0131z Akademik Acil T\u0131p Derne\u011fi\u2019nin (SAEM) sonraki y\u0131llarda yar\u0131\u015fmam\u0131za ilgisi ile SONOGAMES T\u00fcrkiye ad\u0131 alt\u0131nda her y\u0131l geleneksel olarak d\u00fczenlenmeye ba\u015fland\u0131. Acil T\u0131p Asistanlar\u0131n\u0131 bir araya getiren kritik hastada ultrasonografi becerilerini e\u011flenerek \u00f6\u011frenmeye te\u015fvik eden yar\u0131\u015fmada bu y\u0131l \u201cAcil Servisler [&hellip;]<\/p>\n","protected":false},"author":1,"featured_media":0,"parent":0,"menu_order":0,"comment_status":"closed","ping_status":"closed","template":"","meta":{"_eb_attr":"","footnotes":""},"class_list":["post-780","page","type-page","status-publish","hentry"],"blocksy_meta":[],"_links":{"self":[{"href":"https:\/\/eacem.org\/2025\/en\/wp-json\/wp\/v2\/pages\/780","targetHints":{"allow":["GET"]}}],"collection":[{"href":"https:\/\/eacem.org\/2025\/en\/wp-json\/wp\/v2\/pages"}],"about":[{"href":"https:\/\/eacem.org\/2025\/en\/wp-json\/wp\/v2\/types\/page"}],"author":[{"embeddable":true,"href":"https:\/\/eacem.org\/2025\/en\/wp-json\/wp\/v2\/users\/1"}],"replies":[{"embeddable":true,"href":"https:\/\/eacem.org\/2025\/en\/wp-json\/wp\/v2\/comments?post=780"}],"version-history":[{"count":49,"href":"https:\/\/eacem.org\/2025\/en\/wp-json\/wp\/v2\/pages\/780\/revisions"}],"predecessor-version":[{"id":4149,"href":"https:\/\/eacem.org\/2025\/en\/wp-json\/wp\/v2\/pages\/780\/revisions\/4149"}],"wp:attachment":[{"href":"https:\/\/eacem.org\/2025\/en\/wp-json\/wp\/v2\/media?parent=780"}],"curies":[{"name":"wp","href":"https:\/\/api.w.org\/{rel}","templated":true}]}}