{"id":717,"date":"2024-08-06T14:29:37","date_gmt":"2024-08-06T14:29:37","guid":{"rendered":"https:\/\/eacem.org\/2025\/?page_id=717"},"modified":"2025-11-15T16:51:08","modified_gmt":"2025-11-15T16:51:08","slug":"innovem-zone","status":"publish","type":"page","link":"https:\/\/eacem.org\/2025\/en\/innovem-zone\/","title":{"rendered":"InnovEM Zone"},"content":{"rendered":"<div data-elementor-type=\"wp-page\" data-elementor-id=\"717\" class=\"elementor elementor-717\" data-elementor-post-type=\"page\">\n\t\t\t\t<div class=\"elementor-element elementor-element-c8662fb e-flex e-con-boxed e-con e-parent\" data-id=\"c8662fb\" data-element_type=\"container\" data-e-type=\"container\">\n\t\t\t\t\t<div class=\"e-con-inner\">\n\t\t\t\t<div class=\"elementor-element elementor-element-35b58b2 elementor-widget elementor-widget-image\" data-id=\"35b58b2\" data-element_type=\"widget\" data-e-type=\"widget\" data-widget_type=\"image.default\">\n\t\t\t\t<div class=\"elementor-widget-container\">\n\t\t\t\t\t\t\t\t\t\t\t\t\t\t\t<img fetchpriority=\"high\" decoding=\"async\" width=\"768\" height=\"260\" src=\"https:\/\/eacem.org\/2025\/wp-content\/uploads\/2024\/08\/innovemlogo-02.png\" class=\"attachment-medium_large size-medium_large wp-image-727\" alt=\"\" \/>\t\t\t\t\t\t\t\t\t\t\t\t\t\t\t<\/div>\n\t\t\t\t<\/div>\n\t\t\t\t<div class=\"elementor-element elementor-element-f7e751b elementor-widget elementor-widget-heading\" data-id=\"f7e751b\" data-element_type=\"widget\" data-e-type=\"widget\" data-widget_type=\"heading.default\">\n\t\t\t\t<div class=\"elementor-widget-container\">\n\t\t\t\t\t<h5 class=\"elementor-heading-title elementor-size-default\">Program<\/h5>\t\t\t\t<\/div>\n\t\t\t\t<\/div>\n\t\t\t\t<div class=\"elementor-element elementor-element-194d02b elementor-widget elementor-widget-image\" data-id=\"194d02b\" data-element_type=\"widget\" data-e-type=\"widget\" data-widget_type=\"image.default\">\n\t\t\t\t<div class=\"elementor-widget-container\">\n\t\t\t\t\t\t\t\t\t\t\t\t\t\t\t<img decoding=\"async\" width=\"682\" height=\"737\" src=\"https:\/\/eacem.org\/2025\/wp-content\/uploads\/2025\/11\/innovem-program.jpg\" class=\"attachment-large size-large wp-image-4453\" alt=\"\" srcset=\"https:\/\/eacem.org\/2025\/wp-content\/uploads\/2025\/11\/innovem-program.jpg 682w, https:\/\/eacem.org\/2025\/wp-content\/uploads\/2025\/11\/innovem-program-278x300.jpg 278w, https:\/\/eacem.org\/2025\/wp-content\/uploads\/2025\/11\/innovem-program-139x150.jpg 139w, https:\/\/eacem.org\/2025\/wp-content\/uploads\/2025\/11\/innovem-program-11x12.jpg 11w\" sizes=\"(max-width: 682px) 100vw, 682px\" \/>\t\t\t\t\t\t\t\t\t\t\t\t\t\t\t<\/div>\n\t\t\t\t<\/div>\n\t\t\t\t<div class=\"elementor-element elementor-element-4819e43 elementor-hidden-desktop elementor-hidden-tablet elementor-hidden-mobile elementor-widget elementor-widget-heading\" data-id=\"4819e43\" data-element_type=\"widget\" data-e-type=\"widget\" data-widget_type=\"heading.default\">\n\t\t\t\t<div class=\"elementor-widget-container\">\n\t\t\t\t\t<h5 class=\"elementor-heading-title elementor-size-default\">About InnovEM Application Area and Simulation Event<\/h5>\t\t\t\t<\/div>\n\t\t\t\t<\/div>\n\t\t\t\t<div class=\"elementor-element elementor-element-3f140ef elementor-hidden-desktop elementor-hidden-tablet elementor-hidden-mobile elementor-widget elementor-widget-text-editor\" data-id=\"3f140ef\" data-element_type=\"widget\" data-e-type=\"widget\" data-widget_type=\"text-editor.default\">\n\t\t\t\t<div class=\"elementor-widget-container\">\n\t\t\t\t\t\t\t\t\t<p class=\"translation-block\">InnovEM Zone, where new technologies and simulation in Emergency Medicine are effectively combined in the field, is taking place again at EACEM 2024. The <strong>\"InnovEM Zone\"<\/strong> area, which has been organised for the first time in our country since the day it set out with the slogan <strong>\"Technology in Action\"<\/strong>, will show the reflections of technology on the practice of Emergency Medicine on simulated patient scenarios.<\/p><p>The event, which will be organised by the TATD InnovEM Zone team, will be held in the <strong>\"InnovEM Application Area\"<\/strong>, which is equipped with an advanced technology resuscitation room within the stand area. Critical patient, Cardiac arrest, Multi-trauma, Shortness of breath, War wounded and many Emergency Medicine scenarios will be intervened by the 'InnovEM Team' in the application area.<strong>InnovEM \u00a0Uygulama Alan\u0131<\/strong>\u2019 i\u00e7inde ger\u00e7ekle\u015ftirilecektir. Kritik hasta, Kardiyak arrest, Multi-travma, Nefes darl\u0131\u011f\u0131, Sava\u015f yaral\u0131s\u0131 ve bir\u00e7ok Acil T\u0131p konulu senaryolara uygulama alan\u0131 i\u00e7inde \u2018InnovEM Tak\u0131m\u0131\u2019 taraf\u0131ndan m\u00fcdahale edilecektir.<\/p><p>During the application, they will give information about the distinctive features of the devices and technologies used in the scenarios. After the scenario, questions will be asked to the team members and evaluation will be made with those who watch the scenario. The whole event will be recorded with cameras and can be watched live on the screens in the foyer area and EACEM 2024 mobile application.<\/p><p>If you want to follow the future in today's world where artificial intelligence is actively used, we welcome you all to the InnovEM Application Area and Simulation Show at EACEM 2024.<\/p>\t\t\t\t\t\t\t\t<\/div>\n\t\t\t\t<\/div>\n\t\t\t\t\t<\/div>\n\t\t\t\t<\/div>\n\t\t\t\t<\/div>","protected":false},"excerpt":{"rendered":"<p>Program InnovEM Uygulama Alan\u0131 ve Sim\u00fclasyon Etkinili\u011fi Hakk\u0131nda Acil T\u0131p\u2019ta yeni teknolojilerin ve sim\u00fclasyonun alanda etkin birle\u015ferek ger\u00e7ekle\u015fti\u011fi InnovEM Zone yeniden EACEM 2024\u2019te ger\u00e7ekle\u015fiyor. \u00dclkemizde ilk kez d\u00fczenlenen \u201cInnovEM Zone\u201d alan\u0131 \u201cTechnology in Action\u201d slogan\u0131 ile yola \u00e7\u0131kt\u0131\u011f\u0131 g\u00fcnden beri, teknolojinin Acil T\u0131p prati\u011fine yans\u0131malar\u0131 sim\u00fcle hasta senaryolar\u0131 \u00fczerinde uygulamal\u0131 olarak g\u00f6sterilecektir. TATD InnovEM Zone [&hellip;]<\/p>\n","protected":false},"author":1,"featured_media":0,"parent":0,"menu_order":0,"comment_status":"closed","ping_status":"closed","template":"","meta":{"_eb_attr":"","footnotes":""},"class_list":["post-717","page","type-page","status-publish","hentry"],"blocksy_meta":[],"_links":{"self":[{"href":"https:\/\/eacem.org\/2025\/en\/wp-json\/wp\/v2\/pages\/717","targetHints":{"allow":["GET"]}}],"collection":[{"href":"https:\/\/eacem.org\/2025\/en\/wp-json\/wp\/v2\/pages"}],"about":[{"href":"https:\/\/eacem.org\/2025\/en\/wp-json\/wp\/v2\/types\/page"}],"author":[{"embeddable":true,"href":"https:\/\/eacem.org\/2025\/en\/wp-json\/wp\/v2\/users\/1"}],"replies":[{"embeddable":true,"href":"https:\/\/eacem.org\/2025\/en\/wp-json\/wp\/v2\/comments?post=717"}],"version-history":[{"count":16,"href":"https:\/\/eacem.org\/2025\/en\/wp-json\/wp\/v2\/pages\/717\/revisions"}],"predecessor-version":[{"id":4456,"href":"https:\/\/eacem.org\/2025\/en\/wp-json\/wp\/v2\/pages\/717\/revisions\/4456"}],"wp:attachment":[{"href":"https:\/\/eacem.org\/2025\/en\/wp-json\/wp\/v2\/media?parent=717"}],"curies":[{"name":"wp","href":"https:\/\/api.w.org\/{rel}","templated":true}]}}