{"id":4508,"date":"2025-11-19T07:39:35","date_gmt":"2025-11-19T07:39:35","guid":{"rendered":"https:\/\/eacem.org\/2025\/?page_id=4508"},"modified":"2025-11-19T07:51:55","modified_gmt":"2025-11-19T07:51:55","slug":"ikyd-megakod-yarismasi","status":"publish","type":"page","link":"https:\/\/eacem.org\/2025\/en\/ikyd-megakod-yarismasi\/","title":{"rendered":"ACLS MEGACODE Competition"},"content":{"rendered":"<div data-elementor-type=\"wp-page\" data-elementor-id=\"4508\" class=\"elementor elementor-4508\" data-elementor-post-type=\"page\">\n\t\t\t\t<div class=\"elementor-element elementor-element-bcae0f4 e-flex e-con-boxed e-con e-parent\" data-id=\"bcae0f4\" data-element_type=\"container\" data-e-type=\"container\">\n\t\t\t\t\t<div class=\"e-con-inner\">\n\t\t<div class=\"elementor-element elementor-element-cf098f1 e-con-full e-flex e-con e-child\" data-id=\"cf098f1\" data-element_type=\"container\" data-e-type=\"container\">\n\t\t\t\t<div class=\"elementor-element elementor-element-2fbb18cb elementor-widget elementor-widget-text-editor\" data-id=\"2fbb18cb\" data-element_type=\"widget\" data-e-type=\"widget\" data-widget_type=\"text-editor.default\">\n\t\t\t\t<div class=\"elementor-widget-container\">\n\t\t\t\t\t\t\t\t\t\n<h2 class=\"wp-block-heading\"><strong>Speed, Knowledge, Coordination \u2014 As a Team!<\/strong><\/h2>\n\n\n\n<p class=\"translation-block\">In the most critical moments of emergency medicine, team performance saves lives.\nNow, we\u2019re bringing that moment to the stage!<\/p>\n\n\n\n<p class=\"translation-block\">On 21\u201322 November, the Advanced Cardiac Life Support (ACLS) Megacode Competition will take place in the INNOVEM Zone, where 6-member teams will showcase their skills in high-intensity, scenario-based megacode simulations.<\/p>\n\n\n\n<h5 class=\"wp-block-heading\"><strong>What Will We Evaluate?<\/strong><\/h5>\n\n\n\n<ul class=\"wp-block-list\">\n<li>Team communication<\/li>\n\n\n\n<li>Coordination between roles<\/li>\n\n\n\n<li>Time management<\/li>\n\n\n\n<li>Algorithm accuracy<\/li>\n\n\n\n<li>Clinical decision-making and leadership<\/li>\n\n\n\n<li>Complete and error-free megacode performance<\/li>\n<\/ul>\n\n\n\n<h5 class=\"wp-block-heading\"><strong>Awards Await!<\/strong><\/h5>\n\n\n\n<p class=\"translation-block\">The team with the highest score will be awarded the title of <b>\u201cBest ACLS Team\u201d <\/b>of the congress.<\/p>\n\n\n\n<h5 class=\"wp-block-heading\"><strong>How to Apply?<\/strong><\/h5>\n\n\n\n<p class=\"translation-block\">Form your 6-member team and register via: <a href=\"https:\/\/forms.gle\/xi4pfWsYc1evDUtL6\" target=\"_self\">https:\/\/forms.gle\/xi4pfWsYc1evDUtL6<\/a><\/p>\n\t\t\t\t\t\t\t\t<\/div>\n\t\t\t\t<\/div>\n\t\t\t\t<\/div>\n\t\t<div class=\"elementor-element elementor-element-ada2121 e-con-full e-flex e-con e-child\" data-id=\"ada2121\" data-element_type=\"container\" data-e-type=\"container\">\n\t\t\t\t<div class=\"elementor-element elementor-element-8d776c5 elementor-widget elementor-widget-image\" data-id=\"8d776c5\" data-element_type=\"widget\" data-e-type=\"widget\" data-widget_type=\"image.default\">\n\t\t\t\t<div class=\"elementor-widget-container\">\n\t\t\t\t\t\t\t\t\t\t\t\t\t\t\t<img fetchpriority=\"high\" decoding=\"async\" width=\"1024\" height=\"1024\" src=\"https:\/\/eacem.org\/2025\/wp-content\/uploads\/2025\/11\/ikygd-yarisma-1024x1024.jpg\" class=\"attachment-large size-large wp-image-4510\" alt=\"\" srcset=\"https:\/\/eacem.org\/2025\/wp-content\/uploads\/2025\/11\/ikygd-yarisma-1024x1024.jpg 1024w, https:\/\/eacem.org\/2025\/wp-content\/uploads\/2025\/11\/ikygd-yarisma-300x300.jpg 300w, https:\/\/eacem.org\/2025\/wp-content\/uploads\/2025\/11\/ikygd-yarisma-150x150.jpg 150w, https:\/\/eacem.org\/2025\/wp-content\/uploads\/2025\/11\/ikygd-yarisma-768x768.jpg 768w, https:\/\/eacem.org\/2025\/wp-content\/uploads\/2025\/11\/ikygd-yarisma-12x12.jpg 12w, https:\/\/eacem.org\/2025\/wp-content\/uploads\/2025\/11\/ikygd-yarisma.jpg 1200w\" sizes=\"(max-width: 1024px) 100vw, 1024px\" \/>\t\t\t\t\t\t\t\t\t\t\t\t\t\t\t<\/div>\n\t\t\t\t<\/div>\n\t\t\t\t<\/div>\n\t\t\t\t\t<\/div>\n\t\t\t\t<\/div>\n\t\t\t\t<\/div>","protected":false},"excerpt":{"rendered":"<p>Ekip\u00e7e H\u0131z, Bilgi, Koordinasyon! Acil t\u0131bb\u0131n en kritik anlar\u0131nda ekip performans\u0131 hayat kurtar\u0131r.\u015eimdi o an\u0131 sahneye ta\u015f\u0131yoruz! 21 \u2013 22 Kas\u0131m tarihlerinde INNOVEM Zone\u2019da d\u00fczenlenecek olan \u0130leri Kardiyak Ya\u015fam Deste\u011fi (\u0130KYD) Megakod Yar\u0131\u015fmas\u0131, 6 ki\u015filik ekiplerin ger\u00e7ek zamanl\u0131, senaryo tabanl\u0131 megakod uygulamalar\u0131nda yetkinliklerini g\u00f6sterece\u011fi y\u00fcksek tempolu bir m\u00fccadeledir. Neleri \u00d6l\u00e7ece\u011fiz? \u00d6d\u00fcller Sizi Bekliyor! En y\u00fcksek [&hellip;]<\/p>\n","protected":false},"author":1,"featured_media":0,"parent":0,"menu_order":0,"comment_status":"closed","ping_status":"closed","template":"","meta":{"_eb_attr":"","footnotes":""},"class_list":["post-4508","page","type-page","status-publish","hentry"],"blocksy_meta":[],"_links":{"self":[{"href":"https:\/\/eacem.org\/2025\/en\/wp-json\/wp\/v2\/pages\/4508","targetHints":{"allow":["GET"]}}],"collection":[{"href":"https:\/\/eacem.org\/2025\/en\/wp-json\/wp\/v2\/pages"}],"about":[{"href":"https:\/\/eacem.org\/2025\/en\/wp-json\/wp\/v2\/types\/page"}],"author":[{"embeddable":true,"href":"https:\/\/eacem.org\/2025\/en\/wp-json\/wp\/v2\/users\/1"}],"replies":[{"embeddable":true,"href":"https:\/\/eacem.org\/2025\/en\/wp-json\/wp\/v2\/comments?post=4508"}],"version-history":[{"count":4,"href":"https:\/\/eacem.org\/2025\/en\/wp-json\/wp\/v2\/pages\/4508\/revisions"}],"predecessor-version":[{"id":4513,"href":"https:\/\/eacem.org\/2025\/en\/wp-json\/wp\/v2\/pages\/4508\/revisions\/4513"}],"wp:attachment":[{"href":"https:\/\/eacem.org\/2025\/en\/wp-json\/wp\/v2\/media?parent=4508"}],"curies":[{"name":"wp","href":"https:\/\/api.w.org\/{rel}","templated":true}]}}