{"id":35,"date":"2024-03-19T09:13:45","date_gmt":"2024-03-19T09:13:45","guid":{"rendered":"https:\/\/eacem.org\/2025\/?page_id=35"},"modified":"2025-05-18T12:51:27","modified_gmt":"2025-05-18T12:51:27","slug":"iletisim","status":"publish","type":"page","link":"https:\/\/eacem.org\/2025\/en\/iletisim\/","title":{"rendered":"Contact"},"content":{"rendered":"<div data-elementor-type=\"wp-page\" data-elementor-id=\"35\" class=\"elementor elementor-35\" data-elementor-post-type=\"page\">\n\t\t\t\t<div class=\"elementor-element elementor-element-1050b5cd e-con-full e-flex e-con e-parent\" data-id=\"1050b5cd\" data-element_type=\"container\" data-e-type=\"container\">\n\t\t<div class=\"elementor-element elementor-element-1f0aba32 e-grid e-con-boxed e-con e-child\" data-id=\"1f0aba32\" data-element_type=\"container\" data-e-type=\"container\" data-settings=\"{&quot;background_background&quot;:&quot;gradient&quot;}\">\n\t\t\t\t\t<div class=\"e-con-inner\">\n\t\t<div class=\"elementor-element elementor-element-6e4e95f0 e-con-full e-flex e-con e-child\" data-id=\"6e4e95f0\" data-element_type=\"container\" data-e-type=\"container\" data-settings=\"{&quot;background_background&quot;:&quot;classic&quot;}\">\n\t\t\t\t<div class=\"elementor-element elementor-element-555819a elementor-widget elementor-widget-heading\" data-id=\"555819a\" data-element_type=\"widget\" data-e-type=\"widget\" data-widget_type=\"heading.default\">\n\t\t\t\t<div class=\"elementor-widget-container\">\n\t\t\t\t\t<h5 class=\"elementor-heading-title elementor-size-default\">Scientific Secretariat<\/h5>\t\t\t\t<\/div>\n\t\t\t\t<\/div>\n\t\t\t\t<div class=\"elementor-element elementor-element-71ef74d5 elementor-widget elementor-widget-image\" data-id=\"71ef74d5\" data-element_type=\"widget\" data-e-type=\"widget\" data-widget_type=\"image.default\">\n\t\t\t\t<div class=\"elementor-widget-container\">\n\t\t\t\t\t\t\t\t\t\t\t\t\t\t\t<img decoding=\"async\" width=\"173\" height=\"46\" src=\"https:\/\/eacem.org\/2025\/wp-content\/uploads\/2024\/03\/tatd-renkli-logo.png\" class=\"attachment-medium size-medium wp-image-42\" alt=\"\" \/>\t\t\t\t\t\t\t\t\t\t\t\t\t\t\t<\/div>\n\t\t\t\t<\/div>\n\t\t\t\t<div class=\"elementor-element elementor-element-603cc887 elementor-widget elementor-widget-text-editor\" data-id=\"603cc887\" data-element_type=\"widget\" data-e-type=\"widget\" data-widget_type=\"text-editor.default\">\n\t\t\t\t<div class=\"elementor-widget-container\">\n\t\t\t\t\t\t\t\t\t<p style=\"text-align: center;\">Mustafa Kemal Mah. Dumlup\u0131nar Bulvar\u0131. No: 274 Mahall Ankara, E Blok, Daire No:18 \u00c7ankaya\/Ankara<br \/>Tel: +90 312 438 12 66<br \/>Web: www.tatd.org.tr<br \/>E-mail <a href=\"mailto:bilgi@tatd.org.tr\">bilgi@tatd.org.tr<\/a> \/ <a href=\"mailto:info@tatd.org.tr\">info@tatd.org.tr<\/a><\/p>\t\t\t\t\t\t\t\t<\/div>\n\t\t\t\t<\/div>\n\t\t\t\t<\/div>\n\t\t<div class=\"elementor-element elementor-element-23867f48 e-con-full e-flex e-con e-child\" data-id=\"23867f48\" data-element_type=\"container\" data-e-type=\"container\" data-settings=\"{&quot;background_background&quot;:&quot;classic&quot;}\">\n\t\t\t\t<div class=\"elementor-element elementor-element-64d72b3f elementor-widget elementor-widget-heading\" data-id=\"64d72b3f\" data-element_type=\"widget\" data-e-type=\"widget\" data-widget_type=\"heading.default\">\n\t\t\t\t<div class=\"elementor-widget-container\">\n\t\t\t\t\t<h5 class=\"elementor-heading-title elementor-size-default\">Organizaton Secretariat<\/h5>\t\t\t\t<\/div>\n\t\t\t\t<\/div>\n\t\t\t\t<div class=\"elementor-element elementor-element-50b278b4 elementor-widget__width-initial elementor-widget elementor-widget-image\" data-id=\"50b278b4\" data-element_type=\"widget\" data-e-type=\"widget\" data-widget_type=\"image.default\">\n\t\t\t\t<div class=\"elementor-widget-container\">\n\t\t\t\t\t\t\t\t\t\t\t\t\t\t\t<img decoding=\"async\" width=\"174\" height=\"65\" src=\"https:\/\/eacem.org\/2025\/wp-content\/uploads\/2024\/03\/Bros-Group-Renkli.png\" class=\"attachment-medium size-medium wp-image-43\" alt=\"\" \/>\t\t\t\t\t\t\t\t\t\t\t\t\t\t\t<\/div>\n\t\t\t\t<\/div>\n\t\t\t\t<div class=\"elementor-element elementor-element-4efd2581 elementor-widget elementor-widget-text-editor\" data-id=\"4efd2581\" data-element_type=\"widget\" data-e-type=\"widget\" data-widget_type=\"text-editor.default\">\n\t\t\t\t<div class=\"elementor-widget-container\">\n\t\t\t\t\t\t\t\t\t<p style=\"text-align: center;\"><strong>Hatice \u00c7ilek<\/strong><br \/>Esentepe Mah. Sa\u011flam Fikir Sok. Esen Palas Apt. <br \/>No: 2 D:9 K:2 \u015ei\u015fli \/ \u0130stanbul<br \/>Tel: +90 212 296 66 70<br \/>E-mail <a href=\"mailto:eacem@brosgroup.net\">eacem@brosgroup.net<\/a><\/p>\t\t\t\t\t\t\t\t<\/div>\n\t\t\t\t<\/div>\n\t\t\t\t<\/div>\n\t\t\t\t\t<\/div>\n\t\t\t\t<\/div>\n\t\t\t\t<\/div>\n\t\t<div class=\"elementor-element elementor-element-b5409df e-flex e-con-boxed e-con e-parent\" data-id=\"b5409df\" data-element_type=\"container\" data-e-type=\"container\">\n\t\t\t\t\t<div class=\"e-con-inner\">\n\t\t<div class=\"elementor-element elementor-element-11da4d7 e-flex e-con-boxed e-con e-child\" data-id=\"11da4d7\" data-element_type=\"container\" data-e-type=\"container\">\n\t\t\t\t\t<div class=\"e-con-inner\">\n\t\t\t\t\t<\/div>\n\t\t\t\t<\/div>\n\t\t\t\t\t<\/div>\n\t\t\t\t<\/div>\n\t\t\t\t<\/div>","protected":false},"excerpt":{"rendered":"<p>Bilimsel Sekreterya Mustafa Kemal Mah. Dumlup\u0131nar Bulvar\u0131. No: 274 Mahall Ankara, E Blok, Daire No:18 \u00c7ankaya\/AnkaraTel: +90 312 438 12 66Web: www.tatd.org.trE-posta: bilgi@tatd.org.tr \/ info@tatd.org.tr Organizasyon Sekretaryas\u0131 Hatice \u00c7ilekEsentepe Mah. Sa\u011flam Fikir Sok. Esen Palas Apt. No: 2 D:9 K:2 \u015ei\u015fli \/ \u0130stanbulTel: +90 212 296 66 70E-Posta: eacem@brosgroup.net<\/p>","protected":false},"author":1,"featured_media":0,"parent":0,"menu_order":0,"comment_status":"closed","ping_status":"closed","template":"","meta":{"_eb_attr":"","footnotes":""},"class_list":["post-35","page","type-page","status-publish","hentry"],"blocksy_meta":[],"_links":{"self":[{"href":"https:\/\/eacem.org\/2025\/en\/wp-json\/wp\/v2\/pages\/35","targetHints":{"allow":["GET"]}}],"collection":[{"href":"https:\/\/eacem.org\/2025\/en\/wp-json\/wp\/v2\/pages"}],"about":[{"href":"https:\/\/eacem.org\/2025\/en\/wp-json\/wp\/v2\/types\/page"}],"author":[{"embeddable":true,"href":"https:\/\/eacem.org\/2025\/en\/wp-json\/wp\/v2\/users\/1"}],"replies":[{"embeddable":true,"href":"https:\/\/eacem.org\/2025\/en\/wp-json\/wp\/v2\/comments?post=35"}],"version-history":[{"count":22,"href":"https:\/\/eacem.org\/2025\/en\/wp-json\/wp\/v2\/pages\/35\/revisions"}],"predecessor-version":[{"id":3109,"href":"https:\/\/eacem.org\/2025\/en\/wp-json\/wp\/v2\/pages\/35\/revisions\/3109"}],"wp:attachment":[{"href":"https:\/\/eacem.org\/2025\/en\/wp-json\/wp\/v2\/media?parent=35"}],"curies":[{"name":"wp","href":"https:\/\/api.w.org\/{rel}","templated":true}]}}