{"id":33,"date":"2024-03-19T09:12:44","date_gmt":"2024-03-19T09:12:44","guid":{"rendered":"https:\/\/eacem.org\/2025\/?page_id=33"},"modified":"2025-05-18T13:24:24","modified_gmt":"2025-05-18T13:24:24","slug":"onerileriniz","status":"publish","type":"page","link":"https:\/\/eacem.org\/2025\/en\/onerileriniz\/","title":{"rendered":"Suggestions"},"content":{"rendered":"<h5 class=\"wp-block-heading\">Do you have any suggestions for the congress organizing committee?<\/h5>\n\n\n\n<p>We hope that TATKON &amp; EACEM 2025 will become more efficient, effective, and participant-focused with your contributions. Therefore, it is very important for us that you share your opinions, suggestions, and evaluations regarding the congress. You can share your thoughts under the following topics:<\/p>\n\n\n\n<!-- form.123formbuilder.com script begins here -->\n<script type=\"text\/javascript\" defer src=\"https:\/\/form.123formbuilder.com\/embed\/6846253.js\" data-role=\"form\" data-default-width=\"800px\" data-custom-vars=\"hasEmbedFormStyle=1&#038;hasTransparentBg=1\"><\/script>\n<!-- form.123formbuilder.com script ends here -->","protected":false},"excerpt":{"rendered":"<p>Kongre d\u00fczenleme kuruluna s\u00f6ylemek istedi\u011fin var m\u0131? TATKON &amp; EACEM 2025\u2019in sizlerin katk\u0131lar\u0131yla daha verimli, etkili ve kat\u0131l\u0131mc\u0131 odakl\u0131 hale gelmesini arzu ediyoruz. Bu nedenle kongreye dair g\u00f6r\u00fc\u015f, \u00f6neri ve de\u011ferlendirmelerinizi bizimle payla\u015fman\u0131z b\u00fcy\u00fck \u00f6nem ta\u015f\u0131yor. A\u015fa\u011f\u0131daki ba\u015fl\u0131klar alt\u0131nda d\u00fc\u015f\u00fcncelerinizi iletebilirsiniz:<\/p>","protected":false},"author":1,"featured_media":0,"parent":0,"menu_order":0,"comment_status":"closed","ping_status":"closed","template":"","meta":{"_eb_attr":"","footnotes":""},"class_list":["post-33","page","type-page","status-publish","hentry"],"blocksy_meta":[],"_links":{"self":[{"href":"https:\/\/eacem.org\/2025\/en\/wp-json\/wp\/v2\/pages\/33","targetHints":{"allow":["GET"]}}],"collection":[{"href":"https:\/\/eacem.org\/2025\/en\/wp-json\/wp\/v2\/pages"}],"about":[{"href":"https:\/\/eacem.org\/2025\/en\/wp-json\/wp\/v2\/types\/page"}],"author":[{"embeddable":true,"href":"https:\/\/eacem.org\/2025\/en\/wp-json\/wp\/v2\/users\/1"}],"replies":[{"embeddable":true,"href":"https:\/\/eacem.org\/2025\/en\/wp-json\/wp\/v2\/comments?post=33"}],"version-history":[{"count":6,"href":"https:\/\/eacem.org\/2025\/en\/wp-json\/wp\/v2\/pages\/33\/revisions"}],"predecessor-version":[{"id":3153,"href":"https:\/\/eacem.org\/2025\/en\/wp-json\/wp\/v2\/pages\/33\/revisions\/3153"}],"wp:attachment":[{"href":"https:\/\/eacem.org\/2025\/en\/wp-json\/wp\/v2\/media?parent=33"}],"curies":[{"name":"wp","href":"https:\/\/api.w.org\/{rel}","templated":true}]}}