{"id":2935,"date":"2025-05-17T10:31:25","date_gmt":"2025-05-17T10:31:25","guid":{"rendered":"https:\/\/eacem.org\/2025\/?page_id=2935"},"modified":"2025-11-22T18:15:14","modified_gmt":"2025-11-22T18:15:14","slug":"eacem-2025-front-page","status":"publish","type":"page","link":"https:\/\/eacem.org\/2025\/en\/","title":{"rendered":"EACEM &#8211; TATKON 2025"},"content":{"rendered":"\t\t<div data-elementor-type=\"wp-page\" data-elementor-id=\"2935\" class=\"elementor elementor-2935\" data-elementor-post-type=\"page\">\n\t\t\t\t<div class=\"elementor-element elementor-element-d2bf485 e-con-full e-flex e-con e-parent\" data-id=\"d2bf485\" data-element_type=\"container\" data-e-type=\"container\">\n\t\t<div class=\"elementor-element elementor-element-e82c11e e-con-full e-flex e-con e-child\" data-id=\"e82c11e\" data-element_type=\"container\" data-e-type=\"container\">\n\t\t\t\t<div class=\"elementor-element elementor-element-f390980 elementor-widget elementor-widget-html\" data-id=\"f390980\" data-element_type=\"widget\" data-e-type=\"widget\" data-widget_type=\"html.default\">\n\t\t\t\t<div class=\"elementor-widget-container\">\n\t\t\t\t\t<div style=\"background: #460B0C; color: #fff; font-size: 11pt; padding: 12px 8px 8px 8px; text-align:center;\"> <marquee direction=\"left\" width=\"100%\" behavior=\"alternate\" scrollmount=\"1\" style\"text-align:center;\" >\r\n  <span style=\"text-align:center;\">11. Avrasya Acil T\u0131p Kongresi ve 21. T\u00fcrkiye Acil T\u0131p Kongresi TTB STE\/SMG Akreditasyon-Kredilendirme Kurulu bu etkinli\u011fi <b>20.5 TTB STE\/SMG Kredisi<\/b> ile<\/br>&nbsp;&nbsp;&nbsp;&nbsp;&nbsp;&nbsp;&nbsp;&nbsp;&nbsp;&nbsp;&nbsp;&nbsp;&nbsp;&nbsp;&nbsp;&nbsp;&nbsp;&nbsp;&nbsp;&nbsp;&nbsp;&nbsp;&nbsp;&nbsp;&nbsp;&nbsp;&nbsp;ve S\u00fcrekli T\u0131p E\u011fitimi Akreditasyon Konseyi (EACCME\u00ae) taraf\u0131ndan 16 Avrupa CME kredisi (ECMEC\u00ae) ile akredite edilmi\u015ftir. <\/span><\/marquee>\r\n<\/div>\r\n\t\t\t\t<\/div>\n\t\t\t\t<\/div>\n\t\t\t\t<\/div>\n\t\t\t\t<\/div>\n\t\t<div class=\"elementor-element elementor-element-9bf5475 e-flex e-con-boxed e-con e-parent\" data-id=\"9bf5475\" data-element_type=\"container\" data-e-type=\"container\" data-settings=\"{&quot;background_background&quot;:&quot;gradient&quot;}\">\n\t\t\t\t\t<div class=\"e-con-inner\">\n\t\t\t\t<div class=\"elementor-element elementor-element-3890d28 elementor-arrows-position-inside elementor-pagination-position-outside elementor-widget elementor-widget-image-carousel\" data-id=\"3890d28\" data-element_type=\"widget\" data-e-type=\"widget\" data-settings=\"{&quot;slides_to_show&quot;:&quot;4&quot;,&quot;autoplay_speed&quot;:3000,&quot;image_spacing_custom&quot;:{&quot;unit&quot;:&quot;px&quot;,&quot;size&quot;:15,&quot;sizes&quot;:[]},&quot;navigation&quot;:&quot;both&quot;,&quot;autoplay&quot;:&quot;yes&quot;,&quot;pause_on_hover&quot;:&quot;yes&quot;,&quot;pause_on_interaction&quot;:&quot;yes&quot;,&quot;infinite&quot;:&quot;yes&quot;,&quot;speed&quot;:500,&quot;image_spacing_custom_tablet&quot;:{&quot;unit&quot;:&quot;px&quot;,&quot;size&quot;:&quot;&quot;,&quot;sizes&quot;:[]},&quot;image_spacing_custom_mobile&quot;:{&quot;unit&quot;:&quot;px&quot;,&quot;size&quot;:&quot;&quot;,&quot;sizes&quot;:[]}}\" data-widget_type=\"image-carousel.default\">\n\t\t\t\t<div class=\"elementor-widget-container\">\n\t\t\t\t\t\t\t<div class=\"elementor-image-carousel-wrapper swiper\" role=\"region\" aria-roledescription=\"carousel\" aria-label=\"Image Carousel\" dir=\"ltr\">\n\t\t\t<div class=\"elementor-image-carousel swiper-wrapper\" aria-live=\"off\">\n\t\t\t\t\t\t\t\t<div class=\"swiper-slide\" role=\"group\" aria-roledescription=\"slide\" aria-label=\"1 of 11\"><figure class=\"swiper-slide-inner\"><img decoding=\"async\" class=\"swiper-slide-image\" src=\"https:\/\/eacem.org\/2025\/wp-content\/uploads\/2025\/11\/Hareketliler_App-Emathon-640x1024.jpg\" alt=\"Hareketliler_App-Emathon\" \/><\/figure><\/div><div class=\"swiper-slide\" role=\"group\" aria-roledescription=\"slide\" aria-label=\"2 of 11\"><figure class=\"swiper-slide-inner\"><img decoding=\"async\" class=\"swiper-slide-image\" src=\"https:\/\/eacem.org\/2025\/wp-content\/uploads\/2025\/11\/App-Bonsai-640x1024.jpg\" alt=\"App-Bonsai\" \/><\/figure><\/div><div class=\"swiper-slide\" role=\"group\" aria-roledescription=\"slide\" aria-label=\"3 of 11\"><figure class=\"swiper-slide-inner\"><img decoding=\"async\" class=\"swiper-slide-image\" src=\"https:\/\/eacem.org\/2025\/wp-content\/uploads\/2025\/11\/Hareketliler_App-Sonogames-640x1024.jpg\" alt=\"Hareketliler_App-Sonogames\" \/><\/figure><\/div><div class=\"swiper-slide\" role=\"group\" aria-roledescription=\"slide\" aria-label=\"4 of 11\"><figure class=\"swiper-slide-inner\"><img decoding=\"async\" class=\"swiper-slide-image\" src=\"https:\/\/eacem.org\/2025\/wp-content\/uploads\/2025\/11\/App-Consensus-copy-1-640x1024.jpg\" alt=\"App-Consensus copy\" \/><\/figure><\/div><div class=\"swiper-slide\" role=\"group\" aria-roledescription=\"slide\" aria-label=\"5 of 11\"><figure class=\"swiper-slide-inner\"><img decoding=\"async\" class=\"swiper-slide-image\" src=\"https:\/\/eacem.org\/2025\/wp-content\/uploads\/2025\/11\/App-IKYD-yarisma-640x1024.jpg\" alt=\"App-IKYD yar\u0131s\u0327ma\" \/><\/figure><\/div><div class=\"swiper-slide\" role=\"group\" aria-roledescription=\"slide\" aria-label=\"6 of 11\"><figure class=\"swiper-slide-inner\"><img decoding=\"async\" class=\"swiper-slide-image\" src=\"https:\/\/eacem.org\/2025\/wp-content\/uploads\/2025\/11\/App-fidan-bagisi-640x1024.jpg\" alt=\"App-fidan-bag\u0306\u0131s\u0327\u0131\" \/><\/figure><\/div><div class=\"swiper-slide\" role=\"group\" aria-roledescription=\"slide\" aria-label=\"7 of 11\"><figure class=\"swiper-slide-inner\"><img decoding=\"async\" class=\"swiper-slide-image\" src=\"https:\/\/eacem.org\/2025\/wp-content\/uploads\/2025\/11\/App-Gala-640x1024.jpg\" alt=\"App-Gala\" \/><\/figure><\/div><div class=\"swiper-slide\" role=\"group\" aria-roledescription=\"slide\" aria-label=\"8 of 11\"><figure class=\"swiper-slide-inner\"><img decoding=\"async\" class=\"swiper-slide-image\" src=\"https:\/\/eacem.org\/2025\/wp-content\/uploads\/2025\/11\/Hareketliler_App-Kukla-640x1024.jpg\" alt=\"Hareketliler_App-Kukla\" \/><\/figure><\/div><div class=\"swiper-slide\" role=\"group\" aria-roledescription=\"slide\" aria-label=\"9 of 11\"><figure class=\"swiper-slide-inner\"><img decoding=\"async\" class=\"swiper-slide-image\" src=\"https:\/\/eacem.org\/2025\/wp-content\/uploads\/2025\/11\/Hareketliler_App-Rulout-640x1024.jpg\" alt=\"Hareketliler_App-Rulout\" \/><\/figure><\/div><div class=\"swiper-slide\" role=\"group\" aria-roledescription=\"slide\" aria-label=\"10 of 11\"><figure class=\"swiper-slide-inner\"><img decoding=\"async\" class=\"swiper-slide-image\" src=\"https:\/\/eacem.org\/2025\/wp-content\/uploads\/2025\/11\/App-AFAD-640x1024.jpg\" alt=\"App-AFAD\" \/><\/figure><\/div><div class=\"swiper-slide\" role=\"group\" aria-roledescription=\"slide\" aria-label=\"11 of 11\"><figure class=\"swiper-slide-inner\"><img decoding=\"async\" class=\"swiper-slide-image\" src=\"https:\/\/eacem.org\/2025\/wp-content\/uploads\/2025\/11\/App-CPR-Race-640x1024.jpg\" alt=\"App-CPR Race\" \/><\/figure><\/div>\t\t\t<\/div>\n\t\t\t\t\t\t\t\t\t\t\t\t<div class=\"elementor-swiper-button elementor-swiper-button-prev\" role=\"button\" tabindex=\"0\">\n\t\t\t\t\t\t<svg aria-hidden=\"true\" class=\"e-font-icon-svg e-eicon-chevron-left\" viewBox=\"0 0 1000 1000\" xmlns=\"http:\/\/www.w3.org\/2000\/svg\"><path d=\"M646 125C629 125 613 133 604 142L308 442C296 454 292 471 292 487 292 504 296 521 308 533L604 854C617 867 629 875 646 875 663 875 679 871 692 858 704 846 713 829 713 812 713 796 708 779 692 767L438 487 692 225C700 217 708 204 708 187 708 171 704 154 692 142 675 129 663 125 646 125Z\"><\/path><\/svg>\t\t\t\t\t<\/div>\n\t\t\t\t\t<div class=\"elementor-swiper-button elementor-swiper-button-next\" role=\"button\" tabindex=\"0\">\n\t\t\t\t\t\t<svg aria-hidden=\"true\" class=\"e-font-icon-svg e-eicon-chevron-right\" viewBox=\"0 0 1000 1000\" xmlns=\"http:\/\/www.w3.org\/2000\/svg\"><path d=\"M696 533C708 521 713 504 713 487 713 471 708 454 696 446L400 146C388 133 375 125 354 125 338 125 325 129 313 142 300 154 292 171 292 187 292 204 296 221 308 233L563 492 304 771C292 783 288 800 288 817 288 833 296 850 308 863 321 871 338 875 354 875 371 875 388 867 400 854L696 533Z\"><\/path><\/svg>\t\t\t\t\t<\/div>\n\t\t\t\t\n\t\t\t\t\t\t\t\t\t<div class=\"swiper-pagination\"><\/div>\n\t\t\t\t\t\t\t\t\t<\/div>\n\t\t\t\t\t\t<\/div>\n\t\t\t\t<\/div>\n\t\t\t\t\t<\/div>\n\t\t\t\t<\/div>\n\t\t<div class=\"elementor-element elementor-element-3df97de e-con-full e-flex e-con e-parent\" data-id=\"3df97de\" data-element_type=\"container\" data-e-type=\"container\" data-settings=\"{&quot;background_background&quot;:&quot;video&quot;,&quot;background_video_link&quot;:&quot;https:\\\/\\\/eacem.org\\\/2025\\\/Docs\\\/Main-Comp-1.mp4&quot;,&quot;background_play_on_mobile&quot;:&quot;yes&quot;}\">\n\t\t<div class=\"elementor-background-video-container\">\n\t\t\t\t\t\t\t<video class=\"elementor-background-video-hosted\" role=\"presentation\" autoplay muted playsinline loop><\/video>\n\t\t\t\t\t<\/div><div class=\"elementor-element elementor-element-22b37b9 e-con-full e-flex e-con e-child\" data-id=\"22b37b9\" data-element_type=\"container\" data-e-type=\"container\">\n\t\t\t\t<div class=\"elementor-element elementor-element-ee3ecc3 elementor-widget elementor-widget-image\" data-id=\"ee3ecc3\" data-element_type=\"widget\" data-e-type=\"widget\" data-widget_type=\"image.default\">\n\t\t\t\t<div class=\"elementor-widget-container\">\n\t\t\t\t\t\t\t\t\t\t\t\t\t\t\t<img decoding=\"async\" width=\"150\" height=\"150\" src=\"https:\/\/eacem.org\/2025\/wp-content\/uploads\/2025\/05\/scroll1.gif\" class=\"attachment-large size-large wp-image-2997\" alt=\"\" srcset=\"https:\/\/eacem.org\/2025\/wp-content\/uploads\/2025\/05\/scroll1.gif 150w, https:\/\/eacem.org\/2025\/wp-content\/uploads\/2025\/05\/scroll1-12x12.gif 12w\" sizes=\"(max-width: 150px) 100vw, 150px\" \/>\t\t\t\t\t\t\t\t\t\t\t\t\t\t\t<\/div>\n\t\t\t\t<\/div>\n\t\t\t\t<\/div>\n\t\t\t\t<\/div>\n\t\t<div class=\"elementor-element elementor-element-5ffc721 e-transform e-flex e-con-boxed e-con e-parent\" data-id=\"5ffc721\" data-element_type=\"container\" data-e-type=\"container\" data-settings=\"{&quot;background_background&quot;:&quot;classic&quot;,&quot;background_motion_fx_motion_fx_scrolling&quot;:&quot;yes&quot;,&quot;background_motion_fx_translateY_effect&quot;:&quot;yes&quot;,&quot;background_motion_fx_translateY_speed&quot;:{&quot;unit&quot;:&quot;px&quot;,&quot;size&quot;:7,&quot;sizes&quot;:[]},&quot;_transform_translateX_effect&quot;:{&quot;unit&quot;:&quot;px&quot;,&quot;size&quot;:0,&quot;sizes&quot;:[]},&quot;_transform_translateY_effect&quot;:{&quot;unit&quot;:&quot;px&quot;,&quot;size&quot;:-105,&quot;sizes&quot;:[]},&quot;_transform_translateX_effect_mobile&quot;:{&quot;unit&quot;:&quot;px&quot;,&quot;size&quot;:0,&quot;sizes&quot;:[]},&quot;_transform_translateY_effect_mobile&quot;:{&quot;unit&quot;:&quot;px&quot;,&quot;size&quot;:-120,&quot;sizes&quot;:[]},&quot;background_motion_fx_translateY_affectedRange&quot;:{&quot;unit&quot;:&quot;%&quot;,&quot;size&quot;:&quot;&quot;,&quot;sizes&quot;:{&quot;start&quot;:0,&quot;end&quot;:100}},&quot;background_motion_fx_devices&quot;:[&quot;desktop&quot;,&quot;tablet&quot;,&quot;mobile&quot;],&quot;_transform_translateX_effect_tablet&quot;:{&quot;unit&quot;:&quot;px&quot;,&quot;size&quot;:&quot;&quot;,&quot;sizes&quot;:[]},&quot;_transform_translateY_effect_tablet&quot;:{&quot;unit&quot;:&quot;px&quot;,&quot;size&quot;:&quot;&quot;,&quot;sizes&quot;:[]}}\">\n\t\t\t\t\t<div class=\"e-con-inner\">\n\t\t\t\t<div class=\"elementor-element elementor-element-ed7c291 elementor-widget elementor-widget-heading\" data-id=\"ed7c291\" data-element_type=\"widget\" data-e-type=\"widget\" data-widget_type=\"heading.default\">\n\t\t\t\t<div class=\"elementor-widget-container\">\n\t\t\t\t\t<h2 class=\"elementor-heading-title elementor-size-default\">Davet<\/h2>\t\t\t\t<\/div>\n\t\t\t\t<\/div>\n\t\t<div class=\"elementor-element elementor-element-36a26c7 e-con-full e-flex e-con e-child\" data-id=\"36a26c7\" data-element_type=\"container\" data-e-type=\"container\">\n\t\t\t\t<div class=\"elementor-element elementor-element-dcf9b92 elementor-widget__width-initial elementor-widget-mobile__width-initial elementor-widget elementor-widget-image\" data-id=\"dcf9b92\" data-element_type=\"widget\" data-e-type=\"widget\" data-widget_type=\"image.default\">\n\t\t\t\t<div class=\"elementor-widget-container\">\n\t\t\t\t\t\t\t\t\t\t\t\t\t\t\t<img fetchpriority=\"high\" decoding=\"async\" width=\"1024\" height=\"1024\" src=\"https:\/\/eacem.org\/2025\/wp-content\/uploads\/2024\/06\/Bulent-Erbil-1024x1024.jpg\" class=\"attachment-large size-large wp-image-414\" alt=\"\" srcset=\"https:\/\/eacem.org\/2025\/wp-content\/uploads\/2024\/06\/Bulent-Erbil-1024x1024.jpg 1024w, https:\/\/eacem.org\/2025\/wp-content\/uploads\/2024\/06\/Bulent-Erbil-300x300.jpg 300w, https:\/\/eacem.org\/2025\/wp-content\/uploads\/2024\/06\/Bulent-Erbil-150x150.jpg 150w, https:\/\/eacem.org\/2025\/wp-content\/uploads\/2024\/06\/Bulent-Erbil-768x768.jpg 768w, https:\/\/eacem.org\/2025\/wp-content\/uploads\/2024\/06\/Bulent-Erbil-12x12.jpg 12w, https:\/\/eacem.org\/2025\/wp-content\/uploads\/2024\/06\/Bulent-Erbil.jpg 1200w\" sizes=\"(max-width: 1024px) 100vw, 1024px\" \/>\t\t\t\t\t\t\t\t\t\t\t\t\t\t\t<\/div>\n\t\t\t\t<\/div>\n\t\t\t\t<div class=\"elementor-element elementor-element-45245be elementor-widget elementor-widget-text-editor\" data-id=\"45245be\" data-element_type=\"widget\" data-e-type=\"widget\" data-widget_type=\"text-editor.default\">\n\t\t\t\t<div class=\"elementor-widget-container\">\n\t\t\t\t\t\t\t\t\t<p>Sayg\u0131de\u011fer Meslekta\u015flar\u0131m\u0131z,<\/p><p>Acil T\u0131p alan\u0131ndaki en son geli\u015fmeleri ve yenilikleri payla\u015fmak, deneyimlerimizi zenginle\u015ftirmek ve de\u011ferli i\u015f birlikleri kurmak amac\u0131yla ger\u00e7ekle\u015ftirece\u011fimiz 11. Avrasya Acil T\u0131p Kongresi ve 21. T\u00fcrkiye Acil T\u0131p Kongresi&#8217;ne sizleri davet etmekten b\u00fcy\u00fck onur duyuyoruz.<\/p><p>Kongremiz, 20-23 Kas\u0131m 2025 tarihleri aras\u0131nda, Antalya Kaya Palazzo Convention Center ev sahipli\u011finde ger\u00e7ekle\u015ftirilecektir. Alan\u0131nda uzman ulusal ve uluslararas\u0131 konu\u015fmac\u0131lar\u0131n kat\u0131l\u0131m\u0131yla, acil t\u0131bb\u0131n farkl\u0131 disiplinlerini kapsayan zengin bir bilimsel program sizleri bekliyor.<\/p><p>Acil T\u0131bb\u0131n stratejik planlar\u0131n\u0131 olu\u015fturmak, Acil T\u0131bba y\u00f6n vermek ve Acil T\u0131bba liderlik etmek i\u00e7in haz\u0131rlad\u0131\u011f\u0131m\u0131z kongremizin bu y\u0131lki temas\u0131 \u201cAcil T\u0131p Gelece\u011fini Planl\u0131yor\u201d olarak belirlenmi\u015ftir.<\/p><p>Kongremizde Acil T\u0131p alan\u0131n kar\u015f\u0131la\u015ft\u0131\u011f\u0131 klinik, teknolojik ve organizasyonel zorluklar\u0131n ele al\u0131nd\u0131\u011f\u0131 panel tart\u0131\u015fmalar\u0131, sunumlar, interaktif oturumlar, pratik uygulamalar, kurslar ve at\u00f6lye \u00e7al\u0131\u015fmalar\u0131 d\u00fczenlenecek; ulusal ve uluslararas\u0131 alanda tan\u0131nm\u0131\u015f konu\u015fmac\u0131lar bilgi ve deneyimlerini bizlerle payla\u015facaklar.<\/p><p>Gen\u00e7 ara\u015ft\u0131rmac\u0131lar i\u00e7in planlanm\u0131\u015f \u00f6zel oturumlarla, s\u00f6zel ve poster bildiri sunumlar\u0131n\u0131zla bilimsel katk\u0131lar\u0131n\u0131z\u0131 payla\u015fma f\u0131rsat\u0131 bulacaks\u0131n\u0131z. Ayr\u0131ca end\u00fcstri temsilcilerinin yer alaca\u011f\u0131 sergi alan\u0131 ile klinik prati\u011fe katk\u0131 sunan g\u00fcncel teknolojiler kongremizin her alan\u0131nda kat\u0131l\u0131mc\u0131lar\u0131n ilgisine sunulacakt\u0131r.<\/p><p>Acil T\u0131bb\u0131n liderlerini bir araya getirecek olan bu \u00f6nemli etkinlikte, bilgi ve deneyim al\u0131\u015fveri\u015finin yan\u0131 s\u0131ra, yeni dostluklar kurma ve mevcut i\u015f birliklerini g\u00fc\u00e7lendirme imk\u00e2n\u0131 sizleri bekliyor.<\/p><p>\u00dclkemizde d\u00fczenlenen Acil T\u0131bb\u0131n en b\u00fcy\u00fck bilimsel \u015f\u00f6leni siz de\u011ferli meslekta\u015flar\u0131m\u0131z\u0131n kat\u0131l\u0131m\u0131yla daha da zenginle\u015fece\u011fine inan\u0131yor, 20-23 Kas\u0131m 2025 tarihlerinde Antalya Kaya Palazzo Convention Center &#8216;da sizlerle birlikte olmay\u0131 sab\u0131rs\u0131zl\u0131kla bekliyoruz.<\/p><p>Sayg\u0131lar\u0131m\u0131zla,<\/p><p><strong>Do\u00e7. Dr. B\u00fclent Erbil<br \/><\/strong><em>T\u00fcrkiye Acil T\u0131p Derne\u011fi <\/em><br \/><em>Y\u00f6netim Kurulu Ba\u015fkan\u0131<\/em><\/p>\t\t\t\t\t\t\t\t<\/div>\n\t\t\t\t<\/div>\n\t\t\t\t<\/div>\n\t\t\t\t\t<\/div>\n\t\t\t\t<\/div>\n\t\t\t\t<\/div>\n\t\t","protected":false},"excerpt":{"rendered":"<p>11. Avrasya Acil T\u0131p Kongresi ve 21. T\u00fcrkiye Acil T\u0131p Kongresi TTB STE\/SMG Akreditasyon-Kredilendirme Kurulu bu etkinli\u011fi 20.5 TTB STE\/SMG Kredisi ile&nbsp;&nbsp;&nbsp;&nbsp;&nbsp;&nbsp;&nbsp;&nbsp;&nbsp;&nbsp;&nbsp;&nbsp;&nbsp;&nbsp;&nbsp;&nbsp;&nbsp;&nbsp;&nbsp;&nbsp;&nbsp;&nbsp;&nbsp;&nbsp;&nbsp;&nbsp;&nbsp;ve S\u00fcrekli T\u0131p E\u011fitimi Akreditasyon Konseyi (EACCME\u00ae) taraf\u0131ndan 16 Avrupa CME kredisi (ECMEC\u00ae) ile akredite edilmi\u015ftir. Davet Sayg\u0131de\u011fer Meslekta\u015flar\u0131m\u0131z, Acil T\u0131p alan\u0131ndaki en son geli\u015fmeleri ve yenilikleri payla\u015fmak, deneyimlerimizi zenginle\u015ftirmek ve de\u011ferli i\u015f birlikleri [&hellip;]<\/p>\n","protected":false},"author":1,"featured_media":0,"parent":0,"menu_order":0,"comment_status":"closed","ping_status":"closed","template":"elementor_header_footer","meta":{"_eb_attr":"","footnotes":""},"class_list":["post-2935","page","type-page","status-publish","hentry"],"blocksy_meta":[],"_links":{"self":[{"href":"https:\/\/eacem.org\/2025\/en\/wp-json\/wp\/v2\/pages\/2935","targetHints":{"allow":["GET"]}}],"collection":[{"href":"https:\/\/eacem.org\/2025\/en\/wp-json\/wp\/v2\/pages"}],"about":[{"href":"https:\/\/eacem.org\/2025\/en\/wp-json\/wp\/v2\/types\/page"}],"author":[{"embeddable":true,"href":"https:\/\/eacem.org\/2025\/en\/wp-json\/wp\/v2\/users\/1"}],"replies":[{"embeddable":true,"href":"https:\/\/eacem.org\/2025\/en\/wp-json\/wp\/v2\/comments?post=2935"}],"version-history":[{"count":122,"href":"https:\/\/eacem.org\/2025\/en\/wp-json\/wp\/v2\/pages\/2935\/revisions"}],"predecessor-version":[{"id":4576,"href":"https:\/\/eacem.org\/2025\/en\/wp-json\/wp\/v2\/pages\/2935\/revisions\/4576"}],"wp:attachment":[{"href":"https:\/\/eacem.org\/2025\/en\/wp-json\/wp\/v2\/media?parent=2935"}],"curies":[{"name":"wp","href":"https:\/\/api.w.org\/{rel}","templated":true}]}}