{"id":2737,"date":"2024-11-10T13:28:33","date_gmt":"2024-11-10T13:28:33","guid":{"rendered":"https:\/\/eacem.org\/2025\/?page_id=2737"},"modified":"2025-11-18T19:03:54","modified_gmt":"2025-11-18T19:03:54","slug":"atab-forum-2025","status":"publish","type":"page","link":"https:\/\/eacem.org\/2025\/en\/atab-forum-2025\/","title":{"rendered":"ATAB Forum 2025"},"content":{"rendered":"<div data-elementor-type=\"wp-page\" data-elementor-id=\"2737\" class=\"elementor elementor-2737\" data-elementor-post-type=\"page\">\n\t\t\t\t<div class=\"elementor-element elementor-element-7f1a96c e-flex e-con-boxed e-con e-parent\" data-id=\"7f1a96c\" data-element_type=\"container\" data-e-type=\"container\">\n\t\t\t\t\t<div class=\"e-con-inner\">\n\t\t<div class=\"elementor-element elementor-element-8f780f0 e-con-full e-flex e-con e-child\" data-id=\"8f780f0\" data-element_type=\"container\" data-e-type=\"container\">\n\t\t\t\t<div class=\"elementor-element elementor-element-72ab337 elementor-widget elementor-widget-image\" data-id=\"72ab337\" data-element_type=\"widget\" data-e-type=\"widget\" data-widget_type=\"image.default\">\n\t\t\t\t<div class=\"elementor-widget-container\">\n\t\t\t\t\t\t\t\t\t\t\t\t\t\t\t<img fetchpriority=\"high\" decoding=\"async\" width=\"1024\" height=\"180\" src=\"https:\/\/eacem.org\/2025\/wp-content\/uploads\/2024\/11\/atab-1024x180.jpg\" class=\"attachment-large size-large wp-image-2741\" alt=\"\" srcset=\"https:\/\/eacem.org\/2025\/wp-content\/uploads\/2024\/11\/atab-1024x180.jpg 1024w, https:\/\/eacem.org\/2025\/wp-content\/uploads\/2024\/11\/atab-300x53.jpg 300w, https:\/\/eacem.org\/2025\/wp-content\/uploads\/2024\/11\/atab-150x26.jpg 150w, https:\/\/eacem.org\/2025\/wp-content\/uploads\/2024\/11\/atab-768x135.jpg 768w, https:\/\/eacem.org\/2025\/wp-content\/uploads\/2024\/11\/atab-18x3.jpg 18w, https:\/\/eacem.org\/2025\/wp-content\/uploads\/2024\/11\/atab.jpg 1255w\" sizes=\"(max-width: 1024px) 100vw, 1024px\" \/>\t\t\t\t\t\t\t\t\t\t\t\t\t\t\t<\/div>\n\t\t\t\t<\/div>\n\t\t\t\t<\/div>\n\t\t\t\t<div class=\"elementor-element elementor-element-d499e57 elementor-widget elementor-widget-html\" data-id=\"d499e57\" data-element_type=\"widget\" data-e-type=\"widget\" data-widget_type=\"html.default\">\n\t\t\t\t<div class=\"elementor-widget-container\">\n\t\t\t\t\t\t\t<style>\n\t\thr{border: #8E8E8E solid 0.3px;}\n\t\t\n\ttable.program2 { \n\n\tcolor:#333333;\n\n\t\t\n\t\tline-height: 1.3 !important;\n\t\n}\ntable.program2 th {\n\t\n\tpadding: 10px;\n\n\tfont-size: 16pt;\n\tbackground: #1069b0;\n\tcolor: #FFFFFF;\n\t\n}\ntable.program2 td { vertical-align: top;\n\t\n\tpadding: 5px;\n\tborder:#8C8C8C 0.5px solid;\n\t\n}\t\n\t\t\t\n\t\t\t.speakerlink a {color: #0D0D0D; text-decoration: underline;}\n\t\t\t.speakerlink a:hover {color: #574A4A; text-decoration: none;}\n\t\t\t.type {font-size: 8pt;}\n\t\t.session { color: #3F0708; font-weight: 900; line-height: 1.5; }\n\t\t.oral { background: #4CB060;  color: #FFFFFF  }\n\t\t.oral2 { background: #A8E8B5;   }\n\t\t.halla { color: #FFFFFF; background-color: #CC6566; font-weight: bold;  }\n\t\t.hallb { color: #FFFFFF; background-color: #69902E; font-weight: bold; }\n\t\t.hallc { color: #FFFFFF; background-color: #1C75BC; font-weight: bold; }\n\t\t.halld { color: #FFFFFF; background-color: #B07D3C; font-weight: bold; }\n\t\t.halle { color: #FFFFFF; background-color: #90B9B7; font-weight: bold; }\n\t\t.hallf {color: #FFFFFF; background-color: #A56B9F; font-weight: bold; }\n\n\t\t.roundtable{background-color: #D8D8D8; }\n\t\t.plenarystyle{background-color: #F5EECD; }\n\t\t.saat {background: #843133; color: white; padding: 3px; border-radius: 3px; line-height: 1.8;}\n\t\t.parallelstyle {background-color: #B1CBE4; text-align: center}\n\t\t.symposia {background-color: #C6DEEB; text-align: center}\n\t\t.jointstyle {background-color: #4379BD; text-align: center}\n\t\t.green {background-color: #B7E4B1; text-align: center}\n\t\t.green2 {background-color: #D6EFD2; text-align: center}\n\t\t.green3 {background-color: #7FED6D; text-align: center}\n\t\t.purple {background-color: #CBB1E4; text-align: center}\n\t\t.purple2 {background-color: #8D61B7; text-align: center}\n\t\t.white {background-color: #FFFFFF; text-align: center}\n\t\t.plenary {background-color: #ECD1E3; text-align: center}\n\t\t.plenary2 {background-color: #F6C7E6; text-align: center}\n\t\t.invitedspeaker {background-color: #FCE7BF; text-align: center}\n\t\t.keynotestyle {background-color: #E7DDC7; text-align: center}\n\t\t.invitedspeaker3 {background-color: #E4B362; text-align: center}\n\t\t.yellow {background-color: #F7F2A2; text-align: center}\n\t\t.yavruagzi {background-color: #F7C3A2; text-align: center}\n\t\t.grey {background-color: #A2A2A2; text-align: center}\n\t\t.turqu {background-color: #3CD6D0; text-align: center}\n\t\t.turqu2 {background-color: #71E7AC; text-align: center}\n\t\t.session-alt { background: #BADAF1;   }\n\t\t.break { background: #F7F7D8;   }\n\t\t.opening { background: #ECB7B7; }\n\t\t.special { background: #BB8C03; color: #FFFFFF  }\n\t\t.surs { background: #76A439; color: #FFFFFF  }\n\t\t.video { background: #CCA83D; color: #FFFFFF  }\n\t\t.teknoloji { background: #28A02E; color: #FFFFFF  }\n\t\t.siu { background: #1F669A; font-size: 11pt; color: #FFFFFF  }\n\t\t.trackname { background: #666666; color: #FFFFFF ; font-weight: 800; }\n\t\t.trackname2 { background: #E9E9E9;  }\n\t\t.industry { background: #FFFA8F;  }\n\t\t\t.name {font-weight: 800; font-style: italic; color: #2C2C2C}\n\t.invitedspeaker1 {background-color: #F6D087; text-align: center}\n.invitedspeaker1 {background-color: #F6D087; text-align: center}\n\t\t\n\t\n<\/style>\n\n\n<!--3 november -->\n<div style=\"overflow: auto;\">\n  <table width=\"100%\" border=\"1\" cellpadding=\"0\" cellspacing=\"0\" class=\"program2\">\n    <tr>\n      <th colspan=\"2\" valign=\"top\"><p align=\"center\">21 Kas\u0131m 2025 <\/p><\/th>\n    <\/tr>\n    <tr>\n      <td valign=\"top\" nowrap=\"nowrap\"><p align=\"center\">10.00<\/p><\/td>\n      <td valign=\"top\"><p><strong>\u0130yi , K\u00f6t\u00fc , \u00c7irkin<\/strong><\/p>\n        <p><strong>Moderators: <\/strong>Dr.\u0130hsan Unutmaz, Dr.Mustafa Demir<\/p><\/td>\n    <\/tr>\n    <tr>\n      <td valign=\"top\" nowrap=\"nowrap\"><p align=\"center\">14.00<\/p><\/td>\n      <td valign=\"top\"><p><strong>Ayn\u0131 \u00dcniforma, Farkl\u0131 Ger\u00e7eklikler: Acil T\u0131p E\u011fitimi Nas\u0131l Standart Olur?<\/strong><\/p>\n        <p><strong>Moderators:    <\/strong>Dr.Mehmet Ali \u00c7a\u011fatay, Dr.\u00d6zg\u00fcr Ata\u015f, Dr.Mustafa Aytemiz<\/p>\n        <p><strong>Konu\u015fmac\u0131lar:<br>\n        <\/strong>Prof.Dr. Cem Oktay<br>\n        Prof.Dr.Ersin Aksay<br>\n        Do\u00e7.Dr.Ba\u015fak Bayram\u00a0<br>\n        Do\u00e7.Dr.Yunus Emre \u00d6zl\u00fcer<\/p><\/td>\n    <\/tr>\n    <tr>\n      <th colspan=\"2\" valign=\"top\"><p align=\"center\">22 Kas\u0131m 2025<\/p><\/th>\n    <\/tr>\n    <tr>\n      <td valign=\"top\"><p align=\"center\">10.00<\/p><\/td>\n      <td valign=\"top\"><p><strong>D\u00fcn Asistand\u0131k, Bug\u00fcn Hoca: Peki Nas\u0131l?<\/strong><\/p>\n        <p><strong>Moderators:    <\/strong>Dr.\u015euayip Engin Evin, Dr.Buse Din\u00e7er Elcivan<\/p>\n        <p><strong>Konu\u015fmac\u0131lar:<br>\n        <\/strong>Do\u00e7.Dr.Ali Batur<br>\n        Dr.\u00d6\u011fr.\u00dcyesi Melis Efeo\u011flu Sa\u00e7ak<br>\n        Dr.\u00d6\u011fr.\u00dcyesi \u00d6mer Jaradat<br>\n        Dr.\u00d6\u011fr.\u00dcyesi Secdeg\u00fcl Co\u015fkun Ya\u015f<\/p><\/td>\n    <\/tr>\n    <tr>\n      <td valign=\"top\"><p align=\"center\">14.00<\/p><\/td>\n      <td valign=\"top\"><p><strong>Resident Wellbeing: TR-US Perspectives<\/strong><\/p>\n        <p><strong>Moderators:<\/strong>Dr.M.Kamil G\u00f6kta\u015f, Dr.Ertu\u011frul Ye\u015filyurt, Dr.Nuran Bahar Akg\u00f6l, Dr.Umur Azizo\u011flu<\/p>\n        <p><strong>Speaker<\/strong><br>\n        Gillian Schmitz, Uniformed Services University, USA<\/p><\/td>\n    <\/tr>\n  <\/table>\n<\/div>\n<p>&nbsp;<\/p>\n<p>&nbsp;<\/p>\n\t\t\t\t<\/div>\n\t\t\t\t<\/div>\n\t\t\t\t\t<\/div>\n\t\t\t\t<\/div>\n\t\t\t\t<\/div>","protected":false},"excerpt":{"rendered":"<p>21 Kas\u0131m 2025 10.00 \u0130yi , K\u00f6t\u00fc , \u00c7irkin Moderat\u00f6rler: Dr.\u0130hsan Unutmaz, Dr.Mustafa Demir 14.00 Ayn\u0131 \u00dcniforma, Farkl\u0131 Ger\u00e7eklikler: Acil T\u0131p E\u011fitimi Nas\u0131l Standart Olur? Moderat\u00f6rler: Dr.Mehmet Ali \u00c7a\u011fatay, Dr.\u00d6zg\u00fcr Ata\u015f, Dr.Mustafa Aytemiz Konu\u015fmac\u0131lar: Prof.Dr. Cem Oktay Prof.Dr.Ersin Aksay Do\u00e7.Dr.Ba\u015fak Bayram\u00a0 Do\u00e7.Dr.Yunus Emre \u00d6zl\u00fcer 22 Kas\u0131m 2025 10.00 D\u00fcn Asistand\u0131k, Bug\u00fcn Hoca: Peki Nas\u0131l? Moderat\u00f6rler: [&hellip;]<\/p>\n","protected":false},"author":1,"featured_media":0,"parent":0,"menu_order":0,"comment_status":"closed","ping_status":"closed","template":"","meta":{"_eb_attr":"","footnotes":""},"class_list":["post-2737","page","type-page","status-publish","hentry"],"blocksy_meta":[],"_links":{"self":[{"href":"https:\/\/eacem.org\/2025\/en\/wp-json\/wp\/v2\/pages\/2737","targetHints":{"allow":["GET"]}}],"collection":[{"href":"https:\/\/eacem.org\/2025\/en\/wp-json\/wp\/v2\/pages"}],"about":[{"href":"https:\/\/eacem.org\/2025\/en\/wp-json\/wp\/v2\/types\/page"}],"author":[{"embeddable":true,"href":"https:\/\/eacem.org\/2025\/en\/wp-json\/wp\/v2\/users\/1"}],"replies":[{"embeddable":true,"href":"https:\/\/eacem.org\/2025\/en\/wp-json\/wp\/v2\/comments?post=2737"}],"version-history":[{"count":17,"href":"https:\/\/eacem.org\/2025\/en\/wp-json\/wp\/v2\/pages\/2737\/revisions"}],"predecessor-version":[{"id":4507,"href":"https:\/\/eacem.org\/2025\/en\/wp-json\/wp\/v2\/pages\/2737\/revisions\/4507"}],"wp:attachment":[{"href":"https:\/\/eacem.org\/2025\/en\/wp-json\/wp\/v2\/media?parent=2737"}],"curies":[{"name":"wp","href":"https:\/\/api.w.org\/{rel}","templated":true}]}}