{"id":2099,"date":"2024-10-25T13:19:12","date_gmt":"2024-10-25T13:19:12","guid":{"rendered":"https:\/\/eacem.org\/2025\/?page_id=2099"},"modified":"2025-11-12T08:49:58","modified_gmt":"2025-11-12T08:49:58","slug":"cme-cpd-akreditasyonu","status":"publish","type":"page","link":"https:\/\/eacem.org\/2025\/en\/cme-cpd-akreditasyonu\/","title":{"rendered":"CME-CPD Accreditation"},"content":{"rendered":"<div class=\"wp-block-columns is-layout-flex wp-container-core-columns-is-layout-28f84493 wp-block-columns-is-layout-flex\">\n<div class=\"wp-block-column is-layout-flow wp-block-column-is-layout-flow\" style=\"flex-basis:50%\">\n<h4 class=\"wp-block-heading\"><strong>Accreditation Statement and Credit Designation<\/strong><br><strong>European Accreditation Council for Continuing Medical Education (UEMS\/EACCME)<\/strong><\/h4>\n<\/div>\n\n\n\n<div class=\"wp-block-column is-layout-flow wp-block-column-is-layout-flow\" style=\"flex-basis:50%\">\n<figure class=\"wp-block-image alignright size-full is-resized\"><img fetchpriority=\"high\" decoding=\"async\" width=\"568\" height=\"569\" src=\"https:\/\/eacem.org\/2025\/wp-content\/uploads\/2024\/10\/eaccme.png\" alt=\"\" class=\"wp-image-2104\" style=\"width:141px;height:auto\" srcset=\"https:\/\/eacem.org\/2025\/wp-content\/uploads\/2024\/10\/eaccme.png 568w, https:\/\/eacem.org\/2025\/wp-content\/uploads\/2024\/10\/eaccme-300x300.png 300w, https:\/\/eacem.org\/2025\/wp-content\/uploads\/2024\/10\/eaccme-150x150.png 150w, https:\/\/eacem.org\/2025\/wp-content\/uploads\/2024\/10\/eaccme-12x12.png 12w\" sizes=\"(max-width: 568px) 100vw, 568px\" \/><\/figure>\n<\/div>\n<\/div>\n\n\n\n<p class=\"translation-block\">The <b>11th Eurasian Emergency Medicine Congress \/ 21st Turkish Emergency Medicine Congress<\/b> has been accredited by the European Accreditation Council for Continuing Medical Education (EACCME\u00ae) for a maximum of <b>16 European CME credits (ECMEC\u00aes)<\/b>. Each medical specialist should claim only those credits that correspond to the time actually spent in the educational activity.\nEACCME is an institution of the European Union of Medical Specialists (UEMS):<a href=\"http:\/\/www.uems.eu\/\" target=\"_blank\" rel=\"noreferrer noopener\">www.uems.eu<\/a><\/p>\n\n\n\n<p><strong>American Medical Association (AMA)<\/strong><br>Through an agreement between the European Union of Medical Specialists and the American Medical Association, physicians may convert EACCME credits to an equivalent number of AMA PRA Category 1 Credits\u2122.\nFor information on the process for converting EACCME credits to AMA credits, please visit:<a href=\"http:\/\/www.ama-assn.org\/\" target=\"_blank\" rel=\"noreferrer noopener\"> <\/a><a href=\"https:\/\/edhub.ama-assn.org\/pages\/applications\">https:\/\/edhub.ama-assn.org\/pages\/applications<\/a><\/p>\n\n\n\n<p><strong>Royal College of Physicians and Surgeons of Canada<\/strong><br>Kanada d\u0131\u015f\u0131nda ger\u00e7ekle\u015fen, ECMEC kredileri i\u00e7in UEMS-EACCME taraf\u0131ndan tan\u0131nan canl\u0131 e\u011fitim etkinlikleri, \u201cRoyal College of Physicians and Surgeons of Canada\u201d Sertifikasyon Program\u0131\u2019n\u0131n (Section 1) Akredite Grup E\u011fitim Etkinlikleri olarak kabul edilir. Daha fazla bilgi i\u00e7in:&nbsp;<a href=\"http:\/\/www.royalcollege.ca\/\" target=\"_blank\" rel=\"noreferrer noopener\">www.royalcollege.ca<\/a><\/p>\n\n\n\n<p><strong>To Receive Your CME\/CPD Certificate<\/strong><br>The CME\/CPD certificate will be available after completing the online evaluation and credit-claiming procedure.<\/p>","protected":false},"excerpt":{"rendered":"<p>Akreditasyon Beyan\u0131(UEMS\/EACCME) Avrupa S\u00fcrekli T\u0131p E\u011fitimi Akreditasyon Konseyi 11. Avrasya Acil T\u0131p Kongresi \/ 21. T\u00fcrk Acil T\u0131p Kongresi,&nbsp;Avrupa S\u00fcrekli T\u0131p E\u011fitimi Akreditasyon Konseyi (EACCME\u00ae) taraf\u0131ndan&nbsp;16 Avrupa CME kredisi (ECMEC\u00ae)&nbsp;ile akredite edilmi\u015ftir. Her t\u0131p uzman\u0131 yaln\u0131zca e\u011fitim faaliyetinde fiilen ge\u00e7irdi\u011fi saat kadar kredi talep etmelidir. EACCME, Avrupa T\u0131p Uzmanlar\u0131 Birli\u011fi\u2019nin (UEMS) bir kurumudur:&nbsp;www.uems.eu Amerikan T\u0131p [&hellip;]<\/p>\n","protected":false},"author":1,"featured_media":0,"parent":0,"menu_order":0,"comment_status":"closed","ping_status":"closed","template":"","meta":{"_eb_attr":"","footnotes":""},"class_list":["post-2099","page","type-page","status-publish","hentry"],"blocksy_meta":[],"_links":{"self":[{"href":"https:\/\/eacem.org\/2025\/en\/wp-json\/wp\/v2\/pages\/2099","targetHints":{"allow":["GET"]}}],"collection":[{"href":"https:\/\/eacem.org\/2025\/en\/wp-json\/wp\/v2\/pages"}],"about":[{"href":"https:\/\/eacem.org\/2025\/en\/wp-json\/wp\/v2\/types\/page"}],"author":[{"embeddable":true,"href":"https:\/\/eacem.org\/2025\/en\/wp-json\/wp\/v2\/users\/1"}],"replies":[{"embeddable":true,"href":"https:\/\/eacem.org\/2025\/en\/wp-json\/wp\/v2\/comments?post=2099"}],"version-history":[{"count":8,"href":"https:\/\/eacem.org\/2025\/en\/wp-json\/wp\/v2\/pages\/2099\/revisions"}],"predecessor-version":[{"id":4246,"href":"https:\/\/eacem.org\/2025\/en\/wp-json\/wp\/v2\/pages\/2099\/revisions\/4246"}],"wp:attachment":[{"href":"https:\/\/eacem.org\/2025\/en\/wp-json\/wp\/v2\/media?parent=2099"}],"curies":[{"name":"wp","href":"https:\/\/api.w.org\/{rel}","templated":true}]}}