{"id":33,"date":"2024-03-19T09:12:44","date_gmt":"2024-03-19T09:12:44","guid":{"rendered":"https:\/\/eacem.org\/2024\/?page_id=33"},"modified":"2024-03-21T14:51:07","modified_gmt":"2024-03-21T14:51:07","slug":"onerileriniz","status":"publish","type":"page","link":"https:\/\/eacem.org\/2024\/onerileriniz\/","title":{"rendered":"\u00d6nerileriniz"},"content":{"rendered":"\n<h5 class=\"wp-block-heading\">Kongre d\u00fczenleme kuruluna s\u00f6ylemek istedi\u011fin var m\u0131?<\/h5>\n\n\n\n<!-- form.123formbuilder.com script begins here -->\n<script type=\"text\/javascript\" defer src=\"https:\/\/form.123formbuilder.com\/embed\/6639064.js\" data-role=\"form\" data-default-width=\"800px\" data-custom-vars=\"hasEmbedFormStyle=1&#038;hasTransparentBg=1\"><\/script>\n<!-- form.123formbuilder.com script ends here -->\n","protected":false},"excerpt":{"rendered":"<p>Kongre d\u00fczenleme kuruluna s\u00f6ylemek istedi\u011fin var m\u0131?<\/p>\n","protected":false},"author":1,"featured_media":0,"parent":0,"menu_order":0,"comment_status":"closed","ping_status":"closed","template":"","meta":{"_eb_attr":"","footnotes":""},"class_list":["post-33","page","type-page","status-publish","hentry"],"blocksy_meta":[],"_links":{"self":[{"href":"https:\/\/eacem.org\/2024\/wp-json\/wp\/v2\/pages\/33","targetHints":{"allow":["GET"]}}],"collection":[{"href":"https:\/\/eacem.org\/2024\/wp-json\/wp\/v2\/pages"}],"about":[{"href":"https:\/\/eacem.org\/2024\/wp-json\/wp\/v2\/types\/page"}],"author":[{"embeddable":true,"href":"https:\/\/eacem.org\/2024\/wp-json\/wp\/v2\/users\/1"}],"replies":[{"embeddable":true,"href":"https:\/\/eacem.org\/2024\/wp-json\/wp\/v2\/comments?post=33"}],"version-history":[{"count":4,"href":"https:\/\/eacem.org\/2024\/wp-json\/wp\/v2\/pages\/33\/revisions"}],"predecessor-version":[{"id":316,"href":"https:\/\/eacem.org\/2024\/wp-json\/wp\/v2\/pages\/33\/revisions\/316"}],"wp:attachment":[{"href":"https:\/\/eacem.org\/2024\/wp-json\/wp\/v2\/media?parent=33"}],"curies":[{"name":"wp","href":"https:\/\/api.w.org\/{rel}","templated":true}]}}