{"id":2697,"date":"2024-11-09T15:38:13","date_gmt":"2024-11-09T15:38:13","guid":{"rendered":"https:\/\/eacem.org\/2024\/?page_id=2697"},"modified":"2024-11-14T07:53:37","modified_gmt":"2024-11-14T07:53:37","slug":"posterler-16-kasim-2024","status":"publish","type":"page","link":"https:\/\/eacem.org\/2024\/posterler-16-kasim-2024\/","title":{"rendered":"Posterler &#8211; 16 Kas\u0131m 2024"},"content":{"rendered":"\t\t<div data-elementor-type=\"wp-page\" data-elementor-id=\"2697\" class=\"elementor elementor-2697\" data-elementor-post-type=\"page\">\n\t\t\t\t<div class=\"elementor-element elementor-element-b68c965 e-con-full e-flex e-con e-parent\" data-id=\"b68c965\" data-element_type=\"container\">\n\t\t<div class=\"elementor-element elementor-element-a0bcf30 e-con-full e-flex e-con e-child\" data-id=\"a0bcf30\" data-element_type=\"container\">\n\t\t\t\t<div class=\"elementor-element elementor-element-992b9b9 elementor-widget elementor-widget-eael-creative-button\" data-id=\"992b9b9\" data-element_type=\"widget\" data-widget_type=\"eael-creative-button.default\">\n\t\t\t\t<div class=\"elementor-widget-container\">\n\t\t\t\t\t        <div class=\"eael-creative-button-wrapper\">\n\n            <a class=\"eael-creative-button eael-creative-button--default\" href=\"https:\/\/eacem.org\/2024\/posterler-15-kasim-2024\/\" data-text=\"Go!\">\n\n\t    \n                <div class=\"creative-button-inner\">\n\n                    \n                    <span class=\"cretive-button-text\">15 Kas\u0131m 2024<\/span>\n\n                                    <\/div>\n\t                        <\/a>\n        <\/div>\n\t\t\t\t<\/div>\n\t\t\t\t<\/div>\n\t\t\t\t<\/div>\n\t\t\t\t<\/div>\n\t\t<div class=\"elementor-element elementor-element-ea7bf08 e-flex e-con-boxed e-con e-parent\" data-id=\"ea7bf08\" data-element_type=\"container\">\n\t\t\t\t\t<div class=\"e-con-inner\">\n\t\t\t\t<div class=\"elementor-element elementor-element-db9cfb4 elementor-widget elementor-widget-html\" data-id=\"db9cfb4\" data-element_type=\"widget\" data-widget_type=\"html.default\">\n\t\t\t\t<div class=\"elementor-widget-container\">\n\t\t\t\t\t<script src=\"https:\/\/ajax.googleapis.com\/ajax\/libs\/jquery\/3.5.1\/jquery.min.js\"><\/script>\r\n\t<script>\r\n  \/* convert First Letter UpperCase *\/\r\n  $('#myInput').on('keyup', function (e) {\r\n    var txt = $(this).val();\r\n    $(this).val(txt.replace(\/^(.)|\\s(.)\/g, function ($1) {\r\n      return $1.toUpperCase( );\r\n    }));\r\n  });\r\n<\/script>\r\n\t<script>\r\n\t\r\n$(document).ready(function(){\r\n  $(\"#myInput\").on(\"keyup\", function() {\r\n    var value = $(this).val().toLowerCase();\r\n    $(\"#myTable tr\").filter(function() {\r\n      $(this).toggle($(this).text().toLowerCase().indexOf(value) > -1)\r\n    });\r\n  });\r\n});\r\n<\/script>\r\n<style>\r\ntable.list {\r\n  font-family: arial, sans-serif;\r\n  border-collapse: collapse;\r\n  width: 100%;\r\n\tfont-size: 9pt;\r\n\tline-height: 1.2;\r\n}\r\n\r\n.list td, th {\r\n  border: 1px solid #dddddd;\r\n  text-align: left;\r\n  padding: 8px;\r\n}\r\n\r\n\t.list th{background: #404040; color: white;}\r\n\r\ntr:nth-child(even) {\r\n  background-color: #dddddd;\r\n}\r\n<\/style>\r\n\r\n\r\n<body>\r\n<p>Type something in the input field to search the table for first names, last names or category:<\/p>  \r\n<input id=\"myInput\" type=\"text\" placeholder=\"Search..\">\r\n<br><br>\r\n<table cellpadding=\"0\" cellspacing=\"0\" class=\"list\">\r\n  <thead>\r\n  <tr>\r\n    <th>Moderat\u00f6r<\/th>\r\n    <th>Poster    Numaras\u0131<\/th>\r\n    <th>Sunum G\u00fcn\u00fc<\/th>\r\n    <th>Sunum Ba\u015flag\u0131\u00e7<\/th>\r\n    <th>Sunum Biti\u015f<\/th>\r\n    <th>Oturum Salonu<\/th>\r\n    <th>Poster Ba\u015fl\u0131\u011f\u0131<\/th>\r\n    <th>Sunan Yazar<\/th>\r\n  <\/tr>\r\n     \r\n  <\/thead>\r\n   <tbody id=\"myTable\">\r\n           \r\n           <tr>\r\n             <td rowspan=\"10\">ERKMAN SANRI<\/td>\r\n    <td>PS121<\/td>\r\n    <td>16.11.2024<\/td>\r\n    <td>10:30<\/td>\r\n    <td>11:00<\/td>\r\n    <td>K\u0130OSK 1<\/td>\r\n    <td>Central    cord syndrome: a neurological emergency<\/td>\r\n    <td>Fatih Al\u0131\u015f\u0131k<\/td>\r\n  <\/tr>\r\n  <tr>\r\n    <td>PS122<\/td>\r\n    <td>16.11.2024<\/td>\r\n    <td>10:30<\/td>\r\n    <td>11:00<\/td>\r\n    <td>K\u0130OSK 1<\/td>\r\n    <td>Pulmonary    artery injury; rapid intervention and teamwork: a case report<\/td>\r\n    <td>Asena Karabacak<\/td>\r\n  <\/tr>\r\n  <tr>\r\n    <td>PS123<\/td>\r\n    <td>16.11.2024<\/td>\r\n    <td>10:30<\/td>\r\n    <td>11:00<\/td>\r\n    <td>K\u0130OSK 1<\/td>\r\n    <td>Postrenal    Acute Kidney Failure Due to a Retroperitoneal Fibrous Mass<\/td>\r\n    <td>S\u00fcleyman Cem AKIL<\/td>\r\n  <\/tr>\r\n  <tr>\r\n    <td>PS124<\/td>\r\n    <td>16.11.2024<\/td>\r\n    <td>10:30<\/td>\r\n    <td>11:00<\/td>\r\n    <td>K\u0130OSK 1<\/td>\r\n    <td>Genital    Hematoma Following Blunt Trauma: Posterior Labial Artery Injury<\/td>\r\n    <td>Melih Imamoglu<\/td>\r\n  <\/tr>\r\n  <tr>\r\n    <td>PS125<\/td>\r\n    <td>16.11.2024<\/td>\r\n    <td>10:30<\/td>\r\n    <td>11:00<\/td>\r\n    <td>K\u0130OSK 1<\/td>\r\n    <td>Acil    Serviste \u00d6l\u00fcmc\u00fcl Bir Tan\u0131: R\u00fcpt\u00fcre Abdominal Aort Anevrizmas\u0131<\/td>\r\n    <td>Akif Yarka\u00e7<\/td>\r\n  <\/tr>\r\n  <tr>\r\n    <td>PS126<\/td>\r\n    <td>16.11.2024<\/td>\r\n    <td>10:30<\/td>\r\n    <td>11:00<\/td>\r\n    <td>K\u0130OSK 1<\/td>\r\n    <td>Mermi    mi daha keskin su mu? Y\u00fcksek bas\u0131n\u00e7l\u0131 suyla penetren bat\u0131n yaralanmas\u0131<\/td>\r\n    <td>Hidayet Tu\u011fba \u00c7i\u00e7ek<\/td>\r\n  <\/tr>\r\n  <tr>\r\n    <td>PS127<\/td>\r\n    <td>16.11.2024<\/td>\r\n    <td>10:30<\/td>\r\n    <td>11:00<\/td>\r\n    <td>K\u0130OSK 1<\/td>\r\n    <td>Akut    pankreatitte nadir bir neden: polikistik b\u00f6brek hastal\u0131\u011f\u0131 bas\u0131s\u0131<\/td>\r\n    <td>Ay\u00e7a Koca<\/td>\r\n  <\/tr>\r\n  <tr>\r\n    <td>PS128<\/td>\r\n    <td>16.11.2024<\/td>\r\n    <td>10:30<\/td>\r\n    <td>11:00<\/td>\r\n    <td>K\u0130OSK 1<\/td>\r\n    <td>Ovaryan    Ven Trombozu<\/td>\r\n    <td>Hilal Ekiz<\/td>\r\n  <\/tr>\r\n  <tr>\r\n    <td>PS129<\/td>\r\n    <td>16.11.2024<\/td>\r\n    <td>10:30<\/td>\r\n    <td>11:00<\/td>\r\n    <td>K\u0130OSK 1<\/td>\r\n    <td>Toraksa    Mermi Gibi Penetre Olan \u00c7ivi<\/td>\r\n    <td>\u015eenol Ard\u0131\u00e7<\/td>\r\n  <\/tr>\r\n  <tr>\r\n    <td>PS130<\/td>\r\n    <td>16.11.2024<\/td>\r\n    <td>10:30<\/td>\r\n    <td>11:00<\/td>\r\n    <td>K\u0130OSK 1<\/td>\r\n    <td>N\u00f6bet    ge\u00e7iren bir hastada paraspinal kas kontraksiyonu sonucu geli\u015fen lomber    vertebra k\u0131r\u0131\u011f\u0131<\/td>\r\n    <td>Ay\u00e7a Koca<\/td>\r\n  <\/tr>\r\n  <tr>\r\n    <td rowspan=\"10\">YENAL KARAKO\u00c7<\/td>\r\n    <td>PS131<\/td>\r\n    <td>16.11.2024<\/td>\r\n    <td>10:30<\/td>\r\n    <td>11:00<\/td>\r\n    <td>K\u0130OSK 2<\/td>\r\n    <td>Perk\u00fctan    Nefrolitotomi Sonras\u0131 Renal Pelvis Yaralanmas\u0131 Tan\u0131s\u0131nda Multifazik Bt&rsquo;nin    \u00d6nemi: Vaka Sunumu<\/td>\r\n    <td>Sedef \u00d6zdemir<\/td>\r\n  <\/tr>\r\n  <tr>\r\n    <td>PS132<\/td>\r\n    <td>16.11.2024<\/td>\r\n    <td>10:30<\/td>\r\n    <td>11:00<\/td>\r\n    <td>K\u0130OSK 2<\/td>\r\n    <td>Cov\u0131d-    19 Pandemi S\u00fcrecinin Acil T\u0131p Asistanlar\u0131n\u0131n E\u011fitimine Etkisi<\/td>\r\n    <td>\u0130FFET T\u0130FT\u0130K\u00c7\u0130<\/td>\r\n  <\/tr>\r\n  <tr>\r\n    <td>PS133<\/td>\r\n    <td>16.11.2024<\/td>\r\n    <td>10:30<\/td>\r\n    <td>11:00<\/td>\r\n    <td>K\u0130OSK 2<\/td>\r\n    <td>Hal\u0131sahalar\u0131n    Ac\u0131 Y\u00fcz\u00fc: L\u0130SFRANC<\/td>\r\n    <td>Yusuf Mesut G\u00f6kcen<\/td>\r\n  <\/tr>\r\n  <tr>\r\n    <td>PS134<\/td>\r\n    <td>16.11.2024<\/td>\r\n    <td>10:30<\/td>\r\n    <td>11:00<\/td>\r\n    <td>K\u0130OSK 2<\/td>\r\n    <td>Acil    t\u0131p uzmanl\u0131k e\u011fitimi alan ara\u015ft\u0131rma g\u00f6revlilerinin onkolojik aciller hakk\u0131nda    kendini yetkin hissetme d\u00fczeylerinin de\u011ferlendirilmesi<\/td>\r\n    <td>Ay\u00e7a Koca<\/td>\r\n  <\/tr>\r\n  <tr>\r\n    <td>PS135<\/td>\r\n    <td>16.11.2024<\/td>\r\n    <td>10:30<\/td>\r\n    <td>11:00<\/td>\r\n    <td>K\u0130OSK 2<\/td>\r\n    <td>Acil    Servis Sa\u011fl\u0131k \u00c7al\u0131\u015fanlar\u0131nda Farkl\u0131 M\u00fczik T\u00fcrlerinin Anksiyete \u00dczerindeki    Etkisi: Klasik Bat\u0131 ve T\u00fcrk M\u00fczi\u011fi Kar\u015f\u0131la\u015ft\u0131rmas\u0131<\/td>\r\n    <td>K\u00fcbra \u00d6zkul<\/td>\r\n  <\/tr>\r\n  <tr>\r\n    <td>PS136<\/td>\r\n    <td>16.11.2024<\/td>\r\n    <td>10:30<\/td>\r\n    <td>11:00<\/td>\r\n    <td>K\u0130OSK 2<\/td>\r\n    <td>Acil    Serviste N\u00f6bet Esnas\u0131nda Uykusuzlu\u011fun Performans ve Bili\u015fsel Fonksiyonlar    \u00dczerindeki Etkileri<\/td>\r\n    <td>G\u00dcL BAHAR ALKA\u015e<\/td>\r\n  <\/tr>\r\n  <tr>\r\n    <td>PS137<\/td>\r\n    <td>16.11.2024<\/td>\r\n    <td>10:30<\/td>\r\n    <td>11:00<\/td>\r\n    <td>K\u0130OSK 2<\/td>\r\n    <td>Yatak    ba\u015f\u0131 ultrason ile tan\u0131 koyulan safra kesesi perforasyonu<\/td>\r\n    <td>Ertu\u011f G\u00fcnsoy<\/td>\r\n  <\/tr>\r\n  <tr>\r\n    <td>PS138<\/td>\r\n    <td>16.11.2024<\/td>\r\n    <td>10:30<\/td>\r\n    <td>11:00<\/td>\r\n    <td>K\u0130OSK 2<\/td>\r\n    <td>Delici    alet yaralanmas\u0131na ba\u011fl\u0131 fasiyal sinir paralizi<\/td>\r\n    <td>Emin Cihan K\u0131nc\u0131<\/td>\r\n  <\/tr>\r\n  <tr>\r\n    <td>PS139<\/td>\r\n    <td>16.11.2024<\/td>\r\n    <td>10:30<\/td>\r\n    <td>11:00<\/td>\r\n    <td>K\u0130OSK 2<\/td>\r\n    <td>Sweet&rsquo;s    sendromu: atipik cilt lezyonlariyla acil servise ba\u015fvuran bir olgu<\/td>\r\n    <td>An\u0131l Ayd\u0131n<\/td>\r\n  <\/tr>\r\n  <tr>\r\n    <td>PS140<\/td>\r\n    <td>16.11.2024<\/td>\r\n    <td>10:30<\/td>\r\n    <td>11:00<\/td>\r\n    <td>K\u0130OSK 2<\/td>\r\n    <td>Nadir    Ama Mortalitesi Y\u00fcksek Dermatoloji Aciller<\/td>\r\n    <td>Meli\u0307ke \u00c7eli\u0307k<\/td>\r\n  <\/tr>\r\n  <tr>\r\n    <td rowspan=\"10\">G\u00d6KHAN AKSEL<\/td>\r\n    <td>PS141<\/td>\r\n    <td>16.11.2024<\/td>\r\n    <td>10:30<\/td>\r\n    <td>11:00<\/td>\r\n    <td>K\u0130OSK 3<\/td>\r\n    <td>Yeni    Tan\u0131 Atriyal Fibrilasyon \u0130zlenen Hastada Sol Atrium Apendaj Tromb\u00fcs\u00fc Varl\u0131\u011f\u0131:    Acil Serviste Hasta Y\u00f6netimine Dair Bir Olgu Sunumu<\/td>\r\n    <td>Orhan \u0130naltekin<\/td>\r\n  <\/tr>\r\n  <tr>\r\n    <td>PS142<\/td>\r\n    <td>16.11.2024<\/td>\r\n    <td>10:30<\/td>\r\n    <td>11:00<\/td>\r\n    <td>K\u0130OSK 3<\/td>\r\n    <td>Pantoprazole    Sekonder Geli\u015fen Kounis Sendromu: Olgu Sunumu<\/td>\r\n    <td>Burak K\u00fcka<\/td>\r\n  <\/tr>\r\n  <tr>\r\n    <td>PS143<\/td>\r\n    <td>16.11.2024<\/td>\r\n    <td>10:30<\/td>\r\n    <td>11:00<\/td>\r\n    <td>K\u0130OSK 3<\/td>\r\n    <td>5    Flourourasil tedavisi sonras\u0131 geli\u015fen nadir bir durum: sin\u00fcs bradikardisi ve    y\u00fcksek ventrik\u00fcl yan\u0131tl\u0131 atriyal fibrilasyon birlikteli\u011fi<\/td>\r\n    <td>Alp Eren Aksoy<\/td>\r\n  <\/tr>\r\n  <tr>\r\n    <td>PS144<\/td>\r\n    <td>16.11.2024<\/td>\r\n    <td>10:30<\/td>\r\n    <td>11:00<\/td>\r\n    <td>K\u0130OSK 3<\/td>\r\n    <td>Setuksimab    kullan\u0131m\u0131 sonras\u0131 geli\u015fen ventrik\u00fcler ta\u015fikardi: vaka sunumu<\/td>\r\n    <td>Volkan G\u00fcn<\/td>\r\n  <\/tr>\r\n  <tr>\r\n    <td>PS145<\/td>\r\n    <td>16.11.2024<\/td>\r\n    <td>10:30<\/td>\r\n    <td>11:00<\/td>\r\n    <td>K\u0130OSK 3<\/td>\r\n    <td>Masum    Ba\u015flang\u0131\u00e7, \u00d6l\u00fcmc\u00fcl Son: \u00dcst Solunum Yolu Enfeksiyonu ile Fulminan Miyokardit    Aras\u0131ndaki \u0130nce \u00c7izgi<\/td>\r\n    <td>Ahmet Burak Erdem<\/td>\r\n  <\/tr>\r\n  <tr>\r\n    <td>PS146<\/td>\r\n    <td>16.11.2024<\/td>\r\n    <td>10:30<\/td>\r\n    <td>11:00<\/td>\r\n    <td>K\u0130OSK 3<\/td>\r\n    <td>Bir    renk olsam mor olurdum ihtimal (mor \u0131drar torbas\u0131 sendromu)<\/td>\r\n    <td>Hidayet Tu\u011fba \u00c7i\u00e7ek<\/td>\r\n  <\/tr>\r\n  <tr>\r\n    <td>PS147<\/td>\r\n    <td>16.11.2024<\/td>\r\n    <td>10:30<\/td>\r\n    <td>11:00<\/td>\r\n    <td>K\u0130OSK 3<\/td>\r\n    <td>Ate\u015f    \u015eikayetiyle Prezente Olan HIV-Sifiliz Koenfeksiyonu: Olgu Sunumu<\/td>\r\n    <td>Furkan K\u0131l\u0131\u00e7<\/td>\r\n  <\/tr>\r\n  <tr>\r\n    <td>PS148<\/td>\r\n    <td>16.11.2024<\/td>\r\n    <td>10:30<\/td>\r\n    <td>11:00<\/td>\r\n    <td>K\u0130OSK 3<\/td>\r\n    <td>Acil    serviste nadir bir sepsis etkeni:Norve\u00e7 Uyuzu<\/td>\r\n    <td>Elif Burma<\/td>\r\n  <\/tr>\r\n  <tr>\r\n    <td>PS149<\/td>\r\n    <td>16.11.2024<\/td>\r\n    <td>10:30<\/td>\r\n    <td>11:00<\/td>\r\n    <td>K\u0130OSK 3<\/td>\r\n    <td>Enjeksiyondan    enfeksiyona: Nekrotizan fasiit olgusu<\/td>\r\n    <td>ramazanmelik akkaya<\/td>\r\n  <\/tr>\r\n  <tr>\r\n    <td>PS150<\/td>\r\n    <td>16.11.2024<\/td>\r\n    <td>10:30<\/td>\r\n    <td>11:00<\/td>\r\n    <td>K\u0130OSK 3<\/td>\r\n    <td>Acil    serviste nadir enfeksiyonlar: Kafa taban\u0131 osteomiyeliti olgu sunumu<\/td>\r\n    <td>Fulden Aras Ekmek\u00e7i<\/td>\r\n  <\/tr>\r\n  <tr>\r\n    <td rowspan=\"10\">HALDUN AKO\u011eLU<\/td>\r\n    <td>PS151<\/td>\r\n    <td>16.11.2024<\/td>\r\n    <td>10:30<\/td>\r\n    <td>11:00<\/td>\r\n    <td>K\u0130OSK 4<\/td>\r\n    <td>Sodyum    Hipoklorit kazas\u0131 vaka sunumu<\/td>\r\n    <td>An\u0131l Emre Ercan<\/td>\r\n  <\/tr>\r\n  <tr>\r\n    <td>PS152<\/td>\r\n    <td>16.11.2024<\/td>\r\n    <td>10:30<\/td>\r\n    <td>11:00<\/td>\r\n    <td>K\u0130OSK 4<\/td>\r\n    <td>Nadir    ve Mortal Bir Vaka: Kaptopril \u0130li\u015fkili Lingual \u00d6dem<\/td>\r\n    <td>Bekta\u015f Can Balk\u0131z<\/td>\r\n  <\/tr>\r\n  <tr>\r\n    <td>PS153<\/td>\r\n    <td>16.11.2024<\/td>\r\n    <td>10:30<\/td>\r\n    <td>11:00<\/td>\r\n    <td>K\u0130OSK 4<\/td>\r\n    <td>Spontan    hematom r\u00fcpt\u00fcr\u00fc vaka sunumu<\/td>\r\n    <td>Alp Eren Aksoy<\/td>\r\n  <\/tr>\r\n  <tr>\r\n    <td>PS154<\/td>\r\n    <td>16.11.2024<\/td>\r\n    <td>10:30<\/td>\r\n    <td>11:00<\/td>\r\n    <td>K\u0130OSK 4<\/td>\r\n    <td>Terap\u00f6tik    Dozda Metronidazol Kullan\u0131m\u0131na Ba\u011fl\u0131 Sitotoksik Ensefalopati: Nadir Bir Olgu    Sunumu<\/td>\r\n    <td>Alper Re\u015fit G\u00fcnd\u00fcz<\/td>\r\n  <\/tr>\r\n  <tr>\r\n    <td>PS155<\/td>\r\n    <td>16.11.2024<\/td>\r\n    <td>10:30<\/td>\r\n    <td>11:00<\/td>\r\n    <td>K\u0130OSK 4<\/td>\r\n    <td>Metoklopramid    kullan\u0131m\u0131na ba\u011fl\u0131 geli\u015fen Ok\u00fclerjik Kriz<\/td>\r\n    <td>H\u00fclya Dal<\/td>\r\n  <\/tr>\r\n  <tr>\r\n    <td>PS156<\/td>\r\n    <td>16.11.2024<\/td>\r\n    <td>10:30<\/td>\r\n    <td>11:00<\/td>\r\n    <td>K\u0130OSK 4<\/td>\r\n    <td>Acil    Serviste Transfers Miyelit: Nadir Bir Olgu Sunumu<\/td>\r\n    <td>Furkan Co\u015fkun<\/td>\r\n  <\/tr>\r\n  <tr>\r\n    <td>PS157<\/td>\r\n    <td>16.11.2024<\/td>\r\n    <td>10:30<\/td>\r\n    <td>11:00<\/td>\r\n    <td>K\u0130OSK 4<\/td>\r\n    <td>Acil    Servise Ge\u00e7ici \u0130skemik Atak ile Gelen Hastalar\u0131n Tekrarlarlayan    Ba\u015fvurular\u0131n\u0131n \u0130ncelenmesi<\/td>\r\n    <td>Ezgi Bal<\/td>\r\n  <\/tr>\r\n  <tr>\r\n    <td>PS158<\/td>\r\n    <td>16.11.2024<\/td>\r\n    <td>10:30<\/td>\r\n    <td>11:00<\/td>\r\n    <td>K\u0130OSK 4<\/td>\r\n    <td>Psikiyatri    Poliklini\u011fine Ba\u015fvuran \u0130skemik Enfarkt Vakas\u0131: Olgu Sunumu<\/td>\r\n    <td>Yusuf Kantar<\/td>\r\n  <\/tr>\r\n  <tr>\r\n    <td>PS159<\/td>\r\n    <td>16.11.2024<\/td>\r\n    <td>10:30<\/td>\r\n    <td>11:00<\/td>\r\n    <td>K\u0130OSK 4<\/td>\r\n    <td>D\u00fc\u015f\u00fck    Ayak ile Prezente Bir Tuzak N\u00f6ropati Olgusu<\/td>\r\n    <td>Mahmut Emre Y\u0131lmaz<\/td>\r\n  <\/tr>\r\n  <tr>\r\n    <td>PS160<\/td>\r\n    <td>16.11.2024<\/td>\r\n    <td>10:30<\/td>\r\n    <td>11:00<\/td>\r\n    <td>K\u0130OSK 4<\/td>\r\n    <td>Nadir    Bir Aural\u0131 Migren Tipi: Hemiplejik Migren<\/td>\r\n    <td>Fahriye Naz Erdil<\/td>\r\n  <\/tr>\r\n  <tr>\r\n    <td rowspan=\"7\">ERKMAN SANRI<\/td>\r\n    <td>PS161<\/td>\r\n    <td>16.11.2024<\/td>\r\n    <td>12:30<\/td>\r\n    <td>13:00<\/td>\r\n    <td>K\u0130OSK 1<\/td>\r\n    <td>Akut    hemiparezide g\u00f6zden ka\u00e7abilecek \u00f6l\u00fcmc\u00fcl bir neden: Akut spinal epidural    hematom<\/td>\r\n    <td>Ay\u00e7a Koca<\/td>\r\n  <\/tr>\r\n  <tr>\r\n    <td>PS162<\/td>\r\n    <td>16.11.2024<\/td>\r\n    <td>12:30<\/td>\r\n    <td>13:00<\/td>\r\n    <td>K\u0130OSK 1<\/td>\r\n    <td>\u0130zole    diplopi ile prazente olan ge\u00e7ici iskemik atak sonras\u0131 geli\u015fen iskemik inme<\/td>\r\n    <td>Dil\u015fa Tarakc\u0131oglu<\/td>\r\n  <\/tr>\r\n  <tr>\r\n    <td>PS163<\/td>\r\n    <td>16.11.2024<\/td>\r\n    <td>12:30<\/td>\r\n    <td>13:00<\/td>\r\n    <td>K\u0130OSK 1<\/td>\r\n    <td>Acil    serviste atipik klinik prezentasyon: SEREBRAL VEN\u00d6Z TROMBOZ<\/td>\r\n    <td>Ece Y\u0131lmaz<\/td>\r\n  <\/tr>\r\n  <tr>\r\n    <td>PS164<\/td>\r\n    <td>16.11.2024<\/td>\r\n    <td>12:30<\/td>\r\n    <td>13:00<\/td>\r\n    <td>K\u0130OSK 1<\/td>\r\n    <td>\u0130nmede    nadir bir neden: percheron arter ve talamik infarkt\u00fcs<\/td>\r\n    <td>U\u011fur \u015eakar<\/td>\r\n  <\/tr>\r\n  <tr>\r\n    <td>PS165<\/td>\r\n    <td>16.11.2024<\/td>\r\n    <td>12:30<\/td>\r\n    <td>13:00<\/td>\r\n    <td>K\u0130OSK 1<\/td>\r\n    <td>BRASH    (Bradikardi, Renal yetmezlik, Av blokaj, \u015eok, Hiperkalemi) Sendromu:    yeterince tan\u0131nmayan g\u00fcncel bir klinik tan\u0131<\/td>\r\n    <td>Kaz\u0131m Ersin Alt\u0131nsoy<\/td>\r\n  <\/tr>\r\n  <tr>\r\n    <td>PS166<\/td>\r\n    <td>16.11.2024<\/td>\r\n    <td>12:30<\/td>\r\n    <td>13:00<\/td>\r\n    <td>K\u0130OSK 1<\/td>\r\n    <td>Hipotiroididen    Solunum Yetmezli\u011fine: Zorlay\u0131c\u0131 Bir Miks\u00f6dem Komas\u0131 Vakas\u0131<\/td>\r\n    <td>Muhammed Emin Dut<\/td>\r\n  <\/tr>\r\n  <tr>\r\n    <td>PS167<\/td>\r\n    <td>16.11.2024<\/td>\r\n    <td>12:30<\/td>\r\n    <td>13:00<\/td>\r\n    <td>K\u0130OSK 1<\/td>\r\n    <td>Acil    Servislerde Nadir G\u00f6r\u00fclen Karnitin Palmitoil Transferaz -2 Eksikli\u011fine Ba\u011fl\u0131    Akut B\u00f6rek Yetmezli\u011fi ve Rabdomiyoliz Olgu Sunumu<\/td>\r\n    <td>Elif Burma<\/td>\r\n  <\/tr>\r\n  <tr>\r\n    <td rowspan=\"7\">ORHAN \u00c7INAR<\/td>\r\n    <td>PS168<\/td>\r\n    <td>16.11.2024<\/td>\r\n    <td>12:30<\/td>\r\n    <td>13:00<\/td>\r\n    <td>K\u0130OSK 2<\/td>\r\n    <td>Dental    Hiponatremi<\/td>\r\n    <td>G\u00fcl Filiz Devecio\u011flu<\/td>\r\n  <\/tr>\r\n  <tr>\r\n    <td>PS169<\/td>\r\n    <td>16.11.2024<\/td>\r\n    <td>12:30<\/td>\r\n    <td>13:00<\/td>\r\n    <td>K\u0130OSK 2<\/td>\r\n    <td>Antiepileptik    \u0130la\u00e7 Kullan\u0131m\u0131na Ba\u011fl\u0131 Geli\u015fen Hiperamonyemik Ensefalopati Olgu Sunumu<\/td>\r\n    <td>Ayhan \u00d6zhasenekler<\/td>\r\n  <\/tr>\r\n  <tr>\r\n    <td>PS170<\/td>\r\n    <td>16.11.2024<\/td>\r\n    <td>12:30<\/td>\r\n    <td>13:00<\/td>\r\n    <td>K\u0130OSK 2<\/td>\r\n    <td>Nadir    Bir Vaka Raporu: D\u00fc\u015f\u00fck Doz Deksametazon Sonras\u0131 Geli\u015fen Hipokalemik Periyodik    Paralizi<\/td>\r\n    <td>Ay\u015fenur G\u00fcr<\/td>\r\n  <\/tr>\r\n  <tr>\r\n    <td>PS171<\/td>\r\n    <td>16.11.2024<\/td>\r\n    <td>12:30<\/td>\r\n    <td>13:00<\/td>\r\n    <td>K\u0130OSK 2<\/td>\r\n    <td>Erken    M\u00fcdahale Ayakta Tutar: Pediatrik Travmatik Posterior Kal\u00e7a \u00c7\u0131k\u0131\u011f\u0131<\/td>\r\n    <td>Seda O\u011fuz<\/td>\r\n  <\/tr>\r\n  <tr>\r\n    <td>PS172<\/td>\r\n    <td>16.11.2024<\/td>\r\n    <td>12:30<\/td>\r\n    <td>13:00<\/td>\r\n    <td>K\u0130OSK 2<\/td>\r\n    <td>The    significance of radiological and laboratory findings in the diagnosis of new    COVID-19 disease<\/td>\r\n    <td>keziban ucar    karabulut<\/td>\r\n  <\/tr>\r\n  <tr>\r\n    <td>PS173<\/td>\r\n    <td>16.11.2024<\/td>\r\n    <td>12:30<\/td>\r\n    <td>13:00<\/td>\r\n    <td>K\u0130OSK 2<\/td>\r\n    <td>Anjiyo\u00f6dem    San\u0131lan Pn\u00f6momediastinum: Olgu Sunumu<\/td>\r\n    <td>Yusuf Kantar<\/td>\r\n  <\/tr>\r\n  <tr>\r\n    <td>PS174<\/td>\r\n    <td>16.11.2024<\/td>\r\n    <td>12:30<\/td>\r\n    <td>13:00<\/td>\r\n    <td>K\u0130OSK 2<\/td>\r\n    <td>Pulmoner    tromboemboli saptanan immun trombositopenik purpura hastas\u0131n\u0131n y\u00f6netimi<\/td>\r\n    <td>Ay\u00e7a Koca<\/td>\r\n  <\/tr>\r\n  <tr>\r\n    <td rowspan=\"7\">M\u00dcGE G\u00dcNALP<\/td>\r\n    <td>PS175<\/td>\r\n    <td>16.11.2024<\/td>\r\n    <td>12:30<\/td>\r\n    <td>13:00<\/td>\r\n    <td>K\u0130OSK 3<\/td>\r\n    <td>Feeding    Sonda De\u011fi\u015fimi Sonras\u0131 Geli\u015fen \u00d6l\u00fcmc\u00fcl Bir Komplikasyon: Pn\u00f6motoraks!    Pn\u00f6mosepsis!<\/td>\r\n    <td>Arzu G\u00fcndo\u011fdu<\/td>\r\n  <\/tr>\r\n  <tr>\r\n    <td>PS176<\/td>\r\n    <td>16.11.2024<\/td>\r\n    <td>12:30<\/td>\r\n    <td>13:00<\/td>\r\n    <td>K\u0130OSK 3<\/td>\r\n    <td>\u015ea\u015f\u0131rt\u0131c\u0131    Bir Paradoks: D-Dimer Negatif Pulmoner Emboli<\/td>\r\n    <td>Ahmet Hamdi Ak\u00e7ay<\/td>\r\n  <\/tr>\r\n  <tr>\r\n    <td>PS177<\/td>\r\n    <td>16.11.2024<\/td>\r\n    <td>12:30<\/td>\r\n    <td>13:00<\/td>\r\n    <td>K\u0130OSK 3<\/td>\r\n    <td>A\u011f\u0131zdan    Kan Gelmesinin Nadiren D\u00fc\u015f\u00fcn\u00fclen Sebebi: Endoleak Kaynakl\u0131 Aortotrakeal    Fist\u00fcl<\/td>\r\n    <td>Ahmet Burak Erdem<\/td>\r\n  <\/tr>\r\n  <tr>\r\n    <td>PS178<\/td>\r\n    <td>16.11.2024<\/td>\r\n    <td>12:30<\/td>\r\n    <td>13:00<\/td>\r\n    <td>K\u0130OSK 3<\/td>\r\n    <td>Kontrastl\u0131    Tomografiden Dabigatran Toksisitesine: Olgu Sunumu<\/td>\r\n    <td>\u015eenol Ard\u0131\u00e7<\/td>\r\n  <\/tr>\r\n  <tr>\r\n    <td>PS179<\/td>\r\n    <td>16.11.2024<\/td>\r\n    <td>12:30<\/td>\r\n    <td>13:00<\/td>\r\n    <td>K\u0130OSK 3<\/td>\r\n    <td>Kur\u015fun    mermi yutan pediatrik bir hastada tam barsak irigasyonuyla kur\u015fun    toksisitesinin \u00f6nlenmesi olgu sunumu<\/td>\r\n    <td>Do\u011fukan Birinci<\/td>\r\n  <\/tr>\r\n  <tr>\r\n    <td>PS180<\/td>\r\n    <td>16.11.2024<\/td>\r\n    <td>12:30<\/td>\r\n    <td>13:00<\/td>\r\n    <td>K\u0130OSK 3<\/td>\r\n    <td>Lokal    anestezik uygulamas\u0131 sonras\u0131 g\u00f6r\u00fclen methemoglobinemi,vaka serisi<\/td>\r\n    <td>Tu\u011f\u00e7e Ayd\u0131n<\/td>\r\n  <\/tr>\r\n  <tr>\r\n    <td>PS181<\/td>\r\n    <td>16.11.2024<\/td>\r\n    <td>12:30<\/td>\r\n    <td>13:00<\/td>\r\n    <td>K\u0130OSK 3<\/td>\r\n    <td>Etilen    Glikol Zehirlenmesine Ba\u011fl\u0131 Yalanc\u0131 Laktat Y\u00fcksekli\u011fi: Olgu Sunumu<\/td>\r\n    <td>Mustafa Altun<\/td>\r\n  <\/tr>\r\n  <tr>\r\n    <td rowspan=\"7\">\u00d6ZLEM D\u0130KME<\/td>\r\n    <td>PS182<\/td>\r\n    <td>16.11.2024<\/td>\r\n    <td>12:30<\/td>\r\n    <td>13:00<\/td>\r\n    <td>K\u0130OSK 4<\/td>\r\n    <td>Poli\u00fcretan    K\u00f6p\u00fck Patlamas\u0131na Ba\u011fl\u0131 \u0130\u015f Kazas\u0131<\/td>\r\n    <td>O\u011fuz Ero\u011flu<\/td>\r\n  <\/tr>\r\n  <tr>\r\n    <td>PS183<\/td>\r\n    <td>16.11.2024<\/td>\r\n    <td>12:30<\/td>\r\n    <td>13:00<\/td>\r\n    <td>K\u0130OSK 4<\/td>\r\n    <td>Posterior    klavikula \u00e7\u0131k\u0131\u011f\u0131na ba\u011fl\u0131 geli\u015fen vena kava superior yaralanmas\u0131<\/td>\r\n    <td>Ay\u00e7a Koca<\/td>\r\n  <\/tr>\r\n  <tr>\r\n    <td>PS184<\/td>\r\n    <td>16.11.2024<\/td>\r\n    <td>12:30<\/td>\r\n    <td>13:00<\/td>\r\n    <td>K\u0130OSK 4<\/td>\r\n    <td>Boya    \u00c7\u00f6z\u00fcc\u00fc ile 2 G\u00fcn: Tiner Maruziyeti; Olgu Sunumu<\/td>\r\n    <td>Asl\u0131 Nur K\u0131l\u0131n\u00e7<\/td>\r\n  <\/tr>\r\n  <tr>\r\n    <td>PS185<\/td>\r\n    <td>16.11.2024<\/td>\r\n    <td>12:30<\/td>\r\n    <td>13:00<\/td>\r\n    <td>K\u0130OSK 4<\/td>\r\n    <td>Boyun    Travmas\u0131 Sonras\u0131 \u00c7ocuk Hastada Geli\u015fen Pn\u00f6momediastinum Olgu Sunumu<\/td>\r\n    <td>Mustafa Ba\u00e7<\/td>\r\n  <\/tr>\r\n  <tr>\r\n    <td>PS186<\/td>\r\n    <td>16.11.2024<\/td>\r\n    <td>12:30<\/td>\r\n    <td>13:00<\/td>\r\n    <td>K\u0130OSK 4<\/td>\r\n    <td>Acil    serviste gebelik ve epileptik n\u00f6bet<\/td>\r\n    <td>Yeliz \u015eim\u015fek<\/td>\r\n  <\/tr>\r\n  <tr>\r\n    <td>PS187<\/td>\r\n    <td>16.11.2024<\/td>\r\n    <td>12:30<\/td>\r\n    <td>13:00<\/td>\r\n    <td>K\u0130OSK 4<\/td>\r\n    <td>&quot;Haval\u0131&quot;    bir \u00fcrolojik acil: Amfizemat\u00f6z Piyelonefrit<\/td>\r\n    <td>Cuma \u00d6nder Ye\u015filda\u011f<\/td>\r\n  <\/tr>\r\n  <tr>\r\n    <td>PS188<\/td>\r\n    <td>16.11.2024<\/td>\r\n    <td>12:30<\/td>\r\n    <td>13:00<\/td>\r\n    <td>K\u0130OSK 4<\/td>\r\n    <td>Esotropia    and Diplopia Following Botulinum Toxin Type A \u0130njection: Case Report<\/td>\r\n    <td>Keziban U\u00e7ar    Karabulut<\/td>\r\n  <\/tr>\r\n        <\/tbody>\r\n<\/table>\r\n\r\n\r\n\r\n\t\t\t\t<\/div>\n\t\t\t\t<\/div>\n\t\t\t\t\t<\/div>\n\t\t\t\t<\/div>\n\t\t\t\t<\/div>\n\t\t","protected":false},"excerpt":{"rendered":"<p>15 Kas\u0131m 2024 Type something in the input field to search the table for first names, last names or category: Moderat\u00f6r Poster Numaras\u0131 Sunum G\u00fcn\u00fc Sunum Ba\u015flag\u0131\u00e7 Sunum Biti\u015f Oturum Salonu Poster Ba\u015fl\u0131\u011f\u0131 Sunan Yazar ERKMAN SANRI PS121 16.11.2024 10:30 11:00 K\u0130OSK 1 Central cord syndrome: a neurological emergency Fatih Al\u0131\u015f\u0131k PS122 16.11.2024 10:30 11:00 [&hellip;]<\/p>\n","protected":false},"author":1,"featured_media":0,"parent":0,"menu_order":0,"comment_status":"closed","ping_status":"closed","template":"","meta":{"_eb_attr":"","footnotes":""},"class_list":["post-2697","page","type-page","status-publish","hentry"],"blocksy_meta":{"page_structure_type":"type-4","styles_descriptor":{"styles":{"desktop":"","tablet":"","mobile":""},"google_fonts":[],"version":6}},"_links":{"self":[{"href":"https:\/\/eacem.org\/2024\/wp-json\/wp\/v2\/pages\/2697","targetHints":{"allow":["GET"]}}],"collection":[{"href":"https:\/\/eacem.org\/2024\/wp-json\/wp\/v2\/pages"}],"about":[{"href":"https:\/\/eacem.org\/2024\/wp-json\/wp\/v2\/types\/page"}],"author":[{"embeddable":true,"href":"https:\/\/eacem.org\/2024\/wp-json\/wp\/v2\/users\/1"}],"replies":[{"embeddable":true,"href":"https:\/\/eacem.org\/2024\/wp-json\/wp\/v2\/comments?post=2697"}],"version-history":[{"count":10,"href":"https:\/\/eacem.org\/2024\/wp-json\/wp\/v2\/pages\/2697\/revisions"}],"predecessor-version":[{"id":2828,"href":"https:\/\/eacem.org\/2024\/wp-json\/wp\/v2\/pages\/2697\/revisions\/2828"}],"wp:attachment":[{"href":"https:\/\/eacem.org\/2024\/wp-json\/wp\/v2\/media?parent=2697"}],"curies":[{"name":"wp","href":"https:\/\/api.w.org\/{rel}","templated":true}]}}