{"id":26,"date":"2024-03-19T09:08:23","date_gmt":"2024-03-19T09:08:23","guid":{"rendered":"https:\/\/eacem.org\/2024\/?page_id=26"},"modified":"2024-11-07T16:42:11","modified_gmt":"2024-11-07T16:42:11","slug":"indirilebilir-dokumanlar","status":"publish","type":"page","link":"https:\/\/eacem.org\/2024\/indirilebilir-dokumanlar\/","title":{"rendered":"\u0130ndirilebilir Dok\u00fcmanlar"},"content":{"rendered":"\t\t<div data-elementor-type=\"wp-page\" data-elementor-id=\"26\" class=\"elementor elementor-26\" data-elementor-post-type=\"page\">\n\t\t\t\t<div class=\"elementor-element elementor-element-7231d24d e-flex e-con-boxed e-con e-parent\" data-id=\"7231d24d\" data-element_type=\"container\">\n\t\t\t\t\t<div class=\"e-con-inner\">\n\t\t\t\t<div class=\"elementor-element elementor-element-21aad083 elementor-widget elementor-widget-text-editor\" data-id=\"21aad083\" data-element_type=\"widget\" data-widget_type=\"text-editor.default\">\n\t\t\t\t<div class=\"elementor-widget-container\">\n\t\t\t\t\t\t\t\t\t\n<p>10. Avrasya Acil t\u0131p Kongresi ve\u00a0 20. T\u00fcrkiye Acil T\u0131p Kongresi materyal seti, sunumunuzu haz\u0131rlarken ya da etkinlik \u00f6ncesinde, s\u0131ras\u0131nda ve sonras\u0131nda ileti\u015fiminizde yard\u0131mc\u0131 olmak i\u00e7in olu\u015fturulmu\u015ftur. A\u015fa\u011f\u0131da, resmi etkinlik bannerlar\u0131, sunum \u015fablonlar\u0131, bas\u0131l\u0131 g\u00f6rsel \u00e7al\u0131\u015fmalar kullan\u0131m\u0131n\u0131za sunulmu\u015ftur.<\/p>\n\t\t\t\t\t\t\t\t<\/div>\n\t\t\t\t<\/div>\n\t\t\t\t\t<\/div>\n\t\t\t\t<\/div>\n\t\t<div class=\"elementor-element elementor-element-1a5b671 e-flex e-con-boxed e-con e-parent\" data-id=\"1a5b671\" data-element_type=\"container\">\n\t\t\t\t\t<div class=\"e-con-inner\">\n\t\t<div class=\"elementor-element elementor-element-4da2604 e-con-full e-flex e-con e-child\" data-id=\"4da2604\" data-element_type=\"container\">\n\t\t\t\t<div class=\"elementor-element elementor-element-0bcbe6b elementor-widget elementor-widget-heading\" data-id=\"0bcbe6b\" data-element_type=\"widget\" data-widget_type=\"heading.default\">\n\t\t\t\t<div class=\"elementor-widget-container\">\n\t\t\t\t\t<h5 class=\"elementor-heading-title elementor-size-default\">Poter \u015fablonu<\/h5>\t\t\t\t<\/div>\n\t\t\t\t<\/div>\n\t\t\t\t<div class=\"elementor-element elementor-element-37c39fa elementor-widget elementor-widget-image\" data-id=\"37c39fa\" data-element_type=\"widget\" data-widget_type=\"image.default\">\n\t\t\t\t<div class=\"elementor-widget-container\">\n\t\t\t\t\t\t\t\t\t\t\t\t\t\t\t\t<a href=\"https:\/\/eacem.org\/2024\/Docs\/EACEM-TATKON-Poster-Template.pptx\">\n\t\t\t\t\t\t\t<img fetchpriority=\"high\" decoding=\"async\" width=\"729\" height=\"1024\" src=\"https:\/\/eacem.org\/2024\/wp-content\/uploads\/2024\/11\/Poster-Template-01-729x1024.jpg\" class=\"attachment-large size-large wp-image-2610\" alt=\"\" srcset=\"https:\/\/eacem.org\/2024\/wp-content\/uploads\/2024\/11\/Poster-Template-01-729x1024.jpg 729w, https:\/\/eacem.org\/2024\/wp-content\/uploads\/2024\/11\/Poster-Template-01-214x300.jpg 214w, https:\/\/eacem.org\/2024\/wp-content\/uploads\/2024\/11\/Poster-Template-01-107x150.jpg 107w, https:\/\/eacem.org\/2024\/wp-content\/uploads\/2024\/11\/Poster-Template-01-768x1079.jpg 768w, https:\/\/eacem.org\/2024\/wp-content\/uploads\/2024\/11\/Poster-Template-01-1093x1536.jpg 1093w, https:\/\/eacem.org\/2024\/wp-content\/uploads\/2024\/11\/Poster-Template-01-1458x2048.jpg 1458w, https:\/\/eacem.org\/2024\/wp-content\/uploads\/2024\/11\/Poster-Template-01-9x12.jpg 9w, https:\/\/eacem.org\/2024\/wp-content\/uploads\/2024\/11\/Poster-Template-01-scaled.jpg 1822w\" sizes=\"(max-width: 729px) 100vw, 729px\" \/>\t\t\t\t\t\t\t\t<\/a>\n\t\t\t\t\t\t\t\t\t\t\t\t\t\t\t<\/div>\n\t\t\t\t<\/div>\n\t\t\t\t<\/div>\n\t\t<div class=\"elementor-element elementor-element-dcb1511 e-con-full e-flex e-con e-child\" data-id=\"dcb1511\" data-element_type=\"container\">\n\t\t\t\t<div class=\"elementor-element elementor-element-0288cbd elementor-widget elementor-widget-heading\" data-id=\"0288cbd\" data-element_type=\"widget\" data-widget_type=\"heading.default\">\n\t\t\t\t<div class=\"elementor-widget-container\">\n\t\t\t\t\t<h5 class=\"elementor-heading-title elementor-size-default\">16:9 Sunum \u015fablonu i\u00e7eri\u011fi<\/h5>\t\t\t\t<\/div>\n\t\t\t\t<\/div>\n\t\t\t\t<div class=\"elementor-element elementor-element-01d5817 elementor-widget elementor-widget-image\" data-id=\"01d5817\" data-element_type=\"widget\" data-widget_type=\"image.default\">\n\t\t\t\t<div class=\"elementor-widget-container\">\n\t\t\t\t\t\t\t\t\t\t\t\t\t\t\t\t<a href=\"https:\/\/eacem.org\/2024\/Docs\/EACEM-TATKON-2024_Sunu.pptx\" target=\"_blank\">\n\t\t\t\t\t\t\t<img decoding=\"async\" src=\"https:\/\/eacem.org\/2024\/Docs\/EACEM-TATKON-2024-Sunum-ic.jpg\" title=\"\" alt=\"\" loading=\"lazy\" \/>\t\t\t\t\t\t\t\t<\/a>\n\t\t\t\t\t\t\t\t\t\t\t\t\t\t\t<\/div>\n\t\t\t\t<\/div>\n\t\t<div class=\"elementor-element elementor-element-c2c66f5 e-con-full e-flex e-con e-child\" data-id=\"c2c66f5\" data-element_type=\"container\">\n\t\t\t\t<div class=\"elementor-element elementor-element-76b993d elementor-widget elementor-widget-heading\" data-id=\"76b993d\" data-element_type=\"widget\" data-widget_type=\"heading.default\">\n\t\t\t\t<div class=\"elementor-widget-container\">\n\t\t\t\t\t<h5 class=\"elementor-heading-title elementor-size-default\">16:9 Sunum \u015fablonu i\u00e7eri\u011fi<\/h5>\t\t\t\t<\/div>\n\t\t\t\t<\/div>\n\t\t\t\t<div class=\"elementor-element elementor-element-7eab2b9 elementor-widget elementor-widget-image\" data-id=\"7eab2b9\" data-element_type=\"widget\" data-widget_type=\"image.default\">\n\t\t\t\t<div class=\"elementor-widget-container\">\n\t\t\t\t\t\t\t\t\t\t\t\t\t\t\t\t<a href=\"https:\/\/eacem.org\/2024\/Docs\/EACEM-TATKON-2024_Sunu.pptx\" target=\"_blank\">\n\t\t\t\t\t\t\t<img decoding=\"async\" src=\"https:\/\/eacem.org\/2024\/Docs\/EACEM-TATKON-2024-Sunum-ic.jpg\" title=\"\" alt=\"\" loading=\"lazy\" \/>\t\t\t\t\t\t\t\t<\/a>\n\t\t\t\t\t\t\t\t\t\t\t\t\t\t\t<\/div>\n\t\t\t\t<\/div>\n\t\t\t\t<\/div>\n\t\t\t\t<\/div>\n\t\t\t\t\t<\/div>\n\t\t\t\t<\/div>\n\t\t<div class=\"elementor-element elementor-element-69f5b2e e-flex e-con-boxed e-con e-parent\" data-id=\"69f5b2e\" data-element_type=\"container\">\n\t\t\t\t\t<div class=\"e-con-inner\">\n\t\t<div class=\"elementor-element elementor-element-642470e e-con-full e-flex e-con e-child\" data-id=\"642470e\" data-element_type=\"container\">\n\t\t\t\t<div class=\"elementor-element elementor-element-c74f059 elementor-widget elementor-widget-heading\" data-id=\"c74f059\" data-element_type=\"widget\" data-widget_type=\"heading.default\">\n\t\t\t\t<div class=\"elementor-widget-container\">\n\t\t\t\t\t<h5 class=\"elementor-heading-title elementor-size-default\">800\u00d7200 px banner<\/h5>\t\t\t\t<\/div>\n\t\t\t\t<\/div>\n\t\t\t\t<div class=\"elementor-element elementor-element-9aa9327 elementor-widget elementor-widget-image\" data-id=\"9aa9327\" data-element_type=\"widget\" data-widget_type=\"image.default\">\n\t\t\t\t<div class=\"elementor-widget-container\">\n\t\t\t\t\t\t\t\t\t\t\t\t\t\t\t\t<a href=\"https:\/\/eacem.org\/2024\/Docs\/EACEM-TATKON_2024-Banner-800x200px.jpg\" data-elementor-open-lightbox=\"yes\" data-e-action-hash=\"#elementor-action%3Aaction%3Dlightbox%26settings%3DW10%3D\">\n\t\t\t\t\t\t\t<img decoding=\"async\" src=\"https:\/\/eacem.org\/2024\/Docs\/EACEM-TATKON_2024-Banner-800x200px.jpg\" title=\"\" alt=\"\" loading=\"lazy\" \/>\t\t\t\t\t\t\t\t<\/a>\n\t\t\t\t\t\t\t\t\t\t\t\t\t\t\t<\/div>\n\t\t\t\t<\/div>\n\t\t\t\t<div class=\"elementor-element elementor-element-65088bc elementor-widget elementor-widget-heading\" data-id=\"65088bc\" data-element_type=\"widget\" data-widget_type=\"heading.default\">\n\t\t\t\t<div class=\"elementor-widget-container\">\n\t\t\t\t\t<h5 class=\"elementor-heading-title elementor-size-default\">500\u00d7200 px e-imza<\/h5>\t\t\t\t<\/div>\n\t\t\t\t<\/div>\n\t\t\t\t<div class=\"elementor-element elementor-element-afb165f elementor-widget elementor-widget-image\" data-id=\"afb165f\" data-element_type=\"widget\" data-widget_type=\"image.default\">\n\t\t\t\t<div class=\"elementor-widget-container\">\n\t\t\t\t\t\t\t\t\t\t\t\t\t\t\t\t<a href=\"https:\/\/eacem.org\/2024\/Docs\/EACEM-TATKON_2024-Mail-imza-500x200px-tr.jpg\" data-elementor-open-lightbox=\"yes\" data-e-action-hash=\"#elementor-action%3Aaction%3Dlightbox%26settings%3DW10%3D\">\n\t\t\t\t\t\t\t<img decoding=\"async\" src=\"https:\/\/eacem.org\/2024\/Docs\/EACEM-TATKON_2024-Mail-imza-500x200px-tr.jpg\" title=\"\" alt=\"\" loading=\"lazy\" \/>\t\t\t\t\t\t\t\t<\/a>\n\t\t\t\t\t\t\t\t\t\t\t\t\t\t\t<\/div>\n\t\t\t\t<\/div>\n\t\t\t\t<\/div>\n\t\t<div class=\"elementor-element elementor-element-70c5a45 e-con-full e-flex e-con e-child\" data-id=\"70c5a45\" data-element_type=\"container\">\n\t\t\t\t<div class=\"elementor-element elementor-element-aa783c8 elementor-widget elementor-widget-heading\" data-id=\"aa783c8\" data-element_type=\"widget\" data-widget_type=\"heading.default\">\n\t\t\t\t<div class=\"elementor-widget-container\">\n\t\t\t\t\t<h5 class=\"elementor-heading-title elementor-size-default\">650\u00d7650 px kare banner<\/h5>\t\t\t\t<\/div>\n\t\t\t\t<\/div>\n\t\t\t\t<div class=\"elementor-element elementor-element-7180fb5 elementor-widget elementor-widget-image\" data-id=\"7180fb5\" data-element_type=\"widget\" data-widget_type=\"image.default\">\n\t\t\t\t<div class=\"elementor-widget-container\">\n\t\t\t\t\t\t\t\t\t\t\t\t\t\t\t\t<a href=\"https:\/\/eacem.org\/2024\/Docs\/EACEM-TATKON-2024_Sunu.pptx\" target=\"_blank\">\n\t\t\t\t\t\t\t<img decoding=\"async\" src=\"https:\/\/eacem.org\/2024\/Docs\/EACEM-TATKON_2024-Banner-650x650px.jpg\" title=\"\" alt=\"\" loading=\"lazy\" \/>\t\t\t\t\t\t\t\t<\/a>\n\t\t\t\t\t\t\t\t\t\t\t\t\t\t\t<\/div>\n\t\t\t\t<\/div>\n\t\t\t\t<\/div>\n\t\t\t\t\t<\/div>\n\t\t\t\t<\/div>\n\t\t\t\t<\/div>\n\t\t","protected":false},"excerpt":{"rendered":"<p>10. Avrasya Acil t\u0131p Kongresi ve\u00a0 20. T\u00fcrkiye Acil T\u0131p Kongresi materyal seti, sunumunuzu haz\u0131rlarken ya da etkinlik \u00f6ncesinde, s\u0131ras\u0131nda ve sonras\u0131nda ileti\u015fiminizde yard\u0131mc\u0131 olmak i\u00e7in olu\u015fturulmu\u015ftur. A\u015fa\u011f\u0131da, resmi etkinlik bannerlar\u0131, sunum \u015fablonlar\u0131, bas\u0131l\u0131 g\u00f6rsel \u00e7al\u0131\u015fmalar kullan\u0131m\u0131n\u0131za sunulmu\u015ftur. Poter \u015fablonu 16:9 Sunum \u015fablonu i\u00e7eri\u011fi 16:9 Sunum \u015fablonu i\u00e7eri\u011fi 800\u00d7200 px banner 500\u00d7200 px e-imza 650\u00d7650 [&hellip;]<\/p>\n","protected":false},"author":1,"featured_media":0,"parent":0,"menu_order":0,"comment_status":"closed","ping_status":"closed","template":"","meta":{"_eb_attr":"","footnotes":""},"class_list":["post-26","page","type-page","status-publish","hentry"],"blocksy_meta":[],"_links":{"self":[{"href":"https:\/\/eacem.org\/2024\/wp-json\/wp\/v2\/pages\/26","targetHints":{"allow":["GET"]}}],"collection":[{"href":"https:\/\/eacem.org\/2024\/wp-json\/wp\/v2\/pages"}],"about":[{"href":"https:\/\/eacem.org\/2024\/wp-json\/wp\/v2\/types\/page"}],"author":[{"embeddable":true,"href":"https:\/\/eacem.org\/2024\/wp-json\/wp\/v2\/users\/1"}],"replies":[{"embeddable":true,"href":"https:\/\/eacem.org\/2024\/wp-json\/wp\/v2\/comments?post=26"}],"version-history":[{"count":24,"href":"https:\/\/eacem.org\/2024\/wp-json\/wp\/v2\/pages\/26\/revisions"}],"predecessor-version":[{"id":2617,"href":"https:\/\/eacem.org\/2024\/wp-json\/wp\/v2\/pages\/26\/revisions\/2617"}],"wp:attachment":[{"href":"https:\/\/eacem.org\/2024\/wp-json\/wp\/v2\/media?parent=26"}],"curies":[{"name":"wp","href":"https:\/\/api.w.org\/{rel}","templated":true}]}}