{"id":995,"date":"2024-10-08T12:35:14","date_gmt":"2024-10-08T12:35:14","guid":{"rendered":"https:\/\/eacem.org\/2024\/?page_id=995"},"modified":"2024-10-25T14:07:42","modified_gmt":"2024-10-25T14:07:42","slug":"acil-mikrofon","status":"publish","type":"page","link":"https:\/\/eacem.org\/2024\/en\/acil-mikrofon\/","title":{"rendered":"Emergency Microphone"},"content":{"rendered":"<div data-elementor-type=\"wp-page\" data-elementor-id=\"995\" class=\"elementor elementor-995\" data-elementor-post-type=\"page\">\n\t\t\t\t<div class=\"elementor-element elementor-element-2edc61d e-con-full e-flex e-con e-parent\" data-id=\"2edc61d\" data-element_type=\"container\">\n\t\t<div class=\"elementor-element elementor-element-fe7c8d3 e-con-full e-flex e-con e-child\" data-id=\"fe7c8d3\" data-element_type=\"container\">\n\t\t\t\t<div class=\"elementor-element elementor-element-0b698d4 elementor-widget elementor-widget-heading\" data-id=\"0b698d4\" data-element_type=\"widget\" data-widget_type=\"heading.default\">\n\t\t\t\t<div class=\"elementor-widget-container\">\n\t\t\t\t\t<h4 class=\"elementor-heading-title elementor-size-default\">Would You Like to Be a Speaker at the EMAT Congress?<\/h4>\t\t\t\t<\/div>\n\t\t\t\t<\/div>\n\t\t\t\t<div class=\"elementor-element elementor-element-b607892 elementor-widget elementor-widget-text-editor\" data-id=\"b607892\" data-element_type=\"widget\" data-widget_type=\"text-editor.default\">\n\t\t\t\t<div class=\"elementor-widget-container\">\n\t\t\t\t\t\t\t\t\t<p><span style=\"font-family: inherit; font-size: inherit; font-style: inherit; font-variant-ligatures: inherit; font-variant-caps: inherit; font-weight: inherit; text-align: var(--text-align); background-color: var(--has-background, var(--theme-palette-color-8)); color: var(--theme-text-color); letter-spacing: var(--theme-letter-spacing); text-transform: var(--theme-text-transform);\">We invite Emergency Medicine Specialists who are within the first 5 years of their specialization, Faculty Members, and Instructors who are members of the Emergency Medicine Association of Turkiye to the \"Emergency Microphone\" session. Candidates who wish to apply will have the opportunity to be included in the scientific program with an innovative presentation on any topic aimed at advancing the field of emergency medicine. This year's theme for the Emergency Microphone panel is \"Emergency Departments of the Future.\"<\/span><\/p><p><span style=\"font-family: inherit; font-size: inherit; font-style: inherit; font-variant-ligatures: inherit; font-variant-caps: inherit; font-weight: inherit; text-align: var(--text-align); background-color: var(--has-background, var(--theme-palette-color-8)); color: var(--theme-text-color); letter-spacing: var(--theme-letter-spacing); text-transform: var(--theme-text-transform);\">Adaylar haz\u0131rlayacaklar\u0131 10 dakikal\u0131k bir sunum videosu ve konu\u015fma i\u00e7eri\u011finin acil t\u0131p alan\u0131na nas\u0131l bir katk\u0131 sa\u011flayaca\u011f\u0131n\u0131 a\u00e7\u0131klayan bir ama\u00e7 mektubu ile info@eacem.org adresine <strong>28.10.2024<\/strong>, saat <strong>17.00<\/strong>\u2019ye kadar ba\u015fvurabilirler.\u00a0<\/span><\/p><p><span style=\"font-family: inherit; font-size: inherit; font-style: inherit; font-variant-ligatures: inherit; font-variant-caps: inherit; font-weight: inherit; text-align: var(--text-align); background-color: var(--has-background, var(--theme-palette-color-8)); color: var(--theme-text-color); letter-spacing: var(--theme-letter-spacing); text-transform: var(--theme-text-transform);\">The presentation videos will undergo evaluation by a jury, and the top three candidates with the highest scores will have their congress participation and accommodation expenses at Selectum Luxury Resort Belek covered by the Emergency Medicine Association of Turkiye. Candidates who qualify for inclusion in the scientific program will give a 15-minute presentation in the TATKON 2024 \u2013 Emergency Microphone session.\u00a0<\/span><\/p><h4><span style=\"font-family: inherit; font-size: inherit; font-style: inherit; font-variant-ligatures: inherit; font-variant-caps: inherit; font-weight: inherit; text-align: var(--text-align); background-color: var(--has-background, var(--theme-palette-color-8)); color: var(--theme-text-color); letter-spacing: var(--theme-letter-spacing); text-transform: var(--theme-text-transform);\">Participation Criteria\u00a0<\/span><\/h4><ul><li>Being an Emergency Medicine Specialist, Faculty Member, or Instructor within the first 5 years of their specialization.<\/li><li>Being a member of the Emergency Medicine Association of Turkiye (EMAT) and having no unpaid membership fees.<\/li><li>Not having previously given a presentation in the Emergency Microphone panel<\/li><li>Not having any duties in the congress scientific program.<\/li><\/ul>\t\t\t\t\t\t\t\t<\/div>\n\t\t\t\t<\/div>\n\t\t\t\t<\/div>\n\t\t<div class=\"elementor-element elementor-element-ed1f962 e-con-full e-flex e-con e-child\" data-id=\"ed1f962\" data-element_type=\"container\">\n\t\t\t\t<div class=\"elementor-element elementor-element-f04a410 elementor-widget elementor-widget-image\" data-id=\"f04a410\" data-element_type=\"widget\" data-widget_type=\"image.default\">\n\t\t\t\t<div class=\"elementor-widget-container\">\n\t\t\t\t\t\t\t\t\t\t\t\t\t\t\t<img fetchpriority=\"high\" decoding=\"async\" width=\"1024\" height=\"1024\" src=\"https:\/\/eacem.org\/2024\/wp-content\/uploads\/2024\/10\/TADKON-EACEM-2024-acil-mikrofon-uzatma-1024x1024.jpg\" class=\"attachment-large size-large wp-image-2116\" alt=\"\" srcset=\"https:\/\/eacem.org\/2024\/wp-content\/uploads\/2024\/10\/TADKON-EACEM-2024-acil-mikrofon-uzatma-1024x1024.jpg 1024w, https:\/\/eacem.org\/2024\/wp-content\/uploads\/2024\/10\/TADKON-EACEM-2024-acil-mikrofon-uzatma-300x300.jpg 300w, https:\/\/eacem.org\/2024\/wp-content\/uploads\/2024\/10\/TADKON-EACEM-2024-acil-mikrofon-uzatma-150x150.jpg 150w, https:\/\/eacem.org\/2024\/wp-content\/uploads\/2024\/10\/TADKON-EACEM-2024-acil-mikrofon-uzatma-768x768.jpg 768w, https:\/\/eacem.org\/2024\/wp-content\/uploads\/2024\/10\/TADKON-EACEM-2024-acil-mikrofon-uzatma-12x12.jpg 12w, https:\/\/eacem.org\/2024\/wp-content\/uploads\/2024\/10\/TADKON-EACEM-2024-acil-mikrofon-uzatma.jpg 1080w\" sizes=\"(max-width: 1024px) 100vw, 1024px\" \/>\t\t\t\t\t\t\t\t\t\t\t\t\t\t\t<\/div>\n\t\t\t\t<\/div>\n\t\t\t\t<\/div>\n\t\t\t\t<\/div>\n\t\t\t\t<\/div>","protected":false},"excerpt":{"rendered":"<p>TATD Kongresi\u2019nde Konu\u015fmac\u0131 Olmak \u0130ster misiniz? T\u00fcrkiye Acil T\u0131p Derne\u011fi \u00fcyesi ve uzmanl\u0131\u011f\u0131n\u0131n ilk 5 y\u0131l\u0131nda olan Acil T\u0131p Uzman\u0131, \u00d6\u011fretim Eleman\u0131 ve \u00d6\u011fretim \u00dcyelerini \u201cAcil Mikrofon\u201d oturumuna bekliyoruz. Ba\u015fvurmak isteyen adaylar, acil t\u0131p alan\u0131n\u0131 geli\u015ftirmeye y\u00f6nelik herhangi bir konuda yapaca\u011f\u0131 yenilik getiren bir konu\u015fma ile bilimsel programa dahil olabilme f\u0131rsat\u0131 yakalayabilecekler. Acil Mikrofon panelinin [&hellip;]<\/p>","protected":false},"author":1,"featured_media":0,"parent":0,"menu_order":0,"comment_status":"closed","ping_status":"closed","template":"","meta":{"_eb_attr":"","footnotes":""},"class_list":["post-995","page","type-page","status-publish","hentry"],"blocksy_meta":[],"_links":{"self":[{"href":"https:\/\/eacem.org\/2024\/en\/wp-json\/wp\/v2\/pages\/995","targetHints":{"allow":["GET"]}}],"collection":[{"href":"https:\/\/eacem.org\/2024\/en\/wp-json\/wp\/v2\/pages"}],"about":[{"href":"https:\/\/eacem.org\/2024\/en\/wp-json\/wp\/v2\/types\/page"}],"author":[{"embeddable":true,"href":"https:\/\/eacem.org\/2024\/en\/wp-json\/wp\/v2\/users\/1"}],"replies":[{"embeddable":true,"href":"https:\/\/eacem.org\/2024\/en\/wp-json\/wp\/v2\/comments?post=995"}],"version-history":[{"count":19,"href":"https:\/\/eacem.org\/2024\/en\/wp-json\/wp\/v2\/pages\/995\/revisions"}],"predecessor-version":[{"id":2119,"href":"https:\/\/eacem.org\/2024\/en\/wp-json\/wp\/v2\/pages\/995\/revisions\/2119"}],"wp:attachment":[{"href":"https:\/\/eacem.org\/2024\/en\/wp-json\/wp\/v2\/media?parent=995"}],"curies":[{"name":"wp","href":"https:\/\/api.w.org\/{rel}","templated":true}]}}