{"id":962,"date":"2024-10-03T10:54:59","date_gmt":"2024-10-03T10:54:59","guid":{"rendered":"https:\/\/eacem.org\/2024\/?page_id=962"},"modified":"2024-11-12T09:07:07","modified_gmt":"2024-11-12T09:07:07","slug":"uydu-sempozyumlari","status":"publish","type":"page","link":"https:\/\/eacem.org\/2024\/en\/uydu-sempozyumlari\/","title":{"rendered":"Industry Supported Sessions"},"content":{"rendered":"<table class=\"sat\" width=\"100%\">\n  <thead>\n    <tr>\n      <th align=\"center\">&nbsp;<\/th>\n      <th><strong>Sponsor<\/strong><\/th>\n      <th><strong>Date<\/strong><\/th>\n      <th><strong>Time<\/strong><\/th>\n      <th><strong>Hall<\/strong><\/th>\n      <th><strong>Details<\/strong><\/th>\n    <\/tr>\n  <\/thead>\n  <tbody>\n    <tr>\n      <td align=\"center\" valign=\"middle\" bgcolor=\"#FFFFFF\"><img decoding=\"async\" style=\"margin-bottom: 0px !important\" src=\"https:\/\/eacem.org\/2024\/wp-content\/uploads\/2024\/10\/BERKOILAC.jpg\" width=\"181\" height=\"58\" alt=\"\"\/><\/td>\n      <td align=\"center\" valign=\"middle\">Berko<\/td>\n      <td align=\"center\" valign=\"middle\">15 November 2024 Friday<\/td>\n      <td align=\"center\" valign=\"middle\" nowrap=\"nowrap\">11:00 &#8211; 11:45<\/td>\n      <td align=\"center\" valign=\"middle\" nowrap=\"nowrap\">Hall 3<\/td>\n      <td align=\"center\" valign=\"middle\" bgcolor=\"#FFFFFF\"><a href=\"#popmake-948\">Details<\/a><\/td>\n    <\/tr>\n    <tr>\n      <td align=\"center\" valign=\"middle\" bgcolor=\"#FFFFFF\"><p><img decoding=\"async\" style=\"margin-bottom: 0px !important\" src=\"https:\/\/eacem.org\/2024\/wp-content\/uploads\/2024\/10\/Centurion.jpg\" width=\"193\" height=\"53\" alt=\"\"\/><\/p><\/td>\n      <td align=\"center\" valign=\"middle\">Centurion<\/td>\n      <td align=\"center\" valign=\"middle\">15 November 2024 Friday<\/td>\n      <td align=\"center\" valign=\"middle\" nowrap=\"nowrap\">11:45 &#8211; 12:30<\/td>\n      <td align=\"center\" valign=\"middle\" nowrap=\"nowrap\">Salon 2<\/td>\n      <td align=\"center\" valign=\"middle\" bgcolor=\"#FFFFFF\"><a href=\"#popmake-940\">Details<\/a><\/td>\n    <\/tr>\n    <tr>\n      <td align=\"center\" valign=\"middle\" bgcolor=\"#FFFFFF\"><img decoding=\"async\" style=\"margin-bottom: 0px !important\" src=\"https:\/\/eacem.org\/2024\/wp-content\/uploads\/2024\/10\/GE-HLTHCR_Standard_RGB_GEHCPrpl.jpg\" width=\"194\" height=\"63\" alt=\"\"\/><\/td>\n      <td align=\"center\" valign=\"middle\">GE Healthcare<\/td>\n      <td align=\"center\" valign=\"middle\">15 November 2024 Friday<\/td>\n      <td align=\"center\" valign=\"middle\" nowrap=\"nowrap\">14:00-14:45<\/td>\n      <td align=\"center\" valign=\"middle\" nowrap=\"nowrap\">Hall 3<\/td>\n      <td align=\"center\" valign=\"middle\" bgcolor=\"#FFFFFF\"><a href=\"#popmake-950\">Details<\/a><\/td>\n    <\/tr>\n    \n    <tr>\n      <td align=\"center\" valign=\"middle\" bgcolor=\"#FFFFFF\"><img loading=\"lazy\" decoding=\"async\" style=\"margin-bottom: 0px !important\" src=\"https:\/\/eacem.org\/2024\/wp-content\/uploads\/2024\/10\/Ozel-Medikal.jpg\" width=\"123\" height=\"118\" alt=\"\"\/><\/td>\n      <td align=\"center\" valign=\"middle\">\u00d6zel Medikal<\/td>\n      <td align=\"center\" valign=\"middle\">16 November 2024 Saturday<\/td>\n      <td align=\"center\" valign=\"middle\" nowrap=\"nowrap\">14:00-14:45<\/td>\n      <td align=\"center\" valign=\"middle\" nowrap=\"nowrap\">Hall 3<\/td>\n      <td align=\"center\" valign=\"middle\" bgcolor=\"#FFFFFF\"><a href=\"#popmake-952\">Details<\/a><\/td>\n    <\/tr>\n  <\/tbody>\n<\/table>","protected":false},"excerpt":{"rendered":"<p>&nbsp; Sponsor Tarih Saat Salon Detaylar Berko 15 Kas\u0131m 2024 Cuma 11:00 &#8211; 11:45 Salon 3 Detayl\u0131 Bilgi Centurion 15 Kas\u0131m 2024 Cuma 11:45 &#8211; 12:30 Salon 2 Detayl\u0131 Bilgi GE Healthcare 15 Kas\u0131m 2024 Cuma 14:00-14:45 Salon 3 Detayl\u0131 Bilgi \u00d6zel Medikal 16 Kas\u0131m 2024 Cumartesi 14:00-14:45 Salon 3 Detayl\u0131 Bilgi<\/p>","protected":false},"author":1,"featured_media":0,"parent":0,"menu_order":0,"comment_status":"closed","ping_status":"closed","template":"","meta":{"_eb_attr":"","footnotes":""},"class_list":["post-962","page","type-page","status-publish","hentry"],"blocksy_meta":[],"_links":{"self":[{"href":"https:\/\/eacem.org\/2024\/en\/wp-json\/wp\/v2\/pages\/962","targetHints":{"allow":["GET"]}}],"collection":[{"href":"https:\/\/eacem.org\/2024\/en\/wp-json\/wp\/v2\/pages"}],"about":[{"href":"https:\/\/eacem.org\/2024\/en\/wp-json\/wp\/v2\/types\/page"}],"author":[{"embeddable":true,"href":"https:\/\/eacem.org\/2024\/en\/wp-json\/wp\/v2\/users\/1"}],"replies":[{"embeddable":true,"href":"https:\/\/eacem.org\/2024\/en\/wp-json\/wp\/v2\/comments?post=962"}],"version-history":[{"count":12,"href":"https:\/\/eacem.org\/2024\/en\/wp-json\/wp\/v2\/pages\/962\/revisions"}],"predecessor-version":[{"id":2790,"href":"https:\/\/eacem.org\/2024\/en\/wp-json\/wp\/v2\/pages\/962\/revisions\/2790"}],"wp:attachment":[{"href":"https:\/\/eacem.org\/2024\/en\/wp-json\/wp\/v2\/media?parent=962"}],"curies":[{"name":"wp","href":"https:\/\/api.w.org\/{rel}","templated":true}]}}