{"id":780,"date":"2024-09-24T13:49:47","date_gmt":"2024-09-24T13:49:47","guid":{"rendered":"https:\/\/eacem.org\/2024\/?page_id=780"},"modified":"2024-11-11T16:53:31","modified_gmt":"2024-11-11T16:53:31","slug":"sonogames-turkiye","status":"publish","type":"page","link":"https:\/\/eacem.org\/2024\/en\/sonogames-turkiye\/","title":{"rendered":"SONOGAMES T\u00dcRK\u0130YE"},"content":{"rendered":"<div data-elementor-type=\"wp-page\" data-elementor-id=\"780\" class=\"elementor elementor-780\" data-elementor-post-type=\"page\">\n\t\t\t\t<div class=\"elementor-element elementor-element-2edc61d e-con-full e-flex e-con e-parent\" data-id=\"2edc61d\" data-element_type=\"container\">\n\t\t<div class=\"elementor-element elementor-element-fe7c8d3 e-con-full e-flex e-con e-child\" data-id=\"fe7c8d3\" data-element_type=\"container\">\n\t\t\t\t<div class=\"elementor-element elementor-element-0b698d4 elementor-widget elementor-widget-heading\" data-id=\"0b698d4\" data-element_type=\"widget\" data-widget_type=\"heading.default\">\n\t\t\t\t<div class=\"elementor-widget-container\">\n\t\t\t\t\t<h4 class=\"elementor-heading-title elementor-size-default\">About<\/h4>\t\t\t\t<\/div>\n\t\t\t\t<\/div>\n\t\t\t\t<div class=\"elementor-element elementor-element-b607892 elementor-widget elementor-widget-text-editor\" data-id=\"b607892\" data-element_type=\"widget\" data-widget_type=\"text-editor.default\">\n\t\t\t\t<div class=\"elementor-widget-container\">\n\t\t\t\t\t\t\t\t\t<p>The Ultrasound Competition, first organized in 2016 by the Ultrasound Working Group of the Emergency Medicine Association of Turkiye (TATDUS), gained attention from the Society for Academic Emergency Medicine (SAEM) in the following years. As a result, it started to be held annually under the name SONOGAMES Turkey as a traditional event. We are excited to meet you this year with the motto \"Emergency Departments are Changing\" at the competition that brings together Emergency Medicine residents and encourages them to learn ultrasound skills for critically ill patients in a fun and engaging way. The preparations for the breathtaking 'Sonogames Turkey 2024' surprise stages, which will elevate both the audience and the competitors to the heights of excitement, are complete, and we are now waiting for your applications as competitors.<\/p>\t\t\t\t\t\t\t\t<\/div>\n\t\t\t\t<\/div>\n\t\t\t\t<div class=\"elementor-element elementor-element-6bddfb3 elementor-widget elementor-widget-video\" data-id=\"6bddfb3\" data-element_type=\"widget\" data-settings=\"{&quot;video_type&quot;:&quot;hosted&quot;,&quot;controls&quot;:&quot;yes&quot;}\" data-widget_type=\"video.default\">\n\t\t\t\t<div class=\"elementor-widget-container\">\n\t\t\t\t\t\t\t<div class=\"e-hosted-video elementor-wrapper elementor-open-inline\">\n\t\t\t\t\t<video class=\"elementor-video\" src=\"https:\/\/eacem.org\/2024\/Docs\/sonogames.mp4\" controls=\"\" preload=\"metadata\" controlslist=\"nodownload\" poster=\"https:\/\/eacem.org\/2024\/wp-content\/uploads\/2024\/09\/sonogames.jpeg\"><\/video>\n\t\t\t\t<\/div>\n\t\t\t\t\t\t<\/div>\n\t\t\t\t<\/div>\n\t\t\t\t<\/div>\n\t\t<div class=\"elementor-element elementor-element-218712c e-con-full e-flex e-con e-child\" data-id=\"218712c\" data-element_type=\"container\">\n\t\t\t\t<div class=\"elementor-element elementor-element-c8f179f elementor-widget elementor-widget-image\" data-id=\"c8f179f\" data-element_type=\"widget\" data-widget_type=\"image.default\">\n\t\t\t\t<div class=\"elementor-widget-container\">\n\t\t\t\t\t\t\t\t\t\t\t\t\t\t\t<img fetchpriority=\"high\" decoding=\"async\" width=\"1024\" height=\"849\" src=\"https:\/\/eacem.org\/2024\/wp-content\/uploads\/2024\/11\/sonogames-1024x849.jpg\" class=\"attachment-large size-large wp-image-2761\" alt=\"\" srcset=\"https:\/\/eacem.org\/2024\/wp-content\/uploads\/2024\/11\/sonogames-1024x849.jpg 1024w, https:\/\/eacem.org\/2024\/wp-content\/uploads\/2024\/11\/sonogames-300x249.jpg 300w, https:\/\/eacem.org\/2024\/wp-content\/uploads\/2024\/11\/sonogames-150x124.jpg 150w, https:\/\/eacem.org\/2024\/wp-content\/uploads\/2024\/11\/sonogames-768x636.jpg 768w, https:\/\/eacem.org\/2024\/wp-content\/uploads\/2024\/11\/sonogames-14x12.jpg 14w, https:\/\/eacem.org\/2024\/wp-content\/uploads\/2024\/11\/sonogames.jpg 1080w\" sizes=\"(max-width: 1024px) 100vw, 1024px\" \/>\t\t\t\t\t\t\t\t\t\t\t\t\t\t\t<\/div>\n\t\t\t\t<\/div>\n\t\t\t\t<\/div>\n\t\t\t\t<\/div>\n\t\t<div class=\"elementor-element elementor-element-818e507 e-flex e-con-boxed e-con e-parent\" data-id=\"818e507\" data-element_type=\"container\">\n\t\t\t\t\t<div class=\"e-con-inner\">\n\t\t\t\t<div class=\"elementor-element elementor-element-81ca871 elementor-button-success elementor-align-justify elementor-widget elementor-widget-button\" data-id=\"81ca871\" data-element_type=\"widget\" data-widget_type=\"button.default\">\n\t\t\t\t<div class=\"elementor-widget-container\">\n\t\t\t\t\t\t\t\t\t<div class=\"elementor-button-wrapper\">\n\t\t\t\t\t<a class=\"elementor-button elementor-button-link elementor-size-sm\" href=\"https:\/\/forms.gle\/eE2BCjbDYaibARCr5\" target=\"_blank\">\n\t\t\t\t\t\t<span class=\"elementor-button-content-wrapper\">\n\t\t\t\t\t\t\t\t\t<span class=\"elementor-button-text\">CLICK HERE TO APPLICATION<\/span>\n\t\t\t\t\t<\/span>\n\t\t\t\t\t<\/a>\n\t\t\t\t<\/div>\n\t\t\t\t\t\t\t\t<\/div>\n\t\t\t\t<\/div>\n\t\t\t\t\t<\/div>\n\t\t\t\t<\/div>\n\t\t<div class=\"elementor-element elementor-element-961c6a6 e-flex e-con-boxed e-con e-parent\" data-id=\"961c6a6\" data-element_type=\"container\">\n\t\t\t\t\t<div class=\"e-con-inner\">\n\t\t\t\t<div class=\"elementor-element elementor-element-b6ec6f2 elementor-tabs-view-horizontal elementor-widget elementor-widget-tabs\" data-id=\"b6ec6f2\" data-element_type=\"widget\" data-widget_type=\"tabs.default\">\n\t\t\t\t<div class=\"elementor-widget-container\">\n\t\t\t\t\t\t\t<div class=\"elementor-tabs\">\n\t\t\t<div class=\"elementor-tabs-wrapper\" role=\"tablist\" >\n\t\t\t\t\t\t\t\t\t<div id=\"elementor-tab-title-1911\" class=\"elementor-tab-title elementor-tab-desktop-title\" aria-selected=\"true\" data-tab=\"1\" role=\"tab\" tabindex=\"0\" aria-controls=\"elementor-tab-content-1911\" aria-expanded=\"false\">General Rules<\/div>\n\t\t\t\t\t\t\t\t\t<div id=\"elementor-tab-title-1912\" class=\"elementor-tab-title elementor-tab-desktop-title\" aria-selected=\"false\" data-tab=\"2\" role=\"tab\" tabindex=\"-1\" aria-controls=\"elementor-tab-content-1912\" aria-expanded=\"false\">Awards<\/div>\n\t\t\t\t\t\t\t\t\t<div id=\"elementor-tab-title-1913\" class=\"elementor-tab-title elementor-tab-desktop-title\" aria-selected=\"false\" data-tab=\"3\" role=\"tab\" tabindex=\"-1\" aria-controls=\"elementor-tab-content-1913\" aria-expanded=\"false\">Who Can Compete?<\/div>\n\t\t\t\t\t\t\t\t\t<div id=\"elementor-tab-title-1914\" class=\"elementor-tab-title elementor-tab-desktop-title\" aria-selected=\"false\" data-tab=\"4\" role=\"tab\" tabindex=\"-1\" aria-controls=\"elementor-tab-content-1914\" aria-expanded=\"false\">Stages<\/div>\n\t\t\t\t\t\t\t\t\t<div id=\"elementor-tab-title-1915\" class=\"elementor-tab-title elementor-tab-desktop-title\" aria-selected=\"false\" data-tab=\"5\" role=\"tab\" tabindex=\"-1\" aria-controls=\"elementor-tab-content-1915\" aria-expanded=\"false\">Jury Evaluation<\/div>\n\t\t\t\t\t\t\t\t\t<div id=\"elementor-tab-title-1916\" class=\"elementor-tab-title elementor-tab-desktop-title\" aria-selected=\"false\" data-tab=\"6\" role=\"tab\" tabindex=\"-1\" aria-controls=\"elementor-tab-content-1916\" aria-expanded=\"false\">FAQs<\/div>\n\t\t\t\t\t\t\t<\/div>\n\t\t\t<div class=\"elementor-tabs-content-wrapper\" role=\"tablist\" aria-orientation=\"vertical\">\n\t\t\t\t\t\t\t\t\t<div class=\"elementor-tab-title elementor-tab-mobile-title\" aria-selected=\"true\" data-tab=\"1\" role=\"tab\" tabindex=\"0\" aria-controls=\"elementor-tab-content-1911\" aria-expanded=\"false\">General Rules<\/div>\n\t\t\t\t\t<div id=\"elementor-tab-content-1911\" class=\"elementor-tab-content elementor-clearfix\" data-tab=\"1\" role=\"tabpanel\" aria-labelledby=\"elementor-tab-title-1911\" tabindex=\"0\" hidden=\"false\"><ul><li class=\" translation-block\">The competition will take place on <b>Friday, 15 November, from 20:00 to 22:00 in Hall 2.<\/b><\/li><li class=\" translation-block\">Applications will be accepted by filling out the form on the application registration link between <b>14 October 2024, and 10 November 2024.<\/b><\/li><li>Participants of SONOGAMES Turkiye will be contacted via the application email addresses and registered phone numbers.<\/li><li>Applications will not be accepted through social media.<\/li><li class=\" translation-block\">The complete list of participants, including all competitors, will be announced on <b>14 November 2024<\/b>, at 14:00 at the TATD booth in the congress foyer area and on the social media accounts of TATDUS and the TATD congress.<\/li><li class=\" translation-block\">Competitors must complete their participant registration for the 10th Eurasian Congress on Emergency Medicine and the 20th Turkish Congress on Emergency Medicine before <b>15 November 2024<\/b>.<\/li><\/ul><\/div>\n\t\t\t\t\t\t\t\t\t<div class=\"elementor-tab-title elementor-tab-mobile-title\" aria-selected=\"false\" data-tab=\"2\" role=\"tab\" tabindex=\"-1\" aria-controls=\"elementor-tab-content-1912\" aria-expanded=\"false\">Awards<\/div>\n\t\t\t\t\t<div id=\"elementor-tab-content-1912\" class=\"elementor-tab-content elementor-clearfix\" data-tab=\"2\" role=\"tabpanel\" aria-labelledby=\"elementor-tab-title-1912\" tabindex=\"0\" hidden=\"hidden\"><ul><li><p>First Place Prize: Congress registration &amp; accommodation at the 2025 EMAT Course Days for each team member<\/p><\/li><li><p>Second Place Prize: Registration &amp; accommodation at the 2025 ATAS for each team member<\/p><\/li><li><p>Third Place Prize: Free registration for each team member at the 2025 EMAT course<\/p><\/li><\/ul><p>All participants will receive a \"Sonogames Turkey 2024\" medal and the book \"Emergency Ultrasonography\" as gifts.<\/p><p>Prizes are non-transferable and must be used in the year they are awarded.<\/p><\/div>\n\t\t\t\t\t\t\t\t\t<div class=\"elementor-tab-title elementor-tab-mobile-title\" aria-selected=\"false\" data-tab=\"3\" role=\"tab\" tabindex=\"-1\" aria-controls=\"elementor-tab-content-1913\" aria-expanded=\"false\">Who Can Compete?<\/div>\n\t\t\t\t\t<div id=\"elementor-tab-content-1913\" class=\"elementor-tab-content elementor-clearfix\" data-tab=\"3\" role=\"tabpanel\" aria-labelledby=\"elementor-tab-title-1913\" tabindex=\"0\" hidden=\"hidden\"><ul><li>Competitors must be emergency medicine residency students.<\/li><li>Each competitor can only compete in one team.<\/li><li>TATDUS members and instructors cannot be competitors.<\/li><li class=\" translation-block\">Each team consists of <b> competitors<\/b><\/li><li>Each clinic can participate with a maximum of one team.<\/li><li>If a clinic cannot form a team for the competition, two individuals from different clinics can come together to form a team.<\/li><li class=\" translation-block\">Each team selects a nickname\/team name for itself. A team that does not choose a <b>nickname<\/b> will be referred to by the name of the clinic it registered with.<\/li><li>Teams may use themed costumes, accessories, or makeup for the competition if they wish. Since it will be a dynamic competition, it is recommended to choose clothing that allows for running and quick walking.<\/li><li>\u00a0<\/li><\/ul><\/div>\n\t\t\t\t\t\t\t\t\t<div class=\"elementor-tab-title elementor-tab-mobile-title\" aria-selected=\"false\" data-tab=\"4\" role=\"tab\" tabindex=\"-1\" aria-controls=\"elementor-tab-content-1914\" aria-expanded=\"false\">Stages<\/div>\n\t\t\t\t\t<div id=\"elementor-tab-content-1914\" class=\"elementor-tab-content elementor-clearfix\" data-tab=\"4\" role=\"tabpanel\" aria-labelledby=\"elementor-tab-title-1914\" tabindex=\"0\" hidden=\"hidden\"><p>To be Announced Very Soon<\/p><\/div>\n\t\t\t\t\t\t\t\t\t<div class=\"elementor-tab-title elementor-tab-mobile-title\" aria-selected=\"false\" data-tab=\"5\" role=\"tab\" tabindex=\"-1\" aria-controls=\"elementor-tab-content-1915\" aria-expanded=\"false\">Jury Evaluation<\/div>\n\t\t\t\t\t<div id=\"elementor-tab-content-1915\" class=\"elementor-tab-content elementor-clearfix\" data-tab=\"5\" role=\"tabpanel\" aria-labelledby=\"elementor-tab-title-1915\" tabindex=\"0\" hidden=\"hidden\"><ul><li>All teams that wish to participate in the competition and meet the participation criteria will be accepted.<\/li><li class=\" translation-block\">On <b>15 November 2024, Friday from 19:00 to 19:30<\/b>, all teams participating in the competition will be taken to the Meeting Room, where details about the competition will be explained. Teams that do not attend the meeting will be disqualified from the competition.<\/li><li>The first stage of the competition is designed as a preliminary round. After all applications are completed, the number of stages and elimination procedures will be explained to the competitors during the pre-competition meeting.<\/li><li>In this competition, where competitors and spectators will learn while having fun, competitors will perform procedures with ultrasound assistance in each stage, make diagnoses, and make decisions.<\/li><li>TATDUS officials will welcome the competitors in all stages and will provide brief explanations for the procedures to be performed in each stage.<\/li><li>All teams will move from stage to stage accompanied by a TATDUS officials throughout the competition.<\/li><li>The teams' performance in each stage will be evaluated by the juries based on predetermined time and correct answer criteria, and the scores for each stage will be calculated and totaled at the end of the competition.<\/li><li>In the event of a tie, the stage times will be decisive.<\/li><\/ul><\/div>\n\t\t\t\t\t\t\t\t\t<div class=\"elementor-tab-title elementor-tab-mobile-title\" aria-selected=\"false\" data-tab=\"6\" role=\"tab\" tabindex=\"-1\" aria-controls=\"elementor-tab-content-1916\" aria-expanded=\"false\">FAQs<\/div>\n\t\t\t\t\t<div id=\"elementor-tab-content-1916\" class=\"elementor-tab-content elementor-clearfix\" data-tab=\"6\" role=\"tabpanel\" aria-labelledby=\"elementor-tab-title-1916\" tabindex=\"0\" hidden=\"hidden\"><ol><li><strong>What should I do to register for SONOGAMES Turkiye?<\/strong><\/li><\/ol><p>Just click the link above and fill out the registration form.<\/p><ol start=\"2\"><li><strong>How will I know if I have been accepted into the competition?<\/strong><\/li><\/ol><p>The complete list of participants, including all competitors, will be announced on November 14, 2024, at 14:00 at the TATD booth in the congress foyer area and on the social media accounts of TATDUS and the TATD congress. Additionally, your acceptance status for the competition will be communicated to you via the email address and phone number you provided on the registration form.<\/p><ol start=\"3\"><li><strong>I would like to participate in the competition, but I don't have a partner. Can I still participate?<\/strong><\/li><\/ol><p>Due to the competition's concept, teams must consist of 2 members. If you are unable to find two participants from the same clinic, you can form a team with partners from other clinics.<\/p><ol start=\"4\"><li><strong>Will TATDUS officials assist us with the questions?<\/strong><\/li><\/ol><p>No. They will only accompany you to ensure you are in the right place at the right time during the competition orientation, and they will record your stage times.<\/p><\/div>\n\t\t\t\t\t\t\t<\/div>\n\t\t<\/div>\n\t\t\t\t\t\t<\/div>\n\t\t\t\t<\/div>\n\t\t\t\t\t<\/div>\n\t\t\t\t<\/div>\n\t\t<div class=\"elementor-element elementor-element-ccc619c e-flex e-con-boxed e-con e-parent\" data-id=\"ccc619c\" data-element_type=\"container\">\n\t\t\t\t\t<div class=\"e-con-inner\">\n\t\t<div class=\"elementor-element elementor-element-64f93bb e-con-full e-flex e-con e-child\" data-id=\"64f93bb\" data-element_type=\"container\" data-settings=\"{&quot;background_background&quot;:&quot;classic&quot;}\">\n\t\t\t\t<div class=\"elementor-element elementor-element-dd27ee4 elementor-widget elementor-widget-heading\" data-id=\"dd27ee4\" data-element_type=\"widget\" data-widget_type=\"heading.default\">\n\t\t\t\t<div class=\"elementor-widget-container\">\n\t\t\t\t\t<h5 class=\"elementor-heading-title elementor-size-default\">Important Dates<\/h5>\t\t\t\t<\/div>\n\t\t\t\t<\/div>\n\t\t\t\t<div class=\"elementor-element elementor-element-d8df017 elementor-widget elementor-widget-text-editor\" data-id=\"d8df017\" data-element_type=\"widget\" data-widget_type=\"text-editor.default\">\n\t\t\t\t<div class=\"elementor-widget-container\">\n\t\t\t\t\t\t\t\t\t<ol><li class=\" translation-block\">Application Start: <b>14 October 2024<\/b><\/li><li class=\" translation-block\">Application End: <b>10 November 2024<\/b><\/li><li class=\" translation-block\">Announcement of Teams: <b>14 November 2024<\/b><\/li><li class=\" translation-block\">Competition Date: <b>15 November 2024 \/ Hall 2<\/b><\/li><li class=\" translation-block\">Award Ceremony: <b>16 November 2024 \/ Gala Night<\/b><\/li><\/ol>\t\t\t\t\t\t\t\t<\/div>\n\t\t\t\t<\/div>\n\t\t\t\t<\/div>\n\t\t<div class=\"elementor-element elementor-element-19b5878 e-con-full e-flex e-con e-child\" data-id=\"19b5878\" data-element_type=\"container\" data-settings=\"{&quot;background_background&quot;:&quot;gradient&quot;}\">\n\t\t\t\t<div class=\"elementor-element elementor-element-ff3bf19 elementor-widget elementor-widget-heading\" data-id=\"ff3bf19\" data-element_type=\"widget\" data-widget_type=\"heading.default\">\n\t\t\t\t<div class=\"elementor-widget-container\">\n\t\t\t\t\t<h5 class=\"elementor-heading-title elementor-size-default\">Awards<\/h5>\t\t\t\t<\/div>\n\t\t\t\t<\/div>\n\t\t\t\t<div class=\"elementor-element elementor-element-0ce51fd elementor-widget elementor-widget-text-editor\" data-id=\"0ce51fd\" data-element_type=\"widget\" data-widget_type=\"text-editor.default\">\n\t\t\t\t<div class=\"elementor-widget-container\">\n\t\t\t\t\t\t\t\t\t<ul><li><p>First Place Prize: Congress registration &amp; accommodation at the 2025 EMAT Course Days for each team member<\/p><\/li><li><p>Second Place Prize: Registration &amp; accommodation at the 2025 ATAS for each team member<\/p><\/li><li><p>Third Place Prize: Free registration for each team member at the 2025 EMAT course<\/p><\/li><\/ul><p>All participants will receive a \"Sonogames Turkey 2024\" medal and the book \"Emergency Ultrasonography\" as gifts.<\/p><p>Prizes are non-transferable and must be used in the year they are awarded.<\/p>\t\t\t\t\t\t\t\t<\/div>\n\t\t\t\t<\/div>\n\t\t\t\t<\/div>\n\t\t\t\t\t<\/div>\n\t\t\t\t<\/div>\n\t\t\t\t<\/div>","protected":false},"excerpt":{"rendered":"<p>Hakk\u0131nda T\u00fcrkiye Acil T\u0131p Derne\u011fi Ultrasonografi \u00c7al\u0131\u015fma Grubu (TATDUS) taraf\u0131ndan ilki 2016 y\u0131l\u0131nda d\u00fczenlenen Ultrasonografi Yar\u0131\u015fmam\u0131z Akademik Acil T\u0131p Derne\u011fi\u2019nin (SAEM) sonraki y\u0131llarda yar\u0131\u015fmam\u0131za ilgisi ile SONOGAMES T\u00fcrkiye ad\u0131 alt\u0131nda her y\u0131l geleneksel olarak d\u00fczenlenmeye ba\u015fland\u0131. Acil T\u0131p Asistanlar\u0131n\u0131 bir araya getiren kritik hastada ultrasonografi becerilerini e\u011flenerek \u00f6\u011frenmeye te\u015fvik eden yar\u0131\u015fmada bu y\u0131l \u201cAcil Servisler [&hellip;]<\/p>","protected":false},"author":1,"featured_media":0,"parent":0,"menu_order":0,"comment_status":"closed","ping_status":"closed","template":"","meta":{"_eb_attr":"","footnotes":""},"class_list":["post-780","page","type-page","status-publish","hentry"],"blocksy_meta":[],"_links":{"self":[{"href":"https:\/\/eacem.org\/2024\/en\/wp-json\/wp\/v2\/pages\/780","targetHints":{"allow":["GET"]}}],"collection":[{"href":"https:\/\/eacem.org\/2024\/en\/wp-json\/wp\/v2\/pages"}],"about":[{"href":"https:\/\/eacem.org\/2024\/en\/wp-json\/wp\/v2\/types\/page"}],"author":[{"embeddable":true,"href":"https:\/\/eacem.org\/2024\/en\/wp-json\/wp\/v2\/users\/1"}],"replies":[{"embeddable":true,"href":"https:\/\/eacem.org\/2024\/en\/wp-json\/wp\/v2\/comments?post=780"}],"version-history":[{"count":43,"href":"https:\/\/eacem.org\/2024\/en\/wp-json\/wp\/v2\/pages\/780\/revisions"}],"predecessor-version":[{"id":2767,"href":"https:\/\/eacem.org\/2024\/en\/wp-json\/wp\/v2\/pages\/780\/revisions\/2767"}],"wp:attachment":[{"href":"https:\/\/eacem.org\/2024\/en\/wp-json\/wp\/v2\/media?parent=780"}],"curies":[{"name":"wp","href":"https:\/\/api.w.org\/{rel}","templated":true}]}}