{"id":2737,"date":"2024-11-10T13:28:33","date_gmt":"2024-11-10T13:28:33","guid":{"rendered":"https:\/\/eacem.org\/2024\/?page_id=2737"},"modified":"2024-11-14T07:36:46","modified_gmt":"2024-11-14T07:36:46","slug":"atab-forum-2024","status":"publish","type":"page","link":"https:\/\/eacem.org\/2024\/en\/atab-forum-2024\/","title":{"rendered":"ATAB Forum 2024"},"content":{"rendered":"<div data-elementor-type=\"wp-page\" data-elementor-id=\"2737\" class=\"elementor elementor-2737\" data-elementor-post-type=\"page\">\n\t\t\t\t<div class=\"elementor-element elementor-element-7f1a96c e-flex e-con-boxed e-con e-parent\" data-id=\"7f1a96c\" data-element_type=\"container\">\n\t\t\t\t\t<div class=\"e-con-inner\">\n\t\t<div class=\"elementor-element elementor-element-8f780f0 e-con-full e-flex e-con e-child\" data-id=\"8f780f0\" data-element_type=\"container\">\n\t\t\t\t<div class=\"elementor-element elementor-element-72ab337 elementor-widget elementor-widget-image\" data-id=\"72ab337\" data-element_type=\"widget\" data-widget_type=\"image.default\">\n\t\t\t\t<div class=\"elementor-widget-container\">\n\t\t\t\t\t\t\t\t\t\t\t\t\t\t\t<img fetchpriority=\"high\" decoding=\"async\" width=\"1024\" height=\"180\" src=\"https:\/\/eacem.org\/2024\/wp-content\/uploads\/2024\/11\/atab-1024x180.jpg\" class=\"attachment-large size-large wp-image-2741\" alt=\"\" srcset=\"https:\/\/eacem.org\/2024\/wp-content\/uploads\/2024\/11\/atab-1024x180.jpg 1024w, https:\/\/eacem.org\/2024\/wp-content\/uploads\/2024\/11\/atab-300x53.jpg 300w, https:\/\/eacem.org\/2024\/wp-content\/uploads\/2024\/11\/atab-150x26.jpg 150w, https:\/\/eacem.org\/2024\/wp-content\/uploads\/2024\/11\/atab-768x135.jpg 768w, https:\/\/eacem.org\/2024\/wp-content\/uploads\/2024\/11\/atab-18x3.jpg 18w, https:\/\/eacem.org\/2024\/wp-content\/uploads\/2024\/11\/atab.jpg 1255w\" sizes=\"(max-width: 1024px) 100vw, 1024px\" \/>\t\t\t\t\t\t\t\t\t\t\t\t\t\t\t<\/div>\n\t\t\t\t<\/div>\n\t\t\t\t<\/div>\n\t\t\t\t<div class=\"elementor-element elementor-element-cf2dadf elementor-widget elementor-widget-html\" data-id=\"cf2dadf\" data-element_type=\"widget\" data-widget_type=\"html.default\">\n\t\t\t\t<div class=\"elementor-widget-container\">\n\t\t\t\t\t\t\t<style>\r\n\t\thr{border: #8E8E8E solid 0.3px;}\r\n\t\t\r\n\ttable.program2 { \r\n\r\n\tcolor:#333333;\r\n\r\n\t\t\r\n\t\tline-height: 1.3 !important;\r\n\t\r\n}\r\ntable.program2 th {\r\n\t\r\n\tpadding: 10px;\r\n\r\n\tfont-size: 16pt;\r\n\tbackground: #1069b0;\r\n\tcolor: #FFFFFF;\r\n\t\r\n}\r\ntable.program2 td { vertical-align: top;\r\n\t\r\n\tpadding: 5px;\r\n\tborder:#8C8C8C 0.5px solid;\r\n\t\r\n}\t\r\n\t\t\t\r\n\t\t\t.speakerlink a {color: #0D0D0D; text-decoration: underline;}\r\n\t\t\t.speakerlink a:hover {color: #574A4A; text-decoration: none;}\r\n\t\t\t.type {font-size: 8pt;}\r\n\t\t.session { color: #3F0708; font-weight: 900; line-height: 1.5; }\r\n\t\t.oral { background: #4CB060;  color: #FFFFFF  }\r\n\t\t.oral2 { background: #A8E8B5;   }\r\n\t\t.halla { color: #FFFFFF; background-color: #CC6566; font-weight: bold;  }\r\n\t\t.hallb { color: #FFFFFF; background-color: #69902E; font-weight: bold; }\r\n\t\t.hallc { color: #FFFFFF; background-color: #1C75BC; font-weight: bold; }\r\n\t\t.halld { color: #FFFFFF; background-color: #B07D3C; font-weight: bold; }\r\n\t\t.halle { color: #FFFFFF; background-color: #90B9B7; font-weight: bold; }\r\n\t\t.hallf {color: #FFFFFF; background-color: #A56B9F; font-weight: bold; }\r\n\r\n\t\t.roundtable{background-color: #D8D8D8; }\r\n\t\t.plenarystyle{background-color: #F5EECD; }\r\n\t\t.saat {background: #843133; color: white; padding: 3px; border-radius: 3px; line-height: 1.8;}\r\n\t\t.parallelstyle {background-color: #B1CBE4; text-align: center}\r\n\t\t.symposia {background-color: #C6DEEB; text-align: center}\r\n\t\t.jointstyle {background-color: #4379BD; text-align: center}\r\n\t\t.green {background-color: #B7E4B1; text-align: center}\r\n\t\t.green2 {background-color: #D6EFD2; text-align: center}\r\n\t\t.green3 {background-color: #7FED6D; text-align: center}\r\n\t\t.purple {background-color: #CBB1E4; text-align: center}\r\n\t\t.purple2 {background-color: #8D61B7; text-align: center}\r\n\t\t.white {background-color: #FFFFFF; text-align: center}\r\n\t\t.plenary {background-color: #ECD1E3; text-align: center}\r\n\t\t.plenary2 {background-color: #F6C7E6; text-align: center}\r\n\t\t.invitedspeaker {background-color: #FCE7BF; text-align: center}\r\n\t\t.keynotestyle {background-color: #E7DDC7; text-align: center}\r\n\t\t.invitedspeaker3 {background-color: #E4B362; text-align: center}\r\n\t\t.yellow {background-color: #F7F2A2; text-align: center}\r\n\t\t.yavruagzi {background-color: #F7C3A2; text-align: center}\r\n\t\t.grey {background-color: #A2A2A2; text-align: center}\r\n\t\t.turqu {background-color: #3CD6D0; text-align: center}\r\n\t\t.turqu2 {background-color: #71E7AC; text-align: center}\r\n\t\t.session-alt { background: #BADAF1;   }\r\n\t\t.break { background: #F7F7D8;   }\r\n\t\t.opening { background: #ECB7B7; }\r\n\t\t.special { background: #BB8C03; color: #FFFFFF  }\r\n\t\t.surs { background: #76A439; color: #FFFFFF  }\r\n\t\t.video { background: #CCA83D; color: #FFFFFF  }\r\n\t\t.teknoloji { background: #28A02E; color: #FFFFFF  }\r\n\t\t.siu { background: #1F669A; font-size: 11pt; color: #FFFFFF  }\r\n\t\t.trackname { background: #666666; color: #FFFFFF ; font-weight: 800; }\r\n\t\t.trackname2 { background: #E9E9E9;  }\r\n\t\t.industry { background: #FFFA8F;  }\r\n\t\t\t.name {font-weight: 800; font-style: italic; color: #2C2C2C}\r\n\t.invitedspeaker1 {background-color: #F6D087; text-align: center}\r\n.invitedspeaker1 {background-color: #F6D087; text-align: center}\r\n\t\t\r\n\t\r\n<\/style>\r\n\r\n\r\n<!--3 november -->\r\n<div style=\"overflow: auto;\">\r\n  <table width=\"100%\" border=\"1\" cellpadding=\"0\" cellspacing=\"0\" class=\"program2\">\r\n    <tr>\r\n      <th colspan=\"2\" valign=\"top\"><p align=\"center\">15 November 2024 <\/p><\/th>\r\n    <\/tr>\r\n    <tr>\r\n      <td valign=\"top\" nowrap=\"nowrap\"><p align=\"center\">10:45-11:30<\/p><\/td>\r\n      <td valign=\"top\"><p><strong>ATAB nedir? ATAS 2025&rsquo;te Neredeyiz? <\/strong><\/p>\r\n        <p><strong>Moderators: <\/strong>Mustafa Kemal Karasu - M. Hamdi Uyar<\/p>\r\n        <p><strong>Konuklar<\/strong><\/p>\r\n        <p>B\u00fclent Erbil, MD<br>\r\n          Metin    Yadigaro\u011flu <br>\r\n          Yunus Emre \u00d6zl\u00fcer <br>\r\n        S\u00fcleyman \u0130bze<br>\r\n        Adil Ocak<\/p><\/td>\r\n    <\/tr>\r\n    <tr>\r\n      <td valign=\"top\" nowrap=\"nowrap\"><p align=\"center\">13:45-    14:30<\/p><\/td>\r\n      <td valign=\"top\"><p><strong>Acil Serviste    Yapay Zeka Kullan\u0131m\u0131<\/strong><\/p>\r\n        <p><strong>Moderators:    <\/strong>Hilal K\u00f6rel\u00e7iner - Hasret Can Aslan <\/p>\r\n        <p><strong>Konuklar<\/strong><\/p>\r\n        <p>G\u00f6ksu Bozdereli    Berikol<br>\r\n          Bu\u011fra \u0130lhan<br>\r\n      \r\n        Murat Ersel <\/p><\/td>\r\n    <\/tr>\r\n    <tr>\r\n      <td valign=\"top\"><p align=\"center\">17:30-    18:15<\/p><\/td>\r\n      <td valign=\"top\"><p><strong>&ldquo;Biz Asistanken&rdquo;<\/strong><\/p>\r\n        <p><strong>Moderators:    <\/strong>Hilal K\u00f6rel\u00e7iner - Helin \u015ee\u015feo\u011fullar\u0131<\/p>\r\n        <p><strong>Konuklar<\/strong><\/p>\r\n        <p>Ba\u015fak Bayram<br>\r\n          Ersin Aksay<br>\r\n          Ne\u015fe \u00c7olak<br>\r\n        Yusuf Ali    Altunc\u0131<\/p><\/td>\r\n    <\/tr>\r\n    <tr>\r\n      <th colspan=\"2\" valign=\"top\"><p align=\"center\">16 November 2024<\/p><\/th>\r\n    <\/tr>\r\n    <tr>\r\n      <td valign=\"top\"><p align=\"center\">10:30-11:15<\/p><\/td>\r\n      <td valign=\"top\"><p><strong>Acil Serviste    Mistik D\u00fc\u015f\u00fcnceler<\/strong><\/p>\r\n        <p><strong>Moderators:    <\/strong>Aybeniz \u015eenay - Yaylanur Hande Temizer<\/p>\r\n        <p><strong>Konuklar<\/strong><\/p>\r\n        <p>Ay\u00e7a Koca<br>\r\n          Ebru \u00dcnal Ako\u011flu<br>\r\n          Merve Ek\u015fio\u011flu<\/p><\/td>\r\n    <\/tr>\r\n    <tr>\r\n      <td valign=\"top\"><p align=\"center\">13:45-14:30<\/p><\/td>\r\n      <td valign=\"top\"><p><strong>Tez s\u00fcrecinde    neler ya\u015fan\u0131yor ? &ldquo;Burn out&rdquo; durumundan ka\u00e7\u0131nmak i\u00e7in neler yapabiliriz?<\/strong><\/p>\r\n        <p><strong>Moderators:<\/strong> Kadir Yenal - M. Ra\u015fit K\u0131l\u0131\u00e7<\/p>\r\n        <p><strong>Konuklar<\/strong><\/p>\r\n        <p>Ayhan    \u00d6zhasenekler<br>\r\n        \r\n          Murat Y\u00fccel <br>\r\n          G\u00fcl\u00e7im Kocairi<br>\r\n          M\u00fcge G\u00fcnalp    Eneyli<\/p><\/td>\r\n    <\/tr>\r\n  <\/table>\r\n<\/div>\r\n<p>&nbsp;<\/p>\r\n<p>&nbsp;<\/p>\r\n\t\t\t\t<\/div>\n\t\t\t\t<\/div>\n\t\t\t\t\t<\/div>\n\t\t\t\t<\/div>\n\t\t\t\t<\/div>","protected":false},"excerpt":{"rendered":"<p>15 Kas\u0131m 2024 10:45-11:30 ATAB nedir? ATAS 2025&rsquo;te Neredeyiz? Moderat\u00f6rler: Mustafa Kemal Karasu &#8211; M. Hamdi Uyar Konuklar B\u00fclent Erbil Metin Yadigaro\u011flu Yunus Emre \u00d6zl\u00fcer S\u00fcleyman \u0130bze Adil Ocak 13:45- 14:30 Acil Serviste Yapay Zeka Kullan\u0131m\u0131 Moderat\u00f6rler: Hilal K\u00f6rel\u00e7iner &#8211; Hasret Can Aslan Konuklar G\u00f6ksu Bozdereli Berikol Bu\u011fra \u0130lhan Murat Ersel 17:30- 18:15 &ldquo;Biz Asistanken&rdquo; [&hellip;]<\/p>","protected":false},"author":1,"featured_media":0,"parent":0,"menu_order":0,"comment_status":"closed","ping_status":"closed","template":"","meta":{"_eb_attr":"","footnotes":""},"class_list":["post-2737","page","type-page","status-publish","hentry"],"blocksy_meta":[],"_links":{"self":[{"href":"https:\/\/eacem.org\/2024\/en\/wp-json\/wp\/v2\/pages\/2737","targetHints":{"allow":["GET"]}}],"collection":[{"href":"https:\/\/eacem.org\/2024\/en\/wp-json\/wp\/v2\/pages"}],"about":[{"href":"https:\/\/eacem.org\/2024\/en\/wp-json\/wp\/v2\/types\/page"}],"author":[{"embeddable":true,"href":"https:\/\/eacem.org\/2024\/en\/wp-json\/wp\/v2\/users\/1"}],"replies":[{"embeddable":true,"href":"https:\/\/eacem.org\/2024\/en\/wp-json\/wp\/v2\/comments?post=2737"}],"version-history":[{"count":7,"href":"https:\/\/eacem.org\/2024\/en\/wp-json\/wp\/v2\/pages\/2737\/revisions"}],"predecessor-version":[{"id":2822,"href":"https:\/\/eacem.org\/2024\/en\/wp-json\/wp\/v2\/pages\/2737\/revisions\/2822"}],"wp:attachment":[{"href":"https:\/\/eacem.org\/2024\/en\/wp-json\/wp\/v2\/media?parent=2737"}],"curies":[{"name":"wp","href":"https:\/\/api.w.org\/{rel}","templated":true}]}}