{"id":2404,"date":"2024-10-31T07:03:32","date_gmt":"2024-10-31T07:03:32","guid":{"rendered":"https:\/\/eacem.org\/2024\/?page_id=2404"},"modified":"2024-11-13T11:24:30","modified_gmt":"2024-11-13T11:24:30","slug":"kod-acil-simulasyon-yarismasi","status":"publish","type":"page","link":"https:\/\/eacem.org\/2024\/en\/kod-acil-simulasyon-yarismasi\/","title":{"rendered":"Simulation Competition \u2013 Code: Emergency"},"content":{"rendered":"<div data-elementor-type=\"wp-page\" data-elementor-id=\"2404\" class=\"elementor elementor-2404\" data-elementor-post-type=\"page\">\n\t\t\t\t<div class=\"elementor-element elementor-element-2edc61d e-con-full e-flex e-con e-parent\" data-id=\"2edc61d\" data-element_type=\"container\">\n\t\t<div class=\"elementor-element elementor-element-fe7c8d3 e-con-full e-flex e-con e-child\" data-id=\"fe7c8d3\" data-element_type=\"container\">\n\t\t\t\t<div class=\"elementor-element elementor-element-0b698d4 elementor-widget elementor-widget-heading\" data-id=\"0b698d4\" data-element_type=\"widget\" data-widget_type=\"heading.default\">\n\t\t\t\t<div class=\"elementor-widget-container\">\n\t\t\t\t\t<h4 class=\"elementor-heading-title elementor-size-default\">About<\/h4>\t\t\t\t<\/div>\n\t\t\t\t<\/div>\n\t\t\t\t<div class=\"elementor-element elementor-element-b607892 elementor-widget elementor-widget-text-editor\" data-id=\"b607892\" data-element_type=\"widget\" data-widget_type=\"text-editor.default\">\n\t\t\t\t<div class=\"elementor-widget-container\">\n\t\t\t\t\t\t\t\t\t<p><strong>\"Critical patients, critical decisions! Race against time, achieve success! Push your limits with simulation!\"<\/strong><\/p><p><span style=\"font-family: inherit; font-size: inherit; font-style: inherit; font-variant-ligatures: inherit; font-variant-caps: inherit; font-weight: inherit; text-align: var(--text-align); background-color: var(--has-background, var(--theme-palette-color-8)); color: var(--theme-text-color); letter-spacing: var(--theme-letter-spacing); text-transform: var(--theme-text-transform);\">The competition is organized to develop essential skills in emergency medicine and to showcase talents in a fun, competitive environment. In emergency medicine, simulation offers a safe space to experience complex cases and the need for quick decision-making, just as in real life. This is why simulation is an indispensable learning tool for healthcare professionals to enhance their skills and respond quickly and accurately to critical situations. The Simulation Competition aims to give participants the joy of both competition and enjoyment while practicing these vital skills.<\/span><\/p><p><span style=\"font-family: inherit; font-size: inherit; font-style: inherit; font-variant-ligatures: inherit; font-variant-caps: inherit; font-weight: inherit; text-align: var(--text-align); background-color: var(--has-background, var(--theme-palette-color-8)); color: var(--theme-text-color); letter-spacing: var(--theme-letter-spacing); text-transform: var(--theme-text-transform);\">This event provides an exciting platform where participants can showcase their talents in various simulation scenarios, supported by training sessions on orientation and adaptation. As emergency medicine physicians refine their skills in managing complex cases, the audience can also follow along with enthusiasm and learn from the process. The competition is crucial for developing critical decision-making skills and stress management capabilities.\nThis competition will be held with the unconditional support of SimX Turkey Distributor U\u011fur Sa\u011fl\u0131k Teknolojileri.<\/span><\/p><p class=\" translation-block\">This competition will be held with the unconditional support of SimX Turkey Distributor U\u011fur Health Technologies.<\/p>\t\t\t\t\t\t\t\t<\/div>\n\t\t\t\t<\/div>\n\t\t\t\t<\/div>\n\t\t<div class=\"elementor-element elementor-element-218712c e-con-full e-flex e-con e-child\" data-id=\"218712c\" data-element_type=\"container\">\n\t\t\t\t<div class=\"elementor-element elementor-element-a606d06 elementor-widget elementor-widget-image\" data-id=\"a606d06\" data-element_type=\"widget\" data-widget_type=\"image.default\">\n\t\t\t\t<div class=\"elementor-widget-container\">\n\t\t\t\t\t\t\t\t\t\t\t\t\t\t\t\t<a href=\"https:\/\/eacem.org\/2024\/wp-content\/uploads\/2024\/10\/kod-acil.jpeg\" data-elementor-open-lightbox=\"yes\" data-elementor-lightbox-title=\"kod-acil\" data-e-action-hash=\"#elementor-action%3Aaction%3Dlightbox%26settings%3DeyJpZCI6MjQwNywidXJsIjoiaHR0cHM6XC9cL2VhY2VtLm9yZ1wvMjAyNFwvd3AtY29udGVudFwvdXBsb2Fkc1wvMjAyNFwvMTBcL2tvZC1hY2lsLmpwZWcifQ%3D%3D\">\n\t\t\t\t\t\t\t<img fetchpriority=\"high\" decoding=\"async\" width=\"731\" height=\"1024\" src=\"https:\/\/eacem.org\/2024\/wp-content\/uploads\/2024\/10\/kod-acil-731x1024.jpeg\" class=\"attachment-large size-large wp-image-2407\" alt=\"\" srcset=\"https:\/\/eacem.org\/2024\/wp-content\/uploads\/2024\/10\/kod-acil-731x1024.jpeg 731w, https:\/\/eacem.org\/2024\/wp-content\/uploads\/2024\/10\/kod-acil-214x300.jpeg 214w, https:\/\/eacem.org\/2024\/wp-content\/uploads\/2024\/10\/kod-acil-107x150.jpeg 107w, https:\/\/eacem.org\/2024\/wp-content\/uploads\/2024\/10\/kod-acil-768x1076.jpeg 768w, https:\/\/eacem.org\/2024\/wp-content\/uploads\/2024\/10\/kod-acil-1096x1536.jpeg 1096w, https:\/\/eacem.org\/2024\/wp-content\/uploads\/2024\/10\/kod-acil-9x12.jpeg 9w, https:\/\/eacem.org\/2024\/wp-content\/uploads\/2024\/10\/kod-acil.jpeg 1142w\" sizes=\"(max-width: 731px) 100vw, 731px\" \/>\t\t\t\t\t\t\t\t<\/a>\n\t\t\t\t\t\t\t\t\t\t\t\t\t\t\t<\/div>\n\t\t\t\t<\/div>\n\t\t\t\t<div class=\"elementor-element elementor-element-9e8038a elementor-widget elementor-widget-text-editor\" data-id=\"9e8038a\" data-element_type=\"widget\" data-widget_type=\"text-editor.default\">\n\t\t\t\t<div class=\"elementor-widget-container\">\n\t\t\t\t\t\t\t\t\t<p><strong>Moderat\u00f6rler<\/strong><\/p><p>Dr. Faruk Dan\u0131\u015f<br \/>Dr. Emre Kudu<br \/>Dr. M\u00fcmin Murat Yaz\u0131c\u0131<\/p>\t\t\t\t\t\t\t\t<\/div>\n\t\t\t\t<\/div>\n\t\t\t\t<\/div>\n\t\t\t\t<\/div>\n\t\t<div class=\"elementor-element elementor-element-818e507 e-flex e-con-boxed e-con e-parent\" data-id=\"818e507\" data-element_type=\"container\">\n\t\t\t\t\t<div class=\"e-con-inner\">\n\t\t\t\t<div class=\"elementor-element elementor-element-81ca871 elementor-button-success elementor-align-justify elementor-widget elementor-widget-button\" data-id=\"81ca871\" data-element_type=\"widget\" data-widget_type=\"button.default\">\n\t\t\t\t<div class=\"elementor-widget-container\">\n\t\t\t\t\t\t\t\t\t<div class=\"elementor-button-wrapper\">\n\t\t\t\t\t<a class=\"elementor-button elementor-button-link elementor-size-sm\" href=\"https:\/\/docs.google.com\/forms\/d\/e\/1FAIpQLSd8oUwkhMeM6EZM2KQ8pPKCvtLONTKu6QEgUmv5lgRhmTjU2Q\/viewform\" target=\"_blank\">\n\t\t\t\t\t\t<span class=\"elementor-button-content-wrapper\">\n\t\t\t\t\t\t\t\t\t<span class=\"elementor-button-text\">CLICK HERE TO APPLICATION<\/span>\n\t\t\t\t\t<\/span>\n\t\t\t\t\t<\/a>\n\t\t\t\t<\/div>\n\t\t\t\t\t\t\t\t<\/div>\n\t\t\t\t<\/div>\n\t\t\t\t\t<\/div>\n\t\t\t\t<\/div>\n\t\t<div class=\"elementor-element elementor-element-961c6a6 e-flex e-con-boxed e-con e-parent\" data-id=\"961c6a6\" data-element_type=\"container\">\n\t\t\t\t\t<div class=\"e-con-inner\">\n\t\t\t\t<div class=\"elementor-element elementor-element-b6ec6f2 elementor-tabs-view-horizontal elementor-widget elementor-widget-tabs\" data-id=\"b6ec6f2\" data-element_type=\"widget\" data-widget_type=\"tabs.default\">\n\t\t\t\t<div class=\"elementor-widget-container\">\n\t\t\t\t\t\t\t<div class=\"elementor-tabs\">\n\t\t\t<div class=\"elementor-tabs-wrapper\" role=\"tablist\" >\n\t\t\t\t\t\t\t\t\t<div id=\"elementor-tab-title-1911\" class=\"elementor-tab-title elementor-tab-desktop-title\" aria-selected=\"true\" data-tab=\"1\" role=\"tab\" tabindex=\"0\" aria-controls=\"elementor-tab-content-1911\" aria-expanded=\"false\">General Rules<\/div>\n\t\t\t\t\t\t\t\t\t<div id=\"elementor-tab-title-1912\" class=\"elementor-tab-title elementor-tab-desktop-title\" aria-selected=\"false\" data-tab=\"2\" role=\"tab\" tabindex=\"-1\" aria-controls=\"elementor-tab-content-1912\" aria-expanded=\"false\">Orientation and Adaptation Period<\/div>\n\t\t\t\t\t\t\t\t\t<div id=\"elementor-tab-title-1913\" class=\"elementor-tab-title elementor-tab-desktop-title\" aria-selected=\"false\" data-tab=\"3\" role=\"tab\" tabindex=\"-1\" aria-controls=\"elementor-tab-content-1913\" aria-expanded=\"false\">Who Can Participate?<\/div>\n\t\t\t\t\t\t\t\t\t<div id=\"elementor-tab-title-1914\" class=\"elementor-tab-title elementor-tab-desktop-title\" aria-selected=\"false\" data-tab=\"4\" role=\"tab\" tabindex=\"-1\" aria-controls=\"elementor-tab-content-1914\" aria-expanded=\"false\">Judging and Evaluation<\/div>\n\t\t\t\t\t\t\t<\/div>\n\t\t\t<div class=\"elementor-tabs-content-wrapper\" role=\"tablist\" aria-orientation=\"vertical\">\n\t\t\t\t\t\t\t\t\t<div class=\"elementor-tab-title elementor-tab-mobile-title\" aria-selected=\"true\" data-tab=\"1\" role=\"tab\" tabindex=\"0\" aria-controls=\"elementor-tab-content-1911\" aria-expanded=\"false\">General Rules<\/div>\n\t\t\t\t\t<div id=\"elementor-tab-content-1911\" class=\"elementor-tab-content elementor-clearfix\" data-tab=\"1\" role=\"tabpanel\" aria-labelledby=\"elementor-tab-title-1911\" tabindex=\"0\" hidden=\"false\"><ul><li>Applications for the competition can be submitted between October 30, 2024, and November 13, 2024.<\/li><li>Teams must apply by filling out the registration form.<\/li><li>Each team should consist of 2 members.<\/li><li>Team members must be from the same clinic.<\/li><li>Only emergency medicine residency students are eligible to participate.<\/li><li>Each clinic may enter only one team. If there are multiple applications, the timing of the application will be considered.<\/li><li>A maximum of 20 teams will be included in the competition.<\/li><li>If more than 20 applications are received, the first 20 teams based on application time will be selected.<\/li><li>Team members should wear similar attire (e.g., t-shirts, scrubs, custom designs).<\/li><li>Teams selected to participate will be announced on Thursday, November 14, 2024.<\/li><li>The preliminary rounds will be held on Friday, November 15, 2024, in Hall 6.<\/li><li>After the preliminary rounds, 8 successful teams will proceed to the elimination rounds.<\/li><li>The 8 teams will compete in a single-elimination format.<\/li><li>Matchups for the elimination rounds will be determined by a draw conducted by the competition moderators.<\/li><li>The final match will take place on Saturday, November 16, 2024, at Innovem Zone.<\/li><li>Competitors will receive notifications and updates via email or phone as provided on the registration form.<\/li><li>All participants are considered to have accepted all rules by entering.<\/li><li>Competition moderators reserve the right to amend the rules.<\/li><\/ul><p class=\" translation-block\">You can ask your questions by sending an e-mail to <a href=\"mailto:kodacil@tatd.org.tr\" target=\"_self\">kodacil@tatd.org.tr<\/a>.<\/p><\/div>\n\t\t\t\t\t\t\t\t\t<div class=\"elementor-tab-title elementor-tab-mobile-title\" aria-selected=\"false\" data-tab=\"2\" role=\"tab\" tabindex=\"-1\" aria-controls=\"elementor-tab-content-1912\" aria-expanded=\"false\">Orientation and Adaptation Period<\/div>\n\t\t\t\t\t<div id=\"elementor-tab-content-1912\" class=\"elementor-tab-content elementor-clearfix\" data-tab=\"2\" role=\"tabpanel\" aria-labelledby=\"elementor-tab-title-1912\" tabindex=\"0\" hidden=\"hidden\"><p class=\" translation-block\">On Friday, November 15, 2024, competitors will receive an orientation session on the devices and simulations before the competition. Each team will have the opportunity to test the devices and familiarize themselves with the setup during scheduled time slots. While these orientation sessions can provide a competitive advantage, attendance is not mandatory.<\/p><p>Throughout the competition, orientation support will also be available to competitors within the simulation environment.<\/p><\/div>\n\t\t\t\t\t\t\t\t\t<div class=\"elementor-tab-title elementor-tab-mobile-title\" aria-selected=\"false\" data-tab=\"3\" role=\"tab\" tabindex=\"-1\" aria-controls=\"elementor-tab-content-1913\" aria-expanded=\"false\">Who Can Participate?<\/div>\n\t\t\t\t\t<div id=\"elementor-tab-content-1913\" class=\"elementor-tab-content elementor-clearfix\" data-tab=\"3\" role=\"tabpanel\" aria-labelledby=\"elementor-tab-title-1913\" tabindex=\"0\" hidden=\"hidden\"><ul><li>Competitors must be emergency medicine residency students.<\/li><li>Each competitor may participate in only one team, and each team must consist of two members.<\/li><li>Each clinic can participate with a maximum of one team.<\/li><li>Team members must be from the same clinic.<\/li><\/ul><\/div>\n\t\t\t\t\t\t\t\t\t<div class=\"elementor-tab-title elementor-tab-mobile-title\" aria-selected=\"false\" data-tab=\"4\" role=\"tab\" tabindex=\"-1\" aria-controls=\"elementor-tab-content-1914\" aria-expanded=\"false\">Judging and Evaluation<\/div>\n\t\t\t\t\t<div id=\"elementor-tab-content-1914\" class=\"elementor-tab-content elementor-clearfix\" data-tab=\"4\" role=\"tabpanel\" aria-labelledby=\"elementor-tab-title-1914\" tabindex=\"0\" hidden=\"hidden\"><p>Faruk Dan\u0131\u015f, Emre Kudu, and M\u00fcmin Murat Yaz\u0131c\u0131 will serve as the jury members for the preliminary, quarterfinal, and semifinal rounds.<\/p><p>The jury for the final round will be announced at a later date.<\/p><p>The competition will be evaluated based on criteria set in advance by the moderators for each simulation.<\/p><p>Jury members will make their decisions by thoroughly assessing each team's clinical and non-clinical skills.<\/p><\/div>\n\t\t\t\t\t\t\t<\/div>\n\t\t<\/div>\n\t\t\t\t\t\t<\/div>\n\t\t\t\t<\/div>\n\t\t\t\t\t<\/div>\n\t\t\t\t<\/div>\n\t\t<div class=\"elementor-element elementor-element-ccc619c e-flex e-con-boxed e-con e-parent\" data-id=\"ccc619c\" data-element_type=\"container\">\n\t\t\t\t\t<div class=\"e-con-inner\">\n\t\t<div class=\"elementor-element elementor-element-f8aa4e2 e-con-full e-flex e-con e-child\" data-id=\"f8aa4e2\" data-element_type=\"container\" data-settings=\"{&quot;background_background&quot;:&quot;classic&quot;}\">\n\t\t\t\t<div class=\"elementor-element elementor-element-83b8ae6 elementor-widget elementor-widget-heading\" data-id=\"83b8ae6\" data-element_type=\"widget\" data-widget_type=\"heading.default\">\n\t\t\t\t<div class=\"elementor-widget-container\">\n\t\t\t\t\t<h5 class=\"elementor-heading-title elementor-size-default\">Important Dates<\/h5>\t\t\t\t<\/div>\n\t\t\t\t<\/div>\n\t\t\t\t<div class=\"elementor-element elementor-element-2aeb66a elementor-widget elementor-widget-text-editor\" data-id=\"2aeb66a\" data-element_type=\"widget\" data-widget_type=\"text-editor.default\">\n\t\t\t\t<div class=\"elementor-widget-container\">\n\t\t\t\t\t\t\t\t\t<ul>\n<li>Commencement of Application: 30 October 2024<\/li>\n<li>Application End: November 13, 2024<\/li>\n<li class=\" translation-block\">Announcement of Teams: <b>14 November 2024<\/b><\/li>\n<li>Competition Date: <br>Elemeler: 15 Kas\u0131m 2024 \/ T\u00fcm G\u00fcn \/ Salon 4<br>Final Round: November 16, 2024 \/ 16:15-16:45 \/ InnovEM Zone<\/li>\n<\/ul>\n<ul>\n<li>Awards Ceremony: November 16, 2024 \/ Gala Night<\/li>\n<\/ul>\t\t\t\t\t\t\t\t<\/div>\n\t\t\t\t<\/div>\n\t\t\t\t<\/div>\n\t\t<div class=\"elementor-element elementor-element-19b5878 e-con-full e-flex e-con e-child\" data-id=\"19b5878\" data-element_type=\"container\" data-settings=\"{&quot;background_background&quot;:&quot;gradient&quot;}\">\n\t\t\t\t<div class=\"elementor-element elementor-element-ff3bf19 elementor-widget elementor-widget-heading\" data-id=\"ff3bf19\" data-element_type=\"widget\" data-widget_type=\"heading.default\">\n\t\t\t\t<div class=\"elementor-widget-container\">\n\t\t\t\t\t<h5 class=\"elementor-heading-title elementor-size-default\">Awards<\/h5>\t\t\t\t<\/div>\n\t\t\t\t<\/div>\n\t\t\t\t<div class=\"elementor-element elementor-element-0ce51fd elementor-widget elementor-widget-text-editor\" data-id=\"0ce51fd\" data-element_type=\"widget\" data-widget_type=\"text-editor.default\">\n\t\t\t\t<div class=\"elementor-widget-container\">\n\t\t\t\t\t\t\t\t\t<p>Teams that perform successfully in the competition will receive the following prizes:<\/p><ul><li>First Place Prize:<ul><li>Registration and accommodation for the TATD EACEM 2025 Congress (for each team member).<\/li><li>1-Year SimX Usage License (for the clinic of the team members).<\/li><\/ul><\/li><li>Second Place Prize:<ul><li>Registration and accommodation for the TATD Course Days 2025 Congress (for each team member).<\/li><li>6-Month SimX Usage License (for the clinic of the team members).<\/li><\/ul><\/li><li>Audience Prize: A raffle will be held among the audience members of the final match, with one Apple AirPods awarded to the winner.<ul><li>1 Apple AirPods awarded to the winner<\/li><\/ul><\/li><\/ul><h6><em>Prizes are non-transferable and must be used within the year they are awarded.<\/em><\/h6>\t\t\t\t\t\t\t\t<\/div>\n\t\t\t\t<\/div>\n\t\t\t\t<\/div>\n\t\t\t\t\t<\/div>\n\t\t\t\t<\/div>\n\t\t\t\t<\/div>","protected":false},"excerpt":{"rendered":"<p>Hakk\u0131nda &#8220;Kritik hastalar, kritik kararlar! Zamanla yar\u0131\u015f, ba\u015far\u0131ya ula\u015f! Sim\u00fclasyonla s\u0131n\u0131rlar\u0131n\u0131 zorla!&#8221; Sim\u00fclasyon Yar\u0131\u015fmas\u0131 &#8211; Kod: Acil, acil t\u0131p alan\u0131nda kritik becerileri geli\u015ftirmek ve e\u011flenceli bir rekabet ortam\u0131nda yetenekleri sergilemek amac\u0131yla d\u00fczenlenmektedir. Acil t\u0131pta sim\u00fclasyon, ger\u00e7ek hayatta kar\u015f\u0131la\u015f\u0131lacak karma\u015f\u0131k vakalar\u0131 ve ani karar verme gereksinimlerini g\u00fcvenli bir ortamda deneyimleme olana\u011f\u0131 sunar. Bu y\u00fczden sim\u00fclasyon, sa\u011fl\u0131k [&hellip;]<\/p>","protected":false},"author":1,"featured_media":0,"parent":0,"menu_order":0,"comment_status":"closed","ping_status":"closed","template":"","meta":{"_eb_attr":"","footnotes":""},"class_list":["post-2404","page","type-page","status-publish","hentry"],"blocksy_meta":[],"_links":{"self":[{"href":"https:\/\/eacem.org\/2024\/en\/wp-json\/wp\/v2\/pages\/2404","targetHints":{"allow":["GET"]}}],"collection":[{"href":"https:\/\/eacem.org\/2024\/en\/wp-json\/wp\/v2\/pages"}],"about":[{"href":"https:\/\/eacem.org\/2024\/en\/wp-json\/wp\/v2\/types\/page"}],"author":[{"embeddable":true,"href":"https:\/\/eacem.org\/2024\/en\/wp-json\/wp\/v2\/users\/1"}],"replies":[{"embeddable":true,"href":"https:\/\/eacem.org\/2024\/en\/wp-json\/wp\/v2\/comments?post=2404"}],"version-history":[{"count":28,"href":"https:\/\/eacem.org\/2024\/en\/wp-json\/wp\/v2\/pages\/2404\/revisions"}],"predecessor-version":[{"id":2807,"href":"https:\/\/eacem.org\/2024\/en\/wp-json\/wp\/v2\/pages\/2404\/revisions\/2807"}],"wp:attachment":[{"href":"https:\/\/eacem.org\/2024\/en\/wp-json\/wp\/v2\/media?parent=2404"}],"curies":[{"name":"wp","href":"https:\/\/api.w.org\/{rel}","templated":true}]}}