{"id":1006,"date":"2024-10-08T13:29:44","date_gmt":"2024-10-08T13:29:44","guid":{"rendered":"https:\/\/eacem.org\/2024\/?page_id=1006"},"modified":"2024-11-15T15:38:26","modified_gmt":"2024-11-15T15:38:26","slug":"yesil-kongre","status":"publish","type":"page","link":"https:\/\/eacem.org\/2024\/en\/yesil-kongre\/","title":{"rendered":"Green Congress"},"content":{"rendered":"<div data-elementor-type=\"wp-page\" data-elementor-id=\"1006\" class=\"elementor elementor-1006\" data-elementor-post-type=\"page\">\n\t\t\t\t<div class=\"elementor-element elementor-element-d187f45 e-flex e-con-boxed e-con e-parent\" data-id=\"d187f45\" data-element_type=\"container\">\n\t\t\t\t\t<div class=\"e-con-inner\">\n\t\t\t\t<div class=\"elementor-element elementor-element-c990d2b elementor-widget elementor-widget-image\" data-id=\"c990d2b\" data-element_type=\"widget\" data-widget_type=\"image.default\">\n\t\t\t\t<div class=\"elementor-widget-container\">\n\t\t\t\t\t\t\t\t\t\t\t\t\t\t\t<img fetchpriority=\"high\" decoding=\"async\" width=\"1024\" height=\"1024\" src=\"https:\/\/eacem.org\/2024\/wp-content\/uploads\/2024\/11\/1000-fidan-ing-100.jpg\" class=\"attachment-large size-large wp-image-2849\" alt=\"\" srcset=\"https:\/\/eacem.org\/2024\/wp-content\/uploads\/2024\/11\/1000-fidan-ing-100.jpg 1081w, https:\/\/eacem.org\/2024\/wp-content\/uploads\/2024\/11\/1000-fidan-ing-100-300x300.jpg 300w, https:\/\/eacem.org\/2024\/wp-content\/uploads\/2024\/11\/1000-fidan-ing-100-1024x1024.jpg 1024w, https:\/\/eacem.org\/2024\/wp-content\/uploads\/2024\/11\/1000-fidan-ing-100-150x150.jpg 150w, https:\/\/eacem.org\/2024\/wp-content\/uploads\/2024\/11\/1000-fidan-ing-100-768x768.jpg 768w, https:\/\/eacem.org\/2024\/wp-content\/uploads\/2024\/11\/1000-fidan-ing-100-12x12.jpg 12w\" sizes=\"(max-width: 1024px) 100vw, 1024px\" \/>\t\t\t\t\t\t\t\t\t\t\t\t\t\t\t<\/div>\n\t\t\t\t<\/div>\n\t\t\t\t\t<\/div>\n\t\t\t\t<\/div>\n\t\t<div class=\"elementor-element elementor-element-ba183ae e-flex e-con-boxed e-con e-parent\" data-id=\"ba183ae\" data-element_type=\"container\" data-settings=\"{&quot;background_background&quot;:&quot;gradient&quot;}\">\n\t\t\t\t\t<div class=\"e-con-inner\">\n\t\t<div class=\"elementor-element elementor-element-b66a46a e-con-full e-flex e-con e-child\" data-id=\"b66a46a\" data-element_type=\"container\">\n\t\t<div class=\"elementor-element elementor-element-7d85366 e-con-full e-flex e-con e-child\" data-id=\"7d85366\" data-element_type=\"container\">\n\t\t\t\t<div class=\"elementor-element elementor-element-a6d7db9 elementor-widget elementor-widget-heading\" data-id=\"a6d7db9\" data-element_type=\"widget\" data-widget_type=\"heading.default\">\n\t\t\t\t<div class=\"elementor-widget-container\">\n\t\t\t\t\t<h4 class=\"elementor-heading-title elementor-size-default\">EMAT Sustainability Manifesto<\/h4>\t\t\t\t<\/div>\n\t\t\t\t<\/div>\n\t\t\t\t<\/div>\n\t\t<div class=\"elementor-element elementor-element-a83fedb e-con-full e-flex e-con e-child\" data-id=\"a83fedb\" data-element_type=\"container\">\n\t\t\t\t<div class=\"elementor-element elementor-element-6fc5fb3 elementor-widget elementor-widget-image\" data-id=\"6fc5fb3\" data-element_type=\"widget\" data-widget_type=\"image.default\">\n\t\t\t\t<div class=\"elementor-widget-container\">\n\t\t\t\t\t\t\t\t\t\t\t\t\t\t\t<img decoding=\"async\" width=\"150\" height=\"71\" src=\"https:\/\/eacem.org\/2024\/wp-content\/uploads\/2024\/10\/Sifir-atik-logo-150x71.png\" class=\"attachment-thumbnail size-thumbnail wp-image-1017\" alt=\"\" srcset=\"https:\/\/eacem.org\/2024\/wp-content\/uploads\/2024\/10\/Sifir-atik-logo-150x71.png 150w, https:\/\/eacem.org\/2024\/wp-content\/uploads\/2024\/10\/Sifir-atik-logo-300x142.png 300w, https:\/\/eacem.org\/2024\/wp-content\/uploads\/2024\/10\/Sifir-atik-logo-18x9.png 18w, https:\/\/eacem.org\/2024\/wp-content\/uploads\/2024\/10\/Sifir-atik-logo.png 370w\" sizes=\"(max-width: 150px) 100vw, 150px\" \/>\t\t\t\t\t\t\t\t\t\t\t\t\t\t\t<\/div>\n\t\t\t\t<\/div>\n\t\t\t\t<\/div>\n\t\t\t\t<\/div>\n\t\t<div class=\"elementor-element elementor-element-f15ac05 e-con-full e-flex e-con e-child\" data-id=\"f15ac05\" data-element_type=\"container\" data-settings=\"{&quot;background_background&quot;:&quot;classic&quot;}\">\n\t\t<div class=\"elementor-element elementor-element-e6a5a45 e-con-full e-flex e-con e-child\" data-id=\"e6a5a45\" data-element_type=\"container\">\n\t\t\t\t<div class=\"elementor-element elementor-element-d90ab89 elementor-widget elementor-widget-image\" data-id=\"d90ab89\" data-element_type=\"widget\" data-widget_type=\"image.default\">\n\t\t\t\t<div class=\"elementor-widget-container\">\n\t\t\t\t\t\t\t\t\t\t\t\t\t\t\t<img decoding=\"async\" width=\"1024\" height=\"1024\" src=\"https:\/\/eacem.org\/2024\/wp-content\/uploads\/2024\/10\/sphere-with-trees_1048-2609-1024x1024.jpg\" class=\"attachment-large size-large wp-image-1022\" alt=\"\" srcset=\"https:\/\/eacem.org\/2024\/wp-content\/uploads\/2024\/10\/sphere-with-trees_1048-2609-1024x1024.jpg 1024w, https:\/\/eacem.org\/2024\/wp-content\/uploads\/2024\/10\/sphere-with-trees_1048-2609-300x300.jpg 300w, https:\/\/eacem.org\/2024\/wp-content\/uploads\/2024\/10\/sphere-with-trees_1048-2609-150x150.jpg 150w, https:\/\/eacem.org\/2024\/wp-content\/uploads\/2024\/10\/sphere-with-trees_1048-2609-768x768.jpg 768w, https:\/\/eacem.org\/2024\/wp-content\/uploads\/2024\/10\/sphere-with-trees_1048-2609-12x12.jpg 12w, https:\/\/eacem.org\/2024\/wp-content\/uploads\/2024\/10\/sphere-with-trees_1048-2609.jpg 1480w\" sizes=\"(max-width: 1024px) 100vw, 1024px\" \/>\t\t\t\t\t\t\t\t\t\t\t\t\t\t\t<\/div>\n\t\t\t\t<\/div>\n\t\t\t\t<\/div>\n\t\t<div class=\"elementor-element elementor-element-fd66a1b e-con-full e-flex e-con e-child\" data-id=\"fd66a1b\" data-element_type=\"container\">\n\t\t\t\t<div class=\"elementor-element elementor-element-ae1c300 elementor-widget elementor-widget-heading\" data-id=\"ae1c300\" data-element_type=\"widget\" data-widget_type=\"heading.default\">\n\t\t\t\t<div class=\"elementor-widget-container\">\n\t\t\t\t\t<h5 class=\"elementor-heading-title elementor-size-default\">We Take Green Steps Towards the Future with Awareness of Our Responsibilities<\/h5>\t\t\t\t<\/div>\n\t\t\t\t<\/div>\n\t\t\t\t<div class=\"elementor-element elementor-element-564919a elementor-widget elementor-widget-text-editor\" data-id=\"564919a\" data-element_type=\"widget\" data-widget_type=\"text-editor.default\">\n\t\t\t\t<div class=\"elementor-widget-container\">\n\t\t\t\t\t\t\t\t\t<p>As the Emergency Medicine Association of Turkiye, we are aware of our responsibilities regarding environmental sensitivity and sustainability. We believe that our greatest duty is to leave a healthy world for future generations. As a leading institution in the sharing of scientific knowledge, we aim to be a pioneer not only in the field of Emergency Medicine but also in environmental awareness.<\/p>\t\t\t\t\t\t\t\t<\/div>\n\t\t\t\t<\/div>\n\t\t\t\t<\/div>\n\t\t\t\t<\/div>\n\t\t<div class=\"elementor-element elementor-element-d9d7816 e-con-full e-flex e-con e-child\" data-id=\"d9d7816\" data-element_type=\"container\" data-settings=\"{&quot;background_background&quot;:&quot;classic&quot;}\">\n\t\t<div class=\"elementor-element elementor-element-fafeced e-con-full e-flex e-con e-child\" data-id=\"fafeced\" data-element_type=\"container\">\n\t\t\t\t<div class=\"elementor-element elementor-element-594820f elementor-widget elementor-widget-image\" data-id=\"594820f\" data-element_type=\"widget\" data-widget_type=\"image.default\">\n\t\t\t\t<div class=\"elementor-widget-container\">\n\t\t\t\t\t\t\t\t\t\t\t\t\t\t\t<img loading=\"lazy\" decoding=\"async\" width=\"626\" height=\"626\" src=\"https:\/\/eacem.org\/2024\/wp-content\/uploads\/2024\/10\/green-environment-icons_1133-184.jpg\" class=\"attachment-large size-large wp-image-1023\" alt=\"\" srcset=\"https:\/\/eacem.org\/2024\/wp-content\/uploads\/2024\/10\/green-environment-icons_1133-184.jpg 626w, https:\/\/eacem.org\/2024\/wp-content\/uploads\/2024\/10\/green-environment-icons_1133-184-300x300.jpg 300w, https:\/\/eacem.org\/2024\/wp-content\/uploads\/2024\/10\/green-environment-icons_1133-184-150x150.jpg 150w, https:\/\/eacem.org\/2024\/wp-content\/uploads\/2024\/10\/green-environment-icons_1133-184-12x12.jpg 12w\" sizes=\"(max-width: 626px) 100vw, 626px\" \/>\t\t\t\t\t\t\t\t\t\t\t\t\t\t\t<\/div>\n\t\t\t\t<\/div>\n\t\t\t\t<\/div>\n\t\t<div class=\"elementor-element elementor-element-a431c79 e-con-full e-flex e-con e-child\" data-id=\"a431c79\" data-element_type=\"container\">\n\t\t\t\t<div class=\"elementor-element elementor-element-ca3513e elementor-widget elementor-widget-heading\" data-id=\"ca3513e\" data-element_type=\"widget\" data-widget_type=\"heading.default\">\n\t\t\t\t<div class=\"elementor-widget-container\">\n\t\t\t\t\t<h5 class=\"elementor-heading-title elementor-size-default\">Our Sustainability Vision:<\/h5>\t\t\t\t<\/div>\n\t\t\t\t<\/div>\n\t\t\t\t<div class=\"elementor-element elementor-element-2f951f7 elementor-widget elementor-widget-text-editor\" data-id=\"2f951f7\" data-element_type=\"widget\" data-widget_type=\"text-editor.default\">\n\t\t\t\t<div class=\"elementor-widget-container\">\n\t\t\t\t\t\t\t\t\t<p>The challenges caused by global environmental changes make minimizing our carbon footprint a necessity. In this regard, we have made it our mission to use our resources efficiently, adopt the principles of recycling and reuse, and work towards a better tomorrow by protecting the environment.<\/p>\t\t\t\t\t\t\t\t<\/div>\n\t\t\t\t<\/div>\n\t\t\t\t<\/div>\n\t\t\t\t<\/div>\n\t\t<div class=\"elementor-element elementor-element-184832e e-con-full e-flex e-con e-child\" data-id=\"184832e\" data-element_type=\"container\" data-settings=\"{&quot;background_background&quot;:&quot;classic&quot;}\">\n\t\t<div class=\"elementor-element elementor-element-f385783 e-con-full e-flex e-con e-child\" data-id=\"f385783\" data-element_type=\"container\">\n\t\t\t\t<div class=\"elementor-element elementor-element-eb617c0 elementor-widget elementor-widget-image\" data-id=\"eb617c0\" data-element_type=\"widget\" data-widget_type=\"image.default\">\n\t\t\t\t<div class=\"elementor-widget-container\">\n\t\t\t\t\t\t\t\t\t\t\t\t\t\t\t<img loading=\"lazy\" decoding=\"async\" width=\"1024\" height=\"1024\" src=\"https:\/\/eacem.org\/2024\/wp-content\/uploads\/2024\/10\/birlikte-1024x1024.jpg\" class=\"attachment-large size-large wp-image-1027\" alt=\"\" srcset=\"https:\/\/eacem.org\/2024\/wp-content\/uploads\/2024\/10\/birlikte-1024x1024.jpg 1024w, https:\/\/eacem.org\/2024\/wp-content\/uploads\/2024\/10\/birlikte-300x300.jpg 300w, https:\/\/eacem.org\/2024\/wp-content\/uploads\/2024\/10\/birlikte-150x150.jpg 150w, https:\/\/eacem.org\/2024\/wp-content\/uploads\/2024\/10\/birlikte-768x768.jpg 768w, https:\/\/eacem.org\/2024\/wp-content\/uploads\/2024\/10\/birlikte-12x12.jpg 12w, https:\/\/eacem.org\/2024\/wp-content\/uploads\/2024\/10\/birlikte.jpg 1480w\" sizes=\"(max-width: 1024px) 100vw, 1024px\" \/>\t\t\t\t\t\t\t\t\t\t\t\t\t\t\t<\/div>\n\t\t\t\t<\/div>\n\t\t\t\t<\/div>\n\t\t<div class=\"elementor-element elementor-element-99d0c70 e-con-full e-flex e-con e-child\" data-id=\"99d0c70\" data-element_type=\"container\">\n\t\t\t\t<div class=\"elementor-element elementor-element-3a90170 elementor-widget elementor-widget-heading\" data-id=\"3a90170\" data-element_type=\"widget\" data-widget_type=\"heading.default\">\n\t\t\t\t<div class=\"elementor-widget-container\">\n\t\t\t\t\t<h5 class=\"elementor-heading-title elementor-size-default\">Your Participation Matters: Let's Act Together for Sustainability <\/h5>\t\t\t\t<\/div>\n\t\t\t\t<\/div>\n\t\t\t\t<div class=\"elementor-element elementor-element-1c83652 elementor-widget elementor-widget-text-editor\" data-id=\"1c83652\" data-element_type=\"widget\" data-widget_type=\"text-editor.default\">\n\t\t\t\t<div class=\"elementor-widget-container\">\n\t\t\t\t\t\t\t\t\t<p>We believe that environmental sustainability can only be achieved through the collective efforts of individuals and institutions. We are promoting eco-friendly practices at our congress and invite you to join us in this process. Each participant's contribution will support us in reducing our carbon footprint and enhancing sustainability.<\/p>\t\t\t\t\t\t\t\t<\/div>\n\t\t\t\t<\/div>\n\t\t\t\t<\/div>\n\t\t\t\t<\/div>\n\t\t<div class=\"elementor-element elementor-element-46b719e e-con-full e-flex e-con e-child\" data-id=\"46b719e\" data-element_type=\"container\" data-settings=\"{&quot;background_background&quot;:&quot;classic&quot;}\">\n\t\t<div class=\"elementor-element elementor-element-aebb90b e-con-full e-flex e-con e-child\" data-id=\"aebb90b\" data-element_type=\"container\">\n\t\t\t\t<div class=\"elementor-element elementor-element-d7e0e27 elementor-widget elementor-widget-image\" data-id=\"d7e0e27\" data-element_type=\"widget\" data-widget_type=\"image.default\">\n\t\t\t\t<div class=\"elementor-widget-container\">\n\t\t\t\t\t\t\t\t\t\t\t\t\t\t\t<img loading=\"lazy\" decoding=\"async\" width=\"626\" height=\"626\" src=\"https:\/\/eacem.org\/2024\/wp-content\/uploads\/2024\/10\/sifri-atik-ikonlar.jpg\" class=\"attachment-large size-large wp-image-1029\" alt=\"\" srcset=\"https:\/\/eacem.org\/2024\/wp-content\/uploads\/2024\/10\/sifri-atik-ikonlar.jpg 626w, https:\/\/eacem.org\/2024\/wp-content\/uploads\/2024\/10\/sifri-atik-ikonlar-300x300.jpg 300w, https:\/\/eacem.org\/2024\/wp-content\/uploads\/2024\/10\/sifri-atik-ikonlar-150x150.jpg 150w, https:\/\/eacem.org\/2024\/wp-content\/uploads\/2024\/10\/sifri-atik-ikonlar-12x12.jpg 12w\" sizes=\"(max-width: 626px) 100vw, 626px\" \/>\t\t\t\t\t\t\t\t\t\t\t\t\t\t\t<\/div>\n\t\t\t\t<\/div>\n\t\t\t\t<\/div>\n\t\t<div class=\"elementor-element elementor-element-596a064 e-con-full e-flex e-con e-child\" data-id=\"596a064\" data-element_type=\"container\">\n\t\t\t\t<div class=\"elementor-element elementor-element-1de6a06 elementor-widget elementor-widget-heading\" data-id=\"1de6a06\" data-element_type=\"widget\" data-widget_type=\"heading.default\">\n\t\t\t\t<div class=\"elementor-widget-container\">\n\t\t\t\t\t<h5 class=\"elementor-heading-title elementor-size-default\">Our Sustainability Actions:<\/h5>\t\t\t\t<\/div>\n\t\t\t\t<\/div>\n\t\t\t\t<div class=\"elementor-element elementor-element-e11a2a1 elementor-widget elementor-widget-text-editor\" data-id=\"e11a2a1\" data-element_type=\"widget\" data-widget_type=\"text-editor.default\">\n\t\t\t\t<div class=\"elementor-widget-container\">\n\t\t\t\t\t\t\t\t\t<ul><li><strong>Zero Waste Policy:<\/strong> During the congress, we aim to minimize not only material consumption but also waste generation. We support the recycling process by creating waste separation points in the event areas<\/li><li><strong>Use of Renewable Energy Sources:<\/strong> We promote the use of renewable energy in event venues whenever possible. We collaborate with venue owners to encourage the use of eco-friendly energy sources, such as solar energy, for lighting and electricity consumption.<\/li><li><strong>Eco-Friendly Catering:<\/strong> During the event, environmentally friendly and locally sourced products will be preferred for food and beverages. Offering local, organic, and seasonal foods is a significant step in reducing the carbon footprint associated with food production.<\/li><li><strong>Energy Efficiency in the Congress Venue:<\/strong> We aim to enhance energy efficiency in the event venues by using low-energy lighting, sensor-controlled lights, and energy-saving devices.<\/li><li><strong>Green Printing:<\/strong> We pay attention to ensuring that our printed materials are produced using environmentally friendly processes.<\/li><li><strong>Reuse:<\/strong> We promote the reuse of fabrics, carpets, and decorative materials whenever possible.<\/li><li><strong>Reducing Consumption:<\/strong> We are reducing plastic usage and overall material consumption. Throughout the congress, we aim to minimize the consumption of printed materials by opting for digital resources.<\/li><\/ul>\t\t\t\t\t\t\t\t<\/div>\n\t\t\t\t<\/div>\n\t\t\t\t<\/div>\n\t\t\t\t<\/div>\n\t\t<div class=\"elementor-element elementor-element-fb9dc46 e-con-full e-flex e-con e-child\" data-id=\"fb9dc46\" data-element_type=\"container\" data-settings=\"{&quot;background_background&quot;:&quot;classic&quot;}\">\n\t\t<div class=\"elementor-element elementor-element-3a17433 e-con-full e-flex e-con e-child\" data-id=\"3a17433\" data-element_type=\"container\">\n\t\t\t\t<div class=\"elementor-element elementor-element-dd1f1c3 elementor-widget elementor-widget-image\" data-id=\"dd1f1c3\" data-element_type=\"widget\" data-widget_type=\"image.default\">\n\t\t\t\t<div class=\"elementor-widget-container\">\n\t\t\t\t\t\t\t\t\t\t\t\t\t\t\t<img loading=\"lazy\" decoding=\"async\" width=\"500\" height=\"500\" src=\"https:\/\/eacem.org\/2024\/wp-content\/uploads\/2024\/10\/sifir-atik-kare.jpg\" class=\"attachment-large size-large wp-image-1030\" alt=\"\" srcset=\"https:\/\/eacem.org\/2024\/wp-content\/uploads\/2024\/10\/sifir-atik-kare.jpg 500w, https:\/\/eacem.org\/2024\/wp-content\/uploads\/2024\/10\/sifir-atik-kare-300x300.jpg 300w, https:\/\/eacem.org\/2024\/wp-content\/uploads\/2024\/10\/sifir-atik-kare-150x150.jpg 150w, https:\/\/eacem.org\/2024\/wp-content\/uploads\/2024\/10\/sifir-atik-kare-12x12.jpg 12w\" sizes=\"(max-width: 500px) 100vw, 500px\" \/>\t\t\t\t\t\t\t\t\t\t\t\t\t\t\t<\/div>\n\t\t\t\t<\/div>\n\t\t\t\t<\/div>\n\t\t<div class=\"elementor-element elementor-element-a868069 e-con-full e-flex e-con e-child\" data-id=\"a868069\" data-element_type=\"container\">\n\t\t\t\t<div class=\"elementor-element elementor-element-071313f elementor-widget elementor-widget-heading\" data-id=\"071313f\" data-element_type=\"widget\" data-widget_type=\"heading.default\">\n\t\t\t\t<div class=\"elementor-widget-container\">\n\t\t\t\t\t<h5 class=\"elementor-heading-title elementor-size-default\">Support for the Zero Waste Project by the Republic of T\u00fcrkiye Ministry of Environment, Urbanization and Climate Change:<\/h5>\t\t\t\t<\/div>\n\t\t\t\t<\/div>\n\t\t\t\t<div class=\"elementor-element elementor-element-c1a99cd elementor-widget elementor-widget-text-editor\" data-id=\"c1a99cd\" data-element_type=\"widget\" data-widget_type=\"text-editor.default\">\n\t\t\t\t<div class=\"elementor-widget-container\">\n\t\t\t\t\t\t\t\t\t<p class=\" translation-block\">As the Emergency Medicine Association of T\u00fcrkiye, we are pleased to announce our support for the <b>Zero Waste Project<\/b> implemented by the Republic of T\u00fcrkiye Ministry of Environment, Urbanization and Climate Change and our collaboration on this project.\nAs part of our congress, a ministry official will participate in the panel on \"Emergency Medicine, the Future of Health, and Climate Change\" and will share details about the project with our participants.<\/p>\t\t\t\t\t\t\t\t<\/div>\n\t\t\t\t<\/div>\n\t\t\t\t<\/div>\n\t\t\t\t<\/div>\n\t\t<div class=\"elementor-element elementor-element-189b277 e-con-full e-flex e-con e-child\" data-id=\"189b277\" data-element_type=\"container\" data-settings=\"{&quot;background_background&quot;:&quot;classic&quot;}\">\n\t\t<div class=\"elementor-element elementor-element-8f85d89 e-con-full e-flex e-con e-child\" data-id=\"8f85d89\" data-element_type=\"container\">\n\t\t\t\t<div class=\"elementor-element elementor-element-7fb975d elementor-widget elementor-widget-image\" data-id=\"7fb975d\" data-element_type=\"widget\" data-widget_type=\"image.default\">\n\t\t\t\t<div class=\"elementor-widget-container\">\n\t\t\t\t\t\t\t\t\t\t\t\t\t\t\t<img loading=\"lazy\" decoding=\"async\" width=\"1024\" height=\"1024\" src=\"https:\/\/eacem.org\/2024\/wp-content\/uploads\/2024\/10\/together-1024x1024.jpg\" class=\"attachment-large size-large wp-image-1031\" alt=\"\" srcset=\"https:\/\/eacem.org\/2024\/wp-content\/uploads\/2024\/10\/together-1024x1024.jpg 1024w, https:\/\/eacem.org\/2024\/wp-content\/uploads\/2024\/10\/together-300x300.jpg 300w, https:\/\/eacem.org\/2024\/wp-content\/uploads\/2024\/10\/together-150x150.jpg 150w, https:\/\/eacem.org\/2024\/wp-content\/uploads\/2024\/10\/together-768x768.jpg 768w, https:\/\/eacem.org\/2024\/wp-content\/uploads\/2024\/10\/together-12x12.jpg 12w, https:\/\/eacem.org\/2024\/wp-content\/uploads\/2024\/10\/together.jpg 1480w\" sizes=\"(max-width: 1024px) 100vw, 1024px\" \/>\t\t\t\t\t\t\t\t\t\t\t\t\t\t\t<\/div>\n\t\t\t\t<\/div>\n\t\t\t\t<\/div>\n\t\t<div class=\"elementor-element elementor-element-a47a8ca e-con-full e-flex e-con e-child\" data-id=\"a47a8ca\" data-element_type=\"container\">\n\t\t\t\t<div class=\"elementor-element elementor-element-9286c5a elementor-widget elementor-widget-heading\" data-id=\"9286c5a\" data-element_type=\"widget\" data-widget_type=\"heading.default\">\n\t\t\t\t<div class=\"elementor-widget-container\">\n\t\t\t\t\t<h5 class=\"elementor-heading-title elementor-size-default\">You Can Support Our Effort:<\/h5>\t\t\t\t<\/div>\n\t\t\t\t<\/div>\n\t\t\t\t<div class=\"elementor-element elementor-element-bb61753 elementor-widget elementor-widget-text-editor\" data-id=\"bb61753\" data-element_type=\"widget\" data-widget_type=\"text-editor.default\">\n\t\t\t\t<div class=\"elementor-widget-container\">\n\t\t\t\t\t\t\t\t\t<ul><li><strong>Let's Embrace Digital Solutions:<\/strong> By accessing materials such as congress programs, calendars, and abstracts through our digital platforms, we can minimize paper waste.<\/li><li><strong>Let's Use Reusable Products:<\/strong> You can bring your own reusable water bottles to use with the water dispensers.<\/li><li><strong>Let's Prefer Eco-Friendly Transportation:<\/strong> If possible, you can carpool with others to reach the congress center or suggest for environmentally friendly transportation methods like public transit.<\/li><li><strong>Let's Be Mindful During Our Stay:<\/strong> You can prioritize sustainability in areas such as electricity and water consumption, as well as the use of towels and sheets.<\/li><li><strong>Let's Prevent Food Waste:<\/strong> By taking only what you need during meals and breaks, you can implement conscious consumption and minimize food waste.<\/li><li><strong>Information and Sharing:<\/strong> We can create awareness by sharing our thoughts on sustainability with each other and others.<\/li><li><strong>Your Feedback is Valuable to Us:<\/strong> We look forward to your feedback, which will help us improve and advance our sustainability goals.<\/li><\/ul>\t\t\t\t\t\t\t\t<\/div>\n\t\t\t\t<\/div>\n\t\t\t\t<\/div>\n\t\t\t\t<\/div>\n\t\t\t\t\t<\/div>\n\t\t\t\t<\/div>\n\t\t<div class=\"elementor-element elementor-element-3bae975 e-flex e-con-boxed e-con e-parent\" data-id=\"3bae975\" data-element_type=\"container\" data-settings=\"{&quot;background_background&quot;:&quot;classic&quot;}\">\n\t\t\t\t\t<div class=\"e-con-inner\">\n\t\t\t\t<div class=\"elementor-element elementor-element-60d9422 elementor-widget elementor-widget-text-editor\" data-id=\"60d9422\" data-element_type=\"widget\" data-widget_type=\"text-editor.default\">\n\t\t\t\t<div class=\"elementor-widget-container\">\n\t\t\t\t\t\t\t\t\t<p class=\" translation-block\">Every step we take in our sustainability efforts is significant. We invite you to support us in these efforts. Every idea and piece of feedback is valuable to us for a greener future. Please feel free to contact us at <a href=\"mailto:info@eacem.org\" target=\"_self\">info@eacem.org<\/a>.<\/p>\t\t\t\t\t\t\t\t<\/div>\n\t\t\t\t<\/div>\n\t\t\t\t\t<\/div>\n\t\t\t\t<\/div>\n\t\t<div class=\"elementor-element elementor-element-aed2750 e-flex e-con-boxed e-con e-parent\" data-id=\"aed2750\" data-element_type=\"container\">\n\t\t\t\t\t<div class=\"e-con-inner\">\n\t\t\t\t<div class=\"elementor-element elementor-element-f5dfdcb elementor-widget elementor-widget-text-editor\" data-id=\"f5dfdcb\" data-element_type=\"widget\" data-widget_type=\"text-editor.default\">\n\t\t\t\t<div class=\"elementor-widget-container\">\n\t\t\t\t\t\t\t\t\t<p style=\"text-align: center;\"><strong><em>10. Avrasya Acil T\u0131p Kongresi &amp; 20. T\u00fcrkiye Acil T\u0131p Kongresi \u00a0kapsam\u0131nda &#8216;GELECE\u011eE NEFES&#8217; projesi ad\u0131 alt\u0131nda 1000 adet fidan ba\u011f\u0131\u015f\u0131 yap\u0131lacakt\u0131r.<\/em> <\/strong><\/p>\t\t\t\t\t\t\t\t<\/div>\n\t\t\t\t<\/div>\n\t\t\t\t<div class=\"elementor-element elementor-element-188ee3c eael-dual-header-content-align-center elementor-widget elementor-widget-eael-dual-color-header\" data-id=\"188ee3c\" data-element_type=\"widget\" data-widget_type=\"eael-dual-color-header.default\">\n\t\t\t\t<div class=\"elementor-widget-container\">\n\t\t\t\t\t\t\t\t<div class=\"eael-dual-header\">\n\t\t\t\t\t\t\t\t\t<span class=\"eael-dch-svg-icon\"><svg aria-hidden=\"true\" class=\"e-font-icon-svg e-fas-leaf\" viewbox=\"0 0 576 512\" xmlns=\"http:\/\/www.w3.org\/2000\/svg\"><path d=\"M546.2 9.7c-5.6-12.5-21.6-13-28.3-1.2C486.9 62.4 431.4 96 368 96h-80C182 96 96 182 96 288c0 7 .8 13.7 1.5 20.5C161.3 262.8 253.4 224 384 224c8.8 0 16 7.2 16 16s-7.2 16-16 16C132.6 256 26 410.1 2.4 468c-6.6 16.3 1.2 34.9 17.5 41.6 16.4 6.8 35-1.1 41.8-17.3 1.5-3.6 20.9-47.9 71.9-90.6 32.4 43.9 94 85.8 174.9 77.2C465.5 467.5 576 326.7 576 154.3c0-50.2-10.8-102.2-29.8-144.6z\"><\/path><\/svg><\/span>\t\t\t\t\t\t\t\t<h2 class=\"title\"><span class=\"lead solid-color\">Working together for a greener future!<\/span> <span><\/span><\/h2>\t\t\t\t<span class=\"subtext\"><\/span>\n\t\t\t<\/div>\n\t\t\t\t\t\t<\/div>\n\t\t\t\t<\/div>\n\t\t\t\t\t<\/div>\n\t\t\t\t<\/div>\n\t\t\t\t<\/div>","protected":false},"excerpt":{"rendered":"<p>TATD S\u00fcrd\u00fcr\u00fclebilirlik Manifestosu Sorumluluklar\u0131m\u0131z\u0131n Bilincinde Gelece\u011fe Ye\u015fil Ad\u0131mlar At\u0131yoruz T\u00fcrkiye Acil T\u0131p Derne\u011fi olarak, \u00e7evreye kar\u015f\u0131 duyarl\u0131l\u0131k ve s\u00fcrd\u00fcr\u00fclebilirlik konular\u0131nda sorumluluklar\u0131m\u0131z\u0131n bilincindeyiz. Gelecek nesillere sa\u011fl\u0131kl\u0131 bir d\u00fcnya b\u0131rakman\u0131n en b\u00fcy\u00fck g\u00f6revimiz oldu\u011funu d\u00fc\u015f\u00fcn\u00fcyoruz. Bilimsel bilgi payla\u015f\u0131m\u0131nda lider bir kurum olarak, sadece Acil T\u0131p alan\u0131nda de\u011fil, ayn\u0131 zamanda \u00e7evresel duyarl\u0131l\u0131kta da \u00f6nc\u00fc olmay\u0131 hedefliyoruz. S\u00fcrd\u00fcr\u00fclebilirlik Vizyonumuz: [&hellip;]<\/p>","protected":false},"author":1,"featured_media":0,"parent":0,"menu_order":0,"comment_status":"closed","ping_status":"closed","template":"","meta":{"_eb_attr":"","footnotes":""},"class_list":["post-1006","page","type-page","status-publish","hentry"],"blocksy_meta":[],"_links":{"self":[{"href":"https:\/\/eacem.org\/2024\/en\/wp-json\/wp\/v2\/pages\/1006","targetHints":{"allow":["GET"]}}],"collection":[{"href":"https:\/\/eacem.org\/2024\/en\/wp-json\/wp\/v2\/pages"}],"about":[{"href":"https:\/\/eacem.org\/2024\/en\/wp-json\/wp\/v2\/types\/page"}],"author":[{"embeddable":true,"href":"https:\/\/eacem.org\/2024\/en\/wp-json\/wp\/v2\/users\/1"}],"replies":[{"embeddable":true,"href":"https:\/\/eacem.org\/2024\/en\/wp-json\/wp\/v2\/comments?post=1006"}],"version-history":[{"count":37,"href":"https:\/\/eacem.org\/2024\/en\/wp-json\/wp\/v2\/pages\/1006\/revisions"}],"predecessor-version":[{"id":2853,"href":"https:\/\/eacem.org\/2024\/en\/wp-json\/wp\/v2\/pages\/1006\/revisions\/2853"}],"wp:attachment":[{"href":"https:\/\/eacem.org\/2024\/en\/wp-json\/wp\/v2\/media?parent=1006"}],"curies":[{"name":"wp","href":"https:\/\/api.w.org\/{rel}","templated":true}]}}